{"id":4760,"date":"2024-09-12T11:59:41","date_gmt":"2024-09-12T11:59:41","guid":{"rendered":"https:\/\/kkbcvietnam.com\/what-we-do\/"},"modified":"2025-03-12T09:17:01","modified_gmt":"2025-03-12T09:17:01","slug":"what-we-do","status":"publish","type":"page","link":"https:\/\/kkbc.com.vn\/vi-vn\/what-we-do\/","title":{"rendered":"Ch\u00fang t\u00f4i l\u00e0m g\u00ec"},"content":{"rendered":"<p>Gi\u1ea3i ph\u00e1p ti\u1ebfp th\u1ecb \u0111\u1ec3 \u0111\u1ea1t \u0111\u01b0\u1ee3c m\u1ee5c ti\u00eau kinh doanh c\u1ee7a b\u1ea1n. T\u1ea1i KKBC, ch\u00fang t\u00f4i tin t\u01b0\u1edfng v\u00e0o c\u00e1c gi\u1ea3i ph\u00e1p ti\u1ebfp th\u1ecb t\u00f9y ch\u1ec9nh \u0111\u1ec3 gi\u1ea3i quy\u1ebft c\u00e1c m\u1ee5c ti\u00eau kinh doanh \u0111\u1ed9c \u0111\u00e1o c\u1ee7a b\u1ea1n. Ph\u01b0\u01a1ng ph\u00e1p ti\u1ebfp th\u1ecb theo m\u1ee5c ti\u00eau c\u1ee7a ch\u00fang t\u00f4i trao quy\u1ec1n cho b\u1ea1n l\u1ef1a ch\u1ecdn con \u0111\u01b0\u1eddng ph\u00f9 h\u1ee3p v\u1edbi m\u1ee5c ti\u00eau c\u1ee7a m\u00ecnh.<\/p>\n","protected":false},"excerpt":{"rendered":"<p>Gi\u1ea3i ph\u00e1p ti\u1ebfp th\u1ecb \u0111\u1ec3 \u0111\u1ea1t \u0111\u01b0\u1ee3c m\u1ee5c ti\u00eau kinh doanh c\u1ee7a b\u1ea1n. T\u1ea1i KKBC, ch\u00fang t\u00f4i tin t\u01b0\u1edfng v\u00e0o c\u00e1c gi\u1ea3i ph\u00e1p ti\u1ebfp th\u1ecb t\u00f9y ch\u1ec9nh \u0111\u1ec3 gi\u1ea3i quy\u1ebft c\u00e1c m\u1ee5c ti\u00eau kinh doanh \u0111\u1ed9c \u0111\u00e1o c\u1ee7a b\u1ea1n. Ph\u01b0\u01a1ng &hellip; <a href=\"https:\/\/kkbc.com.vn\/vi-vn\/what-we-do\/\">Continue reading <span class=\"meta-nav\">&rarr;<\/span><\/a><\/p>\n","protected":false},"author":1,"featured_media":0,"parent":0,"menu_order":1,"comment_status":"closed","ping_status":"closed","template":"template\/what-we.php","meta":{"_acf_changed":false,"footnotes":""},"class_list":["post-4760","page","type-page","status-publish","hentry"],"acf":[],"yoast_head":"<!-- This site is optimized with the Yoast SEO plugin v26.8 - https:\/\/yoast.com\/product\/yoast-seo-wordpress\/ -->\n<title>Ch\u00fang t\u00f4i l\u00e0m g\u00ec | Chuy\u00ean m\u00f4n &amp; Ng\u00e0nh ngh\u1ec1 | KKBC<\/title>\n<meta name=\"description\" content=\"KKBC, c\u00f4ng ty d\u1eabn \u0111\u1ea7u trong ti\u1ebfp th\u1ecb h\u1ed7 tr\u1ee3 c\u00f4ng ngh\u1ec7, gi\u00fap c\u1ee7ng c\u1ed1 ti\u1ebfp th\u1ecb B2B v\u00e0 th\u00fac \u0111\u1ea9y t\u0103ng tr\u01b0\u1edfng. T\u00ecm hi\u1ec3u th\u00eam.\" \/>\n<meta name=\"robots\" content=\"index, follow, max-snippet:-1, max-image-preview:large, max-video-preview:-1\" \/>\n<link rel=\"canonical\" href=\"https:\/\/kkbc.com.vn\/vi-vn\/what-we-do\/\" \/>\n<meta property=\"og:locale\" content=\"en_US\" \/>\n<meta property=\"og:type\" content=\"article\" \/>\n<meta property=\"og:title\" content=\"Ch\u00fang t\u00f4i l\u00e0m g\u00ec | Chuy\u00ean m\u00f4n &amp; Ng\u00e0nh ngh\u1ec1 | KKBC\" \/>\n<meta property=\"og:description\" content=\"KKBC, c\u00f4ng ty d\u1eabn \u0111\u1ea7u trong ti\u1ebfp th\u1ecb h\u1ed7 tr\u1ee3 c\u00f4ng ngh\u1ec7, gi\u00fap c\u1ee7ng c\u1ed1 ti\u1ebfp th\u1ecb B2B v\u00e0 th\u00fac \u0111\u1ea9y t\u0103ng tr\u01b0\u1edfng. T\u00ecm hi\u1ec3u th\u00eam.\" \/>\n<meta property=\"og:url\" content=\"https:\/\/kkbc.com.vn\/vi-vn\/what-we-do\/\" \/>\n<meta property=\"og:site_name\" content=\"KKBC Vi\u1ec7t Nam\" \/>\n<meta property=\"article:publisher\" content=\"https:\/\/www.facebook.com\/kkbc.co\" \/>\n<meta property=\"article:modified_time\" content=\"2025-03-12T09:17:01+00:00\" \/>\n<meta name=\"twitter:card\" content=\"summary_large_image\" \/>\n<meta name=\"twitter:site\" content=\"@kkbc_co\" \/>\n<meta name=\"twitter:label1\" content=\"Est. reading time\" \/>\n\t<meta name=\"twitter:data1\" content=\"1 minute\" \/>\n<script type=\"application\/ld+json\" class=\"yoast-schema-graph\">{\"@context\":\"https:\/\/schema.org\",\"@graph\":[{\"@type\":\"WebPage\",\"@id\":\"https:\/\/kkbc.com.vn\/vi-vn\/what-we-do\/\",\"url\":\"https:\/\/kkbc.com.vn\/vi-vn\/what-we-do\/\",\"name\":\"Ch\u00fang t\u00f4i l\u00e0m g\u00ec | Chuy\u00ean m\u00f4n & Ng\u00e0nh ngh\u1ec1 | KKBC\",\"isPartOf\":{\"@id\":\"http:\/\/54.255.1.206:80\/vi-vn\/#website\"},\"datePublished\":\"2024-09-12T11:59:41+00:00\",\"dateModified\":\"2025-03-12T09:17:01+00:00\",\"description\":\"KKBC, c\u00f4ng ty d\u1eabn \u0111\u1ea7u trong ti\u1ebfp th\u1ecb h\u1ed7 tr\u1ee3 c\u00f4ng ngh\u1ec7, gi\u00fap c\u1ee7ng c\u1ed1 ti\u1ebfp th\u1ecb B2B v\u00e0 th\u00fac \u0111\u1ea9y t\u0103ng tr\u01b0\u1edfng. T\u00ecm hi\u1ec3u th\u00eam.\",\"breadcrumb\":{\"@id\":\"https:\/\/kkbc.com.vn\/vi-vn\/what-we-do\/#breadcrumb\"},\"inLanguage\":\"vi-VN2\",\"potentialAction\":[{\"@type\":\"ReadAction\",\"target\":[\"https:\/\/kkbc.com.vn\/vi-vn\/what-we-do\/\"]}]},{\"@type\":\"BreadcrumbList\",\"@id\":\"https:\/\/kkbc.com.vn\/vi-vn\/what-we-do\/#breadcrumb\",\"itemListElement\":[{\"@type\":\"ListItem\",\"position\":1,\"name\":\"Home\",\"item\":\"http:\/\/54.255.1.206:80\/vi-vn\/\"},{\"@type\":\"ListItem\",\"position\":2,\"name\":\"Ch\u00fang t\u00f4i l\u00e0m g\u00ec\"}]},{\"@type\":\"WebSite\",\"@id\":\"http:\/\/54.255.1.206:80\/vi-vn\/#website\",\"url\":\"http:\/\/54.255.1.206:80\/vi-vn\/\",\"name\":\"KKBC\",\"description\":\"\",\"potentialAction\":[{\"@type\":\"SearchAction\",\"target\":{\"@type\":\"EntryPoint\",\"urlTemplate\":\"http:\/\/54.255.1.206:80\/vi-vn\/?s={search_term_string}\"},\"query-input\":{\"@type\":\"PropertyValueSpecification\",\"valueRequired\":true,\"valueName\":\"search_term_string\"}}],\"inLanguage\":\"vi-VN2\"}]}<\/script>\n<!-- \/ Yoast SEO plugin. -->","yoast_head_json":{"title":"Ch\u00fang t\u00f4i l\u00e0m g\u00ec | Chuy\u00ean m\u00f4n & Ng\u00e0nh ngh\u1ec1 | KKBC","description":"KKBC, c\u00f4ng ty d\u1eabn \u0111\u1ea7u trong ti\u1ebfp th\u1ecb h\u1ed7 tr\u1ee3 c\u00f4ng ngh\u1ec7, gi\u00fap c\u1ee7ng c\u1ed1 ti\u1ebfp th\u1ecb B2B v\u00e0 th\u00fac \u0111\u1ea9y t\u0103ng tr\u01b0\u1edfng. T\u00ecm hi\u1ec3u th\u00eam.","robots":{"index":"index","follow":"follow","max-snippet":"max-snippet:-1","max-image-preview":"max-image-preview:large","max-video-preview":"max-video-preview:-1"},"canonical":"https:\/\/kkbc.com.vn\/vi-vn\/what-we-do\/","og_locale":"en_US","og_type":"article","og_title":"Ch\u00fang t\u00f4i l\u00e0m g\u00ec | Chuy\u00ean m\u00f4n & Ng\u00e0nh ngh\u1ec1 | KKBC","og_description":"KKBC, c\u00f4ng ty d\u1eabn \u0111\u1ea7u trong ti\u1ebfp th\u1ecb h\u1ed7 tr\u1ee3 c\u00f4ng ngh\u1ec7, gi\u00fap c\u1ee7ng c\u1ed1 ti\u1ebfp th\u1ecb B2B v\u00e0 th\u00fac \u0111\u1ea9y t\u0103ng tr\u01b0\u1edfng. T\u00ecm hi\u1ec3u th\u00eam.","og_url":"https:\/\/kkbc.com.vn\/vi-vn\/what-we-do\/","og_site_name":"KKBC Vi\u1ec7t Nam","article_publisher":"https:\/\/www.facebook.com\/kkbc.co","article_modified_time":"2025-03-12T09:17:01+00:00","twitter_card":"summary_large_image","twitter_site":"@kkbc_co","twitter_misc":{"Est. reading time":"1 minute"},"schema":{"@context":"https:\/\/schema.org","@graph":[{"@type":"WebPage","@id":"https:\/\/kkbc.com.vn\/vi-vn\/what-we-do\/","url":"https:\/\/kkbc.com.vn\/vi-vn\/what-we-do\/","name":"Ch\u00fang t\u00f4i l\u00e0m g\u00ec | Chuy\u00ean m\u00f4n & Ng\u00e0nh ngh\u1ec1 | KKBC","isPartOf":{"@id":"http:\/\/54.255.1.206:80\/vi-vn\/#website"},"datePublished":"2024-09-12T11:59:41+00:00","dateModified":"2025-03-12T09:17:01+00:00","description":"KKBC, c\u00f4ng ty d\u1eabn \u0111\u1ea7u trong ti\u1ebfp th\u1ecb h\u1ed7 tr\u1ee3 c\u00f4ng ngh\u1ec7, gi\u00fap c\u1ee7ng c\u1ed1 ti\u1ebfp th\u1ecb B2B v\u00e0 th\u00fac \u0111\u1ea9y t\u0103ng tr\u01b0\u1edfng. T\u00ecm hi\u1ec3u th\u00eam.","breadcrumb":{"@id":"https:\/\/kkbc.com.vn\/vi-vn\/what-we-do\/#breadcrumb"},"inLanguage":"vi-VN2","potentialAction":[{"@type":"ReadAction","target":["https:\/\/kkbc.com.vn\/vi-vn\/what-we-do\/"]}]},{"@type":"BreadcrumbList","@id":"https:\/\/kkbc.com.vn\/vi-vn\/what-we-do\/#breadcrumb","itemListElement":[{"@type":"ListItem","position":1,"name":"Home","item":"http:\/\/54.255.1.206:80\/vi-vn\/"},{"@type":"ListItem","position":2,"name":"Ch\u00fang t\u00f4i l\u00e0m g\u00ec"}]},{"@type":"WebSite","@id":"http:\/\/54.255.1.206:80\/vi-vn\/#website","url":"http:\/\/54.255.1.206:80\/vi-vn\/","name":"KKBC","description":"","potentialAction":[{"@type":"SearchAction","target":{"@type":"EntryPoint","urlTemplate":"http:\/\/54.255.1.206:80\/vi-vn\/?s={search_term_string}"},"query-input":{"@type":"PropertyValueSpecification","valueRequired":true,"valueName":"search_term_string"}}],"inLanguage":"vi-VN2"}]}},"_links":{"self":[{"href":"https:\/\/kkbc.com.vn\/vi-vn\/wp-json\/wp\/v2\/pages\/4760","targetHints":{"allow":["GET"]}}],"collection":[{"href":"https:\/\/kkbc.com.vn\/vi-vn\/wp-json\/wp\/v2\/pages"}],"about":[{"href":"https:\/\/kkbc.com.vn\/vi-vn\/wp-json\/wp\/v2\/types\/page"}],"author":[{"embeddable":true,"href":"https:\/\/kkbc.com.vn\/vi-vn\/wp-json\/wp\/v2\/users\/1"}],"replies":[{"embeddable":true,"href":"https:\/\/kkbc.com.vn\/vi-vn\/wp-json\/wp\/v2\/comments?post=4760"}],"version-history":[{"count":10,"href":"https:\/\/kkbc.com.vn\/vi-vn\/wp-json\/wp\/v2\/pages\/4760\/revisions"}],"predecessor-version":[{"id":6674,"href":"https:\/\/kkbc.com.vn\/vi-vn\/wp-json\/wp\/v2\/pages\/4760\/revisions\/6674"}],"wp:attachment":[{"href":"https:\/\/kkbc.com.vn\/vi-vn\/wp-json\/wp\/v2\/media?parent=4760"}],"curies":[{"name":"wp","href":"https:\/\/api.w.org\/{rel}","templated":true}]}}