{"id":4764,"date":"2024-09-12T13:25:50","date_gmt":"2024-09-12T13:25:50","guid":{"rendered":"https:\/\/kkbcvietnam.com\/marketing-objective\/"},"modified":"2025-03-12T09:44:54","modified_gmt":"2025-03-12T09:44:54","slug":"marketing-objective","status":"publish","type":"page","link":"https:\/\/kkbc.com.vn\/vi-vn\/marketing-objective\/","title":{"rendered":"Ti\u1ebfp th\u1ecb theo m\u1ee5c ti\u00eau"},"content":{"rendered":"<p>KKBC trao quy\u1ec1n cho c\u00e1c doanh nghi\u1ec7p thu\u1ed9c m\u1ecdi th\u00e0nh ph\u1ea7n trong b\u1ed1i c\u1ea3nh c\u00f4ng ngh\u1ec7 B2B n\u0103ng \u0111\u1ed9ng. Ch\u00fang t\u00f4i hi\u1ec3u nhu c\u1ea7u ri\u00eang bi\u1ec7t c\u1ee7a t\u1eebng ph\u00e2n kh\u00fac, t\u1eeb ph\u1ea7n m\u1ec1m v\u00e0 ph\u1ea7n c\u1ee9ng \u0111\u1ebfn an ninh m\u1ea1ng v\u00e0 h\u01a1n th\u1ebf n\u1eefa. Kh\u00e1m ph\u00e1 c\u00e1c ng\u00e0nh ch\u00fang t\u00f4i ph\u1ee5c v\u1ee5 v\u00e0 t\u00ecm hi\u1ec3u c\u00e1ch chuy\u00ean m\u00f4n c\u1ee7a ch\u00fang t\u00f4i c\u00f3 th\u1ec3 th\u00fac \u0111\u1ea9y th\u00e0nh c\u00f4ng c\u00f4ng ngh\u1ec7 B2B c\u1ee7a b\u1ea1n.<\/p>\n","protected":false},"excerpt":{"rendered":"<p>KKBC trao quy\u1ec1n cho c\u00e1c doanh nghi\u1ec7p thu\u1ed9c m\u1ecdi th\u00e0nh ph\u1ea7n trong b\u1ed1i c\u1ea3nh c\u00f4ng ngh\u1ec7 B2B n\u0103ng \u0111\u1ed9ng. Ch\u00fang t\u00f4i hi\u1ec3u nhu c\u1ea7u ri\u00eang bi\u1ec7t c\u1ee7a t\u1eebng ph\u00e2n kh\u00fac, t\u1eeb ph\u1ea7n m\u1ec1m v\u00e0 ph\u1ea7n c\u1ee9ng \u0111\u1ebfn an ninh m\u1ea1ng &hellip; <a href=\"https:\/\/kkbc.com.vn\/vi-vn\/marketing-objective\/\">Continue reading <span class=\"meta-nav\">&rarr;<\/span><\/a><\/p>\n","protected":false},"author":1,"featured_media":0,"parent":0,"menu_order":2,"comment_status":"closed","ping_status":"closed","template":"template\/marketing.php","meta":{"_acf_changed":false,"footnotes":""},"class_list":["post-4764","page","type-page","status-publish","hentry"],"acf":[],"yoast_head":"<!-- This site is optimized with the Yoast SEO plugin v26.8 - https:\/\/yoast.com\/product\/yoast-seo-wordpress\/ -->\n<title>Kh\u1ea3 n\u0103ng ti\u1ebfp th\u1ecb B2B | M\u1ee5c ti\u00eau | KKBC<\/title>\n<meta name=\"description\" content=\"KKBC \u0111\u01a1n gi\u1ea3n h\u00f3a ti\u1ebfp th\u1ecb v\u1edbi chi\u1ebfn l\u01b0\u1ee3c t\u00f9y ch\u1ec9nh, gi\u00fap b\u1ea1n \u0111\u1ea1t m\u1ee5c ti\u00eau kinh doanh hi\u1ec7u qu\u1ea3. Chia s\u1ebb m\u1ee5c ti\u00eau c\u1ee7a b\u1ea1n ngay h\u00f4m nay. T\u00ecm hi\u1ec3u th\u00eam.\" \/>\n<meta name=\"robots\" content=\"index, follow, max-snippet:-1, max-image-preview:large, max-video-preview:-1\" \/>\n<link rel=\"canonical\" href=\"https:\/\/kkbc.com.vn\/vi-vn\/marketing-objective\/\" \/>\n<meta property=\"og:locale\" content=\"en_US\" \/>\n<meta property=\"og:type\" content=\"article\" \/>\n<meta property=\"og:title\" content=\"Kh\u1ea3 n\u0103ng ti\u1ebfp th\u1ecb B2B | M\u1ee5c ti\u00eau | KKBC\" \/>\n<meta property=\"og:description\" content=\"KKBC \u0111\u01a1n gi\u1ea3n h\u00f3a ti\u1ebfp th\u1ecb v\u1edbi chi\u1ebfn l\u01b0\u1ee3c t\u00f9y ch\u1ec9nh, gi\u00fap b\u1ea1n \u0111\u1ea1t m\u1ee5c ti\u00eau kinh doanh hi\u1ec7u qu\u1ea3. Chia s\u1ebb m\u1ee5c ti\u00eau c\u1ee7a b\u1ea1n ngay h\u00f4m nay. T\u00ecm hi\u1ec3u th\u00eam.\" \/>\n<meta property=\"og:url\" content=\"https:\/\/kkbc.com.vn\/vi-vn\/marketing-objective\/\" \/>\n<meta property=\"og:site_name\" content=\"KKBC Vi\u1ec7t Nam\" \/>\n<meta property=\"article:publisher\" content=\"https:\/\/www.facebook.com\/kkbc.co\" \/>\n<meta property=\"article:modified_time\" content=\"2025-03-12T09:44:54+00:00\" \/>\n<meta name=\"twitter:card\" content=\"summary_large_image\" \/>\n<meta name=\"twitter:site\" content=\"@kkbc_co\" \/>\n<meta name=\"twitter:label1\" content=\"Est. reading time\" \/>\n\t<meta name=\"twitter:data1\" content=\"1 minute\" \/>\n<script type=\"application\/ld+json\" class=\"yoast-schema-graph\">{\"@context\":\"https:\/\/schema.org\",\"@graph\":[{\"@type\":\"WebPage\",\"@id\":\"https:\/\/kkbc.com.vn\/vi-vn\/marketing-objective\/\",\"url\":\"https:\/\/kkbc.com.vn\/vi-vn\/marketing-objective\/\",\"name\":\"Kh\u1ea3 n\u0103ng ti\u1ebfp th\u1ecb B2B | M\u1ee5c ti\u00eau | KKBC\",\"isPartOf\":{\"@id\":\"http:\/\/54.255.1.206:80\/vi-vn\/#website\"},\"datePublished\":\"2024-09-12T13:25:50+00:00\",\"dateModified\":\"2025-03-12T09:44:54+00:00\",\"description\":\"KKBC \u0111\u01a1n gi\u1ea3n h\u00f3a ti\u1ebfp th\u1ecb v\u1edbi chi\u1ebfn l\u01b0\u1ee3c t\u00f9y ch\u1ec9nh, gi\u00fap b\u1ea1n \u0111\u1ea1t m\u1ee5c ti\u00eau kinh doanh hi\u1ec7u qu\u1ea3. Chia s\u1ebb m\u1ee5c ti\u00eau c\u1ee7a b\u1ea1n ngay h\u00f4m nay. T\u00ecm hi\u1ec3u th\u00eam.\",\"breadcrumb\":{\"@id\":\"https:\/\/kkbc.com.vn\/vi-vn\/marketing-objective\/#breadcrumb\"},\"inLanguage\":\"vi-VN2\",\"potentialAction\":[{\"@type\":\"ReadAction\",\"target\":[\"https:\/\/kkbc.com.vn\/vi-vn\/marketing-objective\/\"]}]},{\"@type\":\"BreadcrumbList\",\"@id\":\"https:\/\/kkbc.com.vn\/vi-vn\/marketing-objective\/#breadcrumb\",\"itemListElement\":[{\"@type\":\"ListItem\",\"position\":1,\"name\":\"Home\",\"item\":\"http:\/\/54.255.1.206:80\/vi-vn\/\"},{\"@type\":\"ListItem\",\"position\":2,\"name\":\"Ti\u1ebfp th\u1ecb theo m\u1ee5c ti\u00eau\"}]},{\"@type\":\"WebSite\",\"@id\":\"http:\/\/54.255.1.206:80\/vi-vn\/#website\",\"url\":\"http:\/\/54.255.1.206:80\/vi-vn\/\",\"name\":\"KKBC\",\"description\":\"\",\"potentialAction\":[{\"@type\":\"SearchAction\",\"target\":{\"@type\":\"EntryPoint\",\"urlTemplate\":\"http:\/\/54.255.1.206:80\/vi-vn\/?s={search_term_string}\"},\"query-input\":{\"@type\":\"PropertyValueSpecification\",\"valueRequired\":true,\"valueName\":\"search_term_string\"}}],\"inLanguage\":\"vi-VN2\"}]}<\/script>\n<!-- \/ Yoast SEO plugin. -->","yoast_head_json":{"title":"Kh\u1ea3 n\u0103ng ti\u1ebfp th\u1ecb B2B | M\u1ee5c ti\u00eau | KKBC","description":"KKBC \u0111\u01a1n gi\u1ea3n h\u00f3a ti\u1ebfp th\u1ecb v\u1edbi chi\u1ebfn l\u01b0\u1ee3c t\u00f9y ch\u1ec9nh, gi\u00fap b\u1ea1n \u0111\u1ea1t m\u1ee5c ti\u00eau kinh doanh hi\u1ec7u qu\u1ea3. Chia s\u1ebb m\u1ee5c ti\u00eau c\u1ee7a b\u1ea1n ngay h\u00f4m nay. T\u00ecm hi\u1ec3u th\u00eam.","robots":{"index":"index","follow":"follow","max-snippet":"max-snippet:-1","max-image-preview":"max-image-preview:large","max-video-preview":"max-video-preview:-1"},"canonical":"https:\/\/kkbc.com.vn\/vi-vn\/marketing-objective\/","og_locale":"en_US","og_type":"article","og_title":"Kh\u1ea3 n\u0103ng ti\u1ebfp th\u1ecb B2B | M\u1ee5c ti\u00eau | KKBC","og_description":"KKBC \u0111\u01a1n gi\u1ea3n h\u00f3a ti\u1ebfp th\u1ecb v\u1edbi chi\u1ebfn l\u01b0\u1ee3c t\u00f9y ch\u1ec9nh, gi\u00fap b\u1ea1n \u0111\u1ea1t m\u1ee5c ti\u00eau kinh doanh hi\u1ec7u qu\u1ea3. Chia s\u1ebb m\u1ee5c ti\u00eau c\u1ee7a b\u1ea1n ngay h\u00f4m nay. T\u00ecm hi\u1ec3u th\u00eam.","og_url":"https:\/\/kkbc.com.vn\/vi-vn\/marketing-objective\/","og_site_name":"KKBC Vi\u1ec7t Nam","article_publisher":"https:\/\/www.facebook.com\/kkbc.co","article_modified_time":"2025-03-12T09:44:54+00:00","twitter_card":"summary_large_image","twitter_site":"@kkbc_co","twitter_misc":{"Est. reading time":"1 minute"},"schema":{"@context":"https:\/\/schema.org","@graph":[{"@type":"WebPage","@id":"https:\/\/kkbc.com.vn\/vi-vn\/marketing-objective\/","url":"https:\/\/kkbc.com.vn\/vi-vn\/marketing-objective\/","name":"Kh\u1ea3 n\u0103ng ti\u1ebfp th\u1ecb B2B | M\u1ee5c ti\u00eau | KKBC","isPartOf":{"@id":"http:\/\/54.255.1.206:80\/vi-vn\/#website"},"datePublished":"2024-09-12T13:25:50+00:00","dateModified":"2025-03-12T09:44:54+00:00","description":"KKBC \u0111\u01a1n gi\u1ea3n h\u00f3a ti\u1ebfp th\u1ecb v\u1edbi chi\u1ebfn l\u01b0\u1ee3c t\u00f9y ch\u1ec9nh, gi\u00fap b\u1ea1n \u0111\u1ea1t m\u1ee5c ti\u00eau kinh doanh hi\u1ec7u qu\u1ea3. Chia s\u1ebb m\u1ee5c ti\u00eau c\u1ee7a b\u1ea1n ngay h\u00f4m nay. T\u00ecm hi\u1ec3u th\u00eam.","breadcrumb":{"@id":"https:\/\/kkbc.com.vn\/vi-vn\/marketing-objective\/#breadcrumb"},"inLanguage":"vi-VN2","potentialAction":[{"@type":"ReadAction","target":["https:\/\/kkbc.com.vn\/vi-vn\/marketing-objective\/"]}]},{"@type":"BreadcrumbList","@id":"https:\/\/kkbc.com.vn\/vi-vn\/marketing-objective\/#breadcrumb","itemListElement":[{"@type":"ListItem","position":1,"name":"Home","item":"http:\/\/54.255.1.206:80\/vi-vn\/"},{"@type":"ListItem","position":2,"name":"Ti\u1ebfp th\u1ecb theo m\u1ee5c ti\u00eau"}]},{"@type":"WebSite","@id":"http:\/\/54.255.1.206:80\/vi-vn\/#website","url":"http:\/\/54.255.1.206:80\/vi-vn\/","name":"KKBC","description":"","potentialAction":[{"@type":"SearchAction","target":{"@type":"EntryPoint","urlTemplate":"http:\/\/54.255.1.206:80\/vi-vn\/?s={search_term_string}"},"query-input":{"@type":"PropertyValueSpecification","valueRequired":true,"valueName":"search_term_string"}}],"inLanguage":"vi-VN2"}]}},"_links":{"self":[{"href":"https:\/\/kkbc.com.vn\/vi-vn\/wp-json\/wp\/v2\/pages\/4764","targetHints":{"allow":["GET"]}}],"collection":[{"href":"https:\/\/kkbc.com.vn\/vi-vn\/wp-json\/wp\/v2\/pages"}],"about":[{"href":"https:\/\/kkbc.com.vn\/vi-vn\/wp-json\/wp\/v2\/types\/page"}],"author":[{"embeddable":true,"href":"https:\/\/kkbc.com.vn\/vi-vn\/wp-json\/wp\/v2\/users\/1"}],"replies":[{"embeddable":true,"href":"https:\/\/kkbc.com.vn\/vi-vn\/wp-json\/wp\/v2\/comments?post=4764"}],"version-history":[{"count":10,"href":"https:\/\/kkbc.com.vn\/vi-vn\/wp-json\/wp\/v2\/pages\/4764\/revisions"}],"predecessor-version":[{"id":6677,"href":"https:\/\/kkbc.com.vn\/vi-vn\/wp-json\/wp\/v2\/pages\/4764\/revisions\/6677"}],"wp:attachment":[{"href":"https:\/\/kkbc.com.vn\/vi-vn\/wp-json\/wp\/v2\/media?parent=4764"}],"curies":[{"name":"wp","href":"https:\/\/api.w.org\/{rel}","templated":true}]}}