{"id":4772,"date":"2024-09-12T13:27:10","date_gmt":"2024-09-12T13:27:10","guid":{"rendered":"https:\/\/kkbcvietnam.com\/resources\/"},"modified":"2025-03-12T10:10:36","modified_gmt":"2025-03-12T10:10:36","slug":"resources","status":"publish","type":"page","link":"https:\/\/kkbc.com.vn\/vi-vn\/resources\/","title":{"rendered":"Resources"},"content":{"rendered":"<p>Explore our resources. Discover insightful blogs, comprehensive analysis, highlights of our impactful work, and engaging webinars.<\/p>\n","protected":false},"excerpt":{"rendered":"<p>Explore our resources. Discover insightful blogs, comprehensive analysis, highlights of our impactful work, and engaging webinars.<\/p>\n","protected":false},"author":1,"featured_media":0,"parent":0,"menu_order":4,"comment_status":"closed","ping_status":"closed","template":"template\/resource.php","meta":{"_acf_changed":false,"footnotes":""},"class_list":["post-4772","page","type-page","status-publish","hentry"],"acf":[],"yoast_head":"<!-- This site is optimized with the Yoast SEO plugin v26.8 - https:\/\/yoast.com\/product\/yoast-seo-wordpress\/ -->\n<title>T\u00e0i nguy\u00ean d\u00e0nh cho nh\u1eefng hi\u1ec3u bi\u1ebft s\u00e2u s\u1eafc v\u1ec1 ti\u1ebfp th\u1ecb B2B | KKBC<\/title>\n<meta name=\"description\" content=\"Kh\u00e1m ph\u00e1 t\u00e0i nguy\u00ean ti\u1ebfp th\u1ecb B2B c\u1ee7a KKBC v\u1edbi blog, nghi\u00ean c\u1ee9u \u0111i\u1ec3n h\u00ecnh, h\u1ed9i th\u1ea3o v\u00e0 e-book. Nh\u1eadn ph\u00e2n t\u00edch chuy\u00ean s\u00e2u v\u00e0 chi\u1ebfn l\u01b0\u1ee3c gi\u00fap doanh nghi\u1ec7p ph\u00e1t tri\u1ec3n.\" \/>\n<meta name=\"robots\" content=\"index, follow, max-snippet:-1, max-image-preview:large, max-video-preview:-1\" \/>\n<link rel=\"canonical\" href=\"https:\/\/kkbc.com.vn\/vi-vn\/resources\/\" \/>\n<meta property=\"og:locale\" content=\"en_US\" \/>\n<meta property=\"og:type\" content=\"article\" \/>\n<meta property=\"og:title\" content=\"T\u00e0i nguy\u00ean d\u00e0nh cho nh\u1eefng hi\u1ec3u bi\u1ebft s\u00e2u s\u1eafc v\u1ec1 ti\u1ebfp th\u1ecb B2B | KKBC\" \/>\n<meta property=\"og:description\" content=\"Kh\u00e1m ph\u00e1 t\u00e0i nguy\u00ean ti\u1ebfp th\u1ecb B2B c\u1ee7a KKBC v\u1edbi blog, nghi\u00ean c\u1ee9u \u0111i\u1ec3n h\u00ecnh, h\u1ed9i th\u1ea3o v\u00e0 e-book. Nh\u1eadn ph\u00e2n t\u00edch chuy\u00ean s\u00e2u v\u00e0 chi\u1ebfn l\u01b0\u1ee3c gi\u00fap doanh nghi\u1ec7p ph\u00e1t tri\u1ec3n.\" \/>\n<meta property=\"og:url\" content=\"https:\/\/kkbc.com.vn\/vi-vn\/resources\/\" \/>\n<meta property=\"og:site_name\" content=\"KKBC Vi\u1ec7t Nam\" \/>\n<meta property=\"article:publisher\" content=\"https:\/\/www.facebook.com\/kkbc.co\" \/>\n<meta property=\"article:modified_time\" content=\"2025-03-12T10:10:36+00:00\" \/>\n<meta name=\"twitter:card\" content=\"summary_large_image\" \/>\n<meta name=\"twitter:site\" content=\"@kkbc_co\" \/>\n<meta name=\"twitter:label1\" content=\"Est. reading time\" \/>\n\t<meta name=\"twitter:data1\" content=\"1 minute\" \/>\n<script type=\"application\/ld+json\" class=\"yoast-schema-graph\">{\"@context\":\"https:\/\/schema.org\",\"@graph\":[{\"@type\":\"WebPage\",\"@id\":\"https:\/\/kkbc.com.vn\/vi-vn\/resources\/\",\"url\":\"https:\/\/kkbc.com.vn\/vi-vn\/resources\/\",\"name\":\"T\u00e0i nguy\u00ean d\u00e0nh cho nh\u1eefng hi\u1ec3u bi\u1ebft s\u00e2u s\u1eafc v\u1ec1 ti\u1ebfp th\u1ecb B2B | KKBC\",\"isPartOf\":{\"@id\":\"http:\/\/54.255.1.206:80\/vi-vn\/#website\"},\"datePublished\":\"2024-09-12T13:27:10+00:00\",\"dateModified\":\"2025-03-12T10:10:36+00:00\",\"description\":\"Kh\u00e1m ph\u00e1 t\u00e0i nguy\u00ean ti\u1ebfp th\u1ecb B2B c\u1ee7a KKBC v\u1edbi blog, nghi\u00ean c\u1ee9u \u0111i\u1ec3n h\u00ecnh, h\u1ed9i th\u1ea3o v\u00e0 e-book. Nh\u1eadn ph\u00e2n t\u00edch chuy\u00ean s\u00e2u v\u00e0 chi\u1ebfn l\u01b0\u1ee3c gi\u00fap doanh nghi\u1ec7p ph\u00e1t tri\u1ec3n.\",\"breadcrumb\":{\"@id\":\"https:\/\/kkbc.com.vn\/vi-vn\/resources\/#breadcrumb\"},\"inLanguage\":\"vi-VN2\",\"potentialAction\":[{\"@type\":\"ReadAction\",\"target\":[\"https:\/\/kkbc.com.vn\/vi-vn\/resources\/\"]}]},{\"@type\":\"BreadcrumbList\",\"@id\":\"https:\/\/kkbc.com.vn\/vi-vn\/resources\/#breadcrumb\",\"itemListElement\":[{\"@type\":\"ListItem\",\"position\":1,\"name\":\"Home\",\"item\":\"http:\/\/54.255.1.206:80\/vi-vn\/\"},{\"@type\":\"ListItem\",\"position\":2,\"name\":\"Resources\"}]},{\"@type\":\"WebSite\",\"@id\":\"http:\/\/54.255.1.206:80\/vi-vn\/#website\",\"url\":\"http:\/\/54.255.1.206:80\/vi-vn\/\",\"name\":\"KKBC\",\"description\":\"\",\"potentialAction\":[{\"@type\":\"SearchAction\",\"target\":{\"@type\":\"EntryPoint\",\"urlTemplate\":\"http:\/\/54.255.1.206:80\/vi-vn\/?s={search_term_string}\"},\"query-input\":{\"@type\":\"PropertyValueSpecification\",\"valueRequired\":true,\"valueName\":\"search_term_string\"}}],\"inLanguage\":\"vi-VN2\"}]}<\/script>\n<!-- \/ Yoast SEO plugin. -->","yoast_head_json":{"title":"T\u00e0i nguy\u00ean d\u00e0nh cho nh\u1eefng hi\u1ec3u bi\u1ebft s\u00e2u s\u1eafc v\u1ec1 ti\u1ebfp th\u1ecb B2B | KKBC","description":"Kh\u00e1m ph\u00e1 t\u00e0i nguy\u00ean ti\u1ebfp th\u1ecb B2B c\u1ee7a KKBC v\u1edbi blog, nghi\u00ean c\u1ee9u \u0111i\u1ec3n h\u00ecnh, h\u1ed9i th\u1ea3o v\u00e0 e-book. Nh\u1eadn ph\u00e2n t\u00edch chuy\u00ean s\u00e2u v\u00e0 chi\u1ebfn l\u01b0\u1ee3c gi\u00fap doanh nghi\u1ec7p ph\u00e1t tri\u1ec3n.","robots":{"index":"index","follow":"follow","max-snippet":"max-snippet:-1","max-image-preview":"max-image-preview:large","max-video-preview":"max-video-preview:-1"},"canonical":"https:\/\/kkbc.com.vn\/vi-vn\/resources\/","og_locale":"en_US","og_type":"article","og_title":"T\u00e0i nguy\u00ean d\u00e0nh cho nh\u1eefng hi\u1ec3u bi\u1ebft s\u00e2u s\u1eafc v\u1ec1 ti\u1ebfp th\u1ecb B2B | KKBC","og_description":"Kh\u00e1m ph\u00e1 t\u00e0i nguy\u00ean ti\u1ebfp th\u1ecb B2B c\u1ee7a KKBC v\u1edbi blog, nghi\u00ean c\u1ee9u \u0111i\u1ec3n h\u00ecnh, h\u1ed9i th\u1ea3o v\u00e0 e-book. Nh\u1eadn ph\u00e2n t\u00edch chuy\u00ean s\u00e2u v\u00e0 chi\u1ebfn l\u01b0\u1ee3c gi\u00fap doanh nghi\u1ec7p ph\u00e1t tri\u1ec3n.","og_url":"https:\/\/kkbc.com.vn\/vi-vn\/resources\/","og_site_name":"KKBC Vi\u1ec7t Nam","article_publisher":"https:\/\/www.facebook.com\/kkbc.co","article_modified_time":"2025-03-12T10:10:36+00:00","twitter_card":"summary_large_image","twitter_site":"@kkbc_co","twitter_misc":{"Est. reading time":"1 minute"},"schema":{"@context":"https:\/\/schema.org","@graph":[{"@type":"WebPage","@id":"https:\/\/kkbc.com.vn\/vi-vn\/resources\/","url":"https:\/\/kkbc.com.vn\/vi-vn\/resources\/","name":"T\u00e0i nguy\u00ean d\u00e0nh cho nh\u1eefng hi\u1ec3u bi\u1ebft s\u00e2u s\u1eafc v\u1ec1 ti\u1ebfp th\u1ecb B2B | KKBC","isPartOf":{"@id":"http:\/\/54.255.1.206:80\/vi-vn\/#website"},"datePublished":"2024-09-12T13:27:10+00:00","dateModified":"2025-03-12T10:10:36+00:00","description":"Kh\u00e1m ph\u00e1 t\u00e0i nguy\u00ean ti\u1ebfp th\u1ecb B2B c\u1ee7a KKBC v\u1edbi blog, nghi\u00ean c\u1ee9u \u0111i\u1ec3n h\u00ecnh, h\u1ed9i th\u1ea3o v\u00e0 e-book. Nh\u1eadn ph\u00e2n t\u00edch chuy\u00ean s\u00e2u v\u00e0 chi\u1ebfn l\u01b0\u1ee3c gi\u00fap doanh nghi\u1ec7p ph\u00e1t tri\u1ec3n.","breadcrumb":{"@id":"https:\/\/kkbc.com.vn\/vi-vn\/resources\/#breadcrumb"},"inLanguage":"vi-VN2","potentialAction":[{"@type":"ReadAction","target":["https:\/\/kkbc.com.vn\/vi-vn\/resources\/"]}]},{"@type":"BreadcrumbList","@id":"https:\/\/kkbc.com.vn\/vi-vn\/resources\/#breadcrumb","itemListElement":[{"@type":"ListItem","position":1,"name":"Home","item":"http:\/\/54.255.1.206:80\/vi-vn\/"},{"@type":"ListItem","position":2,"name":"Resources"}]},{"@type":"WebSite","@id":"http:\/\/54.255.1.206:80\/vi-vn\/#website","url":"http:\/\/54.255.1.206:80\/vi-vn\/","name":"KKBC","description":"","potentialAction":[{"@type":"SearchAction","target":{"@type":"EntryPoint","urlTemplate":"http:\/\/54.255.1.206:80\/vi-vn\/?s={search_term_string}"},"query-input":{"@type":"PropertyValueSpecification","valueRequired":true,"valueName":"search_term_string"}}],"inLanguage":"vi-VN2"}]}},"_links":{"self":[{"href":"https:\/\/kkbc.com.vn\/vi-vn\/wp-json\/wp\/v2\/pages\/4772","targetHints":{"allow":["GET"]}}],"collection":[{"href":"https:\/\/kkbc.com.vn\/vi-vn\/wp-json\/wp\/v2\/pages"}],"about":[{"href":"https:\/\/kkbc.com.vn\/vi-vn\/wp-json\/wp\/v2\/types\/page"}],"author":[{"embeddable":true,"href":"https:\/\/kkbc.com.vn\/vi-vn\/wp-json\/wp\/v2\/users\/1"}],"replies":[{"embeddable":true,"href":"https:\/\/kkbc.com.vn\/vi-vn\/wp-json\/wp\/v2\/comments?post=4772"}],"version-history":[{"count":1,"href":"https:\/\/kkbc.com.vn\/vi-vn\/wp-json\/wp\/v2\/pages\/4772\/revisions"}],"predecessor-version":[{"id":5005,"href":"https:\/\/kkbc.com.vn\/vi-vn\/wp-json\/wp\/v2\/pages\/4772\/revisions\/5005"}],"wp:attachment":[{"href":"https:\/\/kkbc.com.vn\/vi-vn\/wp-json\/wp\/v2\/media?parent=4772"}],"curies":[{"name":"wp","href":"https:\/\/api.w.org\/{rel}","templated":true}]}}