{"id":4776,"date":"2024-09-12T12:21:13","date_gmt":"2024-09-12T12:21:13","guid":{"rendered":"https:\/\/kkbcvietnam.com\/contact-us\/"},"modified":"2025-07-22T18:51:16","modified_gmt":"2025-07-22T18:51:16","slug":"contact-us","status":"publish","type":"page","link":"https:\/\/kkbc.com.vn\/vi-vn\/contact-us\/","title":{"rendered":"Li\u00ean h\u1ec7 v\u1edbi ch\u00fang t\u00f4i"},"content":{"rendered":"<h3>H\u00e3y li\u00ean h\u1ec7 v\u1edbi ch\u00fang t\u00f4i!<\/h3>\n<p>Vui l\u00f2ng chia s\u1ebb c\u00e1c th\u00f4ng tin chi ti\u1ebft sau \u0111\u00e2y li\u00ean quan \u0111\u1ebfn y\u00eau c\u1ea7u c\u1ee7a b\u1ea1n \u0111\u1ec3 ch\u00fang t\u00f4i c\u00f3 th\u1ec3 h\u1ed7 tr\u1ee3 b\u1ea1n hi\u1ec7u qu\u1ea3. Th\u00f4ng tin n\u00e0y s\u1ebd gi\u00fap ch\u00fang t\u00f4i chuy\u1ec3n y\u00eau c\u1ea7u c\u1ee7a b\u1ea1n \u0111\u1ebfn \u0111\u00fang ng\u01b0\u1eddi. B\u1ea1n s\u1ebd nh\u1eadn \u0111\u01b0\u1ee3c ph\u1ea3n h\u1ed3i trong v\u00f2ng n\u0103m ng\u00e0y l\u00e0m vi\u1ec7c.<\/p>\n","protected":false},"excerpt":{"rendered":"<p>H\u00e3y li\u00ean h\u1ec7 v\u1edbi ch\u00fang t\u00f4i! Vui l\u00f2ng chia s\u1ebb c\u00e1c th\u00f4ng tin chi ti\u1ebft sau \u0111\u00e2y li\u00ean quan \u0111\u1ebfn y\u00eau c\u1ea7u c\u1ee7a b\u1ea1n \u0111\u1ec3 ch\u00fang t\u00f4i c\u00f3 th\u1ec3 h\u1ed7 tr\u1ee3 b\u1ea1n hi\u1ec7u qu\u1ea3. Th\u00f4ng tin n\u00e0y s\u1ebd gi\u00fap ch\u00fang &hellip; <a href=\"https:\/\/kkbc.com.vn\/vi-vn\/contact-us\/\">Continue reading <span class=\"meta-nav\">&rarr;<\/span><\/a><\/p>\n","protected":false},"author":1,"featured_media":0,"parent":0,"menu_order":5,"comment_status":"closed","ping_status":"closed","template":"template\/contact.php","meta":{"_acf_changed":false,"footnotes":""},"class_list":["post-4776","page","type-page","status-publish","hentry"],"acf":[],"yoast_head":"<!-- This site is optimized with the Yoast SEO plugin v26.8 - https:\/\/yoast.com\/product\/yoast-seo-wordpress\/ -->\n<title>Li\u00ean h\u1ec7 KKBC: K\u1ebft n\u1ed1i v\u1edbi \u0111\u1ed1i t\u00e1c ti\u1ebfp th\u1ecb B2B c\u1ee7a b\u1ea1n<\/title>\n<meta name=\"description\" content=\"Li\u00ean h\u1ec7 KKBC \u0111\u1ec3 nh\u1eadn gi\u1ea3i ph\u00e1p ti\u1ebfp th\u1ecb c\u00f4ng ngh\u1ec7 B2B chuy\u00ean nghi\u1ec7p. Ch\u00fang t\u00f4i s\u1eb5n s\u00e0ng h\u1ed7 tr\u1ee3, h\u1ee3p t\u00e1c v\u00e0 gi\u00fap b\u1ea1n t\u0103ng tr\u01b0\u1edfng chi\u1ebfn l\u01b0\u1ee3c.\" \/>\n<meta name=\"robots\" content=\"index, follow, max-snippet:-1, max-image-preview:large, max-video-preview:-1\" \/>\n<link rel=\"canonical\" href=\"http:\/\/54.255.1.206\/vi-vn\/contact-us\/\" \/>\n<meta property=\"og:locale\" content=\"en_US\" \/>\n<meta property=\"og:type\" content=\"article\" \/>\n<meta property=\"og:title\" content=\"Li\u00ean h\u1ec7 KKBC: K\u1ebft n\u1ed1i v\u1edbi \u0111\u1ed1i t\u00e1c ti\u1ebfp th\u1ecb B2B c\u1ee7a b\u1ea1n\" \/>\n<meta property=\"og:description\" content=\"Li\u00ean h\u1ec7 KKBC \u0111\u1ec3 nh\u1eadn gi\u1ea3i ph\u00e1p ti\u1ebfp th\u1ecb c\u00f4ng ngh\u1ec7 B2B chuy\u00ean nghi\u1ec7p. Ch\u00fang t\u00f4i s\u1eb5n s\u00e0ng h\u1ed7 tr\u1ee3, h\u1ee3p t\u00e1c v\u00e0 gi\u00fap b\u1ea1n t\u0103ng tr\u01b0\u1edfng chi\u1ebfn l\u01b0\u1ee3c.\" \/>\n<meta property=\"og:url\" content=\"http:\/\/54.255.1.206\/vi-vn\/contact-us\/\" \/>\n<meta property=\"og:site_name\" content=\"KKBC Vi\u1ec7t Nam\" \/>\n<meta property=\"article:publisher\" content=\"https:\/\/www.facebook.com\/kkbc.co\" \/>\n<meta property=\"article:modified_time\" content=\"2025-07-22T18:51:16+00:00\" \/>\n<meta name=\"twitter:card\" content=\"summary_large_image\" \/>\n<meta name=\"twitter:site\" content=\"@kkbc_co\" \/>\n<meta name=\"twitter:label1\" content=\"Est. reading time\" \/>\n\t<meta name=\"twitter:data1\" content=\"1 minute\" \/>\n<script type=\"application\/ld+json\" class=\"yoast-schema-graph\">{\"@context\":\"https:\/\/schema.org\",\"@graph\":[{\"@type\":\"WebPage\",\"@id\":\"http:\/\/54.255.1.206\/vi-vn\/contact-us\/\",\"url\":\"http:\/\/54.255.1.206\/vi-vn\/contact-us\/\",\"name\":\"Li\u00ean h\u1ec7 KKBC: K\u1ebft n\u1ed1i v\u1edbi \u0111\u1ed1i t\u00e1c ti\u1ebfp th\u1ecb B2B c\u1ee7a b\u1ea1n\",\"isPartOf\":{\"@id\":\"http:\/\/54.255.1.206:80\/vi-vn\/#website\"},\"datePublished\":\"2024-09-12T12:21:13+00:00\",\"dateModified\":\"2025-07-22T18:51:16+00:00\",\"description\":\"Li\u00ean h\u1ec7 KKBC \u0111\u1ec3 nh\u1eadn gi\u1ea3i ph\u00e1p ti\u1ebfp th\u1ecb c\u00f4ng ngh\u1ec7 B2B chuy\u00ean nghi\u1ec7p. Ch\u00fang t\u00f4i s\u1eb5n s\u00e0ng h\u1ed7 tr\u1ee3, h\u1ee3p t\u00e1c v\u00e0 gi\u00fap b\u1ea1n t\u0103ng tr\u01b0\u1edfng chi\u1ebfn l\u01b0\u1ee3c.\",\"breadcrumb\":{\"@id\":\"http:\/\/54.255.1.206\/vi-vn\/contact-us\/#breadcrumb\"},\"inLanguage\":\"vi-VN2\",\"potentialAction\":[{\"@type\":\"ReadAction\",\"target\":[\"http:\/\/54.255.1.206\/vi-vn\/contact-us\/\"]}]},{\"@type\":\"BreadcrumbList\",\"@id\":\"http:\/\/54.255.1.206\/vi-vn\/contact-us\/#breadcrumb\",\"itemListElement\":[{\"@type\":\"ListItem\",\"position\":1,\"name\":\"Home\",\"item\":\"http:\/\/54.255.1.206:80\/vi-vn\/\"},{\"@type\":\"ListItem\",\"position\":2,\"name\":\"Li\u00ean h\u1ec7 v\u1edbi ch\u00fang t\u00f4i\"}]},{\"@type\":\"WebSite\",\"@id\":\"http:\/\/54.255.1.206:80\/vi-vn\/#website\",\"url\":\"http:\/\/54.255.1.206:80\/vi-vn\/\",\"name\":\"KKBC\",\"description\":\"\",\"potentialAction\":[{\"@type\":\"SearchAction\",\"target\":{\"@type\":\"EntryPoint\",\"urlTemplate\":\"http:\/\/54.255.1.206:80\/vi-vn\/?s={search_term_string}\"},\"query-input\":{\"@type\":\"PropertyValueSpecification\",\"valueRequired\":true,\"valueName\":\"search_term_string\"}}],\"inLanguage\":\"vi-VN2\"}]}<\/script>\n<!-- \/ Yoast SEO plugin. -->","yoast_head_json":{"title":"Li\u00ean h\u1ec7 KKBC: K\u1ebft n\u1ed1i v\u1edbi \u0111\u1ed1i t\u00e1c ti\u1ebfp th\u1ecb B2B c\u1ee7a b\u1ea1n","description":"Li\u00ean h\u1ec7 KKBC \u0111\u1ec3 nh\u1eadn gi\u1ea3i ph\u00e1p ti\u1ebfp th\u1ecb c\u00f4ng ngh\u1ec7 B2B chuy\u00ean nghi\u1ec7p. Ch\u00fang t\u00f4i s\u1eb5n s\u00e0ng h\u1ed7 tr\u1ee3, h\u1ee3p t\u00e1c v\u00e0 gi\u00fap b\u1ea1n t\u0103ng tr\u01b0\u1edfng chi\u1ebfn l\u01b0\u1ee3c.","robots":{"index":"index","follow":"follow","max-snippet":"max-snippet:-1","max-image-preview":"max-image-preview:large","max-video-preview":"max-video-preview:-1"},"canonical":"http:\/\/54.255.1.206\/vi-vn\/contact-us\/","og_locale":"en_US","og_type":"article","og_title":"Li\u00ean h\u1ec7 KKBC: K\u1ebft n\u1ed1i v\u1edbi \u0111\u1ed1i t\u00e1c ti\u1ebfp th\u1ecb B2B c\u1ee7a b\u1ea1n","og_description":"Li\u00ean h\u1ec7 KKBC \u0111\u1ec3 nh\u1eadn gi\u1ea3i ph\u00e1p ti\u1ebfp th\u1ecb c\u00f4ng ngh\u1ec7 B2B chuy\u00ean nghi\u1ec7p. Ch\u00fang t\u00f4i s\u1eb5n s\u00e0ng h\u1ed7 tr\u1ee3, h\u1ee3p t\u00e1c v\u00e0 gi\u00fap b\u1ea1n t\u0103ng tr\u01b0\u1edfng chi\u1ebfn l\u01b0\u1ee3c.","og_url":"http:\/\/54.255.1.206\/vi-vn\/contact-us\/","og_site_name":"KKBC Vi\u1ec7t Nam","article_publisher":"https:\/\/www.facebook.com\/kkbc.co","article_modified_time":"2025-07-22T18:51:16+00:00","twitter_card":"summary_large_image","twitter_site":"@kkbc_co","twitter_misc":{"Est. reading time":"1 minute"},"schema":{"@context":"https:\/\/schema.org","@graph":[{"@type":"WebPage","@id":"http:\/\/54.255.1.206\/vi-vn\/contact-us\/","url":"http:\/\/54.255.1.206\/vi-vn\/contact-us\/","name":"Li\u00ean h\u1ec7 KKBC: K\u1ebft n\u1ed1i v\u1edbi \u0111\u1ed1i t\u00e1c ti\u1ebfp th\u1ecb B2B c\u1ee7a b\u1ea1n","isPartOf":{"@id":"http:\/\/54.255.1.206:80\/vi-vn\/#website"},"datePublished":"2024-09-12T12:21:13+00:00","dateModified":"2025-07-22T18:51:16+00:00","description":"Li\u00ean h\u1ec7 KKBC \u0111\u1ec3 nh\u1eadn gi\u1ea3i ph\u00e1p ti\u1ebfp th\u1ecb c\u00f4ng ngh\u1ec7 B2B chuy\u00ean nghi\u1ec7p. Ch\u00fang t\u00f4i s\u1eb5n s\u00e0ng h\u1ed7 tr\u1ee3, h\u1ee3p t\u00e1c v\u00e0 gi\u00fap b\u1ea1n t\u0103ng tr\u01b0\u1edfng chi\u1ebfn l\u01b0\u1ee3c.","breadcrumb":{"@id":"http:\/\/54.255.1.206\/vi-vn\/contact-us\/#breadcrumb"},"inLanguage":"vi-VN2","potentialAction":[{"@type":"ReadAction","target":["http:\/\/54.255.1.206\/vi-vn\/contact-us\/"]}]},{"@type":"BreadcrumbList","@id":"http:\/\/54.255.1.206\/vi-vn\/contact-us\/#breadcrumb","itemListElement":[{"@type":"ListItem","position":1,"name":"Home","item":"http:\/\/54.255.1.206:80\/vi-vn\/"},{"@type":"ListItem","position":2,"name":"Li\u00ean h\u1ec7 v\u1edbi ch\u00fang t\u00f4i"}]},{"@type":"WebSite","@id":"http:\/\/54.255.1.206:80\/vi-vn\/#website","url":"http:\/\/54.255.1.206:80\/vi-vn\/","name":"KKBC","description":"","potentialAction":[{"@type":"SearchAction","target":{"@type":"EntryPoint","urlTemplate":"http:\/\/54.255.1.206:80\/vi-vn\/?s={search_term_string}"},"query-input":{"@type":"PropertyValueSpecification","valueRequired":true,"valueName":"search_term_string"}}],"inLanguage":"vi-VN2"}]}},"_links":{"self":[{"href":"https:\/\/kkbc.com.vn\/vi-vn\/wp-json\/wp\/v2\/pages\/4776","targetHints":{"allow":["GET"]}}],"collection":[{"href":"https:\/\/kkbc.com.vn\/vi-vn\/wp-json\/wp\/v2\/pages"}],"about":[{"href":"https:\/\/kkbc.com.vn\/vi-vn\/wp-json\/wp\/v2\/types\/page"}],"author":[{"embeddable":true,"href":"https:\/\/kkbc.com.vn\/vi-vn\/wp-json\/wp\/v2\/users\/1"}],"replies":[{"embeddable":true,"href":"https:\/\/kkbc.com.vn\/vi-vn\/wp-json\/wp\/v2\/comments?post=4776"}],"version-history":[{"count":13,"href":"https:\/\/kkbc.com.vn\/vi-vn\/wp-json\/wp\/v2\/pages\/4776\/revisions"}],"predecessor-version":[{"id":6993,"href":"https:\/\/kkbc.com.vn\/vi-vn\/wp-json\/wp\/v2\/pages\/4776\/revisions\/6993"}],"wp:attachment":[{"href":"https:\/\/kkbc.com.vn\/vi-vn\/wp-json\/wp\/v2\/media?parent=4776"}],"curies":[{"name":"wp","href":"https:\/\/api.w.org\/{rel}","templated":true}]}}