{"id":4793,"date":"2024-09-12T13:29:35","date_gmt":"2024-09-12T13:29:35","guid":{"rendered":"https:\/\/kkbcvietnam.com\/about\/locations\/"},"modified":"2025-03-12T10:07:40","modified_gmt":"2025-03-12T10:07:40","slug":"locations","status":"publish","type":"page","link":"https:\/\/kkbc.com.vn\/vi-vn\/about\/locations\/","title":{"rendered":"\u0110\u1ecba \u0111i\u1ec3m"},"content":{"rendered":"","protected":false},"excerpt":{"rendered":"","protected":false},"author":1,"featured_media":0,"parent":4790,"menu_order":132,"comment_status":"closed","ping_status":"closed","template":"template\/location.php","meta":{"_acf_changed":false,"footnotes":""},"class_list":["post-4793","page","type-page","status-publish","hentry"],"acf":[],"yoast_head":"<!-- This site is optimized with the Yoast SEO plugin v26.8 - https:\/\/yoast.com\/product\/yoast-seo-wordpress\/ -->\n<title>\u0110\u1ecba \u0111i\u1ec3m | V\u0103n ph\u00f2ng c\u1ee7a ch\u00fang t\u00f4i | KKBC<\/title>\n<meta name=\"description\" content=\"Kh\u00e1m ph\u00e1 m\u1ea1ng l\u01b0\u1edbi to\u00e0n c\u1ea7u c\u1ee7a KKBC v\u1edbi v\u0103n ph\u00f2ng t\u1ea1i B\u1eafc M\u1ef9, EMEA &amp; APAC, bao g\u1ed3m M\u1ef9, Anh, Trung Qu\u1ed1c, Nh\u1eadt B\u1ea3n &amp; \u00dac. \u0110\u1ecdc th\u00eam.\" \/>\n<meta name=\"robots\" content=\"index, follow, max-snippet:-1, max-image-preview:large, max-video-preview:-1\" \/>\n<link rel=\"canonical\" href=\"https:\/\/kkbc.com.vn\/vi-vn\/about\/locations\/\" \/>\n<meta property=\"og:locale\" content=\"en_US\" \/>\n<meta property=\"og:type\" content=\"article\" \/>\n<meta property=\"og:title\" content=\"\u0110\u1ecba \u0111i\u1ec3m | V\u0103n ph\u00f2ng c\u1ee7a ch\u00fang t\u00f4i | KKBC\" \/>\n<meta property=\"og:description\" content=\"Kh\u00e1m ph\u00e1 m\u1ea1ng l\u01b0\u1edbi to\u00e0n c\u1ea7u c\u1ee7a KKBC v\u1edbi v\u0103n ph\u00f2ng t\u1ea1i B\u1eafc M\u1ef9, EMEA &amp; APAC, bao g\u1ed3m M\u1ef9, Anh, Trung Qu\u1ed1c, Nh\u1eadt B\u1ea3n &amp; \u00dac. \u0110\u1ecdc th\u00eam.\" \/>\n<meta property=\"og:url\" content=\"https:\/\/kkbc.com.vn\/vi-vn\/about\/locations\/\" \/>\n<meta property=\"og:site_name\" content=\"KKBC Vi\u1ec7t Nam\" \/>\n<meta property=\"article:publisher\" content=\"https:\/\/www.facebook.com\/kkbc.co\" \/>\n<meta property=\"article:modified_time\" content=\"2025-03-12T10:07:40+00:00\" \/>\n<meta name=\"twitter:card\" content=\"summary_large_image\" \/>\n<meta name=\"twitter:site\" content=\"@kkbc_co\" \/>\n<script type=\"application\/ld+json\" class=\"yoast-schema-graph\">{\"@context\":\"https:\/\/schema.org\",\"@graph\":[{\"@type\":\"WebPage\",\"@id\":\"https:\/\/kkbc.com.vn\/vi-vn\/about\/locations\/\",\"url\":\"https:\/\/kkbc.com.vn\/vi-vn\/about\/locations\/\",\"name\":\"\u0110\u1ecba \u0111i\u1ec3m | V\u0103n ph\u00f2ng c\u1ee7a ch\u00fang t\u00f4i | KKBC\",\"isPartOf\":{\"@id\":\"https:\/\/kkbc.com.vn\/en\/#website\"},\"datePublished\":\"2024-09-12T13:29:35+00:00\",\"dateModified\":\"2025-03-12T10:07:40+00:00\",\"description\":\"Kh\u00e1m ph\u00e1 m\u1ea1ng l\u01b0\u1edbi to\u00e0n c\u1ea7u c\u1ee7a KKBC v\u1edbi v\u0103n ph\u00f2ng t\u1ea1i B\u1eafc M\u1ef9, EMEA & APAC, bao g\u1ed3m M\u1ef9, Anh, Trung Qu\u1ed1c, Nh\u1eadt B\u1ea3n & \u00dac. \u0110\u1ecdc th\u00eam.\",\"breadcrumb\":{\"@id\":\"https:\/\/kkbc.com.vn\/vi-vn\/about\/locations\/#breadcrumb\"},\"inLanguage\":\"vi-VN2\",\"potentialAction\":[{\"@type\":\"ReadAction\",\"target\":[\"https:\/\/kkbc.com.vn\/vi-vn\/about\/locations\/\"]}]},{\"@type\":\"BreadcrumbList\",\"@id\":\"https:\/\/kkbc.com.vn\/vi-vn\/about\/locations\/#breadcrumb\",\"itemListElement\":[{\"@type\":\"ListItem\",\"position\":1,\"name\":\"Home\",\"item\":\"https:\/\/kkbc.com.vn\/vi-vn\/\"},{\"@type\":\"ListItem\",\"position\":2,\"name\":\"V\u1ec1\",\"item\":\"https:\/\/kkbc.com.vn\/vi-vn\/about\/\"},{\"@type\":\"ListItem\",\"position\":3,\"name\":\"\u0110\u1ecba \u0111i\u1ec3m\"}]},{\"@type\":\"WebSite\",\"@id\":\"https:\/\/kkbc.com.vn\/en\/#website\",\"url\":\"https:\/\/kkbc.com.vn\/en\/\",\"name\":\"KKBC\",\"description\":\"\",\"potentialAction\":[{\"@type\":\"SearchAction\",\"target\":{\"@type\":\"EntryPoint\",\"urlTemplate\":\"https:\/\/kkbc.com.vn\/en\/?s={search_term_string}\"},\"query-input\":{\"@type\":\"PropertyValueSpecification\",\"valueRequired\":true,\"valueName\":\"search_term_string\"}}],\"inLanguage\":\"vi-VN2\"}]}<\/script>\n<!-- \/ Yoast SEO plugin. -->","yoast_head_json":{"title":"\u0110\u1ecba \u0111i\u1ec3m | V\u0103n ph\u00f2ng c\u1ee7a ch\u00fang t\u00f4i | KKBC","description":"Kh\u00e1m ph\u00e1 m\u1ea1ng l\u01b0\u1edbi to\u00e0n c\u1ea7u c\u1ee7a KKBC v\u1edbi v\u0103n ph\u00f2ng t\u1ea1i B\u1eafc M\u1ef9, EMEA & APAC, bao g\u1ed3m M\u1ef9, Anh, Trung Qu\u1ed1c, Nh\u1eadt B\u1ea3n & \u00dac. \u0110\u1ecdc th\u00eam.","robots":{"index":"index","follow":"follow","max-snippet":"max-snippet:-1","max-image-preview":"max-image-preview:large","max-video-preview":"max-video-preview:-1"},"canonical":"https:\/\/kkbc.com.vn\/vi-vn\/about\/locations\/","og_locale":"en_US","og_type":"article","og_title":"\u0110\u1ecba \u0111i\u1ec3m | V\u0103n ph\u00f2ng c\u1ee7a ch\u00fang t\u00f4i | KKBC","og_description":"Kh\u00e1m ph\u00e1 m\u1ea1ng l\u01b0\u1edbi to\u00e0n c\u1ea7u c\u1ee7a KKBC v\u1edbi v\u0103n ph\u00f2ng t\u1ea1i B\u1eafc M\u1ef9, EMEA & APAC, bao g\u1ed3m M\u1ef9, Anh, Trung Qu\u1ed1c, Nh\u1eadt B\u1ea3n & \u00dac. \u0110\u1ecdc th\u00eam.","og_url":"https:\/\/kkbc.com.vn\/vi-vn\/about\/locations\/","og_site_name":"KKBC Vi\u1ec7t Nam","article_publisher":"https:\/\/www.facebook.com\/kkbc.co","article_modified_time":"2025-03-12T10:07:40+00:00","twitter_card":"summary_large_image","twitter_site":"@kkbc_co","schema":{"@context":"https:\/\/schema.org","@graph":[{"@type":"WebPage","@id":"https:\/\/kkbc.com.vn\/vi-vn\/about\/locations\/","url":"https:\/\/kkbc.com.vn\/vi-vn\/about\/locations\/","name":"\u0110\u1ecba \u0111i\u1ec3m | V\u0103n ph\u00f2ng c\u1ee7a ch\u00fang t\u00f4i | KKBC","isPartOf":{"@id":"https:\/\/kkbc.com.vn\/en\/#website"},"datePublished":"2024-09-12T13:29:35+00:00","dateModified":"2025-03-12T10:07:40+00:00","description":"Kh\u00e1m ph\u00e1 m\u1ea1ng l\u01b0\u1edbi to\u00e0n c\u1ea7u c\u1ee7a KKBC v\u1edbi v\u0103n ph\u00f2ng t\u1ea1i B\u1eafc M\u1ef9, EMEA & APAC, bao g\u1ed3m M\u1ef9, Anh, Trung Qu\u1ed1c, Nh\u1eadt B\u1ea3n & \u00dac. \u0110\u1ecdc th\u00eam.","breadcrumb":{"@id":"https:\/\/kkbc.com.vn\/vi-vn\/about\/locations\/#breadcrumb"},"inLanguage":"vi-VN2","potentialAction":[{"@type":"ReadAction","target":["https:\/\/kkbc.com.vn\/vi-vn\/about\/locations\/"]}]},{"@type":"BreadcrumbList","@id":"https:\/\/kkbc.com.vn\/vi-vn\/about\/locations\/#breadcrumb","itemListElement":[{"@type":"ListItem","position":1,"name":"Home","item":"https:\/\/kkbc.com.vn\/vi-vn\/"},{"@type":"ListItem","position":2,"name":"V\u1ec1","item":"https:\/\/kkbc.com.vn\/vi-vn\/about\/"},{"@type":"ListItem","position":3,"name":"\u0110\u1ecba \u0111i\u1ec3m"}]},{"@type":"WebSite","@id":"https:\/\/kkbc.com.vn\/en\/#website","url":"https:\/\/kkbc.com.vn\/en\/","name":"KKBC","description":"","potentialAction":[{"@type":"SearchAction","target":{"@type":"EntryPoint","urlTemplate":"https:\/\/kkbc.com.vn\/en\/?s={search_term_string}"},"query-input":{"@type":"PropertyValueSpecification","valueRequired":true,"valueName":"search_term_string"}}],"inLanguage":"vi-VN2"}]}},"_links":{"self":[{"href":"https:\/\/kkbc.com.vn\/vi-vn\/wp-json\/wp\/v2\/pages\/4793","targetHints":{"allow":["GET"]}}],"collection":[{"href":"https:\/\/kkbc.com.vn\/vi-vn\/wp-json\/wp\/v2\/pages"}],"about":[{"href":"https:\/\/kkbc.com.vn\/vi-vn\/wp-json\/wp\/v2\/types\/page"}],"author":[{"embeddable":true,"href":"https:\/\/kkbc.com.vn\/vi-vn\/wp-json\/wp\/v2\/users\/1"}],"replies":[{"embeddable":true,"href":"https:\/\/kkbc.com.vn\/vi-vn\/wp-json\/wp\/v2\/comments?post=4793"}],"version-history":[{"count":5,"href":"https:\/\/kkbc.com.vn\/vi-vn\/wp-json\/wp\/v2\/pages\/4793\/revisions"}],"predecessor-version":[{"id":6306,"href":"https:\/\/kkbc.com.vn\/vi-vn\/wp-json\/wp\/v2\/pages\/4793\/revisions\/6306"}],"up":[{"embeddable":true,"href":"https:\/\/kkbc.com.vn\/vi-vn\/wp-json\/wp\/v2\/pages\/4790"}],"wp:attachment":[{"href":"https:\/\/kkbc.com.vn\/vi-vn\/wp-json\/wp\/v2\/media?parent=4793"}],"curies":[{"name":"wp","href":"https:\/\/api.w.org\/{rel}","templated":true}]}}