{"id":4807,"date":"2024-09-19T10:44:39","date_gmt":"2024-09-19T10:44:39","guid":{"rendered":"https:\/\/kkbcvietnam.com\/rfp\/"},"modified":"2025-07-23T09:01:44","modified_gmt":"2025-07-23T09:01:44","slug":"rfp","status":"publish","type":"page","link":"https:\/\/kkbc.com.vn\/vi-vn\/rfp\/","title":{"rendered":"RFP"},"content":{"rendered":"<h6>C\u1ea3m \u01a1n b\u1ea1n \u0111\u00e3 c\u00e2n nh\u1eafc d\u1ecbch v\u1ee5 c\u1ee7a KKBC.<\/h6>\n<p>Vui l\u00f2ng d\u00e0nh ch\u00fat th\u1eddi gian \u0111\u1ec3 \u0111i\u1ec1n v\u00e0o bi\u1ec3u m\u1eabu n\u00e0y v\u00e0 tho\u1ea3i m\u00e1i t\u1ea3i l\u00ean b\u1ea5t k\u1ef3 t\u00e0i li\u1ec7u n\u00e0o gi\u00fap l\u00e0m r\u00f5 y\u00eau c\u1ea7u c\u1ee7a b\u1ea1n.<br \/>\nXin l\u01b0u \u00fd r\u1eb1ng h\u1ed9p th\u01b0 n\u00e0y ch\u1ec9 d\u00e0nh ri\u00eang cho c\u00e1c \u0111\u1ec1 xu\u1ea5t d\u1ecbch v\u1ee5 \u0111\u1ee7 \u0111i\u1ec1u ki\u1ec7n. \u0110\u1ed1i v\u1edbi t\u1ea5t c\u1ea3 c\u00e1c y\u00eau c\u1ea7u kh\u00e1c, vui l\u00f2ng truy c\u1eadp trang <a href=\"http:\/\/contact.html\">li\u00ean h\u1ec7 v\u1edbi ch\u00fang t\u00f4i<\/a>.<\/p>\n","protected":false},"excerpt":{"rendered":"<p>C\u1ea3m \u01a1n b\u1ea1n \u0111\u00e3 c\u00e2n nh\u1eafc d\u1ecbch v\u1ee5 c\u1ee7a KKBC. Vui l\u00f2ng d\u00e0nh ch\u00fat th\u1eddi gian \u0111\u1ec3 \u0111i\u1ec1n v\u00e0o bi\u1ec3u m\u1eabu n\u00e0y v\u00e0 tho\u1ea3i m\u00e1i t\u1ea3i l\u00ean b\u1ea5t k\u1ef3 t\u00e0i li\u1ec7u n\u00e0o gi\u00fap l\u00e0m r\u00f5 y\u00eau c\u1ea7u c\u1ee7a b\u1ea1n. Xin &hellip; <a href=\"https:\/\/kkbc.com.vn\/vi-vn\/rfp\/\">Continue reading <span class=\"meta-nav\">&rarr;<\/span><\/a><\/p>\n","protected":false},"author":1,"featured_media":0,"parent":0,"menu_order":128,"comment_status":"closed","ping_status":"closed","template":"template\/erp.php","meta":{"_acf_changed":false,"footnotes":""},"class_list":["post-4807","page","type-page","status-publish","hentry"],"acf":[],"yoast_head":"<!-- This site is optimized with the Yoast SEO plugin v26.8 - https:\/\/yoast.com\/product\/yoast-seo-wordpress\/ -->\n<title>Request for Proposal | KKBC<\/title>\n<meta name=\"description\" content=\"Please take a moment to fill out this form, and feel free to upload any documents that help clarify your request for proposal on KKBC.\" \/>\n<meta name=\"robots\" content=\"index, follow, max-snippet:-1, max-image-preview:large, max-video-preview:-1\" \/>\n<link rel=\"canonical\" href=\"https:\/\/kkbc.com.vn\/vi-vn\/rfp\/\" \/>\n<meta property=\"og:locale\" content=\"en_US\" \/>\n<meta property=\"og:type\" content=\"article\" \/>\n<meta property=\"og:title\" content=\"Request for Proposal | KKBC\" \/>\n<meta property=\"og:description\" content=\"Please take a moment to fill out this form, and feel free to upload any documents that help clarify your request for proposal on KKBC.\" \/>\n<meta property=\"og:url\" content=\"https:\/\/kkbc.com.vn\/vi-vn\/rfp\/\" \/>\n<meta property=\"og:site_name\" content=\"KKBC Vi\u1ec7t Nam\" \/>\n<meta property=\"article:publisher\" content=\"https:\/\/www.facebook.com\/kkbc.co\" \/>\n<meta property=\"article:modified_time\" content=\"2025-07-23T09:01:44+00:00\" \/>\n<meta name=\"twitter:card\" content=\"summary_large_image\" \/>\n<meta name=\"twitter:site\" content=\"@kkbc_co\" \/>\n<meta name=\"twitter:label1\" content=\"Est. reading time\" \/>\n\t<meta name=\"twitter:data1\" content=\"1 minute\" \/>\n<script type=\"application\/ld+json\" class=\"yoast-schema-graph\">{\"@context\":\"https:\/\/schema.org\",\"@graph\":[{\"@type\":\"WebPage\",\"@id\":\"https:\/\/kkbc.com.vn\/vi-vn\/rfp\/\",\"url\":\"https:\/\/kkbc.com.vn\/vi-vn\/rfp\/\",\"name\":\"Request for Proposal | KKBC\",\"isPartOf\":{\"@id\":\"http:\/\/54.255.1.206:80\/vi-vn\/#website\"},\"datePublished\":\"2024-09-19T10:44:39+00:00\",\"dateModified\":\"2025-07-23T09:01:44+00:00\",\"description\":\"Please take a moment to fill out this form, and feel free to upload any documents that help clarify your request for proposal on KKBC.\",\"breadcrumb\":{\"@id\":\"https:\/\/kkbc.com.vn\/vi-vn\/rfp\/#breadcrumb\"},\"inLanguage\":\"vi-VN2\",\"potentialAction\":[{\"@type\":\"ReadAction\",\"target\":[\"https:\/\/kkbc.com.vn\/vi-vn\/rfp\/\"]}]},{\"@type\":\"BreadcrumbList\",\"@id\":\"https:\/\/kkbc.com.vn\/vi-vn\/rfp\/#breadcrumb\",\"itemListElement\":[{\"@type\":\"ListItem\",\"position\":1,\"name\":\"Home\",\"item\":\"http:\/\/54.255.1.206:80\/vi-vn\/\"},{\"@type\":\"ListItem\",\"position\":2,\"name\":\"RFP\"}]},{\"@type\":\"WebSite\",\"@id\":\"http:\/\/54.255.1.206:80\/vi-vn\/#website\",\"url\":\"http:\/\/54.255.1.206:80\/vi-vn\/\",\"name\":\"KKBC\",\"description\":\"\",\"potentialAction\":[{\"@type\":\"SearchAction\",\"target\":{\"@type\":\"EntryPoint\",\"urlTemplate\":\"http:\/\/54.255.1.206:80\/vi-vn\/?s={search_term_string}\"},\"query-input\":{\"@type\":\"PropertyValueSpecification\",\"valueRequired\":true,\"valueName\":\"search_term_string\"}}],\"inLanguage\":\"vi-VN2\"}]}<\/script>\n<!-- \/ Yoast SEO plugin. -->","yoast_head_json":{"title":"Request for Proposal | KKBC","description":"Please take a moment to fill out this form, and feel free to upload any documents that help clarify your request for proposal on KKBC.","robots":{"index":"index","follow":"follow","max-snippet":"max-snippet:-1","max-image-preview":"max-image-preview:large","max-video-preview":"max-video-preview:-1"},"canonical":"https:\/\/kkbc.com.vn\/vi-vn\/rfp\/","og_locale":"en_US","og_type":"article","og_title":"Request for Proposal | KKBC","og_description":"Please take a moment to fill out this form, and feel free to upload any documents that help clarify your request for proposal on KKBC.","og_url":"https:\/\/kkbc.com.vn\/vi-vn\/rfp\/","og_site_name":"KKBC Vi\u1ec7t Nam","article_publisher":"https:\/\/www.facebook.com\/kkbc.co","article_modified_time":"2025-07-23T09:01:44+00:00","twitter_card":"summary_large_image","twitter_site":"@kkbc_co","twitter_misc":{"Est. reading time":"1 minute"},"schema":{"@context":"https:\/\/schema.org","@graph":[{"@type":"WebPage","@id":"https:\/\/kkbc.com.vn\/vi-vn\/rfp\/","url":"https:\/\/kkbc.com.vn\/vi-vn\/rfp\/","name":"Request for Proposal | KKBC","isPartOf":{"@id":"http:\/\/54.255.1.206:80\/vi-vn\/#website"},"datePublished":"2024-09-19T10:44:39+00:00","dateModified":"2025-07-23T09:01:44+00:00","description":"Please take a moment to fill out this form, and feel free to upload any documents that help clarify your request for proposal on KKBC.","breadcrumb":{"@id":"https:\/\/kkbc.com.vn\/vi-vn\/rfp\/#breadcrumb"},"inLanguage":"vi-VN2","potentialAction":[{"@type":"ReadAction","target":["https:\/\/kkbc.com.vn\/vi-vn\/rfp\/"]}]},{"@type":"BreadcrumbList","@id":"https:\/\/kkbc.com.vn\/vi-vn\/rfp\/#breadcrumb","itemListElement":[{"@type":"ListItem","position":1,"name":"Home","item":"http:\/\/54.255.1.206:80\/vi-vn\/"},{"@type":"ListItem","position":2,"name":"RFP"}]},{"@type":"WebSite","@id":"http:\/\/54.255.1.206:80\/vi-vn\/#website","url":"http:\/\/54.255.1.206:80\/vi-vn\/","name":"KKBC","description":"","potentialAction":[{"@type":"SearchAction","target":{"@type":"EntryPoint","urlTemplate":"http:\/\/54.255.1.206:80\/vi-vn\/?s={search_term_string}"},"query-input":{"@type":"PropertyValueSpecification","valueRequired":true,"valueName":"search_term_string"}}],"inLanguage":"vi-VN2"}]}},"_links":{"self":[{"href":"https:\/\/kkbc.com.vn\/vi-vn\/wp-json\/wp\/v2\/pages\/4807","targetHints":{"allow":["GET"]}}],"collection":[{"href":"https:\/\/kkbc.com.vn\/vi-vn\/wp-json\/wp\/v2\/pages"}],"about":[{"href":"https:\/\/kkbc.com.vn\/vi-vn\/wp-json\/wp\/v2\/types\/page"}],"author":[{"embeddable":true,"href":"https:\/\/kkbc.com.vn\/vi-vn\/wp-json\/wp\/v2\/users\/1"}],"replies":[{"embeddable":true,"href":"https:\/\/kkbc.com.vn\/vi-vn\/wp-json\/wp\/v2\/comments?post=4807"}],"version-history":[{"count":6,"href":"https:\/\/kkbc.com.vn\/vi-vn\/wp-json\/wp\/v2\/pages\/4807\/revisions"}],"predecessor-version":[{"id":7029,"href":"https:\/\/kkbc.com.vn\/vi-vn\/wp-json\/wp\/v2\/pages\/4807\/revisions\/7029"}],"wp:attachment":[{"href":"https:\/\/kkbc.com.vn\/vi-vn\/wp-json\/wp\/v2\/media?parent=4807"}],"curies":[{"name":"wp","href":"https:\/\/api.w.org\/{rel}","templated":true}]}}