{"id":4813,"date":"2024-09-14T06:08:00","date_gmt":"2024-09-14T06:08:00","guid":{"rendered":"https:\/\/kkbcvietnam.com\/expertise\/"},"modified":"2025-03-12T09:18:58","modified_gmt":"2025-03-12T09:18:58","slug":"expertise","status":"publish","type":"page","link":"https:\/\/kkbc.com.vn\/vi-vn\/expertise\/","title":{"rendered":"Chuy\u00ean m\u00f4n"},"content":{"rendered":"<h3>Chuy\u00ean m\u00f4n c\u1ee7a ch\u00fang t\u00f4i<\/h3>\n<p>T\u1ea1i KKBC, ch\u00fang t\u00f4i mang chuy\u00ean m\u00f4n c\u1ee7a m\u00ecnh v\u00e0o m\u1ecdi kh\u00eda c\u1ea1nh c\u1ee7a chi\u1ebfn l\u01b0\u1ee3c ti\u1ebfp th\u1ecb c\u1ee7a b\u1ea1n, \u0111\u1ea3m b\u1ea3o doanh nghi\u1ec7p c\u1ee7a b\u1ea1n ph\u00e1t tri\u1ec3n m\u1ea1nh m\u1ebd trong b\u1ed1i c\u1ea3nh c\u1ea1nh tranh. Kh\u00e1m ph\u00e1 ph\u1ea1m vi d\u1ecbch v\u1ee5 to\u00e0n di\u1ec7n c\u1ee7a ch\u00fang t\u00f4i \u0111\u01b0\u1ee3c thi\u1ebft k\u1ebf \u0111\u1ec3 \u0111\u00e1p \u1ee9ng m\u1ecdi nhu c\u1ea7u ti\u1ebfp th\u1ecb c\u1ee7a b\u1ea1n.<\/p>\n","protected":false},"excerpt":{"rendered":"<p>Chuy\u00ean m\u00f4n c\u1ee7a ch\u00fang t\u00f4i T\u1ea1i KKBC, ch\u00fang t\u00f4i mang chuy\u00ean m\u00f4n c\u1ee7a m\u00ecnh v\u00e0o m\u1ecdi kh\u00eda c\u1ea1nh c\u1ee7a chi\u1ebfn l\u01b0\u1ee3c ti\u1ebfp th\u1ecb c\u1ee7a b\u1ea1n, \u0111\u1ea3m b\u1ea3o doanh nghi\u1ec7p c\u1ee7a b\u1ea1n ph\u00e1t tri\u1ec3n m\u1ea1nh m\u1ebd trong b\u1ed1i c\u1ea3nh c\u1ea1nh tranh. &hellip; <a href=\"https:\/\/kkbc.com.vn\/vi-vn\/expertise\/\">Continue reading <span class=\"meta-nav\">&rarr;<\/span><\/a><\/p>\n","protected":false},"author":1,"featured_media":0,"parent":0,"menu_order":131,"comment_status":"closed","ping_status":"closed","template":"template\/expertise.php","meta":{"_acf_changed":false,"footnotes":""},"class_list":["post-4813","page","type-page","status-publish","hentry"],"acf":[],"yoast_head":"<!-- This site is optimized with the Yoast SEO plugin v26.8 - https:\/\/yoast.com\/product\/yoast-seo-wordpress\/ -->\n<title>D\u1ecbch v\u1ee5 n\u1ed9i dung s\u00e1ng t\u1ea1o chi\u1ebfn l\u01b0\u1ee3c | Thu h\u00fat s\u1ef1 ph\u00e1t tri\u1ec3n th\u01b0\u01a1ng hi\u1ec7u | KKBC<\/title>\n<meta name=\"description\" content=\"D\u1ecbch v\u1ee5 n\u1ed9i dung ch\u1ea5t l\u01b0\u1ee3ng cao c\u1ee7a KKBC ph\u00f9 h\u1ee3p v\u1edbi th\u01b0\u01a1ng hi\u1ec7u, th\u00fac \u0111\u1ea9y t\u01b0\u01a1ng t\u00e1c v\u00e0 t\u0103ng nh\u1eadn di\u1ec7n.\" \/>\n<meta name=\"robots\" content=\"index, follow, max-snippet:-1, max-image-preview:large, max-video-preview:-1\" \/>\n<link rel=\"canonical\" href=\"https:\/\/kkbc.com.vn\/vi-vn\/expertise\/\" \/>\n<meta property=\"og:locale\" content=\"en_US\" \/>\n<meta property=\"og:type\" content=\"article\" \/>\n<meta property=\"og:title\" content=\"D\u1ecbch v\u1ee5 n\u1ed9i dung s\u00e1ng t\u1ea1o chi\u1ebfn l\u01b0\u1ee3c | Thu h\u00fat s\u1ef1 ph\u00e1t tri\u1ec3n th\u01b0\u01a1ng hi\u1ec7u | KKBC\" \/>\n<meta property=\"og:description\" content=\"D\u1ecbch v\u1ee5 n\u1ed9i dung ch\u1ea5t l\u01b0\u1ee3ng cao c\u1ee7a KKBC ph\u00f9 h\u1ee3p v\u1edbi th\u01b0\u01a1ng hi\u1ec7u, th\u00fac \u0111\u1ea9y t\u01b0\u01a1ng t\u00e1c v\u00e0 t\u0103ng nh\u1eadn di\u1ec7n.\" \/>\n<meta property=\"og:url\" content=\"https:\/\/kkbc.com.vn\/vi-vn\/expertise\/\" \/>\n<meta property=\"og:site_name\" content=\"KKBC Vi\u1ec7t Nam\" \/>\n<meta property=\"article:publisher\" content=\"https:\/\/www.facebook.com\/kkbc.co\" \/>\n<meta property=\"article:modified_time\" content=\"2025-03-12T09:18:58+00:00\" \/>\n<meta name=\"twitter:card\" content=\"summary_large_image\" \/>\n<meta name=\"twitter:site\" content=\"@kkbc_co\" \/>\n<meta name=\"twitter:label1\" content=\"Est. reading time\" \/>\n\t<meta name=\"twitter:data1\" content=\"1 minute\" \/>\n<script type=\"application\/ld+json\" class=\"yoast-schema-graph\">{\"@context\":\"https:\/\/schema.org\",\"@graph\":[{\"@type\":\"WebPage\",\"@id\":\"https:\/\/kkbc.com.vn\/vi-vn\/expertise\/\",\"url\":\"https:\/\/kkbc.com.vn\/vi-vn\/expertise\/\",\"name\":\"D\u1ecbch v\u1ee5 n\u1ed9i dung s\u00e1ng t\u1ea1o chi\u1ebfn l\u01b0\u1ee3c | Thu h\u00fat s\u1ef1 ph\u00e1t tri\u1ec3n th\u01b0\u01a1ng hi\u1ec7u | KKBC\",\"isPartOf\":{\"@id\":\"http:\/\/54.255.1.206:80\/vi-vn\/#website\"},\"datePublished\":\"2024-09-14T06:08:00+00:00\",\"dateModified\":\"2025-03-12T09:18:58+00:00\",\"description\":\"D\u1ecbch v\u1ee5 n\u1ed9i dung ch\u1ea5t l\u01b0\u1ee3ng cao c\u1ee7a KKBC ph\u00f9 h\u1ee3p v\u1edbi th\u01b0\u01a1ng hi\u1ec7u, th\u00fac \u0111\u1ea9y t\u01b0\u01a1ng t\u00e1c v\u00e0 t\u0103ng nh\u1eadn di\u1ec7n.\",\"breadcrumb\":{\"@id\":\"https:\/\/kkbc.com.vn\/vi-vn\/expertise\/#breadcrumb\"},\"inLanguage\":\"vi-VN2\",\"potentialAction\":[{\"@type\":\"ReadAction\",\"target\":[\"https:\/\/kkbc.com.vn\/vi-vn\/expertise\/\"]}]},{\"@type\":\"BreadcrumbList\",\"@id\":\"https:\/\/kkbc.com.vn\/vi-vn\/expertise\/#breadcrumb\",\"itemListElement\":[{\"@type\":\"ListItem\",\"position\":1,\"name\":\"Home\",\"item\":\"http:\/\/54.255.1.206:80\/vi-vn\/\"},{\"@type\":\"ListItem\",\"position\":2,\"name\":\"Chuy\u00ean m\u00f4n\"}]},{\"@type\":\"WebSite\",\"@id\":\"http:\/\/54.255.1.206:80\/vi-vn\/#website\",\"url\":\"http:\/\/54.255.1.206:80\/vi-vn\/\",\"name\":\"KKBC\",\"description\":\"\",\"potentialAction\":[{\"@type\":\"SearchAction\",\"target\":{\"@type\":\"EntryPoint\",\"urlTemplate\":\"http:\/\/54.255.1.206:80\/vi-vn\/?s={search_term_string}\"},\"query-input\":{\"@type\":\"PropertyValueSpecification\",\"valueRequired\":true,\"valueName\":\"search_term_string\"}}],\"inLanguage\":\"vi-VN2\"}]}<\/script>\n<!-- \/ Yoast SEO plugin. -->","yoast_head_json":{"title":"D\u1ecbch v\u1ee5 n\u1ed9i dung s\u00e1ng t\u1ea1o chi\u1ebfn l\u01b0\u1ee3c | Thu h\u00fat s\u1ef1 ph\u00e1t tri\u1ec3n th\u01b0\u01a1ng hi\u1ec7u | KKBC","description":"D\u1ecbch v\u1ee5 n\u1ed9i dung ch\u1ea5t l\u01b0\u1ee3ng cao c\u1ee7a KKBC ph\u00f9 h\u1ee3p v\u1edbi th\u01b0\u01a1ng hi\u1ec7u, th\u00fac \u0111\u1ea9y t\u01b0\u01a1ng t\u00e1c v\u00e0 t\u0103ng nh\u1eadn di\u1ec7n.","robots":{"index":"index","follow":"follow","max-snippet":"max-snippet:-1","max-image-preview":"max-image-preview:large","max-video-preview":"max-video-preview:-1"},"canonical":"https:\/\/kkbc.com.vn\/vi-vn\/expertise\/","og_locale":"en_US","og_type":"article","og_title":"D\u1ecbch v\u1ee5 n\u1ed9i dung s\u00e1ng t\u1ea1o chi\u1ebfn l\u01b0\u1ee3c | Thu h\u00fat s\u1ef1 ph\u00e1t tri\u1ec3n th\u01b0\u01a1ng hi\u1ec7u | KKBC","og_description":"D\u1ecbch v\u1ee5 n\u1ed9i dung ch\u1ea5t l\u01b0\u1ee3ng cao c\u1ee7a KKBC ph\u00f9 h\u1ee3p v\u1edbi th\u01b0\u01a1ng hi\u1ec7u, th\u00fac \u0111\u1ea9y t\u01b0\u01a1ng t\u00e1c v\u00e0 t\u0103ng nh\u1eadn di\u1ec7n.","og_url":"https:\/\/kkbc.com.vn\/vi-vn\/expertise\/","og_site_name":"KKBC Vi\u1ec7t Nam","article_publisher":"https:\/\/www.facebook.com\/kkbc.co","article_modified_time":"2025-03-12T09:18:58+00:00","twitter_card":"summary_large_image","twitter_site":"@kkbc_co","twitter_misc":{"Est. reading time":"1 minute"},"schema":{"@context":"https:\/\/schema.org","@graph":[{"@type":"WebPage","@id":"https:\/\/kkbc.com.vn\/vi-vn\/expertise\/","url":"https:\/\/kkbc.com.vn\/vi-vn\/expertise\/","name":"D\u1ecbch v\u1ee5 n\u1ed9i dung s\u00e1ng t\u1ea1o chi\u1ebfn l\u01b0\u1ee3c | Thu h\u00fat s\u1ef1 ph\u00e1t tri\u1ec3n th\u01b0\u01a1ng hi\u1ec7u | KKBC","isPartOf":{"@id":"http:\/\/54.255.1.206:80\/vi-vn\/#website"},"datePublished":"2024-09-14T06:08:00+00:00","dateModified":"2025-03-12T09:18:58+00:00","description":"D\u1ecbch v\u1ee5 n\u1ed9i dung ch\u1ea5t l\u01b0\u1ee3ng cao c\u1ee7a KKBC ph\u00f9 h\u1ee3p v\u1edbi th\u01b0\u01a1ng hi\u1ec7u, th\u00fac \u0111\u1ea9y t\u01b0\u01a1ng t\u00e1c v\u00e0 t\u0103ng nh\u1eadn di\u1ec7n.","breadcrumb":{"@id":"https:\/\/kkbc.com.vn\/vi-vn\/expertise\/#breadcrumb"},"inLanguage":"vi-VN2","potentialAction":[{"@type":"ReadAction","target":["https:\/\/kkbc.com.vn\/vi-vn\/expertise\/"]}]},{"@type":"BreadcrumbList","@id":"https:\/\/kkbc.com.vn\/vi-vn\/expertise\/#breadcrumb","itemListElement":[{"@type":"ListItem","position":1,"name":"Home","item":"http:\/\/54.255.1.206:80\/vi-vn\/"},{"@type":"ListItem","position":2,"name":"Chuy\u00ean m\u00f4n"}]},{"@type":"WebSite","@id":"http:\/\/54.255.1.206:80\/vi-vn\/#website","url":"http:\/\/54.255.1.206:80\/vi-vn\/","name":"KKBC","description":"","potentialAction":[{"@type":"SearchAction","target":{"@type":"EntryPoint","urlTemplate":"http:\/\/54.255.1.206:80\/vi-vn\/?s={search_term_string}"},"query-input":{"@type":"PropertyValueSpecification","valueRequired":true,"valueName":"search_term_string"}}],"inLanguage":"vi-VN2"}]}},"_links":{"self":[{"href":"https:\/\/kkbc.com.vn\/vi-vn\/wp-json\/wp\/v2\/pages\/4813","targetHints":{"allow":["GET"]}}],"collection":[{"href":"https:\/\/kkbc.com.vn\/vi-vn\/wp-json\/wp\/v2\/pages"}],"about":[{"href":"https:\/\/kkbc.com.vn\/vi-vn\/wp-json\/wp\/v2\/types\/page"}],"author":[{"embeddable":true,"href":"https:\/\/kkbc.com.vn\/vi-vn\/wp-json\/wp\/v2\/users\/1"}],"replies":[{"embeddable":true,"href":"https:\/\/kkbc.com.vn\/vi-vn\/wp-json\/wp\/v2\/comments?post=4813"}],"version-history":[{"count":8,"href":"https:\/\/kkbc.com.vn\/vi-vn\/wp-json\/wp\/v2\/pages\/4813\/revisions"}],"predecessor-version":[{"id":6675,"href":"https:\/\/kkbc.com.vn\/vi-vn\/wp-json\/wp\/v2\/pages\/4813\/revisions\/6675"}],"wp:attachment":[{"href":"https:\/\/kkbc.com.vn\/vi-vn\/wp-json\/wp\/v2\/media?parent=4813"}],"curies":[{"name":"wp","href":"https:\/\/api.w.org\/{rel}","templated":true}]}}