{"id":4815,"date":"2024-10-08T07:16:57","date_gmt":"2024-10-08T07:16:57","guid":{"rendered":"https:\/\/kkbcvietnam.com\/expertise\/baidu-seo-servcies\/"},"modified":"2025-05-13T07:03:53","modified_gmt":"2025-05-13T07:03:53","slug":"baidu-seo-servcies","status":"publish","type":"page","link":"https:\/\/kkbc.com.vn\/vi-vn\/expertise\/baidu-seo-servcies\/","title":{"rendered":"SEO cho Baidu Search"},"content":{"rendered":"<h2>Thu\u1eadt to\u00e1n v\u00e0 c\u00e1c y\u1ebfu t\u1ed1 x\u1ebfp h\u1ea1ng \u0111\u1ed9c \u0111\u00e1o c\u1ee7a Baidu SEO khi\u1ebfn vi\u1ec7c \u0111i\u1ec1u h\u01b0\u1edbng tr\u1edf n\u00ean kh\u00f3 kh\u0103n, \u0111\u1eb7c bi\u1ec7t l\u00e0 \u0111\u1ed1i v\u1edbi c\u00e1c doanh nghi\u1ec7p B2B \u0111\u00e3 quen v\u1edbi Google.<\/h2>\n<p>KKBC \u0111\u01a1n gi\u1ea3n h\u00f3a Baidu SEO, \u0111\u1ea3m b\u1ea3o th\u01b0\u01a1ng hi\u1ec7u c\u1ee7a b\u1ea1n ti\u1ebfp c\u1eadn hi\u1ec7u qu\u1ea3 \u0111\u1ed1i t\u01b0\u1ee3ng ng\u01b0\u1eddi d\u00f9ng Trung Qu\u1ed1c v\u00e0 \u0111\u1ea1t \u0111\u01b0\u1ee3c k\u1ebft qu\u1ea3 m\u1ea1nh m\u1ebd.<\/p>\n","protected":false},"excerpt":{"rendered":"<p>Thu\u1eadt to\u00e1n v\u00e0 c\u00e1c y\u1ebfu t\u1ed1 x\u1ebfp h\u1ea1ng \u0111\u1ed9c \u0111\u00e1o c\u1ee7a Baidu SEO khi\u1ebfn vi\u1ec7c \u0111i\u1ec1u h\u01b0\u1edbng tr\u1edf n\u00ean kh\u00f3 kh\u0103n, \u0111\u1eb7c bi\u1ec7t l\u00e0 \u0111\u1ed1i v\u1edbi c\u00e1c doanh nghi\u1ec7p B2B \u0111\u00e3 quen v\u1edbi Google. KKBC \u0111\u01a1n gi\u1ea3n h\u00f3a Baidu SEO, &hellip; <a href=\"https:\/\/kkbc.com.vn\/vi-vn\/expertise\/baidu-seo-servcies\/\">Continue reading <span class=\"meta-nav\">&rarr;<\/span><\/a><\/p>\n","protected":false},"author":1,"featured_media":0,"parent":4813,"menu_order":13,"comment_status":"closed","ping_status":"closed","template":"template\/Seo.php","meta":{"_acf_changed":false,"footnotes":""},"class_list":["post-4815","page","type-page","status-publish","hentry"],"acf":[],"yoast_head":"<!-- This site is optimized with the Yoast SEO plugin v26.8 - https:\/\/yoast.com\/product\/yoast-seo-wordpress\/ -->\n<title>SEO Baidu | \u0110\u1ea1i l\u00fd SEO Baidu | KKBC<\/title>\n<meta name=\"description\" content=\"D\u1ecbch v\u1ee5 Baidu SEO c\u1ee7a KKBC \u0111\u01b0\u1ee3c t\u00f9y ch\u1ec9nh \u0111\u1ec3 gi\u00fap c\u00e1c doanh nghi\u1ec7p nh\u01b0 b\u1ea1n \u0111\u1ea1t th\u1ee9 h\u1ea1ng cao h\u01a1n v\u00e0 t\u0103ng l\u01b0u l\u01b0\u1ee3ng truy c\u1eadp t\u1ef1 nhi\u00ean tr\u00ean n\u1ec1n t\u1ea3ng Baidu.\" \/>\n<meta name=\"robots\" content=\"index, follow, max-snippet:-1, max-image-preview:large, max-video-preview:-1\" \/>\n<link rel=\"canonical\" href=\"https:\/\/kkbc.com.vn\/vi-vn\/expertise\/baidu-seo-servcies\/\" \/>\n<meta property=\"og:locale\" content=\"en_US\" \/>\n<meta property=\"og:type\" content=\"article\" \/>\n<meta property=\"og:title\" content=\"SEO Baidu | \u0110\u1ea1i l\u00fd SEO Baidu | KKBC\" \/>\n<meta property=\"og:description\" content=\"D\u1ecbch v\u1ee5 Baidu SEO c\u1ee7a KKBC \u0111\u01b0\u1ee3c t\u00f9y ch\u1ec9nh \u0111\u1ec3 gi\u00fap c\u00e1c doanh nghi\u1ec7p nh\u01b0 b\u1ea1n \u0111\u1ea1t th\u1ee9 h\u1ea1ng cao h\u01a1n v\u00e0 t\u0103ng l\u01b0u l\u01b0\u1ee3ng truy c\u1eadp t\u1ef1 nhi\u00ean tr\u00ean n\u1ec1n t\u1ea3ng Baidu.\" \/>\n<meta property=\"og:url\" content=\"https:\/\/kkbc.com.vn\/vi-vn\/expertise\/baidu-seo-servcies\/\" \/>\n<meta property=\"og:site_name\" content=\"KKBC Vi\u1ec7t Nam\" \/>\n<meta property=\"article:publisher\" content=\"https:\/\/www.facebook.com\/kkbc.co\" \/>\n<meta property=\"article:modified_time\" content=\"2025-05-13T07:03:53+00:00\" \/>\n<meta name=\"twitter:card\" content=\"summary_large_image\" \/>\n<meta name=\"twitter:site\" content=\"@kkbc_co\" \/>\n<meta name=\"twitter:label1\" content=\"Est. reading time\" \/>\n\t<meta name=\"twitter:data1\" content=\"1 minute\" \/>\n<script type=\"application\/ld+json\" class=\"yoast-schema-graph\">{\"@context\":\"https:\/\/schema.org\",\"@graph\":[{\"@type\":\"WebPage\",\"@id\":\"https:\/\/kkbc.com.vn\/vi-vn\/expertise\/baidu-seo-servcies\/\",\"url\":\"https:\/\/kkbc.com.vn\/vi-vn\/expertise\/baidu-seo-servcies\/\",\"name\":\"SEO Baidu | \u0110\u1ea1i l\u00fd SEO Baidu | KKBC\",\"isPartOf\":{\"@id\":\"http:\/\/54.255.1.206:80\/vi-vn\/#website\"},\"datePublished\":\"2024-10-08T07:16:57+00:00\",\"dateModified\":\"2025-05-13T07:03:53+00:00\",\"description\":\"D\u1ecbch v\u1ee5 Baidu SEO c\u1ee7a KKBC \u0111\u01b0\u1ee3c t\u00f9y ch\u1ec9nh \u0111\u1ec3 gi\u00fap c\u00e1c doanh nghi\u1ec7p nh\u01b0 b\u1ea1n \u0111\u1ea1t th\u1ee9 h\u1ea1ng cao h\u01a1n v\u00e0 t\u0103ng l\u01b0u l\u01b0\u1ee3ng truy c\u1eadp t\u1ef1 nhi\u00ean tr\u00ean n\u1ec1n t\u1ea3ng Baidu.\",\"breadcrumb\":{\"@id\":\"https:\/\/kkbc.com.vn\/vi-vn\/expertise\/baidu-seo-servcies\/#breadcrumb\"},\"inLanguage\":\"vi-VN2\",\"potentialAction\":[{\"@type\":\"ReadAction\",\"target\":[\"https:\/\/kkbc.com.vn\/vi-vn\/expertise\/baidu-seo-servcies\/\"]}]},{\"@type\":\"BreadcrumbList\",\"@id\":\"https:\/\/kkbc.com.vn\/vi-vn\/expertise\/baidu-seo-servcies\/#breadcrumb\",\"itemListElement\":[{\"@type\":\"ListItem\",\"position\":1,\"name\":\"Home\",\"item\":\"http:\/\/54.255.1.206:80\/vi-vn\/\"},{\"@type\":\"ListItem\",\"position\":2,\"name\":\"Chuy\u00ean m\u00f4n\",\"item\":\"https:\/\/kkbc.com.vn\/vi-vn\/expertise\/\"},{\"@type\":\"ListItem\",\"position\":3,\"name\":\"SEO cho Baidu Search\"}]},{\"@type\":\"WebSite\",\"@id\":\"http:\/\/54.255.1.206:80\/vi-vn\/#website\",\"url\":\"http:\/\/54.255.1.206:80\/vi-vn\/\",\"name\":\"KKBC\",\"description\":\"\",\"potentialAction\":[{\"@type\":\"SearchAction\",\"target\":{\"@type\":\"EntryPoint\",\"urlTemplate\":\"http:\/\/54.255.1.206:80\/vi-vn\/?s={search_term_string}\"},\"query-input\":{\"@type\":\"PropertyValueSpecification\",\"valueRequired\":true,\"valueName\":\"search_term_string\"}}],\"inLanguage\":\"vi-VN2\"}]}<\/script>\n<!-- \/ Yoast SEO plugin. -->","yoast_head_json":{"title":"SEO Baidu | \u0110\u1ea1i l\u00fd SEO Baidu | KKBC","description":"D\u1ecbch v\u1ee5 Baidu SEO c\u1ee7a KKBC \u0111\u01b0\u1ee3c t\u00f9y ch\u1ec9nh \u0111\u1ec3 gi\u00fap c\u00e1c doanh nghi\u1ec7p nh\u01b0 b\u1ea1n \u0111\u1ea1t th\u1ee9 h\u1ea1ng cao h\u01a1n v\u00e0 t\u0103ng l\u01b0u l\u01b0\u1ee3ng truy c\u1eadp t\u1ef1 nhi\u00ean tr\u00ean n\u1ec1n t\u1ea3ng Baidu.","robots":{"index":"index","follow":"follow","max-snippet":"max-snippet:-1","max-image-preview":"max-image-preview:large","max-video-preview":"max-video-preview:-1"},"canonical":"https:\/\/kkbc.com.vn\/vi-vn\/expertise\/baidu-seo-servcies\/","og_locale":"en_US","og_type":"article","og_title":"SEO Baidu | \u0110\u1ea1i l\u00fd SEO Baidu | KKBC","og_description":"D\u1ecbch v\u1ee5 Baidu SEO c\u1ee7a KKBC \u0111\u01b0\u1ee3c t\u00f9y ch\u1ec9nh \u0111\u1ec3 gi\u00fap c\u00e1c doanh nghi\u1ec7p nh\u01b0 b\u1ea1n \u0111\u1ea1t th\u1ee9 h\u1ea1ng cao h\u01a1n v\u00e0 t\u0103ng l\u01b0u l\u01b0\u1ee3ng truy c\u1eadp t\u1ef1 nhi\u00ean tr\u00ean n\u1ec1n t\u1ea3ng Baidu.","og_url":"https:\/\/kkbc.com.vn\/vi-vn\/expertise\/baidu-seo-servcies\/","og_site_name":"KKBC Vi\u1ec7t Nam","article_publisher":"https:\/\/www.facebook.com\/kkbc.co","article_modified_time":"2025-05-13T07:03:53+00:00","twitter_card":"summary_large_image","twitter_site":"@kkbc_co","twitter_misc":{"Est. reading time":"1 minute"},"schema":{"@context":"https:\/\/schema.org","@graph":[{"@type":"WebPage","@id":"https:\/\/kkbc.com.vn\/vi-vn\/expertise\/baidu-seo-servcies\/","url":"https:\/\/kkbc.com.vn\/vi-vn\/expertise\/baidu-seo-servcies\/","name":"SEO Baidu | \u0110\u1ea1i l\u00fd SEO Baidu | KKBC","isPartOf":{"@id":"http:\/\/54.255.1.206:80\/vi-vn\/#website"},"datePublished":"2024-10-08T07:16:57+00:00","dateModified":"2025-05-13T07:03:53+00:00","description":"D\u1ecbch v\u1ee5 Baidu SEO c\u1ee7a KKBC \u0111\u01b0\u1ee3c t\u00f9y ch\u1ec9nh \u0111\u1ec3 gi\u00fap c\u00e1c doanh nghi\u1ec7p nh\u01b0 b\u1ea1n \u0111\u1ea1t th\u1ee9 h\u1ea1ng cao h\u01a1n v\u00e0 t\u0103ng l\u01b0u l\u01b0\u1ee3ng truy c\u1eadp t\u1ef1 nhi\u00ean tr\u00ean n\u1ec1n t\u1ea3ng Baidu.","breadcrumb":{"@id":"https:\/\/kkbc.com.vn\/vi-vn\/expertise\/baidu-seo-servcies\/#breadcrumb"},"inLanguage":"vi-VN2","potentialAction":[{"@type":"ReadAction","target":["https:\/\/kkbc.com.vn\/vi-vn\/expertise\/baidu-seo-servcies\/"]}]},{"@type":"BreadcrumbList","@id":"https:\/\/kkbc.com.vn\/vi-vn\/expertise\/baidu-seo-servcies\/#breadcrumb","itemListElement":[{"@type":"ListItem","position":1,"name":"Home","item":"http:\/\/54.255.1.206:80\/vi-vn\/"},{"@type":"ListItem","position":2,"name":"Chuy\u00ean m\u00f4n","item":"https:\/\/kkbc.com.vn\/vi-vn\/expertise\/"},{"@type":"ListItem","position":3,"name":"SEO cho Baidu Search"}]},{"@type":"WebSite","@id":"http:\/\/54.255.1.206:80\/vi-vn\/#website","url":"http:\/\/54.255.1.206:80\/vi-vn\/","name":"KKBC","description":"","potentialAction":[{"@type":"SearchAction","target":{"@type":"EntryPoint","urlTemplate":"http:\/\/54.255.1.206:80\/vi-vn\/?s={search_term_string}"},"query-input":{"@type":"PropertyValueSpecification","valueRequired":true,"valueName":"search_term_string"}}],"inLanguage":"vi-VN2"}]}},"_links":{"self":[{"href":"https:\/\/kkbc.com.vn\/vi-vn\/wp-json\/wp\/v2\/pages\/4815","targetHints":{"allow":["GET"]}}],"collection":[{"href":"https:\/\/kkbc.com.vn\/vi-vn\/wp-json\/wp\/v2\/pages"}],"about":[{"href":"https:\/\/kkbc.com.vn\/vi-vn\/wp-json\/wp\/v2\/types\/page"}],"author":[{"embeddable":true,"href":"https:\/\/kkbc.com.vn\/vi-vn\/wp-json\/wp\/v2\/users\/1"}],"replies":[{"embeddable":true,"href":"https:\/\/kkbc.com.vn\/vi-vn\/wp-json\/wp\/v2\/comments?post=4815"}],"version-history":[{"count":6,"href":"https:\/\/kkbc.com.vn\/vi-vn\/wp-json\/wp\/v2\/pages\/4815\/revisions"}],"predecessor-version":[{"id":6711,"href":"https:\/\/kkbc.com.vn\/vi-vn\/wp-json\/wp\/v2\/pages\/4815\/revisions\/6711"}],"up":[{"embeddable":true,"href":"https:\/\/kkbc.com.vn\/vi-vn\/wp-json\/wp\/v2\/pages\/4813"}],"wp:attachment":[{"href":"https:\/\/kkbc.com.vn\/vi-vn\/wp-json\/wp\/v2\/media?parent=4815"}],"curies":[{"name":"wp","href":"https:\/\/api.w.org\/{rel}","templated":true}]}}