{"id":4819,"date":"2024-10-08T04:44:42","date_gmt":"2024-10-08T04:44:42","guid":{"rendered":"https:\/\/kkbcvietnam.com\/expertise\/landing-page-optimization-services\/"},"modified":"2025-05-13T06:55:38","modified_gmt":"2025-05-13T06:55:38","slug":"landing-page-optimization-services","status":"publish","type":"page","link":"https:\/\/kkbc.com.vn\/vi-vn\/expertise\/landing-page-optimization-services\/","title":{"rendered":"T\u1ed1i \u01b0u h\u00f3a trang \u0111\u00edch"},"content":{"rendered":"<p>Vi\u1ec7c t\u1ed1i \u01b0u h\u00f3a c\u00e1c trang \u0111\u00edch \u0111\u1ec3 t\u1ea1o kh\u00e1ch h\u00e0ng ti\u1ec1m n\u0103ng B2B c\u00f3 th\u1ec3 r\u1ea5t kh\u00f3 kh\u0103n v\u00e0 nhi\u1ec1u doanh nghi\u1ec7p c\u1ea7n tr\u1ee3 gi\u00fap \u0111\u1ec3 chuy\u1ec3n \u0111\u1ed5i kh\u00e1ch truy c\u1eadp th\u00e0nh kh\u00e1ch h\u00e0ng ti\u1ec1m n\u0103ng \u0111\u1ee7 \u0111i\u1ec1u ki\u1ec7n.<\/p>\n<p>C\u00e1c chi\u1ebfn l\u01b0\u1ee3c t\u1ed1i \u01b0u h\u00f3a trang \u0111\u00edch c\u1ee7a KKBC t\u1eadp trung v\u00e0o vi\u1ec7c c\u1ea3i thi\u1ec7n tr\u1ea3i nghi\u1ec7m ng\u01b0\u1eddi d\u00f9ng v\u00e0 h\u1ee3p l\u00fd h\u00f3a n\u1ed9i dung \u0111\u1ec3 \u0111\u1ea3m b\u1ea3o m\u1ecdi kh\u00e1ch truy c\u1eadp \u0111\u1ec1u c\u00f3 c\u01a1 h\u1ed9i t\u1ed1t nh\u1ea5t \u0111\u1ec3 tr\u1edf th\u00e0nh kh\u00e1ch h\u00e0ng.<\/p>\n","protected":false},"excerpt":{"rendered":"<p>Vi\u1ec7c t\u1ed1i \u01b0u h\u00f3a c\u00e1c trang \u0111\u00edch \u0111\u1ec3 t\u1ea1o kh\u00e1ch h\u00e0ng ti\u1ec1m n\u0103ng B2B c\u00f3 th\u1ec3 r\u1ea5t kh\u00f3 kh\u0103n v\u00e0 nhi\u1ec1u doanh nghi\u1ec7p c\u1ea7n tr\u1ee3 gi\u00fap \u0111\u1ec3 chuy\u1ec3n \u0111\u1ed5i kh\u00e1ch truy c\u1eadp th\u00e0nh kh\u00e1ch h\u00e0ng ti\u1ec1m n\u0103ng \u0111\u1ee7 \u0111i\u1ec1u ki\u1ec7n. &hellip; <a href=\"https:\/\/kkbc.com.vn\/vi-vn\/expertise\/landing-page-optimization-services\/\">Continue reading <span class=\"meta-nav\">&rarr;<\/span><\/a><\/p>\n","protected":false},"author":1,"featured_media":0,"parent":4813,"menu_order":14,"comment_status":"closed","ping_status":"closed","template":"template\/Seo.php","meta":{"_acf_changed":false,"footnotes":""},"class_list":["post-4819","page","type-page","status-publish","hentry"],"acf":[],"yoast_head":"<!-- This site is optimized with the Yoast SEO plugin v26.8 - https:\/\/yoast.com\/product\/yoast-seo-wordpress\/ -->\n<title>D\u1ecbch v\u1ee5 T\u1ed1i \u01b0u h\u00f3a Trang \u0111\u00edch | \u0110\u1ea1i l\u00fd Truy\u1ec1n th\u00f4ng \u0110\u1ea5u gi\u00e1<\/title>\n<meta name=\"description\" content=\"N\u00e2ng cao s\u1ef1 hi\u1ec7n di\u1ec7n tr\u1ef1c tuy\u1ebfn v\u1edbi d\u1ecbch v\u1ee5 t\u1ed1i \u01b0u h\u00f3a trang \u0111\u00edch c\u1ee7a KKBC, t\u1ea1o trang \u0111\u00edch m\u1ee5c ti\u00eau th\u00fac \u0111\u1ea9y kh\u00e1ch truy c\u1eadp h\u00e0nh \u0111\u1ed9ng.\" \/>\n<meta name=\"robots\" content=\"index, follow, max-snippet:-1, max-image-preview:large, max-video-preview:-1\" \/>\n<link rel=\"canonical\" href=\"https:\/\/kkbc.com.vn\/vi-vn\/expertise\/landing-page-optimization-services\/\" \/>\n<meta property=\"og:locale\" content=\"en_US\" \/>\n<meta property=\"og:type\" content=\"article\" \/>\n<meta property=\"og:title\" content=\"D\u1ecbch v\u1ee5 T\u1ed1i \u01b0u h\u00f3a Trang \u0111\u00edch | \u0110\u1ea1i l\u00fd Truy\u1ec1n th\u00f4ng \u0110\u1ea5u gi\u00e1\" \/>\n<meta property=\"og:description\" content=\"N\u00e2ng cao s\u1ef1 hi\u1ec7n di\u1ec7n tr\u1ef1c tuy\u1ebfn v\u1edbi d\u1ecbch v\u1ee5 t\u1ed1i \u01b0u h\u00f3a trang \u0111\u00edch c\u1ee7a KKBC, t\u1ea1o trang \u0111\u00edch m\u1ee5c ti\u00eau th\u00fac \u0111\u1ea9y kh\u00e1ch truy c\u1eadp h\u00e0nh \u0111\u1ed9ng.\" \/>\n<meta property=\"og:url\" content=\"https:\/\/kkbc.com.vn\/vi-vn\/expertise\/landing-page-optimization-services\/\" \/>\n<meta property=\"og:site_name\" content=\"KKBC Vi\u1ec7t Nam\" \/>\n<meta property=\"article:publisher\" content=\"https:\/\/www.facebook.com\/kkbc.co\" \/>\n<meta property=\"article:modified_time\" content=\"2025-05-13T06:55:38+00:00\" \/>\n<meta name=\"twitter:card\" content=\"summary_large_image\" \/>\n<meta name=\"twitter:site\" content=\"@kkbc_co\" \/>\n<meta name=\"twitter:label1\" content=\"Est. reading time\" \/>\n\t<meta name=\"twitter:data1\" content=\"1 minute\" \/>\n<script type=\"application\/ld+json\" class=\"yoast-schema-graph\">{\"@context\":\"https:\/\/schema.org\",\"@graph\":[{\"@type\":\"WebPage\",\"@id\":\"https:\/\/kkbc.com.vn\/vi-vn\/expertise\/landing-page-optimization-services\/\",\"url\":\"https:\/\/kkbc.com.vn\/vi-vn\/expertise\/landing-page-optimization-services\/\",\"name\":\"D\u1ecbch v\u1ee5 T\u1ed1i \u01b0u h\u00f3a Trang \u0111\u00edch | \u0110\u1ea1i l\u00fd Truy\u1ec1n th\u00f4ng \u0110\u1ea5u gi\u00e1\",\"isPartOf\":{\"@id\":\"https:\/\/kkbc.com.vn\/en\/#website\"},\"datePublished\":\"2024-10-08T04:44:42+00:00\",\"dateModified\":\"2025-05-13T06:55:38+00:00\",\"description\":\"N\u00e2ng cao s\u1ef1 hi\u1ec7n di\u1ec7n tr\u1ef1c tuy\u1ebfn v\u1edbi d\u1ecbch v\u1ee5 t\u1ed1i \u01b0u h\u00f3a trang \u0111\u00edch c\u1ee7a KKBC, t\u1ea1o trang \u0111\u00edch m\u1ee5c ti\u00eau th\u00fac \u0111\u1ea9y kh\u00e1ch truy c\u1eadp h\u00e0nh \u0111\u1ed9ng.\",\"breadcrumb\":{\"@id\":\"https:\/\/kkbc.com.vn\/vi-vn\/expertise\/landing-page-optimization-services\/#breadcrumb\"},\"inLanguage\":\"vi-VN2\",\"potentialAction\":[{\"@type\":\"ReadAction\",\"target\":[\"https:\/\/kkbc.com.vn\/vi-vn\/expertise\/landing-page-optimization-services\/\"]}]},{\"@type\":\"BreadcrumbList\",\"@id\":\"https:\/\/kkbc.com.vn\/vi-vn\/expertise\/landing-page-optimization-services\/#breadcrumb\",\"itemListElement\":[{\"@type\":\"ListItem\",\"position\":1,\"name\":\"Home\",\"item\":\"https:\/\/kkbc.com.vn\/vi-vn\/\"},{\"@type\":\"ListItem\",\"position\":2,\"name\":\"Chuy\u00ean m\u00f4n\",\"item\":\"https:\/\/kkbc.com.vn\/vi-vn\/expertise\/\"},{\"@type\":\"ListItem\",\"position\":3,\"name\":\"T\u1ed1i \u01b0u h\u00f3a trang \u0111\u00edch\"}]},{\"@type\":\"WebSite\",\"@id\":\"https:\/\/kkbc.com.vn\/en\/#website\",\"url\":\"https:\/\/kkbc.com.vn\/en\/\",\"name\":\"KKBC\",\"description\":\"\",\"potentialAction\":[{\"@type\":\"SearchAction\",\"target\":{\"@type\":\"EntryPoint\",\"urlTemplate\":\"https:\/\/kkbc.com.vn\/en\/?s={search_term_string}\"},\"query-input\":{\"@type\":\"PropertyValueSpecification\",\"valueRequired\":true,\"valueName\":\"search_term_string\"}}],\"inLanguage\":\"vi-VN2\"}]}<\/script>\n<!-- \/ Yoast SEO plugin. -->","yoast_head_json":{"title":"D\u1ecbch v\u1ee5 T\u1ed1i \u01b0u h\u00f3a Trang \u0111\u00edch | \u0110\u1ea1i l\u00fd Truy\u1ec1n th\u00f4ng \u0110\u1ea5u gi\u00e1","description":"N\u00e2ng cao s\u1ef1 hi\u1ec7n di\u1ec7n tr\u1ef1c tuy\u1ebfn v\u1edbi d\u1ecbch v\u1ee5 t\u1ed1i \u01b0u h\u00f3a trang \u0111\u00edch c\u1ee7a KKBC, t\u1ea1o trang \u0111\u00edch m\u1ee5c ti\u00eau th\u00fac \u0111\u1ea9y kh\u00e1ch truy c\u1eadp h\u00e0nh \u0111\u1ed9ng.","robots":{"index":"index","follow":"follow","max-snippet":"max-snippet:-1","max-image-preview":"max-image-preview:large","max-video-preview":"max-video-preview:-1"},"canonical":"https:\/\/kkbc.com.vn\/vi-vn\/expertise\/landing-page-optimization-services\/","og_locale":"en_US","og_type":"article","og_title":"D\u1ecbch v\u1ee5 T\u1ed1i \u01b0u h\u00f3a Trang \u0111\u00edch | \u0110\u1ea1i l\u00fd Truy\u1ec1n th\u00f4ng \u0110\u1ea5u gi\u00e1","og_description":"N\u00e2ng cao s\u1ef1 hi\u1ec7n di\u1ec7n tr\u1ef1c tuy\u1ebfn v\u1edbi d\u1ecbch v\u1ee5 t\u1ed1i \u01b0u h\u00f3a trang \u0111\u00edch c\u1ee7a KKBC, t\u1ea1o trang \u0111\u00edch m\u1ee5c ti\u00eau th\u00fac \u0111\u1ea9y kh\u00e1ch truy c\u1eadp h\u00e0nh \u0111\u1ed9ng.","og_url":"https:\/\/kkbc.com.vn\/vi-vn\/expertise\/landing-page-optimization-services\/","og_site_name":"KKBC Vi\u1ec7t Nam","article_publisher":"https:\/\/www.facebook.com\/kkbc.co","article_modified_time":"2025-05-13T06:55:38+00:00","twitter_card":"summary_large_image","twitter_site":"@kkbc_co","twitter_misc":{"Est. reading time":"1 minute"},"schema":{"@context":"https:\/\/schema.org","@graph":[{"@type":"WebPage","@id":"https:\/\/kkbc.com.vn\/vi-vn\/expertise\/landing-page-optimization-services\/","url":"https:\/\/kkbc.com.vn\/vi-vn\/expertise\/landing-page-optimization-services\/","name":"D\u1ecbch v\u1ee5 T\u1ed1i \u01b0u h\u00f3a Trang \u0111\u00edch | \u0110\u1ea1i l\u00fd Truy\u1ec1n th\u00f4ng \u0110\u1ea5u gi\u00e1","isPartOf":{"@id":"https:\/\/kkbc.com.vn\/en\/#website"},"datePublished":"2024-10-08T04:44:42+00:00","dateModified":"2025-05-13T06:55:38+00:00","description":"N\u00e2ng cao s\u1ef1 hi\u1ec7n di\u1ec7n tr\u1ef1c tuy\u1ebfn v\u1edbi d\u1ecbch v\u1ee5 t\u1ed1i \u01b0u h\u00f3a trang \u0111\u00edch c\u1ee7a KKBC, t\u1ea1o trang \u0111\u00edch m\u1ee5c ti\u00eau th\u00fac \u0111\u1ea9y kh\u00e1ch truy c\u1eadp h\u00e0nh \u0111\u1ed9ng.","breadcrumb":{"@id":"https:\/\/kkbc.com.vn\/vi-vn\/expertise\/landing-page-optimization-services\/#breadcrumb"},"inLanguage":"vi-VN2","potentialAction":[{"@type":"ReadAction","target":["https:\/\/kkbc.com.vn\/vi-vn\/expertise\/landing-page-optimization-services\/"]}]},{"@type":"BreadcrumbList","@id":"https:\/\/kkbc.com.vn\/vi-vn\/expertise\/landing-page-optimization-services\/#breadcrumb","itemListElement":[{"@type":"ListItem","position":1,"name":"Home","item":"https:\/\/kkbc.com.vn\/vi-vn\/"},{"@type":"ListItem","position":2,"name":"Chuy\u00ean m\u00f4n","item":"https:\/\/kkbc.com.vn\/vi-vn\/expertise\/"},{"@type":"ListItem","position":3,"name":"T\u1ed1i \u01b0u h\u00f3a trang \u0111\u00edch"}]},{"@type":"WebSite","@id":"https:\/\/kkbc.com.vn\/en\/#website","url":"https:\/\/kkbc.com.vn\/en\/","name":"KKBC","description":"","potentialAction":[{"@type":"SearchAction","target":{"@type":"EntryPoint","urlTemplate":"https:\/\/kkbc.com.vn\/en\/?s={search_term_string}"},"query-input":{"@type":"PropertyValueSpecification","valueRequired":true,"valueName":"search_term_string"}}],"inLanguage":"vi-VN2"}]}},"_links":{"self":[{"href":"https:\/\/kkbc.com.vn\/vi-vn\/wp-json\/wp\/v2\/pages\/4819","targetHints":{"allow":["GET"]}}],"collection":[{"href":"https:\/\/kkbc.com.vn\/vi-vn\/wp-json\/wp\/v2\/pages"}],"about":[{"href":"https:\/\/kkbc.com.vn\/vi-vn\/wp-json\/wp\/v2\/types\/page"}],"author":[{"embeddable":true,"href":"https:\/\/kkbc.com.vn\/vi-vn\/wp-json\/wp\/v2\/users\/1"}],"replies":[{"embeddable":true,"href":"https:\/\/kkbc.com.vn\/vi-vn\/wp-json\/wp\/v2\/comments?post=4819"}],"version-history":[{"count":5,"href":"https:\/\/kkbc.com.vn\/vi-vn\/wp-json\/wp\/v2\/pages\/4819\/revisions"}],"predecessor-version":[{"id":6932,"href":"https:\/\/kkbc.com.vn\/vi-vn\/wp-json\/wp\/v2\/pages\/4819\/revisions\/6932"}],"up":[{"embeddable":true,"href":"https:\/\/kkbc.com.vn\/vi-vn\/wp-json\/wp\/v2\/pages\/4813"}],"wp:attachment":[{"href":"https:\/\/kkbc.com.vn\/vi-vn\/wp-json\/wp\/v2\/media?parent=4819"}],"curies":[{"name":"wp","href":"https:\/\/api.w.org\/{rel}","templated":true}]}}