{"id":4833,"date":"2024-10-08T10:03:37","date_gmt":"2024-10-08T10:03:37","guid":{"rendered":"https:\/\/kkbcvietnam.com\/expertise\/google-seo-services\/"},"modified":"2025-05-13T06:58:48","modified_gmt":"2025-05-13T06:58:48","slug":"google-seo-services","status":"publish","type":"page","link":"https:\/\/kkbc.com.vn\/vi-vn\/expertise\/google-seo-services\/","title":{"rendered":"SEO cho T\u00ecm ki\u1ebfm c\u1ee7a Google"},"content":{"rendered":"<p>C\u00e1c b\u1ea3n c\u1eadp nh\u1eadt thu\u1eadt to\u00e1n th\u01b0\u1eddng xuy\u00ean c\u1ee7a Google c\u00f3 th\u1ec3 l\u00e0m gi\u00e1n \u0111o\u1ea1n kh\u1ea3 n\u0103ng hi\u1ec3n th\u1ecb t\u00ecm ki\u1ebfm c\u1ee7a b\u1ea1n, khi\u1ebfn vi\u1ec7c duy tr\u00ec th\u1ee9 h\u1ea1ng cao tr\u1edf n\u00ean kh\u00f3 kh\u0103n v\u00e0 \u1ea3nh h\u01b0\u1edfng \u0111\u1ebfn vi\u1ec7c t\u1ea1o kh\u00e1ch h\u00e0ng ti\u1ec1m n\u0103ng c\u1ee7a b\u1ea1n.<br \/>\nT\u1ea1i KKBC, quy tr\u00ecnh SEO \u0111\u01b0\u1ee3c h\u01b0\u1edbng d\u1eabn chuy\u00ean nghi\u1ec7p c\u1ee7a ch\u00fang t\u00f4i s\u1ebd th\u00edch \u1ee9ng v\u1edbi nh\u1eefng thay \u0111\u1ed5i n\u00e0y, \u0111\u1ea3m b\u1ea3o doanh nghi\u1ec7p c\u1ee7a b\u1ea1n lu\u00f4n hi\u1ec3n th\u1ecb v\u00e0 \u0111\u1ea1t \u0111\u01b0\u1ee3c k\u1ebft qu\u1ea3 c\u00f3 th\u1ec3 \u0111o l\u01b0\u1eddng \u0111\u01b0\u1ee3c.<\/p>\n","protected":false},"excerpt":{"rendered":"<p>C\u00e1c b\u1ea3n c\u1eadp nh\u1eadt thu\u1eadt to\u00e1n th\u01b0\u1eddng xuy\u00ean c\u1ee7a Google c\u00f3 th\u1ec3 l\u00e0m gi\u00e1n \u0111o\u1ea1n kh\u1ea3 n\u0103ng hi\u1ec3n th\u1ecb t\u00ecm ki\u1ebfm c\u1ee7a b\u1ea1n, khi\u1ebfn vi\u1ec7c duy tr\u00ec th\u1ee9 h\u1ea1ng cao tr\u1edf n\u00ean kh\u00f3 kh\u0103n v\u00e0 \u1ea3nh h\u01b0\u1edfng \u0111\u1ebfn vi\u1ec7c t\u1ea1o &hellip; <a href=\"https:\/\/kkbc.com.vn\/vi-vn\/expertise\/google-seo-services\/\">Continue reading <span class=\"meta-nav\">&rarr;<\/span><\/a><\/p>\n","protected":false},"author":1,"featured_media":0,"parent":4813,"menu_order":19,"comment_status":"closed","ping_status":"closed","template":"template\/Seo.php","meta":{"_acf_changed":false,"footnotes":""},"class_list":["post-4833","page","type-page","status-publish","hentry"],"acf":[],"yoast_head":"<!-- This site is optimized with the Yoast SEO plugin v26.8 - https:\/\/yoast.com\/product\/yoast-seo-wordpress\/ -->\n<title>D\u1ecbch v\u1ee5 SEO cho SERP c\u1ee7a Google | KKBC<\/title>\n<meta name=\"description\" content=\"Khu\u1ebfch \u0111\u1ea1i hi\u1ec3n th\u1ecb v\u00e0 th\u1ee9 h\u1ea1ng t\u00ecm ki\u1ebfm cho doanh nghi\u1ec7p c\u00f4ng ngh\u1ec7 B2B v\u1edbi SEO t\u00f9y ch\u1ec9nh c\u1ee7a KKBC tr\u00ean Google Search, th\u00fac \u0111\u1ea9y lead, chuy\u1ec3n \u0111\u1ed5i v\u00e0 k\u1ebft qu\u1ea3 \u0111o l\u01b0\u1eddng.\" \/>\n<meta name=\"robots\" content=\"index, follow, max-snippet:-1, max-image-preview:large, max-video-preview:-1\" \/>\n<link rel=\"canonical\" href=\"https:\/\/kkbc.com.vn\/vi-vn\/expertise\/google-seo-services\/\" \/>\n<meta property=\"og:locale\" content=\"en_US\" \/>\n<meta property=\"og:type\" content=\"article\" \/>\n<meta property=\"og:title\" content=\"D\u1ecbch v\u1ee5 SEO cho SERP c\u1ee7a Google | KKBC\" \/>\n<meta property=\"og:description\" content=\"Khu\u1ebfch \u0111\u1ea1i hi\u1ec3n th\u1ecb v\u00e0 th\u1ee9 h\u1ea1ng t\u00ecm ki\u1ebfm cho doanh nghi\u1ec7p c\u00f4ng ngh\u1ec7 B2B v\u1edbi SEO t\u00f9y ch\u1ec9nh c\u1ee7a KKBC tr\u00ean Google Search, th\u00fac \u0111\u1ea9y lead, chuy\u1ec3n \u0111\u1ed5i v\u00e0 k\u1ebft qu\u1ea3 \u0111o l\u01b0\u1eddng.\" \/>\n<meta property=\"og:url\" content=\"https:\/\/kkbc.com.vn\/vi-vn\/expertise\/google-seo-services\/\" \/>\n<meta property=\"og:site_name\" content=\"KKBC Vi\u1ec7t Nam\" \/>\n<meta property=\"article:publisher\" content=\"https:\/\/www.facebook.com\/kkbc.co\" \/>\n<meta property=\"article:modified_time\" content=\"2025-05-13T06:58:48+00:00\" \/>\n<meta name=\"twitter:card\" content=\"summary_large_image\" \/>\n<meta name=\"twitter:site\" content=\"@kkbc_co\" \/>\n<meta name=\"twitter:label1\" content=\"Est. reading time\" \/>\n\t<meta name=\"twitter:data1\" content=\"1 minute\" \/>\n<script type=\"application\/ld+json\" class=\"yoast-schema-graph\">{\"@context\":\"https:\/\/schema.org\",\"@graph\":[{\"@type\":\"WebPage\",\"@id\":\"https:\/\/kkbc.com.vn\/vi-vn\/expertise\/google-seo-services\/\",\"url\":\"https:\/\/kkbc.com.vn\/vi-vn\/expertise\/google-seo-services\/\",\"name\":\"D\u1ecbch v\u1ee5 SEO cho SERP c\u1ee7a Google | KKBC\",\"isPartOf\":{\"@id\":\"https:\/\/kkbc.com.vn\/en-vn\/#website\"},\"datePublished\":\"2024-10-08T10:03:37+00:00\",\"dateModified\":\"2025-05-13T06:58:48+00:00\",\"description\":\"Khu\u1ebfch \u0111\u1ea1i hi\u1ec3n th\u1ecb v\u00e0 th\u1ee9 h\u1ea1ng t\u00ecm ki\u1ebfm cho doanh nghi\u1ec7p c\u00f4ng ngh\u1ec7 B2B v\u1edbi SEO t\u00f9y ch\u1ec9nh c\u1ee7a KKBC tr\u00ean Google Search, th\u00fac \u0111\u1ea9y lead, chuy\u1ec3n \u0111\u1ed5i v\u00e0 k\u1ebft qu\u1ea3 \u0111o l\u01b0\u1eddng.\",\"breadcrumb\":{\"@id\":\"https:\/\/kkbc.com.vn\/vi-vn\/expertise\/google-seo-services\/#breadcrumb\"},\"inLanguage\":\"vi-VN2\",\"potentialAction\":[{\"@type\":\"ReadAction\",\"target\":[\"https:\/\/kkbc.com.vn\/vi-vn\/expertise\/google-seo-services\/\"]}]},{\"@type\":\"BreadcrumbList\",\"@id\":\"https:\/\/kkbc.com.vn\/vi-vn\/expertise\/google-seo-services\/#breadcrumb\",\"itemListElement\":[{\"@type\":\"ListItem\",\"position\":1,\"name\":\"Home\",\"item\":\"https:\/\/kkbc.com.vn\/vi-vn\/\"},{\"@type\":\"ListItem\",\"position\":2,\"name\":\"Chuy\u00ean m\u00f4n\",\"item\":\"https:\/\/kkbc.com.vn\/vi-vn\/expertise\/\"},{\"@type\":\"ListItem\",\"position\":3,\"name\":\"SEO cho T\u00ecm ki\u1ebfm c\u1ee7a Google\"}]},{\"@type\":\"WebSite\",\"@id\":\"https:\/\/kkbc.com.vn\/en-vn\/#website\",\"url\":\"https:\/\/kkbc.com.vn\/en-vn\/\",\"name\":\"KKBC\",\"description\":\"\",\"potentialAction\":[{\"@type\":\"SearchAction\",\"target\":{\"@type\":\"EntryPoint\",\"urlTemplate\":\"https:\/\/kkbc.com.vn\/en-vn\/?s={search_term_string}\"},\"query-input\":{\"@type\":\"PropertyValueSpecification\",\"valueRequired\":true,\"valueName\":\"search_term_string\"}}],\"inLanguage\":\"vi-VN2\"}]}<\/script>\n<!-- \/ Yoast SEO plugin. -->","yoast_head_json":{"title":"D\u1ecbch v\u1ee5 SEO cho SERP c\u1ee7a Google | KKBC","description":"Khu\u1ebfch \u0111\u1ea1i hi\u1ec3n th\u1ecb v\u00e0 th\u1ee9 h\u1ea1ng t\u00ecm ki\u1ebfm cho doanh nghi\u1ec7p c\u00f4ng ngh\u1ec7 B2B v\u1edbi SEO t\u00f9y ch\u1ec9nh c\u1ee7a KKBC tr\u00ean Google Search, th\u00fac \u0111\u1ea9y lead, chuy\u1ec3n \u0111\u1ed5i v\u00e0 k\u1ebft qu\u1ea3 \u0111o l\u01b0\u1eddng.","robots":{"index":"index","follow":"follow","max-snippet":"max-snippet:-1","max-image-preview":"max-image-preview:large","max-video-preview":"max-video-preview:-1"},"canonical":"https:\/\/kkbc.com.vn\/vi-vn\/expertise\/google-seo-services\/","og_locale":"en_US","og_type":"article","og_title":"D\u1ecbch v\u1ee5 SEO cho SERP c\u1ee7a Google | KKBC","og_description":"Khu\u1ebfch \u0111\u1ea1i hi\u1ec3n th\u1ecb v\u00e0 th\u1ee9 h\u1ea1ng t\u00ecm ki\u1ebfm cho doanh nghi\u1ec7p c\u00f4ng ngh\u1ec7 B2B v\u1edbi SEO t\u00f9y ch\u1ec9nh c\u1ee7a KKBC tr\u00ean Google Search, th\u00fac \u0111\u1ea9y lead, chuy\u1ec3n \u0111\u1ed5i v\u00e0 k\u1ebft qu\u1ea3 \u0111o l\u01b0\u1eddng.","og_url":"https:\/\/kkbc.com.vn\/vi-vn\/expertise\/google-seo-services\/","og_site_name":"KKBC Vi\u1ec7t Nam","article_publisher":"https:\/\/www.facebook.com\/kkbc.co","article_modified_time":"2025-05-13T06:58:48+00:00","twitter_card":"summary_large_image","twitter_site":"@kkbc_co","twitter_misc":{"Est. reading time":"1 minute"},"schema":{"@context":"https:\/\/schema.org","@graph":[{"@type":"WebPage","@id":"https:\/\/kkbc.com.vn\/vi-vn\/expertise\/google-seo-services\/","url":"https:\/\/kkbc.com.vn\/vi-vn\/expertise\/google-seo-services\/","name":"D\u1ecbch v\u1ee5 SEO cho SERP c\u1ee7a Google | KKBC","isPartOf":{"@id":"https:\/\/kkbc.com.vn\/en-vn\/#website"},"datePublished":"2024-10-08T10:03:37+00:00","dateModified":"2025-05-13T06:58:48+00:00","description":"Khu\u1ebfch \u0111\u1ea1i hi\u1ec3n th\u1ecb v\u00e0 th\u1ee9 h\u1ea1ng t\u00ecm ki\u1ebfm cho doanh nghi\u1ec7p c\u00f4ng ngh\u1ec7 B2B v\u1edbi SEO t\u00f9y ch\u1ec9nh c\u1ee7a KKBC tr\u00ean Google Search, th\u00fac \u0111\u1ea9y lead, chuy\u1ec3n \u0111\u1ed5i v\u00e0 k\u1ebft qu\u1ea3 \u0111o l\u01b0\u1eddng.","breadcrumb":{"@id":"https:\/\/kkbc.com.vn\/vi-vn\/expertise\/google-seo-services\/#breadcrumb"},"inLanguage":"vi-VN2","potentialAction":[{"@type":"ReadAction","target":["https:\/\/kkbc.com.vn\/vi-vn\/expertise\/google-seo-services\/"]}]},{"@type":"BreadcrumbList","@id":"https:\/\/kkbc.com.vn\/vi-vn\/expertise\/google-seo-services\/#breadcrumb","itemListElement":[{"@type":"ListItem","position":1,"name":"Home","item":"https:\/\/kkbc.com.vn\/vi-vn\/"},{"@type":"ListItem","position":2,"name":"Chuy\u00ean m\u00f4n","item":"https:\/\/kkbc.com.vn\/vi-vn\/expertise\/"},{"@type":"ListItem","position":3,"name":"SEO cho T\u00ecm ki\u1ebfm c\u1ee7a Google"}]},{"@type":"WebSite","@id":"https:\/\/kkbc.com.vn\/en-vn\/#website","url":"https:\/\/kkbc.com.vn\/en-vn\/","name":"KKBC","description":"","potentialAction":[{"@type":"SearchAction","target":{"@type":"EntryPoint","urlTemplate":"https:\/\/kkbc.com.vn\/en-vn\/?s={search_term_string}"},"query-input":{"@type":"PropertyValueSpecification","valueRequired":true,"valueName":"search_term_string"}}],"inLanguage":"vi-VN2"}]}},"_links":{"self":[{"href":"https:\/\/kkbc.com.vn\/vi-vn\/wp-json\/wp\/v2\/pages\/4833","targetHints":{"allow":["GET"]}}],"collection":[{"href":"https:\/\/kkbc.com.vn\/vi-vn\/wp-json\/wp\/v2\/pages"}],"about":[{"href":"https:\/\/kkbc.com.vn\/vi-vn\/wp-json\/wp\/v2\/types\/page"}],"author":[{"embeddable":true,"href":"https:\/\/kkbc.com.vn\/vi-vn\/wp-json\/wp\/v2\/users\/1"}],"replies":[{"embeddable":true,"href":"https:\/\/kkbc.com.vn\/vi-vn\/wp-json\/wp\/v2\/comments?post=4833"}],"version-history":[{"count":4,"href":"https:\/\/kkbc.com.vn\/vi-vn\/wp-json\/wp\/v2\/pages\/4833\/revisions"}],"predecessor-version":[{"id":6708,"href":"https:\/\/kkbc.com.vn\/vi-vn\/wp-json\/wp\/v2\/pages\/4833\/revisions\/6708"}],"up":[{"embeddable":true,"href":"https:\/\/kkbc.com.vn\/vi-vn\/wp-json\/wp\/v2\/pages\/4813"}],"wp:attachment":[{"href":"https:\/\/kkbc.com.vn\/vi-vn\/wp-json\/wp\/v2\/media?parent=4833"}],"curies":[{"name":"wp","href":"https:\/\/api.w.org\/{rel}","templated":true}]}}