{"id":4835,"date":"2024-10-07T06:35:23","date_gmt":"2024-10-07T06:35:23","guid":{"rendered":"https:\/\/kkbcvietnam.com\/expertise\/localization\/"},"modified":"2025-05-13T07:28:58","modified_gmt":"2025-05-13T07:28:58","slug":"localization","status":"publish","type":"page","link":"https:\/\/kkbc.com.vn\/vi-vn\/expertise\/localization\/","title":{"rendered":"B\u1ea3n \u0111\u1ecba h\u00f3a"},"content":{"rendered":"<h2>B\u1ea3n \u0111\u1ecba h\u00f3a ch\u1ea5t l\u01b0\u1ee3ng cao \u0111\u00f2i h\u1ecfi c\u00e1c quy tr\u00ecnh ki\u1ec3m so\u00e1t ch\u1ea5t l\u01b0\u1ee3ng nghi\u00eam ng\u1eb7t.<\/h2>\n<p>N\u1ebfu kh\u00f4ng c\u00f3 chu\u1ea9n h\u00f3a, s\u1ebd c\u00f3 nguy c\u01a1 kh\u00f4ng nh\u1ea5t qu\u00e1n v\u00e0 kh\u00f4ng ch\u00ednh x\u00e1c. KKBC gi\u1ea3i quy\u1ebft v\u1ea5n \u0111\u1ec1 n\u00e0y b\u1eb1ng c\u00e1ch tri\u1ec3n khai m\u1ed9t k\u1ebf ho\u1ea1ch b\u1ea3n \u0111\u1ecba h\u00f3a r\u00f5 r\u00e0ng v\u00e0 c\u00f3 c\u1ea5u tr\u00fac \u0111\u1ea3m b\u1ea3o n\u1ed9i dung c\u1ee7a b\u1ea1n \u0111\u00e1p \u1ee9ng \u0111\u01b0\u1ee3c nhu c\u1ea7u c\u1ee7a th\u1ecb tr\u01b0\u1eddng m\u1ee5c ti\u00eau.<\/p>\n","protected":false},"excerpt":{"rendered":"<p>B\u1ea3n \u0111\u1ecba h\u00f3a ch\u1ea5t l\u01b0\u1ee3ng cao \u0111\u00f2i h\u1ecfi c\u00e1c quy tr\u00ecnh ki\u1ec3m so\u00e1t ch\u1ea5t l\u01b0\u1ee3ng nghi\u00eam ng\u1eb7t. N\u1ebfu kh\u00f4ng c\u00f3 chu\u1ea9n h\u00f3a, s\u1ebd c\u00f3 nguy c\u01a1 kh\u00f4ng nh\u1ea5t qu\u00e1n v\u00e0 kh\u00f4ng ch\u00ednh x\u00e1c. KKBC gi\u1ea3i quy\u1ebft v\u1ea5n \u0111\u1ec1 n\u00e0y b\u1eb1ng &hellip; <a href=\"https:\/\/kkbc.com.vn\/vi-vn\/expertise\/localization\/\">Continue reading <span class=\"meta-nav\">&rarr;<\/span><\/a><\/p>\n","protected":false},"author":1,"featured_media":0,"parent":4813,"menu_order":20,"comment_status":"closed","ping_status":"closed","template":"template\/Seo.php","meta":{"_acf_changed":false,"footnotes":""},"class_list":["post-4835","page","type-page","status-publish","hentry"],"acf":[],"yoast_head":"<!-- This site is optimized with the Yoast SEO plugin v26.8 - https:\/\/yoast.com\/product\/yoast-seo-wordpress\/ -->\n<title>D\u1ecbch v\u1ee5 B\u1ea3n \u0111\u1ecba h\u00f3a N\u1ed9i dung | Chuy\u00ean m\u00f4n | KKBC<\/title>\n<meta name=\"description\" content=\"KKBC cung c\u1ea5p d\u1ecbch v\u1ee5 b\u1ea3n \u0111\u1ecba h\u00f3a n\u1ed9i dung, bao g\u1ed3m nghi\u00ean c\u1ee9u th\u1ecb tr\u01b0\u1eddng v\u00e0 t\u00f9y ch\u1ec9nh n\u1ed9i dung \u0111\u1ec3 thu h\u00fat \u0111\u1ed1i t\u01b0\u1ee3ng \u0111a ng\u00f4n ng\u1eef hi\u1ec7u qu\u1ea3.\" \/>\n<meta name=\"robots\" content=\"index, follow, max-snippet:-1, max-image-preview:large, max-video-preview:-1\" \/>\n<link rel=\"canonical\" href=\"https:\/\/kkbc.com.vn\/vi-vn\/expertise\/localization\/\" \/>\n<meta property=\"og:locale\" content=\"en_US\" \/>\n<meta property=\"og:type\" content=\"article\" \/>\n<meta property=\"og:title\" content=\"D\u1ecbch v\u1ee5 B\u1ea3n \u0111\u1ecba h\u00f3a N\u1ed9i dung | Chuy\u00ean m\u00f4n | KKBC\" \/>\n<meta property=\"og:description\" content=\"KKBC cung c\u1ea5p d\u1ecbch v\u1ee5 b\u1ea3n \u0111\u1ecba h\u00f3a n\u1ed9i dung, bao g\u1ed3m nghi\u00ean c\u1ee9u th\u1ecb tr\u01b0\u1eddng v\u00e0 t\u00f9y ch\u1ec9nh n\u1ed9i dung \u0111\u1ec3 thu h\u00fat \u0111\u1ed1i t\u01b0\u1ee3ng \u0111a ng\u00f4n ng\u1eef hi\u1ec7u qu\u1ea3.\" \/>\n<meta property=\"og:url\" content=\"https:\/\/kkbc.com.vn\/vi-vn\/expertise\/localization\/\" \/>\n<meta property=\"og:site_name\" content=\"KKBC Vi\u1ec7t Nam\" \/>\n<meta property=\"article:publisher\" content=\"https:\/\/www.facebook.com\/kkbc.co\" \/>\n<meta property=\"article:modified_time\" content=\"2025-05-13T07:28:58+00:00\" \/>\n<meta name=\"twitter:card\" content=\"summary_large_image\" \/>\n<meta name=\"twitter:site\" content=\"@kkbc_co\" \/>\n<meta name=\"twitter:label1\" content=\"Est. reading time\" \/>\n\t<meta name=\"twitter:data1\" content=\"1 minute\" \/>\n<script type=\"application\/ld+json\" class=\"yoast-schema-graph\">{\"@context\":\"https:\/\/schema.org\",\"@graph\":[{\"@type\":\"WebPage\",\"@id\":\"https:\/\/kkbc.com.vn\/vi-vn\/expertise\/localization\/\",\"url\":\"https:\/\/kkbc.com.vn\/vi-vn\/expertise\/localization\/\",\"name\":\"D\u1ecbch v\u1ee5 B\u1ea3n \u0111\u1ecba h\u00f3a N\u1ed9i dung | Chuy\u00ean m\u00f4n | KKBC\",\"isPartOf\":{\"@id\":\"http:\/\/54.255.1.206:80\/vi-vn\/#website\"},\"datePublished\":\"2024-10-07T06:35:23+00:00\",\"dateModified\":\"2025-05-13T07:28:58+00:00\",\"description\":\"KKBC cung c\u1ea5p d\u1ecbch v\u1ee5 b\u1ea3n \u0111\u1ecba h\u00f3a n\u1ed9i dung, bao g\u1ed3m nghi\u00ean c\u1ee9u th\u1ecb tr\u01b0\u1eddng v\u00e0 t\u00f9y ch\u1ec9nh n\u1ed9i dung \u0111\u1ec3 thu h\u00fat \u0111\u1ed1i t\u01b0\u1ee3ng \u0111a ng\u00f4n ng\u1eef hi\u1ec7u qu\u1ea3.\",\"breadcrumb\":{\"@id\":\"https:\/\/kkbc.com.vn\/vi-vn\/expertise\/localization\/#breadcrumb\"},\"inLanguage\":\"vi-VN2\",\"potentialAction\":[{\"@type\":\"ReadAction\",\"target\":[\"https:\/\/kkbc.com.vn\/vi-vn\/expertise\/localization\/\"]}]},{\"@type\":\"BreadcrumbList\",\"@id\":\"https:\/\/kkbc.com.vn\/vi-vn\/expertise\/localization\/#breadcrumb\",\"itemListElement\":[{\"@type\":\"ListItem\",\"position\":1,\"name\":\"Home\",\"item\":\"http:\/\/54.255.1.206:80\/vi-vn\/\"},{\"@type\":\"ListItem\",\"position\":2,\"name\":\"Chuy\u00ean m\u00f4n\",\"item\":\"https:\/\/kkbc.com.vn\/vi-vn\/expertise\/\"},{\"@type\":\"ListItem\",\"position\":3,\"name\":\"B\u1ea3n \u0111\u1ecba h\u00f3a\"}]},{\"@type\":\"WebSite\",\"@id\":\"http:\/\/54.255.1.206:80\/vi-vn\/#website\",\"url\":\"http:\/\/54.255.1.206:80\/vi-vn\/\",\"name\":\"KKBC\",\"description\":\"\",\"potentialAction\":[{\"@type\":\"SearchAction\",\"target\":{\"@type\":\"EntryPoint\",\"urlTemplate\":\"http:\/\/54.255.1.206:80\/vi-vn\/?s={search_term_string}\"},\"query-input\":{\"@type\":\"PropertyValueSpecification\",\"valueRequired\":true,\"valueName\":\"search_term_string\"}}],\"inLanguage\":\"vi-VN2\"}]}<\/script>\n<!-- \/ Yoast SEO plugin. -->","yoast_head_json":{"title":"D\u1ecbch v\u1ee5 B\u1ea3n \u0111\u1ecba h\u00f3a N\u1ed9i dung | Chuy\u00ean m\u00f4n | KKBC","description":"KKBC cung c\u1ea5p d\u1ecbch v\u1ee5 b\u1ea3n \u0111\u1ecba h\u00f3a n\u1ed9i dung, bao g\u1ed3m nghi\u00ean c\u1ee9u th\u1ecb tr\u01b0\u1eddng v\u00e0 t\u00f9y ch\u1ec9nh n\u1ed9i dung \u0111\u1ec3 thu h\u00fat \u0111\u1ed1i t\u01b0\u1ee3ng \u0111a ng\u00f4n ng\u1eef hi\u1ec7u qu\u1ea3.","robots":{"index":"index","follow":"follow","max-snippet":"max-snippet:-1","max-image-preview":"max-image-preview:large","max-video-preview":"max-video-preview:-1"},"canonical":"https:\/\/kkbc.com.vn\/vi-vn\/expertise\/localization\/","og_locale":"en_US","og_type":"article","og_title":"D\u1ecbch v\u1ee5 B\u1ea3n \u0111\u1ecba h\u00f3a N\u1ed9i dung | Chuy\u00ean m\u00f4n | KKBC","og_description":"KKBC cung c\u1ea5p d\u1ecbch v\u1ee5 b\u1ea3n \u0111\u1ecba h\u00f3a n\u1ed9i dung, bao g\u1ed3m nghi\u00ean c\u1ee9u th\u1ecb tr\u01b0\u1eddng v\u00e0 t\u00f9y ch\u1ec9nh n\u1ed9i dung \u0111\u1ec3 thu h\u00fat \u0111\u1ed1i t\u01b0\u1ee3ng \u0111a ng\u00f4n ng\u1eef hi\u1ec7u qu\u1ea3.","og_url":"https:\/\/kkbc.com.vn\/vi-vn\/expertise\/localization\/","og_site_name":"KKBC Vi\u1ec7t Nam","article_publisher":"https:\/\/www.facebook.com\/kkbc.co","article_modified_time":"2025-05-13T07:28:58+00:00","twitter_card":"summary_large_image","twitter_site":"@kkbc_co","twitter_misc":{"Est. reading time":"1 minute"},"schema":{"@context":"https:\/\/schema.org","@graph":[{"@type":"WebPage","@id":"https:\/\/kkbc.com.vn\/vi-vn\/expertise\/localization\/","url":"https:\/\/kkbc.com.vn\/vi-vn\/expertise\/localization\/","name":"D\u1ecbch v\u1ee5 B\u1ea3n \u0111\u1ecba h\u00f3a N\u1ed9i dung | Chuy\u00ean m\u00f4n | KKBC","isPartOf":{"@id":"http:\/\/54.255.1.206:80\/vi-vn\/#website"},"datePublished":"2024-10-07T06:35:23+00:00","dateModified":"2025-05-13T07:28:58+00:00","description":"KKBC cung c\u1ea5p d\u1ecbch v\u1ee5 b\u1ea3n \u0111\u1ecba h\u00f3a n\u1ed9i dung, bao g\u1ed3m nghi\u00ean c\u1ee9u th\u1ecb tr\u01b0\u1eddng v\u00e0 t\u00f9y ch\u1ec9nh n\u1ed9i dung \u0111\u1ec3 thu h\u00fat \u0111\u1ed1i t\u01b0\u1ee3ng \u0111a ng\u00f4n ng\u1eef hi\u1ec7u qu\u1ea3.","breadcrumb":{"@id":"https:\/\/kkbc.com.vn\/vi-vn\/expertise\/localization\/#breadcrumb"},"inLanguage":"vi-VN2","potentialAction":[{"@type":"ReadAction","target":["https:\/\/kkbc.com.vn\/vi-vn\/expertise\/localization\/"]}]},{"@type":"BreadcrumbList","@id":"https:\/\/kkbc.com.vn\/vi-vn\/expertise\/localization\/#breadcrumb","itemListElement":[{"@type":"ListItem","position":1,"name":"Home","item":"http:\/\/54.255.1.206:80\/vi-vn\/"},{"@type":"ListItem","position":2,"name":"Chuy\u00ean m\u00f4n","item":"https:\/\/kkbc.com.vn\/vi-vn\/expertise\/"},{"@type":"ListItem","position":3,"name":"B\u1ea3n \u0111\u1ecba h\u00f3a"}]},{"@type":"WebSite","@id":"http:\/\/54.255.1.206:80\/vi-vn\/#website","url":"http:\/\/54.255.1.206:80\/vi-vn\/","name":"KKBC","description":"","potentialAction":[{"@type":"SearchAction","target":{"@type":"EntryPoint","urlTemplate":"http:\/\/54.255.1.206:80\/vi-vn\/?s={search_term_string}"},"query-input":{"@type":"PropertyValueSpecification","valueRequired":true,"valueName":"search_term_string"}}],"inLanguage":"vi-VN2"}]}},"_links":{"self":[{"href":"https:\/\/kkbc.com.vn\/vi-vn\/wp-json\/wp\/v2\/pages\/4835","targetHints":{"allow":["GET"]}}],"collection":[{"href":"https:\/\/kkbc.com.vn\/vi-vn\/wp-json\/wp\/v2\/pages"}],"about":[{"href":"https:\/\/kkbc.com.vn\/vi-vn\/wp-json\/wp\/v2\/types\/page"}],"author":[{"embeddable":true,"href":"https:\/\/kkbc.com.vn\/vi-vn\/wp-json\/wp\/v2\/users\/1"}],"replies":[{"embeddable":true,"href":"https:\/\/kkbc.com.vn\/vi-vn\/wp-json\/wp\/v2\/comments?post=4835"}],"version-history":[{"count":6,"href":"https:\/\/kkbc.com.vn\/vi-vn\/wp-json\/wp\/v2\/pages\/4835\/revisions"}],"predecessor-version":[{"id":6754,"href":"https:\/\/kkbc.com.vn\/vi-vn\/wp-json\/wp\/v2\/pages\/4835\/revisions\/6754"}],"up":[{"embeddable":true,"href":"https:\/\/kkbc.com.vn\/vi-vn\/wp-json\/wp\/v2\/pages\/4813"}],"wp:attachment":[{"href":"https:\/\/kkbc.com.vn\/vi-vn\/wp-json\/wp\/v2\/media?parent=4835"}],"curies":[{"name":"wp","href":"https:\/\/api.w.org\/{rel}","templated":true}]}}