{"id":4845,"date":"2024-10-04T12:35:34","date_gmt":"2024-10-04T12:35:34","guid":{"rendered":"https:\/\/kkbcvietnam.com\/expertise\/media-advertorial\/"},"modified":"2025-05-13T07:16:23","modified_gmt":"2025-05-13T07:16:23","slug":"media-advertorial","status":"publish","type":"page","link":"https:\/\/kkbc.com.vn\/vi-vn\/expertise\/media-advertorial\/","title":{"rendered":"Qu\u1ea3ng c\u00e1o"},"content":{"rendered":"<p>Ti\u1ebfp c\u1eadn \u0111\u1ed1i t\u01b0\u1ee3ng kh\u00e1n gi\u1ea3 \u0111\u1ecba ph\u01b0\u01a1ng kh\u00f4ng ph\u1ea3i l\u00e0 \u0111i\u1ec1u d\u1ec5 d\u00e0ng. Nhi\u1ec1u th\u01b0\u01a1ng hi\u1ec7u g\u1eb7p kh\u00f3 kh\u0103n trong vi\u1ec7c t\u1ea1o ra t\u00e1c \u0111\u1ed9ng, th\u01b0\u1eddng l\u00e3ng ph\u00ed c\u00e1c ngu\u1ed3n l\u1ef1c c\u00f3 gi\u00e1 tr\u1ecb.<\/p>\n<p>Ch\u00fang t\u00f4i \u0111i s\u00e2u v\u00e0o h\u00e0nh vi c\u1ee7a ph\u01b0\u01a1ng ti\u1ec7n truy\u1ec1n th\u00f4ng \u0111\u1ecba ph\u01b0\u01a1ng, x\u00e2y d\u1ef1ng c\u00e1c chi\u1ebfn l\u01b0\u1ee3c \u0111\u01b0a th\u00f4ng \u0111i\u1ec7p c\u1ee7a th\u01b0\u01a1ng hi\u1ec7u b\u1ea1n l\u00ean c\u00e1c n\u1ec1n t\u1ea3ng \u0111\u00e1ng tin c\u1eady. B\u1eb1ng c\u00e1ch cung c\u1ea5p n\u1ed9i dung v\u00e0o \u0111\u00fang th\u1eddi \u0111i\u1ec3m, ch\u00fang t\u00f4i th\u00fac \u0111\u1ea9y s\u1ef1 t\u01b0\u01a1ng t\u00e1c c\u00f3 \u00fd ngh\u0129a v\u00e0 t\u1ed1i \u0111a h\u00f3a l\u1ee3i t\u1ee9c \u0111\u1ea7u t\u01b0 c\u1ee7a b\u1ea1n.<\/p>\n","protected":false},"excerpt":{"rendered":"<p>Ti\u1ebfp c\u1eadn \u0111\u1ed1i t\u01b0\u1ee3ng kh\u00e1n gi\u1ea3 \u0111\u1ecba ph\u01b0\u01a1ng kh\u00f4ng ph\u1ea3i l\u00e0 \u0111i\u1ec1u d\u1ec5 d\u00e0ng. Nhi\u1ec1u th\u01b0\u01a1ng hi\u1ec7u g\u1eb7p kh\u00f3 kh\u0103n trong vi\u1ec7c t\u1ea1o ra t\u00e1c \u0111\u1ed9ng, th\u01b0\u1eddng l\u00e3ng ph\u00ed c\u00e1c ngu\u1ed3n l\u1ef1c c\u00f3 gi\u00e1 tr\u1ecb. Ch\u00fang t\u00f4i \u0111i s\u00e2u v\u00e0o &hellip; <a href=\"https:\/\/kkbc.com.vn\/vi-vn\/expertise\/media-advertorial\/\">Continue reading <span class=\"meta-nav\">&rarr;<\/span><\/a><\/p>\n","protected":false},"author":1,"featured_media":0,"parent":4813,"menu_order":24,"comment_status":"closed","ping_status":"closed","template":"template\/Seo.php","meta":{"_acf_changed":false,"footnotes":""},"class_list":["post-4845","page","type-page","status-publish","hentry"],"acf":[],"yoast_head":"<!-- This site is optimized with the Yoast SEO plugin v26.8 - https:\/\/yoast.com\/product\/yoast-seo-wordpress\/ -->\n<title>D\u1ecbch v\u1ee5 Truy\u1ec1n th\u00f4ng Qu\u1ea3ng c\u00e1o cho Doanh nghi\u1ec7p B2B | KKBC<\/title>\n<meta name=\"description\" content=\"KKBC cung c\u1ea5p d\u1ecbch v\u1ee5 qu\u1ea3ng c\u00e1o hi\u1ec7u qu\u1ea3, \u0111\u00f2i h\u1ecfi s\u1ef1 th\u1ea5u hi\u1ec3u s\u00e2u s\u1eafc v\u1ec1 \u0111\u1ed1i t\u01b0\u1ee3ng, t\u1ed1i \u01b0u h\u00f3a n\u1ed9i dung theo th\u1eddi gian th\u1ef1c \u0111\u1ec3 t\u0103ng t\u01b0\u01a1ng t\u00e1c c\u00f3 \u00fd ngh\u0129a.\" \/>\n<meta name=\"robots\" content=\"index, follow, max-snippet:-1, max-image-preview:large, max-video-preview:-1\" \/>\n<link rel=\"canonical\" href=\"https:\/\/kkbc.com.vn\/vi-vn\/expertise\/media-advertorial\/\" \/>\n<meta property=\"og:locale\" content=\"en_US\" \/>\n<meta property=\"og:type\" content=\"article\" \/>\n<meta property=\"og:title\" content=\"D\u1ecbch v\u1ee5 Truy\u1ec1n th\u00f4ng Qu\u1ea3ng c\u00e1o cho Doanh nghi\u1ec7p B2B | KKBC\" \/>\n<meta property=\"og:description\" content=\"KKBC cung c\u1ea5p d\u1ecbch v\u1ee5 qu\u1ea3ng c\u00e1o hi\u1ec7u qu\u1ea3, \u0111\u00f2i h\u1ecfi s\u1ef1 th\u1ea5u hi\u1ec3u s\u00e2u s\u1eafc v\u1ec1 \u0111\u1ed1i t\u01b0\u1ee3ng, t\u1ed1i \u01b0u h\u00f3a n\u1ed9i dung theo th\u1eddi gian th\u1ef1c \u0111\u1ec3 t\u0103ng t\u01b0\u01a1ng t\u00e1c c\u00f3 \u00fd ngh\u0129a.\" \/>\n<meta property=\"og:url\" content=\"https:\/\/kkbc.com.vn\/vi-vn\/expertise\/media-advertorial\/\" \/>\n<meta property=\"og:site_name\" content=\"KKBC Vi\u1ec7t Nam\" \/>\n<meta property=\"article:publisher\" content=\"https:\/\/www.facebook.com\/kkbc.co\" \/>\n<meta property=\"article:modified_time\" content=\"2025-05-13T07:16:23+00:00\" \/>\n<meta name=\"twitter:card\" content=\"summary_large_image\" \/>\n<meta name=\"twitter:site\" content=\"@kkbc_co\" \/>\n<meta name=\"twitter:label1\" content=\"Est. reading time\" \/>\n\t<meta name=\"twitter:data1\" content=\"1 minute\" \/>\n<script type=\"application\/ld+json\" class=\"yoast-schema-graph\">{\"@context\":\"https:\/\/schema.org\",\"@graph\":[{\"@type\":\"WebPage\",\"@id\":\"https:\/\/kkbc.com.vn\/vi-vn\/expertise\/media-advertorial\/\",\"url\":\"https:\/\/kkbc.com.vn\/vi-vn\/expertise\/media-advertorial\/\",\"name\":\"D\u1ecbch v\u1ee5 Truy\u1ec1n th\u00f4ng Qu\u1ea3ng c\u00e1o cho Doanh nghi\u1ec7p B2B | KKBC\",\"isPartOf\":{\"@id\":\"https:\/\/kkbc.com.vn\/en\/#website\"},\"datePublished\":\"2024-10-04T12:35:34+00:00\",\"dateModified\":\"2025-05-13T07:16:23+00:00\",\"description\":\"KKBC cung c\u1ea5p d\u1ecbch v\u1ee5 qu\u1ea3ng c\u00e1o hi\u1ec7u qu\u1ea3, \u0111\u00f2i h\u1ecfi s\u1ef1 th\u1ea5u hi\u1ec3u s\u00e2u s\u1eafc v\u1ec1 \u0111\u1ed1i t\u01b0\u1ee3ng, t\u1ed1i \u01b0u h\u00f3a n\u1ed9i dung theo th\u1eddi gian th\u1ef1c \u0111\u1ec3 t\u0103ng t\u01b0\u01a1ng t\u00e1c c\u00f3 \u00fd ngh\u0129a.\",\"breadcrumb\":{\"@id\":\"https:\/\/kkbc.com.vn\/vi-vn\/expertise\/media-advertorial\/#breadcrumb\"},\"inLanguage\":\"vi-VN2\",\"potentialAction\":[{\"@type\":\"ReadAction\",\"target\":[\"https:\/\/kkbc.com.vn\/vi-vn\/expertise\/media-advertorial\/\"]}]},{\"@type\":\"BreadcrumbList\",\"@id\":\"https:\/\/kkbc.com.vn\/vi-vn\/expertise\/media-advertorial\/#breadcrumb\",\"itemListElement\":[{\"@type\":\"ListItem\",\"position\":1,\"name\":\"Home\",\"item\":\"https:\/\/kkbc.com.vn\/vi-vn\/\"},{\"@type\":\"ListItem\",\"position\":2,\"name\":\"Chuy\u00ean m\u00f4n\",\"item\":\"https:\/\/kkbc.com.vn\/vi-vn\/expertise\/\"},{\"@type\":\"ListItem\",\"position\":3,\"name\":\"Qu\u1ea3ng c\u00e1o\"}]},{\"@type\":\"WebSite\",\"@id\":\"https:\/\/kkbc.com.vn\/en\/#website\",\"url\":\"https:\/\/kkbc.com.vn\/en\/\",\"name\":\"KKBC\",\"description\":\"\",\"potentialAction\":[{\"@type\":\"SearchAction\",\"target\":{\"@type\":\"EntryPoint\",\"urlTemplate\":\"https:\/\/kkbc.com.vn\/en\/?s={search_term_string}\"},\"query-input\":{\"@type\":\"PropertyValueSpecification\",\"valueRequired\":true,\"valueName\":\"search_term_string\"}}],\"inLanguage\":\"vi-VN2\"}]}<\/script>\n<!-- \/ Yoast SEO plugin. -->","yoast_head_json":{"title":"D\u1ecbch v\u1ee5 Truy\u1ec1n th\u00f4ng Qu\u1ea3ng c\u00e1o cho Doanh nghi\u1ec7p B2B | KKBC","description":"KKBC cung c\u1ea5p d\u1ecbch v\u1ee5 qu\u1ea3ng c\u00e1o hi\u1ec7u qu\u1ea3, \u0111\u00f2i h\u1ecfi s\u1ef1 th\u1ea5u hi\u1ec3u s\u00e2u s\u1eafc v\u1ec1 \u0111\u1ed1i t\u01b0\u1ee3ng, t\u1ed1i \u01b0u h\u00f3a n\u1ed9i dung theo th\u1eddi gian th\u1ef1c \u0111\u1ec3 t\u0103ng t\u01b0\u01a1ng t\u00e1c c\u00f3 \u00fd ngh\u0129a.","robots":{"index":"index","follow":"follow","max-snippet":"max-snippet:-1","max-image-preview":"max-image-preview:large","max-video-preview":"max-video-preview:-1"},"canonical":"https:\/\/kkbc.com.vn\/vi-vn\/expertise\/media-advertorial\/","og_locale":"en_US","og_type":"article","og_title":"D\u1ecbch v\u1ee5 Truy\u1ec1n th\u00f4ng Qu\u1ea3ng c\u00e1o cho Doanh nghi\u1ec7p B2B | KKBC","og_description":"KKBC cung c\u1ea5p d\u1ecbch v\u1ee5 qu\u1ea3ng c\u00e1o hi\u1ec7u qu\u1ea3, \u0111\u00f2i h\u1ecfi s\u1ef1 th\u1ea5u hi\u1ec3u s\u00e2u s\u1eafc v\u1ec1 \u0111\u1ed1i t\u01b0\u1ee3ng, t\u1ed1i \u01b0u h\u00f3a n\u1ed9i dung theo th\u1eddi gian th\u1ef1c \u0111\u1ec3 t\u0103ng t\u01b0\u01a1ng t\u00e1c c\u00f3 \u00fd ngh\u0129a.","og_url":"https:\/\/kkbc.com.vn\/vi-vn\/expertise\/media-advertorial\/","og_site_name":"KKBC Vi\u1ec7t Nam","article_publisher":"https:\/\/www.facebook.com\/kkbc.co","article_modified_time":"2025-05-13T07:16:23+00:00","twitter_card":"summary_large_image","twitter_site":"@kkbc_co","twitter_misc":{"Est. reading time":"1 minute"},"schema":{"@context":"https:\/\/schema.org","@graph":[{"@type":"WebPage","@id":"https:\/\/kkbc.com.vn\/vi-vn\/expertise\/media-advertorial\/","url":"https:\/\/kkbc.com.vn\/vi-vn\/expertise\/media-advertorial\/","name":"D\u1ecbch v\u1ee5 Truy\u1ec1n th\u00f4ng Qu\u1ea3ng c\u00e1o cho Doanh nghi\u1ec7p B2B | KKBC","isPartOf":{"@id":"https:\/\/kkbc.com.vn\/en\/#website"},"datePublished":"2024-10-04T12:35:34+00:00","dateModified":"2025-05-13T07:16:23+00:00","description":"KKBC cung c\u1ea5p d\u1ecbch v\u1ee5 qu\u1ea3ng c\u00e1o hi\u1ec7u qu\u1ea3, \u0111\u00f2i h\u1ecfi s\u1ef1 th\u1ea5u hi\u1ec3u s\u00e2u s\u1eafc v\u1ec1 \u0111\u1ed1i t\u01b0\u1ee3ng, t\u1ed1i \u01b0u h\u00f3a n\u1ed9i dung theo th\u1eddi gian th\u1ef1c \u0111\u1ec3 t\u0103ng t\u01b0\u01a1ng t\u00e1c c\u00f3 \u00fd ngh\u0129a.","breadcrumb":{"@id":"https:\/\/kkbc.com.vn\/vi-vn\/expertise\/media-advertorial\/#breadcrumb"},"inLanguage":"vi-VN2","potentialAction":[{"@type":"ReadAction","target":["https:\/\/kkbc.com.vn\/vi-vn\/expertise\/media-advertorial\/"]}]},{"@type":"BreadcrumbList","@id":"https:\/\/kkbc.com.vn\/vi-vn\/expertise\/media-advertorial\/#breadcrumb","itemListElement":[{"@type":"ListItem","position":1,"name":"Home","item":"https:\/\/kkbc.com.vn\/vi-vn\/"},{"@type":"ListItem","position":2,"name":"Chuy\u00ean m\u00f4n","item":"https:\/\/kkbc.com.vn\/vi-vn\/expertise\/"},{"@type":"ListItem","position":3,"name":"Qu\u1ea3ng c\u00e1o"}]},{"@type":"WebSite","@id":"https:\/\/kkbc.com.vn\/en\/#website","url":"https:\/\/kkbc.com.vn\/en\/","name":"KKBC","description":"","potentialAction":[{"@type":"SearchAction","target":{"@type":"EntryPoint","urlTemplate":"https:\/\/kkbc.com.vn\/en\/?s={search_term_string}"},"query-input":{"@type":"PropertyValueSpecification","valueRequired":true,"valueName":"search_term_string"}}],"inLanguage":"vi-VN2"}]}},"_links":{"self":[{"href":"https:\/\/kkbc.com.vn\/vi-vn\/wp-json\/wp\/v2\/pages\/4845","targetHints":{"allow":["GET"]}}],"collection":[{"href":"https:\/\/kkbc.com.vn\/vi-vn\/wp-json\/wp\/v2\/pages"}],"about":[{"href":"https:\/\/kkbc.com.vn\/vi-vn\/wp-json\/wp\/v2\/types\/page"}],"author":[{"embeddable":true,"href":"https:\/\/kkbc.com.vn\/vi-vn\/wp-json\/wp\/v2\/users\/1"}],"replies":[{"embeddable":true,"href":"https:\/\/kkbc.com.vn\/vi-vn\/wp-json\/wp\/v2\/comments?post=4845"}],"version-history":[{"count":4,"href":"https:\/\/kkbc.com.vn\/vi-vn\/wp-json\/wp\/v2\/pages\/4845\/revisions"}],"predecessor-version":[{"id":6729,"href":"https:\/\/kkbc.com.vn\/vi-vn\/wp-json\/wp\/v2\/pages\/4845\/revisions\/6729"}],"up":[{"embeddable":true,"href":"https:\/\/kkbc.com.vn\/vi-vn\/wp-json\/wp\/v2\/pages\/4813"}],"wp:attachment":[{"href":"https:\/\/kkbc.com.vn\/vi-vn\/wp-json\/wp\/v2\/media?parent=4845"}],"curies":[{"name":"wp","href":"https:\/\/api.w.org\/{rel}","templated":true}]}}