{"id":4861,"date":"2024-10-04T10:32:26","date_gmt":"2024-10-04T10:32:26","guid":{"rendered":"https:\/\/kkbcvietnam.com\/expertise\/local-online-media\/"},"modified":"2025-05-13T07:13:06","modified_gmt":"2025-05-13T07:13:06","slug":"local-online-media","status":"publish","type":"page","link":"https:\/\/kkbc.com.vn\/vi-vn\/expertise\/local-online-media\/","title":{"rendered":"Ph\u01b0\u01a1ng ti\u1ec7n truy\u1ec1n th\u00f4ng tr\u1ef1c tuy\u1ebfn \u0111\u1ecba ph\u01b0\u01a1ng"},"content":{"rendered":"<h2>\u0110\u1ec3 \u0111i\u1ec1u h\u01b0\u1edbng ph\u01b0\u01a1ng ti\u1ec7n truy\u1ec1n th\u00f4ng tr\u1ef1c tuy\u1ebfn \u0111\u1ecba ph\u01b0\u01a1ng hi\u1ec7u qu\u1ea3 \u0111\u00f2i h\u1ecfi nhi\u1ec1u h\u01a1n l\u00e0 ch\u1ec9 ph\u1ecfng \u0111o\u00e1n.<\/h2>\n<p>C\u00e1c th\u01b0\u01a1ng hi\u1ec7u th\u01b0\u1eddng b\u1ecf l\u1ee1 m\u1ee5c ti\u00eau, l\u00e3ng ph\u00ed t\u00e0i nguy\u00ean v\u00e0 kh\u00f4ng thu h\u00fat \u0111\u01b0\u1ee3c \u0111\u1ed1i t\u01b0\u1ee3ng m\u1ee5c ti\u00eau \u0111\u1ecba ph\u01b0\u01a1ng. B\u1eb1ng c\u00e1ch khai th\u00e1c nh\u1eefng hi\u1ec3u bi\u1ebft s\u00e2u s\u1eafc v\u1ec1 h\u00e0nh vi k\u1ef9 thu\u1eadt s\u1ed1 c\u1ee7a khu v\u1ef1c, ch\u00fang t\u00f4i thi\u1ebft k\u1ebf c\u00e1c chi\u1ebfn l\u01b0\u1ee3c \u0111\u01b0a th\u00f4ng \u0111i\u1ec7p c\u1ee7a b\u1ea1n l\u00ean c\u00e1c n\u1ec1n t\u1ea3ng m\u00e0 \u0111\u1ed1i t\u01b0\u1ee3ng m\u1ee5c ti\u00eau c\u1ee7a b\u1ea1n tin t\u01b0\u1edfng, v\u00e0o \u0111\u00fang th\u1eddi \u0111i\u1ec3m, \u0111\u1ea3m b\u1ea3o m\u1ee9c \u0111\u1ed9 t\u01b0\u01a1ng t\u00e1c cao h\u01a1n v\u00e0 t\u1ed1i \u0111a h\u00f3a l\u1ee3i t\u1ee9c \u0111\u1ea7u t\u01b0.<\/p>\n","protected":false},"excerpt":{"rendered":"<p>\u0110\u1ec3 \u0111i\u1ec1u h\u01b0\u1edbng ph\u01b0\u01a1ng ti\u1ec7n truy\u1ec1n th\u00f4ng tr\u1ef1c tuy\u1ebfn \u0111\u1ecba ph\u01b0\u01a1ng hi\u1ec7u qu\u1ea3 \u0111\u00f2i h\u1ecfi nhi\u1ec1u h\u01a1n l\u00e0 ch\u1ec9 ph\u1ecfng \u0111o\u00e1n. C\u00e1c th\u01b0\u01a1ng hi\u1ec7u th\u01b0\u1eddng b\u1ecf l\u1ee1 m\u1ee5c ti\u00eau, l\u00e3ng ph\u00ed t\u00e0i nguy\u00ean v\u00e0 kh\u00f4ng thu h\u00fat \u0111\u01b0\u1ee3c \u0111\u1ed1i t\u01b0\u1ee3ng &hellip; <a href=\"https:\/\/kkbc.com.vn\/vi-vn\/expertise\/local-online-media\/\">Continue reading <span class=\"meta-nav\">&rarr;<\/span><\/a><\/p>\n","protected":false},"author":1,"featured_media":0,"parent":4813,"menu_order":32,"comment_status":"closed","ping_status":"closed","template":"template\/Seo.php","meta":{"_acf_changed":false,"footnotes":""},"class_list":["post-4861","page","type-page","status-publish","hentry"],"acf":[],"yoast_head":"<!-- This site is optimized with the Yoast SEO plugin v26.8 - https:\/\/yoast.com\/product\/yoast-seo-wordpress\/ -->\n<title>T\u0103ng c\u01b0\u1eddng T\u01b0\u01a1ng t\u00e1c \u0110\u1ecba ph\u01b0\u01a1ng v\u1edbi Chi\u1ebfn l\u01b0\u1ee3c Truy\u1ec1n th\u00f4ng Tr\u1ef1c tuy\u1ebfn M\u1ee5c ti\u00eau<\/title>\n<meta name=\"description\" content=\"KKBC t\u1eadn d\u1ee5ng hi\u1ec3u bi\u1ebft khu v\u1ef1c v\u00e0 n\u1ec1n t\u1ea3ng \u0111\u1ecba ph\u01b0\u01a1ng \u0111\u1ec3 t\u1ea1o k\u1ebft n\u1ed1i ch\u00e2n th\u1ef1c v\u1edbi kh\u00e1n gi\u1ea3 \u0111\u1ecba ph\u01b0\u01a1ng, t\u1ed1i \u01b0u h\u00f3a chi\u1ebfn d\u1ecbch \u0111\u1ec3 t\u0103ng t\u01b0\u01a1ng t\u00e1c v\u00e0 hi\u1ec7u qu\u1ea3 chi ph\u00ed.\" \/>\n<meta name=\"robots\" content=\"index, follow, max-snippet:-1, max-image-preview:large, max-video-preview:-1\" \/>\n<link rel=\"canonical\" href=\"https:\/\/kkbc.com.vn\/vi-vn\/expertise\/local-online-media\/\" \/>\n<meta property=\"og:locale\" content=\"en_US\" \/>\n<meta property=\"og:type\" content=\"article\" \/>\n<meta property=\"og:title\" content=\"T\u0103ng c\u01b0\u1eddng T\u01b0\u01a1ng t\u00e1c \u0110\u1ecba ph\u01b0\u01a1ng v\u1edbi Chi\u1ebfn l\u01b0\u1ee3c Truy\u1ec1n th\u00f4ng Tr\u1ef1c tuy\u1ebfn M\u1ee5c ti\u00eau\" \/>\n<meta property=\"og:description\" content=\"KKBC t\u1eadn d\u1ee5ng hi\u1ec3u bi\u1ebft khu v\u1ef1c v\u00e0 n\u1ec1n t\u1ea3ng \u0111\u1ecba ph\u01b0\u01a1ng \u0111\u1ec3 t\u1ea1o k\u1ebft n\u1ed1i ch\u00e2n th\u1ef1c v\u1edbi kh\u00e1n gi\u1ea3 \u0111\u1ecba ph\u01b0\u01a1ng, t\u1ed1i \u01b0u h\u00f3a chi\u1ebfn d\u1ecbch \u0111\u1ec3 t\u0103ng t\u01b0\u01a1ng t\u00e1c v\u00e0 hi\u1ec7u qu\u1ea3 chi ph\u00ed.\" \/>\n<meta property=\"og:url\" content=\"https:\/\/kkbc.com.vn\/vi-vn\/expertise\/local-online-media\/\" \/>\n<meta property=\"og:site_name\" content=\"KKBC Vi\u1ec7t Nam\" \/>\n<meta property=\"article:publisher\" content=\"https:\/\/www.facebook.com\/kkbc.co\" \/>\n<meta property=\"article:modified_time\" content=\"2025-05-13T07:13:06+00:00\" \/>\n<meta name=\"twitter:card\" content=\"summary_large_image\" \/>\n<meta name=\"twitter:site\" content=\"@kkbc_co\" \/>\n<meta name=\"twitter:label1\" content=\"Est. reading time\" \/>\n\t<meta name=\"twitter:data1\" content=\"1 minute\" \/>\n<script type=\"application\/ld+json\" class=\"yoast-schema-graph\">{\"@context\":\"https:\/\/schema.org\",\"@graph\":[{\"@type\":\"WebPage\",\"@id\":\"https:\/\/kkbc.com.vn\/vi-vn\/expertise\/local-online-media\/\",\"url\":\"https:\/\/kkbc.com.vn\/vi-vn\/expertise\/local-online-media\/\",\"name\":\"T\u0103ng c\u01b0\u1eddng T\u01b0\u01a1ng t\u00e1c \u0110\u1ecba ph\u01b0\u01a1ng v\u1edbi Chi\u1ebfn l\u01b0\u1ee3c Truy\u1ec1n th\u00f4ng Tr\u1ef1c tuy\u1ebfn M\u1ee5c ti\u00eau\",\"isPartOf\":{\"@id\":\"https:\/\/kkbc.com.vn\/en\/#website\"},\"datePublished\":\"2024-10-04T10:32:26+00:00\",\"dateModified\":\"2025-05-13T07:13:06+00:00\",\"description\":\"KKBC t\u1eadn d\u1ee5ng hi\u1ec3u bi\u1ebft khu v\u1ef1c v\u00e0 n\u1ec1n t\u1ea3ng \u0111\u1ecba ph\u01b0\u01a1ng \u0111\u1ec3 t\u1ea1o k\u1ebft n\u1ed1i ch\u00e2n th\u1ef1c v\u1edbi kh\u00e1n gi\u1ea3 \u0111\u1ecba ph\u01b0\u01a1ng, t\u1ed1i \u01b0u h\u00f3a chi\u1ebfn d\u1ecbch \u0111\u1ec3 t\u0103ng t\u01b0\u01a1ng t\u00e1c v\u00e0 hi\u1ec7u qu\u1ea3 chi ph\u00ed.\",\"breadcrumb\":{\"@id\":\"https:\/\/kkbc.com.vn\/vi-vn\/expertise\/local-online-media\/#breadcrumb\"},\"inLanguage\":\"vi-VN2\",\"potentialAction\":[{\"@type\":\"ReadAction\",\"target\":[\"https:\/\/kkbc.com.vn\/vi-vn\/expertise\/local-online-media\/\"]}]},{\"@type\":\"BreadcrumbList\",\"@id\":\"https:\/\/kkbc.com.vn\/vi-vn\/expertise\/local-online-media\/#breadcrumb\",\"itemListElement\":[{\"@type\":\"ListItem\",\"position\":1,\"name\":\"Home\",\"item\":\"https:\/\/kkbc.com.vn\/vi-vn\/\"},{\"@type\":\"ListItem\",\"position\":2,\"name\":\"Chuy\u00ean m\u00f4n\",\"item\":\"https:\/\/kkbc.com.vn\/vi-vn\/expertise\/\"},{\"@type\":\"ListItem\",\"position\":3,\"name\":\"Ph\u01b0\u01a1ng ti\u1ec7n truy\u1ec1n th\u00f4ng tr\u1ef1c tuy\u1ebfn \u0111\u1ecba ph\u01b0\u01a1ng\"}]},{\"@type\":\"WebSite\",\"@id\":\"https:\/\/kkbc.com.vn\/en\/#website\",\"url\":\"https:\/\/kkbc.com.vn\/en\/\",\"name\":\"KKBC\",\"description\":\"\",\"potentialAction\":[{\"@type\":\"SearchAction\",\"target\":{\"@type\":\"EntryPoint\",\"urlTemplate\":\"https:\/\/kkbc.com.vn\/en\/?s={search_term_string}\"},\"query-input\":{\"@type\":\"PropertyValueSpecification\",\"valueRequired\":true,\"valueName\":\"search_term_string\"}}],\"inLanguage\":\"vi-VN2\"}]}<\/script>\n<!-- \/ Yoast SEO plugin. -->","yoast_head_json":{"title":"T\u0103ng c\u01b0\u1eddng T\u01b0\u01a1ng t\u00e1c \u0110\u1ecba ph\u01b0\u01a1ng v\u1edbi Chi\u1ebfn l\u01b0\u1ee3c Truy\u1ec1n th\u00f4ng Tr\u1ef1c tuy\u1ebfn M\u1ee5c ti\u00eau","description":"KKBC t\u1eadn d\u1ee5ng hi\u1ec3u bi\u1ebft khu v\u1ef1c v\u00e0 n\u1ec1n t\u1ea3ng \u0111\u1ecba ph\u01b0\u01a1ng \u0111\u1ec3 t\u1ea1o k\u1ebft n\u1ed1i ch\u00e2n th\u1ef1c v\u1edbi kh\u00e1n gi\u1ea3 \u0111\u1ecba ph\u01b0\u01a1ng, t\u1ed1i \u01b0u h\u00f3a chi\u1ebfn d\u1ecbch \u0111\u1ec3 t\u0103ng t\u01b0\u01a1ng t\u00e1c v\u00e0 hi\u1ec7u qu\u1ea3 chi ph\u00ed.","robots":{"index":"index","follow":"follow","max-snippet":"max-snippet:-1","max-image-preview":"max-image-preview:large","max-video-preview":"max-video-preview:-1"},"canonical":"https:\/\/kkbc.com.vn\/vi-vn\/expertise\/local-online-media\/","og_locale":"en_US","og_type":"article","og_title":"T\u0103ng c\u01b0\u1eddng T\u01b0\u01a1ng t\u00e1c \u0110\u1ecba ph\u01b0\u01a1ng v\u1edbi Chi\u1ebfn l\u01b0\u1ee3c Truy\u1ec1n th\u00f4ng Tr\u1ef1c tuy\u1ebfn M\u1ee5c ti\u00eau","og_description":"KKBC t\u1eadn d\u1ee5ng hi\u1ec3u bi\u1ebft khu v\u1ef1c v\u00e0 n\u1ec1n t\u1ea3ng \u0111\u1ecba ph\u01b0\u01a1ng \u0111\u1ec3 t\u1ea1o k\u1ebft n\u1ed1i ch\u00e2n th\u1ef1c v\u1edbi kh\u00e1n gi\u1ea3 \u0111\u1ecba ph\u01b0\u01a1ng, t\u1ed1i \u01b0u h\u00f3a chi\u1ebfn d\u1ecbch \u0111\u1ec3 t\u0103ng t\u01b0\u01a1ng t\u00e1c v\u00e0 hi\u1ec7u qu\u1ea3 chi ph\u00ed.","og_url":"https:\/\/kkbc.com.vn\/vi-vn\/expertise\/local-online-media\/","og_site_name":"KKBC Vi\u1ec7t Nam","article_publisher":"https:\/\/www.facebook.com\/kkbc.co","article_modified_time":"2025-05-13T07:13:06+00:00","twitter_card":"summary_large_image","twitter_site":"@kkbc_co","twitter_misc":{"Est. reading time":"1 minute"},"schema":{"@context":"https:\/\/schema.org","@graph":[{"@type":"WebPage","@id":"https:\/\/kkbc.com.vn\/vi-vn\/expertise\/local-online-media\/","url":"https:\/\/kkbc.com.vn\/vi-vn\/expertise\/local-online-media\/","name":"T\u0103ng c\u01b0\u1eddng T\u01b0\u01a1ng t\u00e1c \u0110\u1ecba ph\u01b0\u01a1ng v\u1edbi Chi\u1ebfn l\u01b0\u1ee3c Truy\u1ec1n th\u00f4ng Tr\u1ef1c tuy\u1ebfn M\u1ee5c ti\u00eau","isPartOf":{"@id":"https:\/\/kkbc.com.vn\/en\/#website"},"datePublished":"2024-10-04T10:32:26+00:00","dateModified":"2025-05-13T07:13:06+00:00","description":"KKBC t\u1eadn d\u1ee5ng hi\u1ec3u bi\u1ebft khu v\u1ef1c v\u00e0 n\u1ec1n t\u1ea3ng \u0111\u1ecba ph\u01b0\u01a1ng \u0111\u1ec3 t\u1ea1o k\u1ebft n\u1ed1i ch\u00e2n th\u1ef1c v\u1edbi kh\u00e1n gi\u1ea3 \u0111\u1ecba ph\u01b0\u01a1ng, t\u1ed1i \u01b0u h\u00f3a chi\u1ebfn d\u1ecbch \u0111\u1ec3 t\u0103ng t\u01b0\u01a1ng t\u00e1c v\u00e0 hi\u1ec7u qu\u1ea3 chi ph\u00ed.","breadcrumb":{"@id":"https:\/\/kkbc.com.vn\/vi-vn\/expertise\/local-online-media\/#breadcrumb"},"inLanguage":"vi-VN2","potentialAction":[{"@type":"ReadAction","target":["https:\/\/kkbc.com.vn\/vi-vn\/expertise\/local-online-media\/"]}]},{"@type":"BreadcrumbList","@id":"https:\/\/kkbc.com.vn\/vi-vn\/expertise\/local-online-media\/#breadcrumb","itemListElement":[{"@type":"ListItem","position":1,"name":"Home","item":"https:\/\/kkbc.com.vn\/vi-vn\/"},{"@type":"ListItem","position":2,"name":"Chuy\u00ean m\u00f4n","item":"https:\/\/kkbc.com.vn\/vi-vn\/expertise\/"},{"@type":"ListItem","position":3,"name":"Ph\u01b0\u01a1ng ti\u1ec7n truy\u1ec1n th\u00f4ng tr\u1ef1c tuy\u1ebfn \u0111\u1ecba ph\u01b0\u01a1ng"}]},{"@type":"WebSite","@id":"https:\/\/kkbc.com.vn\/en\/#website","url":"https:\/\/kkbc.com.vn\/en\/","name":"KKBC","description":"","potentialAction":[{"@type":"SearchAction","target":{"@type":"EntryPoint","urlTemplate":"https:\/\/kkbc.com.vn\/en\/?s={search_term_string}"},"query-input":{"@type":"PropertyValueSpecification","valueRequired":true,"valueName":"search_term_string"}}],"inLanguage":"vi-VN2"}]}},"_links":{"self":[{"href":"https:\/\/kkbc.com.vn\/vi-vn\/wp-json\/wp\/v2\/pages\/4861","targetHints":{"allow":["GET"]}}],"collection":[{"href":"https:\/\/kkbc.com.vn\/vi-vn\/wp-json\/wp\/v2\/pages"}],"about":[{"href":"https:\/\/kkbc.com.vn\/vi-vn\/wp-json\/wp\/v2\/types\/page"}],"author":[{"embeddable":true,"href":"https:\/\/kkbc.com.vn\/vi-vn\/wp-json\/wp\/v2\/users\/1"}],"replies":[{"embeddable":true,"href":"https:\/\/kkbc.com.vn\/vi-vn\/wp-json\/wp\/v2\/comments?post=4861"}],"version-history":[{"count":5,"href":"https:\/\/kkbc.com.vn\/vi-vn\/wp-json\/wp\/v2\/pages\/4861\/revisions"}],"predecessor-version":[{"id":6724,"href":"https:\/\/kkbc.com.vn\/vi-vn\/wp-json\/wp\/v2\/pages\/4861\/revisions\/6724"}],"up":[{"embeddable":true,"href":"https:\/\/kkbc.com.vn\/vi-vn\/wp-json\/wp\/v2\/pages\/4813"}],"wp:attachment":[{"href":"https:\/\/kkbc.com.vn\/vi-vn\/wp-json\/wp\/v2\/media?parent=4861"}],"curies":[{"name":"wp","href":"https:\/\/api.w.org\/{rel}","templated":true}]}}