{"id":4863,"date":"2024-10-04T09:12:16","date_gmt":"2024-10-04T09:12:16","guid":{"rendered":"https:\/\/kkbcvietnam.com\/expertise\/media-planning-buying\/"},"modified":"2025-05-13T07:11:57","modified_gmt":"2025-05-13T07:11:57","slug":"media-planning-buying","status":"publish","type":"page","link":"https:\/\/kkbc.com.vn\/vi-vn\/expertise\/media-planning-buying\/","title":{"rendered":"L\u1eadp k\u1ebf ho\u1ea1ch v\u00e0 mua ph\u01b0\u01a1ng ti\u1ec7n truy\u1ec1n th\u00f4ng"},"content":{"rendered":"<h2>H\u1ea7u h\u1ebft c\u00e1c chi\u1ebfn d\u1ecbch \u0111\u1ec1u b\u1ecf l\u1ee1 \u0111\u1ed1i t\u01b0\u1ee3ng m\u1ee5c ti\u00eau c\u1ee7a h\u1ecd.<\/h2>\n<p>\u0110i\u1ec1u n\u00e0y d\u1eabn \u0111\u1ebfn l\u00e3ng ph\u00ed chi ti\u00eau qu\u1ea3ng c\u00e1o v\u00e0 b\u1ecf l\u1ee1 c\u01a1 h\u1ed9i t\u0103ng tr\u01b0\u1edfng. KKBC gi\u1ea3i quy\u1ebft v\u1ea5n \u0111\u1ec1 n\u00e0y b\u1eb1ng c\u00e1ch t\u1eadn d\u1ee5ng th\u00f4ng tin chi ti\u1ebft s\u00e2u s\u1eafc v\u1ec1 th\u1ecb tr\u01b0\u1eddng v\u00e0 x\u00e2y d\u1ef1ng c\u00e1c chi\u1ebfn l\u01b0\u1ee3c t\u00f9y ch\u1ec9nh \u0111\u1ec3 \u0111\u1ea3m b\u1ea3o th\u00f4ng \u0111i\u1ec7p c\u1ee7a th\u01b0\u01a1ng hi\u1ec7u c\u1ee7a b\u1ea1n ti\u1ebfp c\u1eadn \u0111\u00fang ng\u01b0\u1eddi v\u00e0o \u0111\u00fang th\u1eddi \u0111i\u1ec3m, t\u1ed1i \u0111a h\u00f3a c\u1ea3 m\u1ee9c \u0111\u1ed9 t\u01b0\u01a1ng t\u00e1c v\u00e0 l\u1ee3i t\u1ee9c \u0111\u1ea7u t\u01b0.<\/p>\n","protected":false},"excerpt":{"rendered":"<p>H\u1ea7u h\u1ebft c\u00e1c chi\u1ebfn d\u1ecbch \u0111\u1ec1u b\u1ecf l\u1ee1 \u0111\u1ed1i t\u01b0\u1ee3ng m\u1ee5c ti\u00eau c\u1ee7a h\u1ecd. \u0110i\u1ec1u n\u00e0y d\u1eabn \u0111\u1ebfn l\u00e3ng ph\u00ed chi ti\u00eau qu\u1ea3ng c\u00e1o v\u00e0 b\u1ecf l\u1ee1 c\u01a1 h\u1ed9i t\u0103ng tr\u01b0\u1edfng. KKBC gi\u1ea3i quy\u1ebft v\u1ea5n \u0111\u1ec1 n\u00e0y b\u1eb1ng c\u00e1ch t\u1eadn &hellip; <a href=\"https:\/\/kkbc.com.vn\/vi-vn\/expertise\/media-planning-buying\/\">Continue reading <span class=\"meta-nav\">&rarr;<\/span><\/a><\/p>\n","protected":false},"author":1,"featured_media":0,"parent":4813,"menu_order":33,"comment_status":"closed","ping_status":"closed","template":"template\/Seo.php","meta":{"_acf_changed":false,"footnotes":""},"class_list":["post-4863","page","type-page","status-publish","hentry"],"acf":[],"yoast_head":"<!-- This site is optimized with the Yoast SEO plugin v26.8 - https:\/\/yoast.com\/product\/yoast-seo-wordpress\/ -->\n<title>Gi\u1ea3i ph\u00e1p L\u1eadp k\u1ebf ho\u1ea1ch &amp; Mua Truy\u1ec1n th\u00f4ng Chuy\u00ean gia | KKBC Marketing<\/title>\n<meta name=\"description\" content=\"\u0110\u1ea1t ph\u1ea1m vi ti\u1ebfp c\u1eadn m\u1ee5c ti\u00eau v\u1edbi d\u1ecbch v\u1ee5 l\u1eadp k\u1ebf ho\u1ea1ch &amp; mua media d\u1ef1a tr\u00ean d\u1eef li\u1ec7u c\u1ee7a KKBC. T\u1ed1i \u0111a h\u00f3a ROI b\u1eb1ng chi\u1ebfn d\u1ecbch chi\u1ebfn l\u01b0\u1ee3c ph\u00f9 h\u1ee3p nhu c\u1ea7u kh\u00e1n gi\u1ea3.\" \/>\n<meta name=\"robots\" content=\"index, follow, max-snippet:-1, max-image-preview:large, max-video-preview:-1\" \/>\n<link rel=\"canonical\" href=\"https:\/\/kkbc.com.vn\/vi-vn\/expertise\/media-planning-buying\/\" \/>\n<meta property=\"og:locale\" content=\"en_US\" \/>\n<meta property=\"og:type\" content=\"article\" \/>\n<meta property=\"og:title\" content=\"Gi\u1ea3i ph\u00e1p L\u1eadp k\u1ebf ho\u1ea1ch &amp; Mua Truy\u1ec1n th\u00f4ng Chuy\u00ean gia | KKBC Marketing\" \/>\n<meta property=\"og:description\" content=\"\u0110\u1ea1t ph\u1ea1m vi ti\u1ebfp c\u1eadn m\u1ee5c ti\u00eau v\u1edbi d\u1ecbch v\u1ee5 l\u1eadp k\u1ebf ho\u1ea1ch &amp; mua media d\u1ef1a tr\u00ean d\u1eef li\u1ec7u c\u1ee7a KKBC. T\u1ed1i \u0111a h\u00f3a ROI b\u1eb1ng chi\u1ebfn d\u1ecbch chi\u1ebfn l\u01b0\u1ee3c ph\u00f9 h\u1ee3p nhu c\u1ea7u kh\u00e1n gi\u1ea3.\" \/>\n<meta property=\"og:url\" content=\"https:\/\/kkbc.com.vn\/vi-vn\/expertise\/media-planning-buying\/\" \/>\n<meta property=\"og:site_name\" content=\"KKBC Vi\u1ec7t Nam\" \/>\n<meta property=\"article:publisher\" content=\"https:\/\/www.facebook.com\/kkbc.co\" \/>\n<meta property=\"article:modified_time\" content=\"2025-05-13T07:11:57+00:00\" \/>\n<meta name=\"twitter:card\" content=\"summary_large_image\" \/>\n<meta name=\"twitter:site\" content=\"@kkbc_co\" \/>\n<meta name=\"twitter:label1\" content=\"Est. reading time\" \/>\n\t<meta name=\"twitter:data1\" content=\"1 minute\" \/>\n<script type=\"application\/ld+json\" class=\"yoast-schema-graph\">{\"@context\":\"https:\/\/schema.org\",\"@graph\":[{\"@type\":\"WebPage\",\"@id\":\"https:\/\/kkbc.com.vn\/vi-vn\/expertise\/media-planning-buying\/\",\"url\":\"https:\/\/kkbc.com.vn\/vi-vn\/expertise\/media-planning-buying\/\",\"name\":\"Gi\u1ea3i ph\u00e1p L\u1eadp k\u1ebf ho\u1ea1ch & Mua Truy\u1ec1n th\u00f4ng Chuy\u00ean gia | KKBC Marketing\",\"isPartOf\":{\"@id\":\"https:\/\/kkbc.com.vn\/en\/#website\"},\"datePublished\":\"2024-10-04T09:12:16+00:00\",\"dateModified\":\"2025-05-13T07:11:57+00:00\",\"description\":\"\u0110\u1ea1t ph\u1ea1m vi ti\u1ebfp c\u1eadn m\u1ee5c ti\u00eau v\u1edbi d\u1ecbch v\u1ee5 l\u1eadp k\u1ebf ho\u1ea1ch & mua media d\u1ef1a tr\u00ean d\u1eef li\u1ec7u c\u1ee7a KKBC. T\u1ed1i \u0111a h\u00f3a ROI b\u1eb1ng chi\u1ebfn d\u1ecbch chi\u1ebfn l\u01b0\u1ee3c ph\u00f9 h\u1ee3p nhu c\u1ea7u kh\u00e1n gi\u1ea3.\",\"breadcrumb\":{\"@id\":\"https:\/\/kkbc.com.vn\/vi-vn\/expertise\/media-planning-buying\/#breadcrumb\"},\"inLanguage\":\"vi-VN2\",\"potentialAction\":[{\"@type\":\"ReadAction\",\"target\":[\"https:\/\/kkbc.com.vn\/vi-vn\/expertise\/media-planning-buying\/\"]}]},{\"@type\":\"BreadcrumbList\",\"@id\":\"https:\/\/kkbc.com.vn\/vi-vn\/expertise\/media-planning-buying\/#breadcrumb\",\"itemListElement\":[{\"@type\":\"ListItem\",\"position\":1,\"name\":\"Home\",\"item\":\"https:\/\/kkbc.com.vn\/vi-vn\/\"},{\"@type\":\"ListItem\",\"position\":2,\"name\":\"Chuy\u00ean m\u00f4n\",\"item\":\"https:\/\/kkbc.com.vn\/vi-vn\/expertise\/\"},{\"@type\":\"ListItem\",\"position\":3,\"name\":\"L\u1eadp k\u1ebf ho\u1ea1ch v\u00e0 mua ph\u01b0\u01a1ng ti\u1ec7n truy\u1ec1n th\u00f4ng\"}]},{\"@type\":\"WebSite\",\"@id\":\"https:\/\/kkbc.com.vn\/en\/#website\",\"url\":\"https:\/\/kkbc.com.vn\/en\/\",\"name\":\"KKBC\",\"description\":\"\",\"potentialAction\":[{\"@type\":\"SearchAction\",\"target\":{\"@type\":\"EntryPoint\",\"urlTemplate\":\"https:\/\/kkbc.com.vn\/en\/?s={search_term_string}\"},\"query-input\":{\"@type\":\"PropertyValueSpecification\",\"valueRequired\":true,\"valueName\":\"search_term_string\"}}],\"inLanguage\":\"vi-VN2\"}]}<\/script>\n<!-- \/ Yoast SEO plugin. -->","yoast_head_json":{"title":"Gi\u1ea3i ph\u00e1p L\u1eadp k\u1ebf ho\u1ea1ch & Mua Truy\u1ec1n th\u00f4ng Chuy\u00ean gia | KKBC Marketing","description":"\u0110\u1ea1t ph\u1ea1m vi ti\u1ebfp c\u1eadn m\u1ee5c ti\u00eau v\u1edbi d\u1ecbch v\u1ee5 l\u1eadp k\u1ebf ho\u1ea1ch & mua media d\u1ef1a tr\u00ean d\u1eef li\u1ec7u c\u1ee7a KKBC. T\u1ed1i \u0111a h\u00f3a ROI b\u1eb1ng chi\u1ebfn d\u1ecbch chi\u1ebfn l\u01b0\u1ee3c ph\u00f9 h\u1ee3p nhu c\u1ea7u kh\u00e1n gi\u1ea3.","robots":{"index":"index","follow":"follow","max-snippet":"max-snippet:-1","max-image-preview":"max-image-preview:large","max-video-preview":"max-video-preview:-1"},"canonical":"https:\/\/kkbc.com.vn\/vi-vn\/expertise\/media-planning-buying\/","og_locale":"en_US","og_type":"article","og_title":"Gi\u1ea3i ph\u00e1p L\u1eadp k\u1ebf ho\u1ea1ch & Mua Truy\u1ec1n th\u00f4ng Chuy\u00ean gia | KKBC Marketing","og_description":"\u0110\u1ea1t ph\u1ea1m vi ti\u1ebfp c\u1eadn m\u1ee5c ti\u00eau v\u1edbi d\u1ecbch v\u1ee5 l\u1eadp k\u1ebf ho\u1ea1ch & mua media d\u1ef1a tr\u00ean d\u1eef li\u1ec7u c\u1ee7a KKBC. T\u1ed1i \u0111a h\u00f3a ROI b\u1eb1ng chi\u1ebfn d\u1ecbch chi\u1ebfn l\u01b0\u1ee3c ph\u00f9 h\u1ee3p nhu c\u1ea7u kh\u00e1n gi\u1ea3.","og_url":"https:\/\/kkbc.com.vn\/vi-vn\/expertise\/media-planning-buying\/","og_site_name":"KKBC Vi\u1ec7t Nam","article_publisher":"https:\/\/www.facebook.com\/kkbc.co","article_modified_time":"2025-05-13T07:11:57+00:00","twitter_card":"summary_large_image","twitter_site":"@kkbc_co","twitter_misc":{"Est. reading time":"1 minute"},"schema":{"@context":"https:\/\/schema.org","@graph":[{"@type":"WebPage","@id":"https:\/\/kkbc.com.vn\/vi-vn\/expertise\/media-planning-buying\/","url":"https:\/\/kkbc.com.vn\/vi-vn\/expertise\/media-planning-buying\/","name":"Gi\u1ea3i ph\u00e1p L\u1eadp k\u1ebf ho\u1ea1ch & Mua Truy\u1ec1n th\u00f4ng Chuy\u00ean gia | KKBC Marketing","isPartOf":{"@id":"https:\/\/kkbc.com.vn\/en\/#website"},"datePublished":"2024-10-04T09:12:16+00:00","dateModified":"2025-05-13T07:11:57+00:00","description":"\u0110\u1ea1t ph\u1ea1m vi ti\u1ebfp c\u1eadn m\u1ee5c ti\u00eau v\u1edbi d\u1ecbch v\u1ee5 l\u1eadp k\u1ebf ho\u1ea1ch & mua media d\u1ef1a tr\u00ean d\u1eef li\u1ec7u c\u1ee7a KKBC. T\u1ed1i \u0111a h\u00f3a ROI b\u1eb1ng chi\u1ebfn d\u1ecbch chi\u1ebfn l\u01b0\u1ee3c ph\u00f9 h\u1ee3p nhu c\u1ea7u kh\u00e1n gi\u1ea3.","breadcrumb":{"@id":"https:\/\/kkbc.com.vn\/vi-vn\/expertise\/media-planning-buying\/#breadcrumb"},"inLanguage":"vi-VN2","potentialAction":[{"@type":"ReadAction","target":["https:\/\/kkbc.com.vn\/vi-vn\/expertise\/media-planning-buying\/"]}]},{"@type":"BreadcrumbList","@id":"https:\/\/kkbc.com.vn\/vi-vn\/expertise\/media-planning-buying\/#breadcrumb","itemListElement":[{"@type":"ListItem","position":1,"name":"Home","item":"https:\/\/kkbc.com.vn\/vi-vn\/"},{"@type":"ListItem","position":2,"name":"Chuy\u00ean m\u00f4n","item":"https:\/\/kkbc.com.vn\/vi-vn\/expertise\/"},{"@type":"ListItem","position":3,"name":"L\u1eadp k\u1ebf ho\u1ea1ch v\u00e0 mua ph\u01b0\u01a1ng ti\u1ec7n truy\u1ec1n th\u00f4ng"}]},{"@type":"WebSite","@id":"https:\/\/kkbc.com.vn\/en\/#website","url":"https:\/\/kkbc.com.vn\/en\/","name":"KKBC","description":"","potentialAction":[{"@type":"SearchAction","target":{"@type":"EntryPoint","urlTemplate":"https:\/\/kkbc.com.vn\/en\/?s={search_term_string}"},"query-input":{"@type":"PropertyValueSpecification","valueRequired":true,"valueName":"search_term_string"}}],"inLanguage":"vi-VN2"}]}},"_links":{"self":[{"href":"https:\/\/kkbc.com.vn\/vi-vn\/wp-json\/wp\/v2\/pages\/4863","targetHints":{"allow":["GET"]}}],"collection":[{"href":"https:\/\/kkbc.com.vn\/vi-vn\/wp-json\/wp\/v2\/pages"}],"about":[{"href":"https:\/\/kkbc.com.vn\/vi-vn\/wp-json\/wp\/v2\/types\/page"}],"author":[{"embeddable":true,"href":"https:\/\/kkbc.com.vn\/vi-vn\/wp-json\/wp\/v2\/users\/1"}],"replies":[{"embeddable":true,"href":"https:\/\/kkbc.com.vn\/vi-vn\/wp-json\/wp\/v2\/comments?post=4863"}],"version-history":[{"count":5,"href":"https:\/\/kkbc.com.vn\/vi-vn\/wp-json\/wp\/v2\/pages\/4863\/revisions"}],"predecessor-version":[{"id":6720,"href":"https:\/\/kkbc.com.vn\/vi-vn\/wp-json\/wp\/v2\/pages\/4863\/revisions\/6720"}],"up":[{"embeddable":true,"href":"https:\/\/kkbc.com.vn\/vi-vn\/wp-json\/wp\/v2\/pages\/4813"}],"wp:attachment":[{"href":"https:\/\/kkbc.com.vn\/vi-vn\/wp-json\/wp\/v2\/media?parent=4863"}],"curies":[{"name":"wp","href":"https:\/\/api.w.org\/{rel}","templated":true}]}}