{"id":4869,"date":"2024-10-04T06:07:47","date_gmt":"2024-10-04T06:07:47","guid":{"rendered":"https:\/\/kkbcvietnam.com\/expertise\/radio-advertising\/"},"modified":"2025-05-13T07:21:58","modified_gmt":"2025-05-13T07:21:58","slug":"radio-advertising","status":"publish","type":"page","link":"https:\/\/kkbc.com.vn\/vi-vn\/expertise\/radio-advertising\/","title":{"rendered":"Radio"},"content":{"rendered":"<p>Radio cung c\u1ea5p cho doanh nghi\u1ec7p m\u1ed9t n\u1ec1n t\u1ea3ng m\u1ea1nh m\u1ebd \u0111\u1ec3 thu h\u00fat ng\u01b0\u1eddi nghe th\u00f4ng qua c\u00e1c th\u00f4ng \u0111i\u1ec7p \u00e2m thanh \u0111\u01b0\u1ee3c thi\u1ebft k\u1ebf ri\u00eang nh\u1eafm v\u00e0o \u0111\u1ed1i t\u01b0\u1ee3ng c\u1ee5 th\u1ec3. C\u00e1c chi\u1ebfn d\u1ecbch n\u00e0y \u0111\u01b0\u1ee3c thi\u1ebft k\u1ebf \u0111\u1ec3 th\u00fac \u0111\u1ea9y c\u00e1c h\u00e0nh \u0111\u1ed9ng nh\u01b0 truy c\u1eadp trang web, tham d\u1ef1 s\u1ef1 ki\u1ec7n ho\u1eb7c mua h\u00e0ng, c\u1ee7ng c\u1ed1 s\u1ef1 hi\u1ec7n di\u1ec7n c\u1ee7a th\u01b0\u01a1ng hi\u1ec7u v\u00e0 x\u00e2y d\u1ef1ng m\u1ed1i quan h\u1ec7 ch\u1eb7t ch\u1ebd v\u1edbi nh\u1eefng ng\u01b0\u1eddi ra quy\u1ebft \u0111\u1ecbnh quan tr\u1ecdng.<\/p>\n","protected":false},"excerpt":{"rendered":"<p>Radio cung c\u1ea5p cho doanh nghi\u1ec7p m\u1ed9t n\u1ec1n t\u1ea3ng m\u1ea1nh m\u1ebd \u0111\u1ec3 thu h\u00fat ng\u01b0\u1eddi nghe th\u00f4ng qua c\u00e1c th\u00f4ng \u0111i\u1ec7p \u00e2m thanh \u0111\u01b0\u1ee3c thi\u1ebft k\u1ebf ri\u00eang nh\u1eafm v\u00e0o \u0111\u1ed1i t\u01b0\u1ee3ng c\u1ee5 th\u1ec3. C\u00e1c chi\u1ebfn d\u1ecbch n\u00e0y \u0111\u01b0\u1ee3c thi\u1ebft k\u1ebf &hellip; <a href=\"https:\/\/kkbc.com.vn\/vi-vn\/expertise\/radio-advertising\/\">Continue reading <span class=\"meta-nav\">&rarr;<\/span><\/a><\/p>\n","protected":false},"author":1,"featured_media":0,"parent":4813,"menu_order":36,"comment_status":"closed","ping_status":"closed","template":"template\/digitalmarketing.php","meta":{"_acf_changed":false,"footnotes":""},"class_list":["post-4869","page","type-page","status-publish","hentry"],"acf":[],"yoast_head":"<!-- This site is optimized with the Yoast SEO plugin v26.8 - https:\/\/yoast.com\/product\/yoast-seo-wordpress\/ -->\n<title>Qu\u1ea3ng c\u00e1o Truy\u1ec1n h\u00ecnh | T\u0103ng Hi\u1ec3n th\u1ecb Th\u01b0\u01a1ng hi\u1ec7u | KKBC<\/title>\n<meta name=\"description\" content=\"Chi\u1ebfn d\u1ecbch qu\u1ea3ng c\u00e1o radio c\u1ee7a KKBC nh\u1eafm m\u1ee5c ti\u00eau \u0111\u1ebfn \u0111\u1ed1i t\u01b0\u1ee3ng th\u00ednh gi\u1ea3 c\u1ee5 th\u1ec3, th\u00fac \u0111\u1ea9y t\u01b0\u01a1ng t\u00e1c, h\u00e0nh \u0111\u1ed9ng v\u00e0 k\u1ebft qu\u1ea3 \u0111o l\u01b0\u1eddng \u0111\u01b0\u1ee3c qua th\u00f4ng \u0111i\u1ec7p \u00e2m thanh. G\u1eedi y\u00eau c\u1ea7u b\u00e1o gi\u00e1.\" \/>\n<meta name=\"robots\" content=\"index, follow, max-snippet:-1, max-image-preview:large, max-video-preview:-1\" \/>\n<link rel=\"canonical\" href=\"https:\/\/kkbc.com.vn\/vi-vn\/expertise\/radio-advertising\/\" \/>\n<meta property=\"og:locale\" content=\"en_US\" \/>\n<meta property=\"og:type\" content=\"article\" \/>\n<meta property=\"og:title\" content=\"Qu\u1ea3ng c\u00e1o Truy\u1ec1n h\u00ecnh | T\u0103ng Hi\u1ec3n th\u1ecb Th\u01b0\u01a1ng hi\u1ec7u | KKBC\" \/>\n<meta property=\"og:description\" content=\"Chi\u1ebfn d\u1ecbch qu\u1ea3ng c\u00e1o radio c\u1ee7a KKBC nh\u1eafm m\u1ee5c ti\u00eau \u0111\u1ebfn \u0111\u1ed1i t\u01b0\u1ee3ng th\u00ednh gi\u1ea3 c\u1ee5 th\u1ec3, th\u00fac \u0111\u1ea9y t\u01b0\u01a1ng t\u00e1c, h\u00e0nh \u0111\u1ed9ng v\u00e0 k\u1ebft qu\u1ea3 \u0111o l\u01b0\u1eddng \u0111\u01b0\u1ee3c qua th\u00f4ng \u0111i\u1ec7p \u00e2m thanh. G\u1eedi y\u00eau c\u1ea7u b\u00e1o gi\u00e1.\" \/>\n<meta property=\"og:url\" content=\"https:\/\/kkbc.com.vn\/vi-vn\/expertise\/radio-advertising\/\" \/>\n<meta property=\"og:site_name\" content=\"KKBC Vi\u1ec7t Nam\" \/>\n<meta property=\"article:publisher\" content=\"https:\/\/www.facebook.com\/kkbc.co\" \/>\n<meta property=\"article:modified_time\" content=\"2025-05-13T07:21:58+00:00\" \/>\n<meta name=\"twitter:card\" content=\"summary_large_image\" \/>\n<meta name=\"twitter:site\" content=\"@kkbc_co\" \/>\n<meta name=\"twitter:label1\" content=\"Est. reading time\" \/>\n\t<meta name=\"twitter:data1\" content=\"1 minute\" \/>\n<script type=\"application\/ld+json\" class=\"yoast-schema-graph\">{\"@context\":\"https:\/\/schema.org\",\"@graph\":[{\"@type\":\"WebPage\",\"@id\":\"https:\/\/kkbc.com.vn\/vi-vn\/expertise\/radio-advertising\/\",\"url\":\"https:\/\/kkbc.com.vn\/vi-vn\/expertise\/radio-advertising\/\",\"name\":\"Qu\u1ea3ng c\u00e1o Truy\u1ec1n h\u00ecnh | T\u0103ng Hi\u1ec3n th\u1ecb Th\u01b0\u01a1ng hi\u1ec7u | KKBC\",\"isPartOf\":{\"@id\":\"https:\/\/kkbc.com.vn\/en-vn\/#website\"},\"datePublished\":\"2024-10-04T06:07:47+00:00\",\"dateModified\":\"2025-05-13T07:21:58+00:00\",\"description\":\"Chi\u1ebfn d\u1ecbch qu\u1ea3ng c\u00e1o radio c\u1ee7a KKBC nh\u1eafm m\u1ee5c ti\u00eau \u0111\u1ebfn \u0111\u1ed1i t\u01b0\u1ee3ng th\u00ednh gi\u1ea3 c\u1ee5 th\u1ec3, th\u00fac \u0111\u1ea9y t\u01b0\u01a1ng t\u00e1c, h\u00e0nh \u0111\u1ed9ng v\u00e0 k\u1ebft qu\u1ea3 \u0111o l\u01b0\u1eddng \u0111\u01b0\u1ee3c qua th\u00f4ng \u0111i\u1ec7p \u00e2m thanh. G\u1eedi y\u00eau c\u1ea7u b\u00e1o gi\u00e1.\",\"breadcrumb\":{\"@id\":\"https:\/\/kkbc.com.vn\/vi-vn\/expertise\/radio-advertising\/#breadcrumb\"},\"inLanguage\":\"vi-VN2\",\"potentialAction\":[{\"@type\":\"ReadAction\",\"target\":[\"https:\/\/kkbc.com.vn\/vi-vn\/expertise\/radio-advertising\/\"]}]},{\"@type\":\"BreadcrumbList\",\"@id\":\"https:\/\/kkbc.com.vn\/vi-vn\/expertise\/radio-advertising\/#breadcrumb\",\"itemListElement\":[{\"@type\":\"ListItem\",\"position\":1,\"name\":\"Home\",\"item\":\"https:\/\/kkbc.com.vn\/vi-vn\/\"},{\"@type\":\"ListItem\",\"position\":2,\"name\":\"Chuy\u00ean m\u00f4n\",\"item\":\"https:\/\/kkbc.com.vn\/vi-vn\/expertise\/\"},{\"@type\":\"ListItem\",\"position\":3,\"name\":\"Radio\"}]},{\"@type\":\"WebSite\",\"@id\":\"https:\/\/kkbc.com.vn\/en-vn\/#website\",\"url\":\"https:\/\/kkbc.com.vn\/en-vn\/\",\"name\":\"KKBC\",\"description\":\"\",\"potentialAction\":[{\"@type\":\"SearchAction\",\"target\":{\"@type\":\"EntryPoint\",\"urlTemplate\":\"https:\/\/kkbc.com.vn\/en-vn\/?s={search_term_string}\"},\"query-input\":{\"@type\":\"PropertyValueSpecification\",\"valueRequired\":true,\"valueName\":\"search_term_string\"}}],\"inLanguage\":\"vi-VN2\"}]}<\/script>\n<!-- \/ Yoast SEO plugin. -->","yoast_head_json":{"title":"Qu\u1ea3ng c\u00e1o Truy\u1ec1n h\u00ecnh | T\u0103ng Hi\u1ec3n th\u1ecb Th\u01b0\u01a1ng hi\u1ec7u | KKBC","description":"Chi\u1ebfn d\u1ecbch qu\u1ea3ng c\u00e1o radio c\u1ee7a KKBC nh\u1eafm m\u1ee5c ti\u00eau \u0111\u1ebfn \u0111\u1ed1i t\u01b0\u1ee3ng th\u00ednh gi\u1ea3 c\u1ee5 th\u1ec3, th\u00fac \u0111\u1ea9y t\u01b0\u01a1ng t\u00e1c, h\u00e0nh \u0111\u1ed9ng v\u00e0 k\u1ebft qu\u1ea3 \u0111o l\u01b0\u1eddng \u0111\u01b0\u1ee3c qua th\u00f4ng \u0111i\u1ec7p \u00e2m thanh. G\u1eedi y\u00eau c\u1ea7u b\u00e1o gi\u00e1.","robots":{"index":"index","follow":"follow","max-snippet":"max-snippet:-1","max-image-preview":"max-image-preview:large","max-video-preview":"max-video-preview:-1"},"canonical":"https:\/\/kkbc.com.vn\/vi-vn\/expertise\/radio-advertising\/","og_locale":"en_US","og_type":"article","og_title":"Qu\u1ea3ng c\u00e1o Truy\u1ec1n h\u00ecnh | T\u0103ng Hi\u1ec3n th\u1ecb Th\u01b0\u01a1ng hi\u1ec7u | KKBC","og_description":"Chi\u1ebfn d\u1ecbch qu\u1ea3ng c\u00e1o radio c\u1ee7a KKBC nh\u1eafm m\u1ee5c ti\u00eau \u0111\u1ebfn \u0111\u1ed1i t\u01b0\u1ee3ng th\u00ednh gi\u1ea3 c\u1ee5 th\u1ec3, th\u00fac \u0111\u1ea9y t\u01b0\u01a1ng t\u00e1c, h\u00e0nh \u0111\u1ed9ng v\u00e0 k\u1ebft qu\u1ea3 \u0111o l\u01b0\u1eddng \u0111\u01b0\u1ee3c qua th\u00f4ng \u0111i\u1ec7p \u00e2m thanh. G\u1eedi y\u00eau c\u1ea7u b\u00e1o gi\u00e1.","og_url":"https:\/\/kkbc.com.vn\/vi-vn\/expertise\/radio-advertising\/","og_site_name":"KKBC Vi\u1ec7t Nam","article_publisher":"https:\/\/www.facebook.com\/kkbc.co","article_modified_time":"2025-05-13T07:21:58+00:00","twitter_card":"summary_large_image","twitter_site":"@kkbc_co","twitter_misc":{"Est. reading time":"1 minute"},"schema":{"@context":"https:\/\/schema.org","@graph":[{"@type":"WebPage","@id":"https:\/\/kkbc.com.vn\/vi-vn\/expertise\/radio-advertising\/","url":"https:\/\/kkbc.com.vn\/vi-vn\/expertise\/radio-advertising\/","name":"Qu\u1ea3ng c\u00e1o Truy\u1ec1n h\u00ecnh | T\u0103ng Hi\u1ec3n th\u1ecb Th\u01b0\u01a1ng hi\u1ec7u | KKBC","isPartOf":{"@id":"https:\/\/kkbc.com.vn\/en-vn\/#website"},"datePublished":"2024-10-04T06:07:47+00:00","dateModified":"2025-05-13T07:21:58+00:00","description":"Chi\u1ebfn d\u1ecbch qu\u1ea3ng c\u00e1o radio c\u1ee7a KKBC nh\u1eafm m\u1ee5c ti\u00eau \u0111\u1ebfn \u0111\u1ed1i t\u01b0\u1ee3ng th\u00ednh gi\u1ea3 c\u1ee5 th\u1ec3, th\u00fac \u0111\u1ea9y t\u01b0\u01a1ng t\u00e1c, h\u00e0nh \u0111\u1ed9ng v\u00e0 k\u1ebft qu\u1ea3 \u0111o l\u01b0\u1eddng \u0111\u01b0\u1ee3c qua th\u00f4ng \u0111i\u1ec7p \u00e2m thanh. G\u1eedi y\u00eau c\u1ea7u b\u00e1o gi\u00e1.","breadcrumb":{"@id":"https:\/\/kkbc.com.vn\/vi-vn\/expertise\/radio-advertising\/#breadcrumb"},"inLanguage":"vi-VN2","potentialAction":[{"@type":"ReadAction","target":["https:\/\/kkbc.com.vn\/vi-vn\/expertise\/radio-advertising\/"]}]},{"@type":"BreadcrumbList","@id":"https:\/\/kkbc.com.vn\/vi-vn\/expertise\/radio-advertising\/#breadcrumb","itemListElement":[{"@type":"ListItem","position":1,"name":"Home","item":"https:\/\/kkbc.com.vn\/vi-vn\/"},{"@type":"ListItem","position":2,"name":"Chuy\u00ean m\u00f4n","item":"https:\/\/kkbc.com.vn\/vi-vn\/expertise\/"},{"@type":"ListItem","position":3,"name":"Radio"}]},{"@type":"WebSite","@id":"https:\/\/kkbc.com.vn\/en-vn\/#website","url":"https:\/\/kkbc.com.vn\/en-vn\/","name":"KKBC","description":"","potentialAction":[{"@type":"SearchAction","target":{"@type":"EntryPoint","urlTemplate":"https:\/\/kkbc.com.vn\/en-vn\/?s={search_term_string}"},"query-input":{"@type":"PropertyValueSpecification","valueRequired":true,"valueName":"search_term_string"}}],"inLanguage":"vi-VN2"}]}},"_links":{"self":[{"href":"https:\/\/kkbc.com.vn\/vi-vn\/wp-json\/wp\/v2\/pages\/4869","targetHints":{"allow":["GET"]}}],"collection":[{"href":"https:\/\/kkbc.com.vn\/vi-vn\/wp-json\/wp\/v2\/pages"}],"about":[{"href":"https:\/\/kkbc.com.vn\/vi-vn\/wp-json\/wp\/v2\/types\/page"}],"author":[{"embeddable":true,"href":"https:\/\/kkbc.com.vn\/vi-vn\/wp-json\/wp\/v2\/users\/1"}],"replies":[{"embeddable":true,"href":"https:\/\/kkbc.com.vn\/vi-vn\/wp-json\/wp\/v2\/comments?post=4869"}],"version-history":[{"count":5,"href":"https:\/\/kkbc.com.vn\/vi-vn\/wp-json\/wp\/v2\/pages\/4869\/revisions"}],"predecessor-version":[{"id":6738,"href":"https:\/\/kkbc.com.vn\/vi-vn\/wp-json\/wp\/v2\/pages\/4869\/revisions\/6738"}],"up":[{"embeddable":true,"href":"https:\/\/kkbc.com.vn\/vi-vn\/wp-json\/wp\/v2\/pages\/4813"}],"wp:attachment":[{"href":"https:\/\/kkbc.com.vn\/vi-vn\/wp-json\/wp\/v2\/media?parent=4869"}],"curies":[{"name":"wp","href":"https:\/\/api.w.org\/{rel}","templated":true}]}}