{"id":4889,"date":"2024-10-04T05:21:07","date_gmt":"2024-10-04T05:21:07","guid":{"rendered":"https:\/\/kkbcvietnam.com\/expertise\/electronic-direct-mail\/"},"modified":"2025-05-13T07:16:07","modified_gmt":"2025-05-13T07:16:07","slug":"electronic-direct-mail","status":"publish","type":"page","link":"https:\/\/kkbc.com.vn\/vi-vn\/expertise\/electronic-direct-mail\/","title":{"rendered":"Th\u01b0 \u0111i\u1ec7n t\u1eed tr\u1ef1c ti\u1ebfp"},"content":{"rendered":"<p>Th\u01b0 \u0111i\u1ec7n t\u1eed tr\u1ef1c ti\u1ebfp (eDM) cho ph\u00e9p c\u00e1c doanh nghi\u1ec7p g\u1eedi email c\u00f3 m\u1ee5c ti\u00eau, \u0111\u01b0\u1ee3c c\u00e1 nh\u00e2n h\u00f3a tr\u1ef1c ti\u1ebfp \u0111\u1ebfn danh s\u00e1ch \u0111\u1ed1i t\u01b0\u1ee3ng \u0111\u01b0\u1ee3c ph\u00e2n kh\u00fac. C\u00e1c chi\u1ebfn d\u1ecbch n\u00e0y \u0111\u01b0\u1ee3c thi\u1ebft k\u1ebf \u0111\u1ec3 thu h\u00fat ng\u01b0\u1eddi nh\u1eadn b\u1eb1ng th\u00f4ng \u0111i\u1ec7p \u0111\u01b0\u1ee3c thi\u1ebft k\u1ebf ri\u00eang h\u01b0\u1edbng d\u1eabn h\u1ecd th\u1ef1c hi\u1ec7n c\u00e1c h\u00e0nh \u0111\u1ed9ng c\u1ee5 th\u1ec3\u2014ch\u1eb3ng h\u1ea1n nh\u01b0 \u0111\u0103ng k\u00fd s\u1ef1 ki\u1ec7n, t\u1ea3i xu\u1ed1ng n\u1ed9i dung ho\u1eb7c ho\u00e0n t\u1ea5t giao d\u1ecbch mua\u2014\u0111\u1ed3ng th\u1eddi x\u00e2y d\u1ef1ng m\u1ed1i quan h\u1ec7 ch\u1eb7t ch\u1ebd h\u01a1n v\u1edbi nh\u1eefng ng\u01b0\u1eddi ra quy\u1ebft \u0111\u1ecbnh ch\u00ednh.<\/p>\n","protected":false},"excerpt":{"rendered":"<p>Th\u01b0 \u0111i\u1ec7n t\u1eed tr\u1ef1c ti\u1ebfp (eDM) cho ph\u00e9p c\u00e1c doanh nghi\u1ec7p g\u1eedi email c\u00f3 m\u1ee5c ti\u00eau, \u0111\u01b0\u1ee3c c\u00e1 nh\u00e2n h\u00f3a tr\u1ef1c ti\u1ebfp \u0111\u1ebfn danh s\u00e1ch \u0111\u1ed1i t\u01b0\u1ee3ng \u0111\u01b0\u1ee3c ph\u00e2n kh\u00fac. C\u00e1c chi\u1ebfn d\u1ecbch n\u00e0y \u0111\u01b0\u1ee3c thi\u1ebft k\u1ebf \u0111\u1ec3 thu h\u00fat &hellip; <a href=\"https:\/\/kkbc.com.vn\/vi-vn\/expertise\/electronic-direct-mail\/\">Continue reading <span class=\"meta-nav\">&rarr;<\/span><\/a><\/p>\n","protected":false},"author":1,"featured_media":0,"parent":4813,"menu_order":45,"comment_status":"closed","ping_status":"closed","template":"template\/digitalmarketing.php","meta":{"_acf_changed":false,"footnotes":""},"class_list":["post-4889","page","type-page","status-publish","hentry"],"acf":[],"yoast_head":"<!-- This site is optimized with the Yoast SEO plugin v26.8 - https:\/\/yoast.com\/product\/yoast-seo-wordpress\/ -->\n<title>Gi\u1ea3i ph\u00e1p Th\u01b0 \u0110i\u1ec7n t\u1eed Tr\u1ef1c ti\u1ebfp - Ti\u1ebfp th\u1ecb M\u1ee5c ti\u00eau c\u1ee7a KKBC<\/title>\n<meta name=\"description\" content=\"T\u0103ng t\u01b0\u01a1ng t\u00e1c v\u1edbi chi\u1ebfn d\u1ecbch Th\u01b0 \u0111i\u1ec7n t\u1eed tr\u1ef1c ti\u1ebfp c\u00e1 nh\u00e2n h\u00f3a. Gi\u1ea3i ph\u00e1p EDM t\u00f9y ch\u1ec9nh c\u1ee7a KKBC th\u00fac \u0111\u1ea9y chuy\u1ec3n \u0111\u1ed5i th\u00f4ng qua nh\u1eafm m\u1ee5c ti\u00eau hi\u1ec7u qu\u1ea3 v\u00e0 th\u00f4ng \u0111i\u1ec7p s\u00e1ng t\u1ea1o.\" \/>\n<meta name=\"robots\" content=\"index, follow, max-snippet:-1, max-image-preview:large, max-video-preview:-1\" \/>\n<link rel=\"canonical\" href=\"https:\/\/kkbc.com.vn\/vi-vn\/expertise\/electronic-direct-mail\/\" \/>\n<meta property=\"og:locale\" content=\"en_US\" \/>\n<meta property=\"og:type\" content=\"article\" \/>\n<meta property=\"og:title\" content=\"Gi\u1ea3i ph\u00e1p Th\u01b0 \u0110i\u1ec7n t\u1eed Tr\u1ef1c ti\u1ebfp - Ti\u1ebfp th\u1ecb M\u1ee5c ti\u00eau c\u1ee7a KKBC\" \/>\n<meta property=\"og:description\" content=\"T\u0103ng t\u01b0\u01a1ng t\u00e1c v\u1edbi chi\u1ebfn d\u1ecbch Th\u01b0 \u0111i\u1ec7n t\u1eed tr\u1ef1c ti\u1ebfp c\u00e1 nh\u00e2n h\u00f3a. Gi\u1ea3i ph\u00e1p EDM t\u00f9y ch\u1ec9nh c\u1ee7a KKBC th\u00fac \u0111\u1ea9y chuy\u1ec3n \u0111\u1ed5i th\u00f4ng qua nh\u1eafm m\u1ee5c ti\u00eau hi\u1ec7u qu\u1ea3 v\u00e0 th\u00f4ng \u0111i\u1ec7p s\u00e1ng t\u1ea1o.\" \/>\n<meta property=\"og:url\" content=\"https:\/\/kkbc.com.vn\/vi-vn\/expertise\/electronic-direct-mail\/\" \/>\n<meta property=\"og:site_name\" content=\"KKBC Vi\u1ec7t Nam\" \/>\n<meta property=\"article:publisher\" content=\"https:\/\/www.facebook.com\/kkbc.co\" \/>\n<meta property=\"article:modified_time\" content=\"2025-05-13T07:16:07+00:00\" \/>\n<meta name=\"twitter:card\" content=\"summary_large_image\" \/>\n<meta name=\"twitter:site\" content=\"@kkbc_co\" \/>\n<meta name=\"twitter:label1\" content=\"Est. reading time\" \/>\n\t<meta name=\"twitter:data1\" content=\"1 minute\" \/>\n<script type=\"application\/ld+json\" class=\"yoast-schema-graph\">{\"@context\":\"https:\/\/schema.org\",\"@graph\":[{\"@type\":\"WebPage\",\"@id\":\"https:\/\/kkbc.com.vn\/vi-vn\/expertise\/electronic-direct-mail\/\",\"url\":\"https:\/\/kkbc.com.vn\/vi-vn\/expertise\/electronic-direct-mail\/\",\"name\":\"Gi\u1ea3i ph\u00e1p Th\u01b0 \u0110i\u1ec7n t\u1eed Tr\u1ef1c ti\u1ebfp - Ti\u1ebfp th\u1ecb M\u1ee5c ti\u00eau c\u1ee7a KKBC\",\"isPartOf\":{\"@id\":\"https:\/\/kkbc.com.vn\/en\/#website\"},\"datePublished\":\"2024-10-04T05:21:07+00:00\",\"dateModified\":\"2025-05-13T07:16:07+00:00\",\"description\":\"T\u0103ng t\u01b0\u01a1ng t\u00e1c v\u1edbi chi\u1ebfn d\u1ecbch Th\u01b0 \u0111i\u1ec7n t\u1eed tr\u1ef1c ti\u1ebfp c\u00e1 nh\u00e2n h\u00f3a. Gi\u1ea3i ph\u00e1p EDM t\u00f9y ch\u1ec9nh c\u1ee7a KKBC th\u00fac \u0111\u1ea9y chuy\u1ec3n \u0111\u1ed5i th\u00f4ng qua nh\u1eafm m\u1ee5c ti\u00eau hi\u1ec7u qu\u1ea3 v\u00e0 th\u00f4ng \u0111i\u1ec7p s\u00e1ng t\u1ea1o.\",\"breadcrumb\":{\"@id\":\"https:\/\/kkbc.com.vn\/vi-vn\/expertise\/electronic-direct-mail\/#breadcrumb\"},\"inLanguage\":\"vi-VN2\",\"potentialAction\":[{\"@type\":\"ReadAction\",\"target\":[\"https:\/\/kkbc.com.vn\/vi-vn\/expertise\/electronic-direct-mail\/\"]}]},{\"@type\":\"BreadcrumbList\",\"@id\":\"https:\/\/kkbc.com.vn\/vi-vn\/expertise\/electronic-direct-mail\/#breadcrumb\",\"itemListElement\":[{\"@type\":\"ListItem\",\"position\":1,\"name\":\"Home\",\"item\":\"https:\/\/kkbc.com.vn\/vi-vn\/\"},{\"@type\":\"ListItem\",\"position\":2,\"name\":\"Chuy\u00ean m\u00f4n\",\"item\":\"https:\/\/kkbc.com.vn\/vi-vn\/expertise\/\"},{\"@type\":\"ListItem\",\"position\":3,\"name\":\"Th\u01b0 \u0111i\u1ec7n t\u1eed tr\u1ef1c ti\u1ebfp\"}]},{\"@type\":\"WebSite\",\"@id\":\"https:\/\/kkbc.com.vn\/en\/#website\",\"url\":\"https:\/\/kkbc.com.vn\/en\/\",\"name\":\"KKBC\",\"description\":\"\",\"potentialAction\":[{\"@type\":\"SearchAction\",\"target\":{\"@type\":\"EntryPoint\",\"urlTemplate\":\"https:\/\/kkbc.com.vn\/en\/?s={search_term_string}\"},\"query-input\":{\"@type\":\"PropertyValueSpecification\",\"valueRequired\":true,\"valueName\":\"search_term_string\"}}],\"inLanguage\":\"vi-VN2\"}]}<\/script>\n<!-- \/ Yoast SEO plugin. -->","yoast_head_json":{"title":"Gi\u1ea3i ph\u00e1p Th\u01b0 \u0110i\u1ec7n t\u1eed Tr\u1ef1c ti\u1ebfp - Ti\u1ebfp th\u1ecb M\u1ee5c ti\u00eau c\u1ee7a KKBC","description":"T\u0103ng t\u01b0\u01a1ng t\u00e1c v\u1edbi chi\u1ebfn d\u1ecbch Th\u01b0 \u0111i\u1ec7n t\u1eed tr\u1ef1c ti\u1ebfp c\u00e1 nh\u00e2n h\u00f3a. Gi\u1ea3i ph\u00e1p EDM t\u00f9y ch\u1ec9nh c\u1ee7a KKBC th\u00fac \u0111\u1ea9y chuy\u1ec3n \u0111\u1ed5i th\u00f4ng qua nh\u1eafm m\u1ee5c ti\u00eau hi\u1ec7u qu\u1ea3 v\u00e0 th\u00f4ng \u0111i\u1ec7p s\u00e1ng t\u1ea1o.","robots":{"index":"index","follow":"follow","max-snippet":"max-snippet:-1","max-image-preview":"max-image-preview:large","max-video-preview":"max-video-preview:-1"},"canonical":"https:\/\/kkbc.com.vn\/vi-vn\/expertise\/electronic-direct-mail\/","og_locale":"en_US","og_type":"article","og_title":"Gi\u1ea3i ph\u00e1p Th\u01b0 \u0110i\u1ec7n t\u1eed Tr\u1ef1c ti\u1ebfp - Ti\u1ebfp th\u1ecb M\u1ee5c ti\u00eau c\u1ee7a KKBC","og_description":"T\u0103ng t\u01b0\u01a1ng t\u00e1c v\u1edbi chi\u1ebfn d\u1ecbch Th\u01b0 \u0111i\u1ec7n t\u1eed tr\u1ef1c ti\u1ebfp c\u00e1 nh\u00e2n h\u00f3a. Gi\u1ea3i ph\u00e1p EDM t\u00f9y ch\u1ec9nh c\u1ee7a KKBC th\u00fac \u0111\u1ea9y chuy\u1ec3n \u0111\u1ed5i th\u00f4ng qua nh\u1eafm m\u1ee5c ti\u00eau hi\u1ec7u qu\u1ea3 v\u00e0 th\u00f4ng \u0111i\u1ec7p s\u00e1ng t\u1ea1o.","og_url":"https:\/\/kkbc.com.vn\/vi-vn\/expertise\/electronic-direct-mail\/","og_site_name":"KKBC Vi\u1ec7t Nam","article_publisher":"https:\/\/www.facebook.com\/kkbc.co","article_modified_time":"2025-05-13T07:16:07+00:00","twitter_card":"summary_large_image","twitter_site":"@kkbc_co","twitter_misc":{"Est. reading time":"1 minute"},"schema":{"@context":"https:\/\/schema.org","@graph":[{"@type":"WebPage","@id":"https:\/\/kkbc.com.vn\/vi-vn\/expertise\/electronic-direct-mail\/","url":"https:\/\/kkbc.com.vn\/vi-vn\/expertise\/electronic-direct-mail\/","name":"Gi\u1ea3i ph\u00e1p Th\u01b0 \u0110i\u1ec7n t\u1eed Tr\u1ef1c ti\u1ebfp - Ti\u1ebfp th\u1ecb M\u1ee5c ti\u00eau c\u1ee7a KKBC","isPartOf":{"@id":"https:\/\/kkbc.com.vn\/en\/#website"},"datePublished":"2024-10-04T05:21:07+00:00","dateModified":"2025-05-13T07:16:07+00:00","description":"T\u0103ng t\u01b0\u01a1ng t\u00e1c v\u1edbi chi\u1ebfn d\u1ecbch Th\u01b0 \u0111i\u1ec7n t\u1eed tr\u1ef1c ti\u1ebfp c\u00e1 nh\u00e2n h\u00f3a. Gi\u1ea3i ph\u00e1p EDM t\u00f9y ch\u1ec9nh c\u1ee7a KKBC th\u00fac \u0111\u1ea9y chuy\u1ec3n \u0111\u1ed5i th\u00f4ng qua nh\u1eafm m\u1ee5c ti\u00eau hi\u1ec7u qu\u1ea3 v\u00e0 th\u00f4ng \u0111i\u1ec7p s\u00e1ng t\u1ea1o.","breadcrumb":{"@id":"https:\/\/kkbc.com.vn\/vi-vn\/expertise\/electronic-direct-mail\/#breadcrumb"},"inLanguage":"vi-VN2","potentialAction":[{"@type":"ReadAction","target":["https:\/\/kkbc.com.vn\/vi-vn\/expertise\/electronic-direct-mail\/"]}]},{"@type":"BreadcrumbList","@id":"https:\/\/kkbc.com.vn\/vi-vn\/expertise\/electronic-direct-mail\/#breadcrumb","itemListElement":[{"@type":"ListItem","position":1,"name":"Home","item":"https:\/\/kkbc.com.vn\/vi-vn\/"},{"@type":"ListItem","position":2,"name":"Chuy\u00ean m\u00f4n","item":"https:\/\/kkbc.com.vn\/vi-vn\/expertise\/"},{"@type":"ListItem","position":3,"name":"Th\u01b0 \u0111i\u1ec7n t\u1eed tr\u1ef1c ti\u1ebfp"}]},{"@type":"WebSite","@id":"https:\/\/kkbc.com.vn\/en\/#website","url":"https:\/\/kkbc.com.vn\/en\/","name":"KKBC","description":"","potentialAction":[{"@type":"SearchAction","target":{"@type":"EntryPoint","urlTemplate":"https:\/\/kkbc.com.vn\/en\/?s={search_term_string}"},"query-input":{"@type":"PropertyValueSpecification","valueRequired":true,"valueName":"search_term_string"}}],"inLanguage":"vi-VN2"}]}},"_links":{"self":[{"href":"https:\/\/kkbc.com.vn\/vi-vn\/wp-json\/wp\/v2\/pages\/4889","targetHints":{"allow":["GET"]}}],"collection":[{"href":"https:\/\/kkbc.com.vn\/vi-vn\/wp-json\/wp\/v2\/pages"}],"about":[{"href":"https:\/\/kkbc.com.vn\/vi-vn\/wp-json\/wp\/v2\/types\/page"}],"author":[{"embeddable":true,"href":"https:\/\/kkbc.com.vn\/vi-vn\/wp-json\/wp\/v2\/users\/1"}],"replies":[{"embeddable":true,"href":"https:\/\/kkbc.com.vn\/vi-vn\/wp-json\/wp\/v2\/comments?post=4889"}],"version-history":[{"count":4,"href":"https:\/\/kkbc.com.vn\/vi-vn\/wp-json\/wp\/v2\/pages\/4889\/revisions"}],"predecessor-version":[{"id":6728,"href":"https:\/\/kkbc.com.vn\/vi-vn\/wp-json\/wp\/v2\/pages\/4889\/revisions\/6728"}],"up":[{"embeddable":true,"href":"https:\/\/kkbc.com.vn\/vi-vn\/wp-json\/wp\/v2\/pages\/4813"}],"wp:attachment":[{"href":"https:\/\/kkbc.com.vn\/vi-vn\/wp-json\/wp\/v2\/media?parent=4889"}],"curies":[{"name":"wp","href":"https:\/\/api.w.org\/{rel}","templated":true}]}}