{"id":4893,"date":"2024-10-04T05:13:28","date_gmt":"2024-10-04T05:13:28","guid":{"rendered":"https:\/\/kkbcvietnam.com\/expertise\/audience-insights\/"},"modified":"2025-05-13T07:12:23","modified_gmt":"2025-05-13T07:12:23","slug":"audience-insights","status":"publish","type":"page","link":"https:\/\/kkbc.com.vn\/vi-vn\/expertise\/audience-insights\/","title":{"rendered":"Th\u00f4ng tin chi ti\u1ebft v\u1ec1 kh\u00e1n gi\u1ea3"},"content":{"rendered":"<p>Th\u00f4ng tin chi ti\u1ebft v\u1ec1 \u0111\u1ed1i t\u01b0\u1ee3ng cung c\u1ea5p hi\u1ec3u bi\u1ebft s\u00e2u s\u1eafc h\u01a1n v\u1ec1 s\u1edf th\u00edch, h\u00e0nh vi v\u00e0 quy tr\u00ecnh ra quy\u1ebft \u0111\u1ecbnh c\u1ee7a th\u1ecb tr\u01b0\u1eddng m\u1ee5c ti\u00eau c\u1ee7a b\u1ea1n. Nh\u1eefng th\u00f4ng tin chi ti\u1ebft n\u00e0y r\u1ea5t quan tr\u1ecdng \u0111\u1ec3 truy\u1ec1n t\u1ea3i th\u00f4ng \u0111i\u1ec7p ti\u1ebfp th\u1ecb \u0111\u01b0\u1ee3c c\u00e1 nh\u00e2n h\u00f3a th\u1ef1c s\u1ef1 k\u1ebft n\u1ed1i v\u1edbi \u0111\u1ed1i t\u01b0\u1ee3ng c\u1ee7a b\u1ea1n.<\/p>\n","protected":false},"excerpt":{"rendered":"<p>Th\u00f4ng tin chi ti\u1ebft v\u1ec1 \u0111\u1ed1i t\u01b0\u1ee3ng cung c\u1ea5p hi\u1ec3u bi\u1ebft s\u00e2u s\u1eafc h\u01a1n v\u1ec1 s\u1edf th\u00edch, h\u00e0nh vi v\u00e0 quy tr\u00ecnh ra quy\u1ebft \u0111\u1ecbnh c\u1ee7a th\u1ecb tr\u01b0\u1eddng m\u1ee5c ti\u00eau c\u1ee7a b\u1ea1n. Nh\u1eefng th\u00f4ng tin chi ti\u1ebft n\u00e0y r\u1ea5t quan &hellip; <a href=\"https:\/\/kkbc.com.vn\/vi-vn\/expertise\/audience-insights\/\">Continue reading <span class=\"meta-nav\">&rarr;<\/span><\/a><\/p>\n","protected":false},"author":1,"featured_media":0,"parent":4813,"menu_order":47,"comment_status":"closed","ping_status":"closed","template":"template\/digitalmarketing.php","meta":{"_acf_changed":false,"footnotes":""},"class_list":["post-4893","page","type-page","status-publish","hentry"],"acf":[],"yoast_head":"<!-- This site is optimized with the Yoast SEO plugin v26.8 - https:\/\/yoast.com\/product\/yoast-seo-wordpress\/ -->\n<title>M\u1edf kh\u00f3a Th\u00f4ng tin chi ti\u1ebft v\u1ec1 \u0110\u1ed1i t\u01b0\u1ee3ng cho Ti\u1ebfp th\u1ecb B2B M\u1ee5c ti\u00eau<\/title>\n<meta name=\"description\" content=\"Hi\u1ec3u s\u00e2u h\u01a1n v\u1ec1 th\u1ecb tr\u01b0\u1eddng m\u1ee5c ti\u00eau v\u1edbi th\u00f4ng tin chi ti\u1ebft v\u1ec1 kh\u00e1n gi\u1ea3 c\u1ee7a KKBC, cho ph\u00e9p chi\u1ebfn l\u01b0\u1ee3c marketing c\u00e1 nh\u00e2n h\u00f3a, th\u00fac \u0111\u1ea9y t\u01b0\u01a1ng t\u00e1c v\u00e0 l\u00f2ng trung th\u00e0nh th\u01b0\u01a1ng hi\u1ec7u.\" \/>\n<meta name=\"robots\" content=\"index, follow, max-snippet:-1, max-image-preview:large, max-video-preview:-1\" \/>\n<link rel=\"canonical\" href=\"https:\/\/kkbc.com.vn\/vi-vn\/expertise\/audience-insights\/\" \/>\n<meta property=\"og:locale\" content=\"en_US\" \/>\n<meta property=\"og:type\" content=\"article\" \/>\n<meta property=\"og:title\" content=\"M\u1edf kh\u00f3a Th\u00f4ng tin chi ti\u1ebft v\u1ec1 \u0110\u1ed1i t\u01b0\u1ee3ng cho Ti\u1ebfp th\u1ecb B2B M\u1ee5c ti\u00eau\" \/>\n<meta property=\"og:description\" content=\"Hi\u1ec3u s\u00e2u h\u01a1n v\u1ec1 th\u1ecb tr\u01b0\u1eddng m\u1ee5c ti\u00eau v\u1edbi th\u00f4ng tin chi ti\u1ebft v\u1ec1 kh\u00e1n gi\u1ea3 c\u1ee7a KKBC, cho ph\u00e9p chi\u1ebfn l\u01b0\u1ee3c marketing c\u00e1 nh\u00e2n h\u00f3a, th\u00fac \u0111\u1ea9y t\u01b0\u01a1ng t\u00e1c v\u00e0 l\u00f2ng trung th\u00e0nh th\u01b0\u01a1ng hi\u1ec7u.\" \/>\n<meta property=\"og:url\" content=\"https:\/\/kkbc.com.vn\/vi-vn\/expertise\/audience-insights\/\" \/>\n<meta property=\"og:site_name\" content=\"KKBC Vi\u1ec7t Nam\" \/>\n<meta property=\"article:publisher\" content=\"https:\/\/www.facebook.com\/kkbc.co\" \/>\n<meta property=\"article:modified_time\" content=\"2025-05-13T07:12:23+00:00\" \/>\n<meta name=\"twitter:card\" content=\"summary_large_image\" \/>\n<meta name=\"twitter:site\" content=\"@kkbc_co\" \/>\n<meta name=\"twitter:label1\" content=\"Est. reading time\" \/>\n\t<meta name=\"twitter:data1\" content=\"1 minute\" \/>\n<script type=\"application\/ld+json\" class=\"yoast-schema-graph\">{\"@context\":\"https:\/\/schema.org\",\"@graph\":[{\"@type\":\"WebPage\",\"@id\":\"https:\/\/kkbc.com.vn\/vi-vn\/expertise\/audience-insights\/\",\"url\":\"https:\/\/kkbc.com.vn\/vi-vn\/expertise\/audience-insights\/\",\"name\":\"M\u1edf kh\u00f3a Th\u00f4ng tin chi ti\u1ebft v\u1ec1 \u0110\u1ed1i t\u01b0\u1ee3ng cho Ti\u1ebfp th\u1ecb B2B M\u1ee5c ti\u00eau\",\"isPartOf\":{\"@id\":\"https:\/\/kkbc.com.vn\/en\/#website\"},\"datePublished\":\"2024-10-04T05:13:28+00:00\",\"dateModified\":\"2025-05-13T07:12:23+00:00\",\"description\":\"Hi\u1ec3u s\u00e2u h\u01a1n v\u1ec1 th\u1ecb tr\u01b0\u1eddng m\u1ee5c ti\u00eau v\u1edbi th\u00f4ng tin chi ti\u1ebft v\u1ec1 kh\u00e1n gi\u1ea3 c\u1ee7a KKBC, cho ph\u00e9p chi\u1ebfn l\u01b0\u1ee3c marketing c\u00e1 nh\u00e2n h\u00f3a, th\u00fac \u0111\u1ea9y t\u01b0\u01a1ng t\u00e1c v\u00e0 l\u00f2ng trung th\u00e0nh th\u01b0\u01a1ng hi\u1ec7u.\",\"breadcrumb\":{\"@id\":\"https:\/\/kkbc.com.vn\/vi-vn\/expertise\/audience-insights\/#breadcrumb\"},\"inLanguage\":\"vi-VN2\",\"potentialAction\":[{\"@type\":\"ReadAction\",\"target\":[\"https:\/\/kkbc.com.vn\/vi-vn\/expertise\/audience-insights\/\"]}]},{\"@type\":\"BreadcrumbList\",\"@id\":\"https:\/\/kkbc.com.vn\/vi-vn\/expertise\/audience-insights\/#breadcrumb\",\"itemListElement\":[{\"@type\":\"ListItem\",\"position\":1,\"name\":\"Home\",\"item\":\"https:\/\/kkbc.com.vn\/vi-vn\/\"},{\"@type\":\"ListItem\",\"position\":2,\"name\":\"Chuy\u00ean m\u00f4n\",\"item\":\"https:\/\/kkbc.com.vn\/vi-vn\/expertise\/\"},{\"@type\":\"ListItem\",\"position\":3,\"name\":\"Th\u00f4ng tin chi ti\u1ebft v\u1ec1 kh\u00e1n gi\u1ea3\"}]},{\"@type\":\"WebSite\",\"@id\":\"https:\/\/kkbc.com.vn\/en\/#website\",\"url\":\"https:\/\/kkbc.com.vn\/en\/\",\"name\":\"KKBC\",\"description\":\"\",\"potentialAction\":[{\"@type\":\"SearchAction\",\"target\":{\"@type\":\"EntryPoint\",\"urlTemplate\":\"https:\/\/kkbc.com.vn\/en\/?s={search_term_string}\"},\"query-input\":{\"@type\":\"PropertyValueSpecification\",\"valueRequired\":true,\"valueName\":\"search_term_string\"}}],\"inLanguage\":\"vi-VN2\"}]}<\/script>\n<!-- \/ Yoast SEO plugin. -->","yoast_head_json":{"title":"M\u1edf kh\u00f3a Th\u00f4ng tin chi ti\u1ebft v\u1ec1 \u0110\u1ed1i t\u01b0\u1ee3ng cho Ti\u1ebfp th\u1ecb B2B M\u1ee5c ti\u00eau","description":"Hi\u1ec3u s\u00e2u h\u01a1n v\u1ec1 th\u1ecb tr\u01b0\u1eddng m\u1ee5c ti\u00eau v\u1edbi th\u00f4ng tin chi ti\u1ebft v\u1ec1 kh\u00e1n gi\u1ea3 c\u1ee7a KKBC, cho ph\u00e9p chi\u1ebfn l\u01b0\u1ee3c marketing c\u00e1 nh\u00e2n h\u00f3a, th\u00fac \u0111\u1ea9y t\u01b0\u01a1ng t\u00e1c v\u00e0 l\u00f2ng trung th\u00e0nh th\u01b0\u01a1ng hi\u1ec7u.","robots":{"index":"index","follow":"follow","max-snippet":"max-snippet:-1","max-image-preview":"max-image-preview:large","max-video-preview":"max-video-preview:-1"},"canonical":"https:\/\/kkbc.com.vn\/vi-vn\/expertise\/audience-insights\/","og_locale":"en_US","og_type":"article","og_title":"M\u1edf kh\u00f3a Th\u00f4ng tin chi ti\u1ebft v\u1ec1 \u0110\u1ed1i t\u01b0\u1ee3ng cho Ti\u1ebfp th\u1ecb B2B M\u1ee5c ti\u00eau","og_description":"Hi\u1ec3u s\u00e2u h\u01a1n v\u1ec1 th\u1ecb tr\u01b0\u1eddng m\u1ee5c ti\u00eau v\u1edbi th\u00f4ng tin chi ti\u1ebft v\u1ec1 kh\u00e1n gi\u1ea3 c\u1ee7a KKBC, cho ph\u00e9p chi\u1ebfn l\u01b0\u1ee3c marketing c\u00e1 nh\u00e2n h\u00f3a, th\u00fac \u0111\u1ea9y t\u01b0\u01a1ng t\u00e1c v\u00e0 l\u00f2ng trung th\u00e0nh th\u01b0\u01a1ng hi\u1ec7u.","og_url":"https:\/\/kkbc.com.vn\/vi-vn\/expertise\/audience-insights\/","og_site_name":"KKBC Vi\u1ec7t Nam","article_publisher":"https:\/\/www.facebook.com\/kkbc.co","article_modified_time":"2025-05-13T07:12:23+00:00","twitter_card":"summary_large_image","twitter_site":"@kkbc_co","twitter_misc":{"Est. reading time":"1 minute"},"schema":{"@context":"https:\/\/schema.org","@graph":[{"@type":"WebPage","@id":"https:\/\/kkbc.com.vn\/vi-vn\/expertise\/audience-insights\/","url":"https:\/\/kkbc.com.vn\/vi-vn\/expertise\/audience-insights\/","name":"M\u1edf kh\u00f3a Th\u00f4ng tin chi ti\u1ebft v\u1ec1 \u0110\u1ed1i t\u01b0\u1ee3ng cho Ti\u1ebfp th\u1ecb B2B M\u1ee5c ti\u00eau","isPartOf":{"@id":"https:\/\/kkbc.com.vn\/en\/#website"},"datePublished":"2024-10-04T05:13:28+00:00","dateModified":"2025-05-13T07:12:23+00:00","description":"Hi\u1ec3u s\u00e2u h\u01a1n v\u1ec1 th\u1ecb tr\u01b0\u1eddng m\u1ee5c ti\u00eau v\u1edbi th\u00f4ng tin chi ti\u1ebft v\u1ec1 kh\u00e1n gi\u1ea3 c\u1ee7a KKBC, cho ph\u00e9p chi\u1ebfn l\u01b0\u1ee3c marketing c\u00e1 nh\u00e2n h\u00f3a, th\u00fac \u0111\u1ea9y t\u01b0\u01a1ng t\u00e1c v\u00e0 l\u00f2ng trung th\u00e0nh th\u01b0\u01a1ng hi\u1ec7u.","breadcrumb":{"@id":"https:\/\/kkbc.com.vn\/vi-vn\/expertise\/audience-insights\/#breadcrumb"},"inLanguage":"vi-VN2","potentialAction":[{"@type":"ReadAction","target":["https:\/\/kkbc.com.vn\/vi-vn\/expertise\/audience-insights\/"]}]},{"@type":"BreadcrumbList","@id":"https:\/\/kkbc.com.vn\/vi-vn\/expertise\/audience-insights\/#breadcrumb","itemListElement":[{"@type":"ListItem","position":1,"name":"Home","item":"https:\/\/kkbc.com.vn\/vi-vn\/"},{"@type":"ListItem","position":2,"name":"Chuy\u00ean m\u00f4n","item":"https:\/\/kkbc.com.vn\/vi-vn\/expertise\/"},{"@type":"ListItem","position":3,"name":"Th\u00f4ng tin chi ti\u1ebft v\u1ec1 kh\u00e1n gi\u1ea3"}]},{"@type":"WebSite","@id":"https:\/\/kkbc.com.vn\/en\/#website","url":"https:\/\/kkbc.com.vn\/en\/","name":"KKBC","description":"","potentialAction":[{"@type":"SearchAction","target":{"@type":"EntryPoint","urlTemplate":"https:\/\/kkbc.com.vn\/en\/?s={search_term_string}"},"query-input":{"@type":"PropertyValueSpecification","valueRequired":true,"valueName":"search_term_string"}}],"inLanguage":"vi-VN2"}]}},"_links":{"self":[{"href":"https:\/\/kkbc.com.vn\/vi-vn\/wp-json\/wp\/v2\/pages\/4893","targetHints":{"allow":["GET"]}}],"collection":[{"href":"https:\/\/kkbc.com.vn\/vi-vn\/wp-json\/wp\/v2\/pages"}],"about":[{"href":"https:\/\/kkbc.com.vn\/vi-vn\/wp-json\/wp\/v2\/types\/page"}],"author":[{"embeddable":true,"href":"https:\/\/kkbc.com.vn\/vi-vn\/wp-json\/wp\/v2\/users\/1"}],"replies":[{"embeddable":true,"href":"https:\/\/kkbc.com.vn\/vi-vn\/wp-json\/wp\/v2\/comments?post=4893"}],"version-history":[{"count":4,"href":"https:\/\/kkbc.com.vn\/vi-vn\/wp-json\/wp\/v2\/pages\/4893\/revisions"}],"predecessor-version":[{"id":6721,"href":"https:\/\/kkbc.com.vn\/vi-vn\/wp-json\/wp\/v2\/pages\/4893\/revisions\/6721"}],"up":[{"embeddable":true,"href":"https:\/\/kkbc.com.vn\/vi-vn\/wp-json\/wp\/v2\/pages\/4813"}],"wp:attachment":[{"href":"https:\/\/kkbc.com.vn\/vi-vn\/wp-json\/wp\/v2\/media?parent=4893"}],"curies":[{"name":"wp","href":"https:\/\/api.w.org\/{rel}","templated":true}]}}