{"id":4907,"date":"2024-10-03T09:21:02","date_gmt":"2024-10-03T09:21:02","guid":{"rendered":"https:\/\/kkbcvietnam.com\/expertise\/competitive-intelligence-services\/"},"modified":"2025-05-13T08:12:56","modified_gmt":"2025-05-13T08:12:56","slug":"competitive-intelligence-services","status":"publish","type":"page","link":"https:\/\/kkbc.com.vn\/vi-vn\/expertise\/competitive-intelligence-services\/","title":{"rendered":"Tr\u00ed th\u00f4ng minh c\u1ea1nh tranh"},"content":{"rendered":"","protected":false},"excerpt":{"rendered":"","protected":false},"author":1,"featured_media":0,"parent":4813,"menu_order":54,"comment_status":"closed","ping_status":"closed","template":"template\/digitalmarketing.php","meta":{"_acf_changed":false,"footnotes":""},"class_list":["post-4907","page","type-page","status-publish","hentry"],"acf":[],"yoast_head":"<!-- This site is optimized with the Yoast SEO plugin v26.8 - https:\/\/yoast.com\/product\/yoast-seo-wordpress\/ -->\n<title>D\u1ecbch v\u1ee5 T\u00ecnh b\u00e1o C\u1ea1nh tranh | \u0110\u1ecbnh v\u1ecb Th\u1ecb tr\u01b0\u1eddng | KKBC<\/title>\n<meta name=\"description\" content=\"T\u1eadn d\u1ee5ng d\u1ecbch v\u1ee5 t\u00ecnh b\u00e1o c\u1ea1nh tranh c\u1ee7a KKBC \u0111\u1ec3 c\u00f3 th\u00f4ng tin h\u1eefu \u00edch, d\u1ef1 \u0111o\u00e1n thay \u0111\u1ed5i th\u1ecb tr\u01b0\u1eddng v\u00e0 v\u01b0\u1ee3t tr\u1ed9i \u0111\u1ed1i th\u1ee7.\" \/>\n<meta name=\"robots\" content=\"index, follow, max-snippet:-1, max-image-preview:large, max-video-preview:-1\" \/>\n<link rel=\"canonical\" href=\"https:\/\/kkbc.com.vn\/vi-vn\/expertise\/competitive-intelligence-services\/\" \/>\n<meta property=\"og:locale\" content=\"en_US\" \/>\n<meta property=\"og:type\" content=\"article\" \/>\n<meta property=\"og:title\" content=\"D\u1ecbch v\u1ee5 T\u00ecnh b\u00e1o C\u1ea1nh tranh | \u0110\u1ecbnh v\u1ecb Th\u1ecb tr\u01b0\u1eddng | KKBC\" \/>\n<meta property=\"og:description\" content=\"T\u1eadn d\u1ee5ng d\u1ecbch v\u1ee5 t\u00ecnh b\u00e1o c\u1ea1nh tranh c\u1ee7a KKBC \u0111\u1ec3 c\u00f3 th\u00f4ng tin h\u1eefu \u00edch, d\u1ef1 \u0111o\u00e1n thay \u0111\u1ed5i th\u1ecb tr\u01b0\u1eddng v\u00e0 v\u01b0\u1ee3t tr\u1ed9i \u0111\u1ed1i th\u1ee7.\" \/>\n<meta property=\"og:url\" content=\"https:\/\/kkbc.com.vn\/vi-vn\/expertise\/competitive-intelligence-services\/\" \/>\n<meta property=\"og:site_name\" content=\"KKBC Vi\u1ec7t Nam\" \/>\n<meta property=\"article:publisher\" content=\"https:\/\/www.facebook.com\/kkbc.co\" \/>\n<meta property=\"article:modified_time\" content=\"2025-05-13T08:12:56+00:00\" \/>\n<meta name=\"twitter:card\" content=\"summary_large_image\" \/>\n<meta name=\"twitter:site\" content=\"@kkbc_co\" \/>\n<script type=\"application\/ld+json\" class=\"yoast-schema-graph\">{\"@context\":\"https:\/\/schema.org\",\"@graph\":[{\"@type\":\"WebPage\",\"@id\":\"https:\/\/kkbc.com.vn\/vi-vn\/expertise\/competitive-intelligence-services\/\",\"url\":\"https:\/\/kkbc.com.vn\/vi-vn\/expertise\/competitive-intelligence-services\/\",\"name\":\"D\u1ecbch v\u1ee5 T\u00ecnh b\u00e1o C\u1ea1nh tranh | \u0110\u1ecbnh v\u1ecb Th\u1ecb tr\u01b0\u1eddng | KKBC\",\"isPartOf\":{\"@id\":\"https:\/\/kkbc.com.vn\/en\/#website\"},\"datePublished\":\"2024-10-03T09:21:02+00:00\",\"dateModified\":\"2025-05-13T08:12:56+00:00\",\"description\":\"T\u1eadn d\u1ee5ng d\u1ecbch v\u1ee5 t\u00ecnh b\u00e1o c\u1ea1nh tranh c\u1ee7a KKBC \u0111\u1ec3 c\u00f3 th\u00f4ng tin h\u1eefu \u00edch, d\u1ef1 \u0111o\u00e1n thay \u0111\u1ed5i th\u1ecb tr\u01b0\u1eddng v\u00e0 v\u01b0\u1ee3t tr\u1ed9i \u0111\u1ed1i th\u1ee7.\",\"breadcrumb\":{\"@id\":\"https:\/\/kkbc.com.vn\/vi-vn\/expertise\/competitive-intelligence-services\/#breadcrumb\"},\"inLanguage\":\"vi-VN2\",\"potentialAction\":[{\"@type\":\"ReadAction\",\"target\":[\"https:\/\/kkbc.com.vn\/vi-vn\/expertise\/competitive-intelligence-services\/\"]}]},{\"@type\":\"BreadcrumbList\",\"@id\":\"https:\/\/kkbc.com.vn\/vi-vn\/expertise\/competitive-intelligence-services\/#breadcrumb\",\"itemListElement\":[{\"@type\":\"ListItem\",\"position\":1,\"name\":\"Home\",\"item\":\"https:\/\/kkbc.com.vn\/vi-vn\/\"},{\"@type\":\"ListItem\",\"position\":2,\"name\":\"Chuy\u00ean m\u00f4n\",\"item\":\"https:\/\/kkbc.com.vn\/vi-vn\/expertise\/\"},{\"@type\":\"ListItem\",\"position\":3,\"name\":\"Tr\u00ed th\u00f4ng minh c\u1ea1nh tranh\"}]},{\"@type\":\"WebSite\",\"@id\":\"https:\/\/kkbc.com.vn\/en\/#website\",\"url\":\"https:\/\/kkbc.com.vn\/en\/\",\"name\":\"KKBC\",\"description\":\"\",\"potentialAction\":[{\"@type\":\"SearchAction\",\"target\":{\"@type\":\"EntryPoint\",\"urlTemplate\":\"https:\/\/kkbc.com.vn\/en\/?s={search_term_string}\"},\"query-input\":{\"@type\":\"PropertyValueSpecification\",\"valueRequired\":true,\"valueName\":\"search_term_string\"}}],\"inLanguage\":\"vi-VN2\"}]}<\/script>\n<!-- \/ Yoast SEO plugin. -->","yoast_head_json":{"title":"D\u1ecbch v\u1ee5 T\u00ecnh b\u00e1o C\u1ea1nh tranh | \u0110\u1ecbnh v\u1ecb Th\u1ecb tr\u01b0\u1eddng | KKBC","description":"T\u1eadn d\u1ee5ng d\u1ecbch v\u1ee5 t\u00ecnh b\u00e1o c\u1ea1nh tranh c\u1ee7a KKBC \u0111\u1ec3 c\u00f3 th\u00f4ng tin h\u1eefu \u00edch, d\u1ef1 \u0111o\u00e1n thay \u0111\u1ed5i th\u1ecb tr\u01b0\u1eddng v\u00e0 v\u01b0\u1ee3t tr\u1ed9i \u0111\u1ed1i th\u1ee7.","robots":{"index":"index","follow":"follow","max-snippet":"max-snippet:-1","max-image-preview":"max-image-preview:large","max-video-preview":"max-video-preview:-1"},"canonical":"https:\/\/kkbc.com.vn\/vi-vn\/expertise\/competitive-intelligence-services\/","og_locale":"en_US","og_type":"article","og_title":"D\u1ecbch v\u1ee5 T\u00ecnh b\u00e1o C\u1ea1nh tranh | \u0110\u1ecbnh v\u1ecb Th\u1ecb tr\u01b0\u1eddng | KKBC","og_description":"T\u1eadn d\u1ee5ng d\u1ecbch v\u1ee5 t\u00ecnh b\u00e1o c\u1ea1nh tranh c\u1ee7a KKBC \u0111\u1ec3 c\u00f3 th\u00f4ng tin h\u1eefu \u00edch, d\u1ef1 \u0111o\u00e1n thay \u0111\u1ed5i th\u1ecb tr\u01b0\u1eddng v\u00e0 v\u01b0\u1ee3t tr\u1ed9i \u0111\u1ed1i th\u1ee7.","og_url":"https:\/\/kkbc.com.vn\/vi-vn\/expertise\/competitive-intelligence-services\/","og_site_name":"KKBC Vi\u1ec7t Nam","article_publisher":"https:\/\/www.facebook.com\/kkbc.co","article_modified_time":"2025-05-13T08:12:56+00:00","twitter_card":"summary_large_image","twitter_site":"@kkbc_co","schema":{"@context":"https:\/\/schema.org","@graph":[{"@type":"WebPage","@id":"https:\/\/kkbc.com.vn\/vi-vn\/expertise\/competitive-intelligence-services\/","url":"https:\/\/kkbc.com.vn\/vi-vn\/expertise\/competitive-intelligence-services\/","name":"D\u1ecbch v\u1ee5 T\u00ecnh b\u00e1o C\u1ea1nh tranh | \u0110\u1ecbnh v\u1ecb Th\u1ecb tr\u01b0\u1eddng | KKBC","isPartOf":{"@id":"https:\/\/kkbc.com.vn\/en\/#website"},"datePublished":"2024-10-03T09:21:02+00:00","dateModified":"2025-05-13T08:12:56+00:00","description":"T\u1eadn d\u1ee5ng d\u1ecbch v\u1ee5 t\u00ecnh b\u00e1o c\u1ea1nh tranh c\u1ee7a KKBC \u0111\u1ec3 c\u00f3 th\u00f4ng tin h\u1eefu \u00edch, d\u1ef1 \u0111o\u00e1n thay \u0111\u1ed5i th\u1ecb tr\u01b0\u1eddng v\u00e0 v\u01b0\u1ee3t tr\u1ed9i \u0111\u1ed1i th\u1ee7.","breadcrumb":{"@id":"https:\/\/kkbc.com.vn\/vi-vn\/expertise\/competitive-intelligence-services\/#breadcrumb"},"inLanguage":"vi-VN2","potentialAction":[{"@type":"ReadAction","target":["https:\/\/kkbc.com.vn\/vi-vn\/expertise\/competitive-intelligence-services\/"]}]},{"@type":"BreadcrumbList","@id":"https:\/\/kkbc.com.vn\/vi-vn\/expertise\/competitive-intelligence-services\/#breadcrumb","itemListElement":[{"@type":"ListItem","position":1,"name":"Home","item":"https:\/\/kkbc.com.vn\/vi-vn\/"},{"@type":"ListItem","position":2,"name":"Chuy\u00ean m\u00f4n","item":"https:\/\/kkbc.com.vn\/vi-vn\/expertise\/"},{"@type":"ListItem","position":3,"name":"Tr\u00ed th\u00f4ng minh c\u1ea1nh tranh"}]},{"@type":"WebSite","@id":"https:\/\/kkbc.com.vn\/en\/#website","url":"https:\/\/kkbc.com.vn\/en\/","name":"KKBC","description":"","potentialAction":[{"@type":"SearchAction","target":{"@type":"EntryPoint","urlTemplate":"https:\/\/kkbc.com.vn\/en\/?s={search_term_string}"},"query-input":{"@type":"PropertyValueSpecification","valueRequired":true,"valueName":"search_term_string"}}],"inLanguage":"vi-VN2"}]}},"_links":{"self":[{"href":"https:\/\/kkbc.com.vn\/vi-vn\/wp-json\/wp\/v2\/pages\/4907","targetHints":{"allow":["GET"]}}],"collection":[{"href":"https:\/\/kkbc.com.vn\/vi-vn\/wp-json\/wp\/v2\/pages"}],"about":[{"href":"https:\/\/kkbc.com.vn\/vi-vn\/wp-json\/wp\/v2\/types\/page"}],"author":[{"embeddable":true,"href":"https:\/\/kkbc.com.vn\/vi-vn\/wp-json\/wp\/v2\/users\/1"}],"replies":[{"embeddable":true,"href":"https:\/\/kkbc.com.vn\/vi-vn\/wp-json\/wp\/v2\/comments?post=4907"}],"version-history":[{"count":5,"href":"https:\/\/kkbc.com.vn\/vi-vn\/wp-json\/wp\/v2\/pages\/4907\/revisions"}],"predecessor-version":[{"id":6811,"href":"https:\/\/kkbc.com.vn\/vi-vn\/wp-json\/wp\/v2\/pages\/4907\/revisions\/6811"}],"up":[{"embeddable":true,"href":"https:\/\/kkbc.com.vn\/vi-vn\/wp-json\/wp\/v2\/pages\/4813"}],"wp:attachment":[{"href":"https:\/\/kkbc.com.vn\/vi-vn\/wp-json\/wp\/v2\/media?parent=4907"}],"curies":[{"name":"wp","href":"https:\/\/api.w.org\/{rel}","templated":true}]}}