{"id":4917,"date":"2024-10-03T08:26:41","date_gmt":"2024-10-03T08:26:41","guid":{"rendered":"https:\/\/kkbcvietnam.com\/expertise\/brand-strength-management\/"},"modified":"2025-05-13T08:05:31","modified_gmt":"2025-05-13T08:05:31","slug":"brand-strength-management","status":"publish","type":"page","link":"https:\/\/kkbc.com.vn\/vi-vn\/expertise\/brand-strength-management\/","title":{"rendered":"Qu\u1ea3n l\u00fd s\u1ee9c m\u1ea1nh th\u01b0\u01a1ng hi\u1ec7u"},"content":{"rendered":"<p>Vi\u1ec7c thi\u1ebft l\u1eadp m\u1ed9t th\u01b0\u01a1ng hi\u1ec7u m\u1ea1nh m\u1ebd l\u00e0 r\u1ea5t quan tr\u1ecdng \u0111\u1ed1i v\u1edbi c\u00e1c chi\u1ebfn l\u01b0\u1ee3c ti\u1ebfp th\u1ecb hi\u1ec7u qu\u1ea3. Ph\u01b0\u01a1ng ph\u00e1p n\u00e0y cung c\u1ea5p g\u00f3c nh\u00ecn thi\u1ebft y\u1ebfu v\u1ec1 m\u1ee5c ti\u00eau c\u1ee7a t\u1ed5 ch\u1ee9c, \u0111\u1ecbnh v\u1ecb th\u1ecb tr\u01b0\u1eddng v\u00e0 nh\u1eefng th\u00e1ch th\u1ee9c m\u00e0 c\u00e1c th\u01b0\u01a1ng hi\u1ec7u g\u1eb7p ph\u1ea3i, cho ph\u00e9p c\u00e1c nh\u00f3m \u0111i\u1ec1u ch\u1ec9nh chi\u1ebfn l\u01b0\u1ee3c c\u1ee7a h\u1ecd m\u1ed9t c\u00e1ch hi\u1ec7u qu\u1ea3.<\/p>\n","protected":false},"excerpt":{"rendered":"<p>Vi\u1ec7c thi\u1ebft l\u1eadp m\u1ed9t th\u01b0\u01a1ng hi\u1ec7u m\u1ea1nh m\u1ebd l\u00e0 r\u1ea5t quan tr\u1ecdng \u0111\u1ed1i v\u1edbi c\u00e1c chi\u1ebfn l\u01b0\u1ee3c ti\u1ebfp th\u1ecb hi\u1ec7u qu\u1ea3. Ph\u01b0\u01a1ng ph\u00e1p n\u00e0y cung c\u1ea5p g\u00f3c nh\u00ecn thi\u1ebft y\u1ebfu v\u1ec1 m\u1ee5c ti\u00eau c\u1ee7a t\u1ed5 ch\u1ee9c, \u0111\u1ecbnh v\u1ecb th\u1ecb tr\u01b0\u1eddng &hellip; <a href=\"https:\/\/kkbc.com.vn\/vi-vn\/expertise\/brand-strength-management\/\">Continue reading <span class=\"meta-nav\">&rarr;<\/span><\/a><\/p>\n","protected":false},"author":1,"featured_media":0,"parent":4813,"menu_order":59,"comment_status":"closed","ping_status":"closed","template":"template\/digitalmarketing.php","meta":{"_acf_changed":false,"footnotes":""},"class_list":["post-4917","page","type-page","status-publish","hentry"],"acf":[],"yoast_head":"<!-- This site is optimized with the Yoast SEO plugin v26.8 - https:\/\/yoast.com\/product\/yoast-seo-wordpress\/ -->\n<title>Qu\u1ea3n l\u00fd S\u1ee9c m\u1ea1nh Th\u01b0\u01a1ng hi\u1ec7u | Nh\u1eadn di\u1ec7n Th\u01b0\u01a1ng hi\u1ec7u | KKBC<\/title>\n<meta name=\"description\" content=\"D\u1ecbch v\u1ee5 Qu\u1ea3n L\u00fd S\u1ee9c M\u1ea1nh Th\u01b0\u01a1ng Hi\u1ec7u c\u1ee7a KKBC t\u1eadp trung x\u00e2y d\u1ef1ng h\u00ecnh \u1ea3nh th\u01b0\u01a1ng hi\u1ec7u m\u1ea1nh m\u1ebd, t\u00edch c\u1ef1c, nu\u00f4i d\u01b0\u1ee1ng l\u00f2ng trung th\u00e0nh v\u00e0 t\u1ea1o s\u1ef1 kh\u00e1c bi\u1ec7t.\" \/>\n<meta name=\"robots\" content=\"index, follow, max-snippet:-1, max-image-preview:large, max-video-preview:-1\" \/>\n<link rel=\"canonical\" href=\"https:\/\/kkbc.com.vn\/vi-vn\/expertise\/brand-strength-management\/\" \/>\n<meta property=\"og:locale\" content=\"en_US\" \/>\n<meta property=\"og:type\" content=\"article\" \/>\n<meta property=\"og:title\" content=\"Qu\u1ea3n l\u00fd S\u1ee9c m\u1ea1nh Th\u01b0\u01a1ng hi\u1ec7u | Nh\u1eadn di\u1ec7n Th\u01b0\u01a1ng hi\u1ec7u | KKBC\" \/>\n<meta property=\"og:description\" content=\"D\u1ecbch v\u1ee5 Qu\u1ea3n L\u00fd S\u1ee9c M\u1ea1nh Th\u01b0\u01a1ng Hi\u1ec7u c\u1ee7a KKBC t\u1eadp trung x\u00e2y d\u1ef1ng h\u00ecnh \u1ea3nh th\u01b0\u01a1ng hi\u1ec7u m\u1ea1nh m\u1ebd, t\u00edch c\u1ef1c, nu\u00f4i d\u01b0\u1ee1ng l\u00f2ng trung th\u00e0nh v\u00e0 t\u1ea1o s\u1ef1 kh\u00e1c bi\u1ec7t.\" \/>\n<meta property=\"og:url\" content=\"https:\/\/kkbc.com.vn\/vi-vn\/expertise\/brand-strength-management\/\" \/>\n<meta property=\"og:site_name\" content=\"KKBC Vi\u1ec7t Nam\" \/>\n<meta property=\"article:publisher\" content=\"https:\/\/www.facebook.com\/kkbc.co\" \/>\n<meta property=\"article:modified_time\" content=\"2025-05-13T08:05:31+00:00\" \/>\n<meta name=\"twitter:card\" content=\"summary_large_image\" \/>\n<meta name=\"twitter:site\" content=\"@kkbc_co\" \/>\n<meta name=\"twitter:label1\" content=\"Est. reading time\" \/>\n\t<meta name=\"twitter:data1\" content=\"1 minute\" \/>\n<script type=\"application\/ld+json\" class=\"yoast-schema-graph\">{\"@context\":\"https:\/\/schema.org\",\"@graph\":[{\"@type\":\"WebPage\",\"@id\":\"https:\/\/kkbc.com.vn\/vi-vn\/expertise\/brand-strength-management\/\",\"url\":\"https:\/\/kkbc.com.vn\/vi-vn\/expertise\/brand-strength-management\/\",\"name\":\"Qu\u1ea3n l\u00fd S\u1ee9c m\u1ea1nh Th\u01b0\u01a1ng hi\u1ec7u | Nh\u1eadn di\u1ec7n Th\u01b0\u01a1ng hi\u1ec7u | KKBC\",\"isPartOf\":{\"@id\":\"http:\/\/54.255.1.206:80\/vi-vn\/#website\"},\"datePublished\":\"2024-10-03T08:26:41+00:00\",\"dateModified\":\"2025-05-13T08:05:31+00:00\",\"description\":\"D\u1ecbch v\u1ee5 Qu\u1ea3n L\u00fd S\u1ee9c M\u1ea1nh Th\u01b0\u01a1ng Hi\u1ec7u c\u1ee7a KKBC t\u1eadp trung x\u00e2y d\u1ef1ng h\u00ecnh \u1ea3nh th\u01b0\u01a1ng hi\u1ec7u m\u1ea1nh m\u1ebd, t\u00edch c\u1ef1c, nu\u00f4i d\u01b0\u1ee1ng l\u00f2ng trung th\u00e0nh v\u00e0 t\u1ea1o s\u1ef1 kh\u00e1c bi\u1ec7t.\",\"breadcrumb\":{\"@id\":\"https:\/\/kkbc.com.vn\/vi-vn\/expertise\/brand-strength-management\/#breadcrumb\"},\"inLanguage\":\"vi-VN2\",\"potentialAction\":[{\"@type\":\"ReadAction\",\"target\":[\"https:\/\/kkbc.com.vn\/vi-vn\/expertise\/brand-strength-management\/\"]}]},{\"@type\":\"BreadcrumbList\",\"@id\":\"https:\/\/kkbc.com.vn\/vi-vn\/expertise\/brand-strength-management\/#breadcrumb\",\"itemListElement\":[{\"@type\":\"ListItem\",\"position\":1,\"name\":\"Home\",\"item\":\"http:\/\/54.255.1.206:80\/vi-vn\/\"},{\"@type\":\"ListItem\",\"position\":2,\"name\":\"Chuy\u00ean m\u00f4n\",\"item\":\"https:\/\/kkbc.com.vn\/vi-vn\/expertise\/\"},{\"@type\":\"ListItem\",\"position\":3,\"name\":\"Qu\u1ea3n l\u00fd s\u1ee9c m\u1ea1nh th\u01b0\u01a1ng hi\u1ec7u\"}]},{\"@type\":\"WebSite\",\"@id\":\"http:\/\/54.255.1.206:80\/vi-vn\/#website\",\"url\":\"http:\/\/54.255.1.206:80\/vi-vn\/\",\"name\":\"KKBC\",\"description\":\"\",\"potentialAction\":[{\"@type\":\"SearchAction\",\"target\":{\"@type\":\"EntryPoint\",\"urlTemplate\":\"http:\/\/54.255.1.206:80\/vi-vn\/?s={search_term_string}\"},\"query-input\":{\"@type\":\"PropertyValueSpecification\",\"valueRequired\":true,\"valueName\":\"search_term_string\"}}],\"inLanguage\":\"vi-VN2\"}]}<\/script>\n<!-- \/ Yoast SEO plugin. -->","yoast_head_json":{"title":"Qu\u1ea3n l\u00fd S\u1ee9c m\u1ea1nh Th\u01b0\u01a1ng hi\u1ec7u | Nh\u1eadn di\u1ec7n Th\u01b0\u01a1ng hi\u1ec7u | KKBC","description":"D\u1ecbch v\u1ee5 Qu\u1ea3n L\u00fd S\u1ee9c M\u1ea1nh Th\u01b0\u01a1ng Hi\u1ec7u c\u1ee7a KKBC t\u1eadp trung x\u00e2y d\u1ef1ng h\u00ecnh \u1ea3nh th\u01b0\u01a1ng hi\u1ec7u m\u1ea1nh m\u1ebd, t\u00edch c\u1ef1c, nu\u00f4i d\u01b0\u1ee1ng l\u00f2ng trung th\u00e0nh v\u00e0 t\u1ea1o s\u1ef1 kh\u00e1c bi\u1ec7t.","robots":{"index":"index","follow":"follow","max-snippet":"max-snippet:-1","max-image-preview":"max-image-preview:large","max-video-preview":"max-video-preview:-1"},"canonical":"https:\/\/kkbc.com.vn\/vi-vn\/expertise\/brand-strength-management\/","og_locale":"en_US","og_type":"article","og_title":"Qu\u1ea3n l\u00fd S\u1ee9c m\u1ea1nh Th\u01b0\u01a1ng hi\u1ec7u | Nh\u1eadn di\u1ec7n Th\u01b0\u01a1ng hi\u1ec7u | KKBC","og_description":"D\u1ecbch v\u1ee5 Qu\u1ea3n L\u00fd S\u1ee9c M\u1ea1nh Th\u01b0\u01a1ng Hi\u1ec7u c\u1ee7a KKBC t\u1eadp trung x\u00e2y d\u1ef1ng h\u00ecnh \u1ea3nh th\u01b0\u01a1ng hi\u1ec7u m\u1ea1nh m\u1ebd, t\u00edch c\u1ef1c, nu\u00f4i d\u01b0\u1ee1ng l\u00f2ng trung th\u00e0nh v\u00e0 t\u1ea1o s\u1ef1 kh\u00e1c bi\u1ec7t.","og_url":"https:\/\/kkbc.com.vn\/vi-vn\/expertise\/brand-strength-management\/","og_site_name":"KKBC Vi\u1ec7t Nam","article_publisher":"https:\/\/www.facebook.com\/kkbc.co","article_modified_time":"2025-05-13T08:05:31+00:00","twitter_card":"summary_large_image","twitter_site":"@kkbc_co","twitter_misc":{"Est. reading time":"1 minute"},"schema":{"@context":"https:\/\/schema.org","@graph":[{"@type":"WebPage","@id":"https:\/\/kkbc.com.vn\/vi-vn\/expertise\/brand-strength-management\/","url":"https:\/\/kkbc.com.vn\/vi-vn\/expertise\/brand-strength-management\/","name":"Qu\u1ea3n l\u00fd S\u1ee9c m\u1ea1nh Th\u01b0\u01a1ng hi\u1ec7u | Nh\u1eadn di\u1ec7n Th\u01b0\u01a1ng hi\u1ec7u | KKBC","isPartOf":{"@id":"http:\/\/54.255.1.206:80\/vi-vn\/#website"},"datePublished":"2024-10-03T08:26:41+00:00","dateModified":"2025-05-13T08:05:31+00:00","description":"D\u1ecbch v\u1ee5 Qu\u1ea3n L\u00fd S\u1ee9c M\u1ea1nh Th\u01b0\u01a1ng Hi\u1ec7u c\u1ee7a KKBC t\u1eadp trung x\u00e2y d\u1ef1ng h\u00ecnh \u1ea3nh th\u01b0\u01a1ng hi\u1ec7u m\u1ea1nh m\u1ebd, t\u00edch c\u1ef1c, nu\u00f4i d\u01b0\u1ee1ng l\u00f2ng trung th\u00e0nh v\u00e0 t\u1ea1o s\u1ef1 kh\u00e1c bi\u1ec7t.","breadcrumb":{"@id":"https:\/\/kkbc.com.vn\/vi-vn\/expertise\/brand-strength-management\/#breadcrumb"},"inLanguage":"vi-VN2","potentialAction":[{"@type":"ReadAction","target":["https:\/\/kkbc.com.vn\/vi-vn\/expertise\/brand-strength-management\/"]}]},{"@type":"BreadcrumbList","@id":"https:\/\/kkbc.com.vn\/vi-vn\/expertise\/brand-strength-management\/#breadcrumb","itemListElement":[{"@type":"ListItem","position":1,"name":"Home","item":"http:\/\/54.255.1.206:80\/vi-vn\/"},{"@type":"ListItem","position":2,"name":"Chuy\u00ean m\u00f4n","item":"https:\/\/kkbc.com.vn\/vi-vn\/expertise\/"},{"@type":"ListItem","position":3,"name":"Qu\u1ea3n l\u00fd s\u1ee9c m\u1ea1nh th\u01b0\u01a1ng hi\u1ec7u"}]},{"@type":"WebSite","@id":"http:\/\/54.255.1.206:80\/vi-vn\/#website","url":"http:\/\/54.255.1.206:80\/vi-vn\/","name":"KKBC","description":"","potentialAction":[{"@type":"SearchAction","target":{"@type":"EntryPoint","urlTemplate":"http:\/\/54.255.1.206:80\/vi-vn\/?s={search_term_string}"},"query-input":{"@type":"PropertyValueSpecification","valueRequired":true,"valueName":"search_term_string"}}],"inLanguage":"vi-VN2"}]}},"_links":{"self":[{"href":"https:\/\/kkbc.com.vn\/vi-vn\/wp-json\/wp\/v2\/pages\/4917","targetHints":{"allow":["GET"]}}],"collection":[{"href":"https:\/\/kkbc.com.vn\/vi-vn\/wp-json\/wp\/v2\/pages"}],"about":[{"href":"https:\/\/kkbc.com.vn\/vi-vn\/wp-json\/wp\/v2\/types\/page"}],"author":[{"embeddable":true,"href":"https:\/\/kkbc.com.vn\/vi-vn\/wp-json\/wp\/v2\/users\/1"}],"replies":[{"embeddable":true,"href":"https:\/\/kkbc.com.vn\/vi-vn\/wp-json\/wp\/v2\/comments?post=4917"}],"version-history":[{"count":4,"href":"https:\/\/kkbc.com.vn\/vi-vn\/wp-json\/wp\/v2\/pages\/4917\/revisions"}],"predecessor-version":[{"id":6795,"href":"https:\/\/kkbc.com.vn\/vi-vn\/wp-json\/wp\/v2\/pages\/4917\/revisions\/6795"}],"up":[{"embeddable":true,"href":"https:\/\/kkbc.com.vn\/vi-vn\/wp-json\/wp\/v2\/pages\/4813"}],"wp:attachment":[{"href":"https:\/\/kkbc.com.vn\/vi-vn\/wp-json\/wp\/v2\/media?parent=4917"}],"curies":[{"name":"wp","href":"https:\/\/api.w.org\/{rel}","templated":true}]}}