{"id":4919,"date":"2024-10-03T08:20:24","date_gmt":"2024-10-03T08:20:24","guid":{"rendered":"https:\/\/kkbcvietnam.com\/expertise\/customer-experience-strategy\/"},"modified":"2025-05-13T08:05:03","modified_gmt":"2025-05-13T08:05:03","slug":"customer-experience-strategy","status":"publish","type":"page","link":"https:\/\/kkbc.com.vn\/vi-vn\/expertise\/customer-experience-strategy\/","title":{"rendered":"Chi\u1ebfn l\u01b0\u1ee3c tr\u1ea3i nghi\u1ec7m kh\u00e1ch h\u00e0ng"},"content":{"rendered":"<p>Ph\u00e1t tri\u1ec3n chi\u1ebfn l\u01b0\u1ee3c tr\u1ea3i nghi\u1ec7m kh\u00e1ch h\u00e0ng l\u00e0 \u0111i\u1ec1u c\u1ea7n thi\u1ebft \u0111\u1ec3 hi\u1ec3u c\u00e1ch kh\u00e1ch h\u00e0ng t\u01b0\u01a1ng t\u00e1c v\u1edbi th\u01b0\u01a1ng hi\u1ec7u c\u1ee7a b\u1ea1n t\u1ea1i m\u1ecdi \u0111i\u1ec3m ti\u1ebfp x\u00fac. Chi\u1ebfn l\u01b0\u1ee3c n\u00e0y bao g\u1ed3m vi\u1ec7c thu th\u1eadp v\u00e0 ph\u00e2n t\u00edch ph\u1ea3n h\u1ed3i c\u1ee7a kh\u00e1ch h\u00e0ng, l\u1eadp b\u1ea3n \u0111\u1ed3 h\u00e0nh tr\u00ecnh v\u00e0 x\u00e1c \u0111\u1ecbnh nh\u1eefng th\u1eddi \u0111i\u1ec3m quan tr\u1ecdng \u1ea3nh h\u01b0\u1edfng \u0111\u00e1ng k\u1ec3 \u0111\u1ebfn s\u1ef1 h\u00e0i l\u00f2ng.<\/p>\n","protected":false},"excerpt":{"rendered":"<p>Ph\u00e1t tri\u1ec3n chi\u1ebfn l\u01b0\u1ee3c tr\u1ea3i nghi\u1ec7m kh\u00e1ch h\u00e0ng l\u00e0 \u0111i\u1ec1u c\u1ea7n thi\u1ebft \u0111\u1ec3 hi\u1ec3u c\u00e1ch kh\u00e1ch h\u00e0ng t\u01b0\u01a1ng t\u00e1c v\u1edbi th\u01b0\u01a1ng hi\u1ec7u c\u1ee7a b\u1ea1n t\u1ea1i m\u1ecdi \u0111i\u1ec3m ti\u1ebfp x\u00fac. Chi\u1ebfn l\u01b0\u1ee3c n\u00e0y bao g\u1ed3m vi\u1ec7c thu th\u1eadp v\u00e0 ph\u00e2n t\u00edch &hellip; <a href=\"https:\/\/kkbc.com.vn\/vi-vn\/expertise\/customer-experience-strategy\/\">Continue reading <span class=\"meta-nav\">&rarr;<\/span><\/a><\/p>\n","protected":false},"author":1,"featured_media":0,"parent":4813,"menu_order":60,"comment_status":"closed","ping_status":"closed","template":"template\/digitalmarketing.php","meta":{"_acf_changed":false,"footnotes":""},"class_list":["post-4919","page","type-page","status-publish","hentry"],"acf":[],"yoast_head":"<!-- This site is optimized with the Yoast SEO plugin v26.8 - https:\/\/yoast.com\/product\/yoast-seo-wordpress\/ -->\n<title>Chi\u1ebfn l\u01b0\u1ee3c Tr\u1ea3i nghi\u1ec7m Kh\u00e1ch h\u00e0ng | Chuy\u00ean m\u00f4n | KKBC<\/title>\n<meta name=\"description\" content=\"T\u0103ng c\u01b0\u1eddng t\u01b0\u01a1ng t\u00e1c kh\u00e1ch h\u00e0ng v\u1edbi chi\u1ebfn l\u01b0\u1ee3c tr\u1ea3i nghi\u1ec7m ri\u00eang bi\u1ec7t c\u1ee7a KKBC, t\u1eadp trung v\u00e0o h\u00e0nh tr\u00ecnh, ph\u1ea3n h\u1ed3i v\u00e0 gi\u1ea3i ph\u00e1p linh ho\u1ea1t.\" \/>\n<meta name=\"robots\" content=\"index, follow, max-snippet:-1, max-image-preview:large, max-video-preview:-1\" \/>\n<link rel=\"canonical\" href=\"https:\/\/kkbc.com.vn\/vi-vn\/expertise\/customer-experience-strategy\/\" \/>\n<meta property=\"og:locale\" content=\"en_US\" \/>\n<meta property=\"og:type\" content=\"article\" \/>\n<meta property=\"og:title\" content=\"Chi\u1ebfn l\u01b0\u1ee3c Tr\u1ea3i nghi\u1ec7m Kh\u00e1ch h\u00e0ng | Chuy\u00ean m\u00f4n | KKBC\" \/>\n<meta property=\"og:description\" content=\"T\u0103ng c\u01b0\u1eddng t\u01b0\u01a1ng t\u00e1c kh\u00e1ch h\u00e0ng v\u1edbi chi\u1ebfn l\u01b0\u1ee3c tr\u1ea3i nghi\u1ec7m ri\u00eang bi\u1ec7t c\u1ee7a KKBC, t\u1eadp trung v\u00e0o h\u00e0nh tr\u00ecnh, ph\u1ea3n h\u1ed3i v\u00e0 gi\u1ea3i ph\u00e1p linh ho\u1ea1t.\" \/>\n<meta property=\"og:url\" content=\"https:\/\/kkbc.com.vn\/vi-vn\/expertise\/customer-experience-strategy\/\" \/>\n<meta property=\"og:site_name\" content=\"KKBC Vi\u1ec7t Nam\" \/>\n<meta property=\"article:publisher\" content=\"https:\/\/www.facebook.com\/kkbc.co\" \/>\n<meta property=\"article:modified_time\" content=\"2025-05-13T08:05:03+00:00\" \/>\n<meta name=\"twitter:card\" content=\"summary_large_image\" \/>\n<meta name=\"twitter:site\" content=\"@kkbc_co\" \/>\n<meta name=\"twitter:label1\" content=\"Est. reading time\" \/>\n\t<meta name=\"twitter:data1\" content=\"1 minute\" \/>\n<script type=\"application\/ld+json\" class=\"yoast-schema-graph\">{\"@context\":\"https:\/\/schema.org\",\"@graph\":[{\"@type\":\"WebPage\",\"@id\":\"https:\/\/kkbc.com.vn\/vi-vn\/expertise\/customer-experience-strategy\/\",\"url\":\"https:\/\/kkbc.com.vn\/vi-vn\/expertise\/customer-experience-strategy\/\",\"name\":\"Chi\u1ebfn l\u01b0\u1ee3c Tr\u1ea3i nghi\u1ec7m Kh\u00e1ch h\u00e0ng | Chuy\u00ean m\u00f4n | KKBC\",\"isPartOf\":{\"@id\":\"http:\/\/54.255.1.206:80\/vi-vn\/#website\"},\"datePublished\":\"2024-10-03T08:20:24+00:00\",\"dateModified\":\"2025-05-13T08:05:03+00:00\",\"description\":\"T\u0103ng c\u01b0\u1eddng t\u01b0\u01a1ng t\u00e1c kh\u00e1ch h\u00e0ng v\u1edbi chi\u1ebfn l\u01b0\u1ee3c tr\u1ea3i nghi\u1ec7m ri\u00eang bi\u1ec7t c\u1ee7a KKBC, t\u1eadp trung v\u00e0o h\u00e0nh tr\u00ecnh, ph\u1ea3n h\u1ed3i v\u00e0 gi\u1ea3i ph\u00e1p linh ho\u1ea1t.\",\"breadcrumb\":{\"@id\":\"https:\/\/kkbc.com.vn\/vi-vn\/expertise\/customer-experience-strategy\/#breadcrumb\"},\"inLanguage\":\"vi-VN2\",\"potentialAction\":[{\"@type\":\"ReadAction\",\"target\":[\"https:\/\/kkbc.com.vn\/vi-vn\/expertise\/customer-experience-strategy\/\"]}]},{\"@type\":\"BreadcrumbList\",\"@id\":\"https:\/\/kkbc.com.vn\/vi-vn\/expertise\/customer-experience-strategy\/#breadcrumb\",\"itemListElement\":[{\"@type\":\"ListItem\",\"position\":1,\"name\":\"Home\",\"item\":\"http:\/\/54.255.1.206:80\/vi-vn\/\"},{\"@type\":\"ListItem\",\"position\":2,\"name\":\"Chuy\u00ean m\u00f4n\",\"item\":\"https:\/\/kkbc.com.vn\/vi-vn\/expertise\/\"},{\"@type\":\"ListItem\",\"position\":3,\"name\":\"Chi\u1ebfn l\u01b0\u1ee3c tr\u1ea3i nghi\u1ec7m kh\u00e1ch h\u00e0ng\"}]},{\"@type\":\"WebSite\",\"@id\":\"http:\/\/54.255.1.206:80\/vi-vn\/#website\",\"url\":\"http:\/\/54.255.1.206:80\/vi-vn\/\",\"name\":\"KKBC\",\"description\":\"\",\"potentialAction\":[{\"@type\":\"SearchAction\",\"target\":{\"@type\":\"EntryPoint\",\"urlTemplate\":\"http:\/\/54.255.1.206:80\/vi-vn\/?s={search_term_string}\"},\"query-input\":{\"@type\":\"PropertyValueSpecification\",\"valueRequired\":true,\"valueName\":\"search_term_string\"}}],\"inLanguage\":\"vi-VN2\"}]}<\/script>\n<!-- \/ Yoast SEO plugin. -->","yoast_head_json":{"title":"Chi\u1ebfn l\u01b0\u1ee3c Tr\u1ea3i nghi\u1ec7m Kh\u00e1ch h\u00e0ng | Chuy\u00ean m\u00f4n | KKBC","description":"T\u0103ng c\u01b0\u1eddng t\u01b0\u01a1ng t\u00e1c kh\u00e1ch h\u00e0ng v\u1edbi chi\u1ebfn l\u01b0\u1ee3c tr\u1ea3i nghi\u1ec7m ri\u00eang bi\u1ec7t c\u1ee7a KKBC, t\u1eadp trung v\u00e0o h\u00e0nh tr\u00ecnh, ph\u1ea3n h\u1ed3i v\u00e0 gi\u1ea3i ph\u00e1p linh ho\u1ea1t.","robots":{"index":"index","follow":"follow","max-snippet":"max-snippet:-1","max-image-preview":"max-image-preview:large","max-video-preview":"max-video-preview:-1"},"canonical":"https:\/\/kkbc.com.vn\/vi-vn\/expertise\/customer-experience-strategy\/","og_locale":"en_US","og_type":"article","og_title":"Chi\u1ebfn l\u01b0\u1ee3c Tr\u1ea3i nghi\u1ec7m Kh\u00e1ch h\u00e0ng | Chuy\u00ean m\u00f4n | KKBC","og_description":"T\u0103ng c\u01b0\u1eddng t\u01b0\u01a1ng t\u00e1c kh\u00e1ch h\u00e0ng v\u1edbi chi\u1ebfn l\u01b0\u1ee3c tr\u1ea3i nghi\u1ec7m ri\u00eang bi\u1ec7t c\u1ee7a KKBC, t\u1eadp trung v\u00e0o h\u00e0nh tr\u00ecnh, ph\u1ea3n h\u1ed3i v\u00e0 gi\u1ea3i ph\u00e1p linh ho\u1ea1t.","og_url":"https:\/\/kkbc.com.vn\/vi-vn\/expertise\/customer-experience-strategy\/","og_site_name":"KKBC Vi\u1ec7t Nam","article_publisher":"https:\/\/www.facebook.com\/kkbc.co","article_modified_time":"2025-05-13T08:05:03+00:00","twitter_card":"summary_large_image","twitter_site":"@kkbc_co","twitter_misc":{"Est. reading time":"1 minute"},"schema":{"@context":"https:\/\/schema.org","@graph":[{"@type":"WebPage","@id":"https:\/\/kkbc.com.vn\/vi-vn\/expertise\/customer-experience-strategy\/","url":"https:\/\/kkbc.com.vn\/vi-vn\/expertise\/customer-experience-strategy\/","name":"Chi\u1ebfn l\u01b0\u1ee3c Tr\u1ea3i nghi\u1ec7m Kh\u00e1ch h\u00e0ng | Chuy\u00ean m\u00f4n | KKBC","isPartOf":{"@id":"http:\/\/54.255.1.206:80\/vi-vn\/#website"},"datePublished":"2024-10-03T08:20:24+00:00","dateModified":"2025-05-13T08:05:03+00:00","description":"T\u0103ng c\u01b0\u1eddng t\u01b0\u01a1ng t\u00e1c kh\u00e1ch h\u00e0ng v\u1edbi chi\u1ebfn l\u01b0\u1ee3c tr\u1ea3i nghi\u1ec7m ri\u00eang bi\u1ec7t c\u1ee7a KKBC, t\u1eadp trung v\u00e0o h\u00e0nh tr\u00ecnh, ph\u1ea3n h\u1ed3i v\u00e0 gi\u1ea3i ph\u00e1p linh ho\u1ea1t.","breadcrumb":{"@id":"https:\/\/kkbc.com.vn\/vi-vn\/expertise\/customer-experience-strategy\/#breadcrumb"},"inLanguage":"vi-VN2","potentialAction":[{"@type":"ReadAction","target":["https:\/\/kkbc.com.vn\/vi-vn\/expertise\/customer-experience-strategy\/"]}]},{"@type":"BreadcrumbList","@id":"https:\/\/kkbc.com.vn\/vi-vn\/expertise\/customer-experience-strategy\/#breadcrumb","itemListElement":[{"@type":"ListItem","position":1,"name":"Home","item":"http:\/\/54.255.1.206:80\/vi-vn\/"},{"@type":"ListItem","position":2,"name":"Chuy\u00ean m\u00f4n","item":"https:\/\/kkbc.com.vn\/vi-vn\/expertise\/"},{"@type":"ListItem","position":3,"name":"Chi\u1ebfn l\u01b0\u1ee3c tr\u1ea3i nghi\u1ec7m kh\u00e1ch h\u00e0ng"}]},{"@type":"WebSite","@id":"http:\/\/54.255.1.206:80\/vi-vn\/#website","url":"http:\/\/54.255.1.206:80\/vi-vn\/","name":"KKBC","description":"","potentialAction":[{"@type":"SearchAction","target":{"@type":"EntryPoint","urlTemplate":"http:\/\/54.255.1.206:80\/vi-vn\/?s={search_term_string}"},"query-input":{"@type":"PropertyValueSpecification","valueRequired":true,"valueName":"search_term_string"}}],"inLanguage":"vi-VN2"}]}},"_links":{"self":[{"href":"https:\/\/kkbc.com.vn\/vi-vn\/wp-json\/wp\/v2\/pages\/4919","targetHints":{"allow":["GET"]}}],"collection":[{"href":"https:\/\/kkbc.com.vn\/vi-vn\/wp-json\/wp\/v2\/pages"}],"about":[{"href":"https:\/\/kkbc.com.vn\/vi-vn\/wp-json\/wp\/v2\/types\/page"}],"author":[{"embeddable":true,"href":"https:\/\/kkbc.com.vn\/vi-vn\/wp-json\/wp\/v2\/users\/1"}],"replies":[{"embeddable":true,"href":"https:\/\/kkbc.com.vn\/vi-vn\/wp-json\/wp\/v2\/comments?post=4919"}],"version-history":[{"count":4,"href":"https:\/\/kkbc.com.vn\/vi-vn\/wp-json\/wp\/v2\/pages\/4919\/revisions"}],"predecessor-version":[{"id":6794,"href":"https:\/\/kkbc.com.vn\/vi-vn\/wp-json\/wp\/v2\/pages\/4919\/revisions\/6794"}],"up":[{"embeddable":true,"href":"https:\/\/kkbc.com.vn\/vi-vn\/wp-json\/wp\/v2\/pages\/4813"}],"wp:attachment":[{"href":"https:\/\/kkbc.com.vn\/vi-vn\/wp-json\/wp\/v2\/media?parent=4919"}],"curies":[{"name":"wp","href":"https:\/\/api.w.org\/{rel}","templated":true}]}}