{"id":4925,"date":"2024-10-03T08:05:53","date_gmt":"2024-10-03T08:05:53","guid":{"rendered":"https:\/\/kkbcvietnam.com\/expertise\/data-processing-services\/"},"modified":"2025-05-13T08:11:59","modified_gmt":"2025-05-13T08:11:59","slug":"data-processing-services","status":"publish","type":"page","link":"https:\/\/kkbc.com.vn\/vi-vn\/expertise\/data-processing-services\/","title":{"rendered":"X\u1eed l\u00fd d\u1eef li\u1ec7u"},"content":{"rendered":"<p>X\u1eed l\u00fd d\u1eef li\u1ec7u bao g\u1ed3m vi\u1ec7c chuy\u1ec3n \u0111\u1ed5i th\u00f4ng tin th\u00f4 th\u00e0nh th\u00f4ng tin chi ti\u1ebft c\u00f3 c\u1ea5u tr\u00fac, h\u1eefu \u00edch, cung c\u1ea5p th\u00f4ng tin cho c\u00e1c quy\u1ebft \u0111\u1ecbnh ti\u1ebfp th\u1ecb quan tr\u1ecdng. Ph\u01b0\u01a1ng ph\u00e1p n\u00e0y cho ph\u00e9p c\u00e1c doanh nghi\u1ec7p ph\u00e2n t\u00edch l\u01b0\u1ee3ng l\u1edbn d\u1eef li\u1ec7u t\u1eeb nhi\u1ec1u ngu\u1ed3n kh\u00e1c nhau, ti\u1ebft l\u1ed9 c\u00e1c m\u00f4 h\u00ecnh v\u00e0 xu h\u01b0\u1edbng c\u00f3 th\u1ec3 tinh ch\u1ec9nh c\u00e1c chi\u1ebfn l\u01b0\u1ee3c, nh\u1eafm m\u1ee5c ti\u00eau kh\u00e1ch h\u00e0ng hi\u1ec7u qu\u1ea3 h\u01a1n v\u00e0 ph\u1ea3n \u1ee9ng nhanh nh\u1ea1y v\u1edbi c\u00e1c thay \u0111\u1ed5i c\u1ee7a th\u1ecb tr\u01b0\u1eddng.<\/p>\n","protected":false},"excerpt":{"rendered":"<p>X\u1eed l\u00fd d\u1eef li\u1ec7u bao g\u1ed3m vi\u1ec7c chuy\u1ec3n \u0111\u1ed5i th\u00f4ng tin th\u00f4 th\u00e0nh th\u00f4ng tin chi ti\u1ebft c\u00f3 c\u1ea5u tr\u00fac, h\u1eefu \u00edch, cung c\u1ea5p th\u00f4ng tin cho c\u00e1c quy\u1ebft \u0111\u1ecbnh ti\u1ebfp th\u1ecb quan tr\u1ecdng. Ph\u01b0\u01a1ng ph\u00e1p n\u00e0y cho ph\u00e9p c\u00e1c &hellip; <a href=\"https:\/\/kkbc.com.vn\/vi-vn\/expertise\/data-processing-services\/\">Continue reading <span class=\"meta-nav\">&rarr;<\/span><\/a><\/p>\n","protected":false},"author":1,"featured_media":0,"parent":4813,"menu_order":63,"comment_status":"closed","ping_status":"closed","template":"template\/digitalmarketing.php","meta":{"_acf_changed":false,"footnotes":""},"class_list":["post-4925","page","type-page","status-publish","hentry"],"acf":[],"yoast_head":"<!-- This site is optimized with the Yoast SEO plugin v26.8 - https:\/\/yoast.com\/product\/yoast-seo-wordpress\/ -->\n<title>X\u1eed l\u00fd D\u1eef li\u1ec7u | Chuy\u1ec3n \u0111\u1ed5i | Chuy\u00ean m\u00f4n | KKBC<\/title>\n<meta name=\"description\" content=\"Bi\u1ebfn d\u1eef li\u1ec7u th\u00f4 th\u00e0nh th\u00f4ng tin h\u1eefu \u00edch v\u1edbi d\u1ecbch v\u1ee5 x\u1eed l\u00fd d\u1eef li\u1ec7u c\u1ee7a KKBC. Ch\u00fang t\u00f4i s\u1eafp x\u1ebfp, ph\u00e2n t\u00edch v\u00e0 b\u00e1o c\u00e1o \u0111\u1ec3 n\u00e2ng cao hi\u1ec7u qu\u1ea3 chi\u1ebfn l\u01b0\u1ee3c marketing.\" \/>\n<meta name=\"robots\" content=\"index, follow, max-snippet:-1, max-image-preview:large, max-video-preview:-1\" \/>\n<link rel=\"canonical\" href=\"https:\/\/kkbc.com.vn\/vi-vn\/expertise\/data-processing-services\/\" \/>\n<meta property=\"og:locale\" content=\"en_US\" \/>\n<meta property=\"og:type\" content=\"article\" \/>\n<meta property=\"og:title\" content=\"X\u1eed l\u00fd D\u1eef li\u1ec7u | Chuy\u1ec3n \u0111\u1ed5i | Chuy\u00ean m\u00f4n | KKBC\" \/>\n<meta property=\"og:description\" content=\"Bi\u1ebfn d\u1eef li\u1ec7u th\u00f4 th\u00e0nh th\u00f4ng tin h\u1eefu \u00edch v\u1edbi d\u1ecbch v\u1ee5 x\u1eed l\u00fd d\u1eef li\u1ec7u c\u1ee7a KKBC. Ch\u00fang t\u00f4i s\u1eafp x\u1ebfp, ph\u00e2n t\u00edch v\u00e0 b\u00e1o c\u00e1o \u0111\u1ec3 n\u00e2ng cao hi\u1ec7u qu\u1ea3 chi\u1ebfn l\u01b0\u1ee3c marketing.\" \/>\n<meta property=\"og:url\" content=\"https:\/\/kkbc.com.vn\/vi-vn\/expertise\/data-processing-services\/\" \/>\n<meta property=\"og:site_name\" content=\"KKBC Vi\u1ec7t Nam\" \/>\n<meta property=\"article:publisher\" content=\"https:\/\/www.facebook.com\/kkbc.co\" \/>\n<meta property=\"article:modified_time\" content=\"2025-05-13T08:11:59+00:00\" \/>\n<meta name=\"twitter:card\" content=\"summary_large_image\" \/>\n<meta name=\"twitter:site\" content=\"@kkbc_co\" \/>\n<meta name=\"twitter:label1\" content=\"Est. reading time\" \/>\n\t<meta name=\"twitter:data1\" content=\"1 minute\" \/>\n<script type=\"application\/ld+json\" class=\"yoast-schema-graph\">{\"@context\":\"https:\/\/schema.org\",\"@graph\":[{\"@type\":\"WebPage\",\"@id\":\"https:\/\/kkbc.com.vn\/vi-vn\/expertise\/data-processing-services\/\",\"url\":\"https:\/\/kkbc.com.vn\/vi-vn\/expertise\/data-processing-services\/\",\"name\":\"X\u1eed l\u00fd D\u1eef li\u1ec7u | Chuy\u1ec3n \u0111\u1ed5i | Chuy\u00ean m\u00f4n | KKBC\",\"isPartOf\":{\"@id\":\"https:\/\/kkbc.com.vn\/en\/#website\"},\"datePublished\":\"2024-10-03T08:05:53+00:00\",\"dateModified\":\"2025-05-13T08:11:59+00:00\",\"description\":\"Bi\u1ebfn d\u1eef li\u1ec7u th\u00f4 th\u00e0nh th\u00f4ng tin h\u1eefu \u00edch v\u1edbi d\u1ecbch v\u1ee5 x\u1eed l\u00fd d\u1eef li\u1ec7u c\u1ee7a KKBC. Ch\u00fang t\u00f4i s\u1eafp x\u1ebfp, ph\u00e2n t\u00edch v\u00e0 b\u00e1o c\u00e1o \u0111\u1ec3 n\u00e2ng cao hi\u1ec7u qu\u1ea3 chi\u1ebfn l\u01b0\u1ee3c marketing.\",\"breadcrumb\":{\"@id\":\"https:\/\/kkbc.com.vn\/vi-vn\/expertise\/data-processing-services\/#breadcrumb\"},\"inLanguage\":\"vi-VN2\",\"potentialAction\":[{\"@type\":\"ReadAction\",\"target\":[\"https:\/\/kkbc.com.vn\/vi-vn\/expertise\/data-processing-services\/\"]}]},{\"@type\":\"BreadcrumbList\",\"@id\":\"https:\/\/kkbc.com.vn\/vi-vn\/expertise\/data-processing-services\/#breadcrumb\",\"itemListElement\":[{\"@type\":\"ListItem\",\"position\":1,\"name\":\"Home\",\"item\":\"https:\/\/kkbc.com.vn\/vi-vn\/\"},{\"@type\":\"ListItem\",\"position\":2,\"name\":\"Chuy\u00ean m\u00f4n\",\"item\":\"https:\/\/kkbc.com.vn\/vi-vn\/expertise\/\"},{\"@type\":\"ListItem\",\"position\":3,\"name\":\"X\u1eed l\u00fd d\u1eef li\u1ec7u\"}]},{\"@type\":\"WebSite\",\"@id\":\"https:\/\/kkbc.com.vn\/en\/#website\",\"url\":\"https:\/\/kkbc.com.vn\/en\/\",\"name\":\"KKBC\",\"description\":\"\",\"potentialAction\":[{\"@type\":\"SearchAction\",\"target\":{\"@type\":\"EntryPoint\",\"urlTemplate\":\"https:\/\/kkbc.com.vn\/en\/?s={search_term_string}\"},\"query-input\":{\"@type\":\"PropertyValueSpecification\",\"valueRequired\":true,\"valueName\":\"search_term_string\"}}],\"inLanguage\":\"vi-VN2\"}]}<\/script>\n<!-- \/ Yoast SEO plugin. -->","yoast_head_json":{"title":"X\u1eed l\u00fd D\u1eef li\u1ec7u | Chuy\u1ec3n \u0111\u1ed5i | Chuy\u00ean m\u00f4n | KKBC","description":"Bi\u1ebfn d\u1eef li\u1ec7u th\u00f4 th\u00e0nh th\u00f4ng tin h\u1eefu \u00edch v\u1edbi d\u1ecbch v\u1ee5 x\u1eed l\u00fd d\u1eef li\u1ec7u c\u1ee7a KKBC. Ch\u00fang t\u00f4i s\u1eafp x\u1ebfp, ph\u00e2n t\u00edch v\u00e0 b\u00e1o c\u00e1o \u0111\u1ec3 n\u00e2ng cao hi\u1ec7u qu\u1ea3 chi\u1ebfn l\u01b0\u1ee3c marketing.","robots":{"index":"index","follow":"follow","max-snippet":"max-snippet:-1","max-image-preview":"max-image-preview:large","max-video-preview":"max-video-preview:-1"},"canonical":"https:\/\/kkbc.com.vn\/vi-vn\/expertise\/data-processing-services\/","og_locale":"en_US","og_type":"article","og_title":"X\u1eed l\u00fd D\u1eef li\u1ec7u | Chuy\u1ec3n \u0111\u1ed5i | Chuy\u00ean m\u00f4n | KKBC","og_description":"Bi\u1ebfn d\u1eef li\u1ec7u th\u00f4 th\u00e0nh th\u00f4ng tin h\u1eefu \u00edch v\u1edbi d\u1ecbch v\u1ee5 x\u1eed l\u00fd d\u1eef li\u1ec7u c\u1ee7a KKBC. Ch\u00fang t\u00f4i s\u1eafp x\u1ebfp, ph\u00e2n t\u00edch v\u00e0 b\u00e1o c\u00e1o \u0111\u1ec3 n\u00e2ng cao hi\u1ec7u qu\u1ea3 chi\u1ebfn l\u01b0\u1ee3c marketing.","og_url":"https:\/\/kkbc.com.vn\/vi-vn\/expertise\/data-processing-services\/","og_site_name":"KKBC Vi\u1ec7t Nam","article_publisher":"https:\/\/www.facebook.com\/kkbc.co","article_modified_time":"2025-05-13T08:11:59+00:00","twitter_card":"summary_large_image","twitter_site":"@kkbc_co","twitter_misc":{"Est. reading time":"1 minute"},"schema":{"@context":"https:\/\/schema.org","@graph":[{"@type":"WebPage","@id":"https:\/\/kkbc.com.vn\/vi-vn\/expertise\/data-processing-services\/","url":"https:\/\/kkbc.com.vn\/vi-vn\/expertise\/data-processing-services\/","name":"X\u1eed l\u00fd D\u1eef li\u1ec7u | Chuy\u1ec3n \u0111\u1ed5i | Chuy\u00ean m\u00f4n | KKBC","isPartOf":{"@id":"https:\/\/kkbc.com.vn\/en\/#website"},"datePublished":"2024-10-03T08:05:53+00:00","dateModified":"2025-05-13T08:11:59+00:00","description":"Bi\u1ebfn d\u1eef li\u1ec7u th\u00f4 th\u00e0nh th\u00f4ng tin h\u1eefu \u00edch v\u1edbi d\u1ecbch v\u1ee5 x\u1eed l\u00fd d\u1eef li\u1ec7u c\u1ee7a KKBC. Ch\u00fang t\u00f4i s\u1eafp x\u1ebfp, ph\u00e2n t\u00edch v\u00e0 b\u00e1o c\u00e1o \u0111\u1ec3 n\u00e2ng cao hi\u1ec7u qu\u1ea3 chi\u1ebfn l\u01b0\u1ee3c marketing.","breadcrumb":{"@id":"https:\/\/kkbc.com.vn\/vi-vn\/expertise\/data-processing-services\/#breadcrumb"},"inLanguage":"vi-VN2","potentialAction":[{"@type":"ReadAction","target":["https:\/\/kkbc.com.vn\/vi-vn\/expertise\/data-processing-services\/"]}]},{"@type":"BreadcrumbList","@id":"https:\/\/kkbc.com.vn\/vi-vn\/expertise\/data-processing-services\/#breadcrumb","itemListElement":[{"@type":"ListItem","position":1,"name":"Home","item":"https:\/\/kkbc.com.vn\/vi-vn\/"},{"@type":"ListItem","position":2,"name":"Chuy\u00ean m\u00f4n","item":"https:\/\/kkbc.com.vn\/vi-vn\/expertise\/"},{"@type":"ListItem","position":3,"name":"X\u1eed l\u00fd d\u1eef li\u1ec7u"}]},{"@type":"WebSite","@id":"https:\/\/kkbc.com.vn\/en\/#website","url":"https:\/\/kkbc.com.vn\/en\/","name":"KKBC","description":"","potentialAction":[{"@type":"SearchAction","target":{"@type":"EntryPoint","urlTemplate":"https:\/\/kkbc.com.vn\/en\/?s={search_term_string}"},"query-input":{"@type":"PropertyValueSpecification","valueRequired":true,"valueName":"search_term_string"}}],"inLanguage":"vi-VN2"}]}},"_links":{"self":[{"href":"https:\/\/kkbc.com.vn\/vi-vn\/wp-json\/wp\/v2\/pages\/4925","targetHints":{"allow":["GET"]}}],"collection":[{"href":"https:\/\/kkbc.com.vn\/vi-vn\/wp-json\/wp\/v2\/pages"}],"about":[{"href":"https:\/\/kkbc.com.vn\/vi-vn\/wp-json\/wp\/v2\/types\/page"}],"author":[{"embeddable":true,"href":"https:\/\/kkbc.com.vn\/vi-vn\/wp-json\/wp\/v2\/users\/1"}],"replies":[{"embeddable":true,"href":"https:\/\/kkbc.com.vn\/vi-vn\/wp-json\/wp\/v2\/comments?post=4925"}],"version-history":[{"count":4,"href":"https:\/\/kkbc.com.vn\/vi-vn\/wp-json\/wp\/v2\/pages\/4925\/revisions"}],"predecessor-version":[{"id":6806,"href":"https:\/\/kkbc.com.vn\/vi-vn\/wp-json\/wp\/v2\/pages\/4925\/revisions\/6806"}],"up":[{"embeddable":true,"href":"https:\/\/kkbc.com.vn\/vi-vn\/wp-json\/wp\/v2\/pages\/4813"}],"wp:attachment":[{"href":"https:\/\/kkbc.com.vn\/vi-vn\/wp-json\/wp\/v2\/media?parent=4925"}],"curies":[{"name":"wp","href":"https:\/\/api.w.org\/{rel}","templated":true}]}}