{"id":4927,"date":"2024-10-03T08:00:43","date_gmt":"2024-10-03T08:00:43","guid":{"rendered":"https:\/\/kkbcvietnam.com\/expertise\/distributor-research\/"},"modified":"2025-05-13T08:15:37","modified_gmt":"2025-05-13T08:15:37","slug":"distributor-research","status":"publish","type":"page","link":"https:\/\/kkbc.com.vn\/vi-vn\/expertise\/distributor-research\/","title":{"rendered":"Nghi\u00ean c\u1ee9u nh\u00e0 ph\u00e2n ph\u1ed1i"},"content":{"rendered":"<p>\u0110\u1ec3 hi\u1ec3u c\u00e1ch s\u1ea3n ph\u1ea9m di chuy\u1ec3n t\u1eeb s\u1ea3n xu\u1ea5t \u0111\u1ebfn kh\u00e1ch h\u00e0ng, c\u1ea7n ph\u1ea3i xem x\u00e9t k\u1ef9 l\u01b0\u1ee1ng c\u00e1c \u0111\u1ed1i t\u00e1c t\u1ea1o \u0111i\u1ec1u ki\u1ec7n cho qu\u00e1 tr\u00ecnh \u0111\u00f3. B\u1eb1ng c\u00e1ch \u0111\u00e1nh gi\u00e1 hi\u1ec7u su\u1ea5t v\u00e0 n\u0103ng l\u1ef1c c\u1ee7a nhi\u1ec1u nh\u00e0 ph\u00e2n ph\u1ed1i kh\u00e1c nhau, c\u00e1c doanh nghi\u1ec7p c\u00f3 th\u1ec3 x\u00e1c \u0111\u1ecbnh \u0111\u01b0\u1ee3c c\u00e1c quan h\u1ec7 \u0111\u1ed1i t\u00e1c hi\u1ec7u qu\u1ea3 nh\u1ea5t \u0111\u1ec3 t\u1ed1i \u01b0u h\u00f3a ph\u1ea1m vi ti\u1ebfp c\u1eadn th\u1ecb tr\u01b0\u1eddng. C\u00e1ch ti\u1ebfp c\u1eadn n\u00e0y cung c\u1ea5p th\u00f4ng tin chi ti\u1ebft v\u1ec1 c\u00e1ch c\u1ea3i thi\u1ec7n m\u1ea1ng l\u01b0\u1edbi ph\u00e2n ph\u1ed1i \u0111\u1ec3 h\u1ed7 tr\u1ee3 t\u0103ng tr\u01b0\u1edfng v\u00e0 hi\u1ec7u qu\u1ea3 l\u00e2u d\u00e0i.<\/p>\n","protected":false},"excerpt":{"rendered":"<p>\u0110\u1ec3 hi\u1ec3u c\u00e1ch s\u1ea3n ph\u1ea9m di chuy\u1ec3n t\u1eeb s\u1ea3n xu\u1ea5t \u0111\u1ebfn kh\u00e1ch h\u00e0ng, c\u1ea7n ph\u1ea3i xem x\u00e9t k\u1ef9 l\u01b0\u1ee1ng c\u00e1c \u0111\u1ed1i t\u00e1c t\u1ea1o \u0111i\u1ec1u ki\u1ec7n cho qu\u00e1 tr\u00ecnh \u0111\u00f3. B\u1eb1ng c\u00e1ch \u0111\u00e1nh gi\u00e1 hi\u1ec7u su\u1ea5t v\u00e0 n\u0103ng l\u1ef1c c\u1ee7a nhi\u1ec1u &hellip; <a href=\"https:\/\/kkbc.com.vn\/vi-vn\/expertise\/distributor-research\/\">Continue reading <span class=\"meta-nav\">&rarr;<\/span><\/a><\/p>\n","protected":false},"author":1,"featured_media":0,"parent":4813,"menu_order":64,"comment_status":"closed","ping_status":"closed","template":"template\/digitalmarketing.php","meta":{"_acf_changed":false,"footnotes":""},"class_list":["post-4927","page","type-page","status-publish","hentry"],"acf":[],"yoast_head":"<!-- This site is optimized with the Yoast SEO plugin v26.8 - https:\/\/yoast.com\/product\/yoast-seo-wordpress\/ -->\n<title>Nghi\u00ean c\u1ee9u Nh\u00e0 ph\u00e2n ph\u1ed1i | M\u1edf r\u1ed9ng Th\u1ecb tr\u01b0\u1eddng | KKBC<\/title>\n<meta name=\"description\" content=\"D\u1ecbch v\u1ee5 nghi\u00ean c\u1ee9u nh\u00e0 ph\u00e2n ph\u1ed1i c\u1ee7a KKBC ph\u00e2n t\u00edch nh\u00e0 ph\u00e2n ph\u1ed1i ti\u1ec1m n\u0103ng v\u00e0 hi\u1ec7n t\u1ea1i, gi\u00fap doanh nghi\u1ec7p t\u1eadn d\u1ee5ng k\u00eanh hi\u1ec7u qu\u1ea3 \u0111\u1ec3 t\u0103ng ph\u1ea1m vi, m\u1edf r\u1ed9ng v\u00e0 hi\u1ec7u su\u1ea5t.\" \/>\n<meta name=\"robots\" content=\"index, follow, max-snippet:-1, max-image-preview:large, max-video-preview:-1\" \/>\n<link rel=\"canonical\" href=\"https:\/\/kkbc.com.vn\/vi-vn\/expertise\/distributor-research\/\" \/>\n<meta property=\"og:locale\" content=\"en_US\" \/>\n<meta property=\"og:type\" content=\"article\" \/>\n<meta property=\"og:title\" content=\"Nghi\u00ean c\u1ee9u Nh\u00e0 ph\u00e2n ph\u1ed1i | M\u1edf r\u1ed9ng Th\u1ecb tr\u01b0\u1eddng | KKBC\" \/>\n<meta property=\"og:description\" content=\"D\u1ecbch v\u1ee5 nghi\u00ean c\u1ee9u nh\u00e0 ph\u00e2n ph\u1ed1i c\u1ee7a KKBC ph\u00e2n t\u00edch nh\u00e0 ph\u00e2n ph\u1ed1i ti\u1ec1m n\u0103ng v\u00e0 hi\u1ec7n t\u1ea1i, gi\u00fap doanh nghi\u1ec7p t\u1eadn d\u1ee5ng k\u00eanh hi\u1ec7u qu\u1ea3 \u0111\u1ec3 t\u0103ng ph\u1ea1m vi, m\u1edf r\u1ed9ng v\u00e0 hi\u1ec7u su\u1ea5t.\" \/>\n<meta property=\"og:url\" content=\"https:\/\/kkbc.com.vn\/vi-vn\/expertise\/distributor-research\/\" \/>\n<meta property=\"og:site_name\" content=\"KKBC Vi\u1ec7t Nam\" \/>\n<meta property=\"article:publisher\" content=\"https:\/\/www.facebook.com\/kkbc.co\" \/>\n<meta property=\"article:modified_time\" content=\"2025-05-13T08:15:37+00:00\" \/>\n<meta name=\"twitter:card\" content=\"summary_large_image\" \/>\n<meta name=\"twitter:site\" content=\"@kkbc_co\" \/>\n<meta name=\"twitter:label1\" content=\"Est. reading time\" \/>\n\t<meta name=\"twitter:data1\" content=\"1 minute\" \/>\n<script type=\"application\/ld+json\" class=\"yoast-schema-graph\">{\"@context\":\"https:\/\/schema.org\",\"@graph\":[{\"@type\":\"WebPage\",\"@id\":\"https:\/\/kkbc.com.vn\/vi-vn\/expertise\/distributor-research\/\",\"url\":\"https:\/\/kkbc.com.vn\/vi-vn\/expertise\/distributor-research\/\",\"name\":\"Nghi\u00ean c\u1ee9u Nh\u00e0 ph\u00e2n ph\u1ed1i | M\u1edf r\u1ed9ng Th\u1ecb tr\u01b0\u1eddng | KKBC\",\"isPartOf\":{\"@id\":\"https:\/\/kkbc.com.vn\/en\/#website\"},\"datePublished\":\"2024-10-03T08:00:43+00:00\",\"dateModified\":\"2025-05-13T08:15:37+00:00\",\"description\":\"D\u1ecbch v\u1ee5 nghi\u00ean c\u1ee9u nh\u00e0 ph\u00e2n ph\u1ed1i c\u1ee7a KKBC ph\u00e2n t\u00edch nh\u00e0 ph\u00e2n ph\u1ed1i ti\u1ec1m n\u0103ng v\u00e0 hi\u1ec7n t\u1ea1i, gi\u00fap doanh nghi\u1ec7p t\u1eadn d\u1ee5ng k\u00eanh hi\u1ec7u qu\u1ea3 \u0111\u1ec3 t\u0103ng ph\u1ea1m vi, m\u1edf r\u1ed9ng v\u00e0 hi\u1ec7u su\u1ea5t.\",\"breadcrumb\":{\"@id\":\"https:\/\/kkbc.com.vn\/vi-vn\/expertise\/distributor-research\/#breadcrumb\"},\"inLanguage\":\"vi-VN2\",\"potentialAction\":[{\"@type\":\"ReadAction\",\"target\":[\"https:\/\/kkbc.com.vn\/vi-vn\/expertise\/distributor-research\/\"]}]},{\"@type\":\"BreadcrumbList\",\"@id\":\"https:\/\/kkbc.com.vn\/vi-vn\/expertise\/distributor-research\/#breadcrumb\",\"itemListElement\":[{\"@type\":\"ListItem\",\"position\":1,\"name\":\"Home\",\"item\":\"https:\/\/kkbc.com.vn\/vi-vn\/\"},{\"@type\":\"ListItem\",\"position\":2,\"name\":\"Chuy\u00ean m\u00f4n\",\"item\":\"https:\/\/kkbc.com.vn\/vi-vn\/expertise\/\"},{\"@type\":\"ListItem\",\"position\":3,\"name\":\"Nghi\u00ean c\u1ee9u nh\u00e0 ph\u00e2n ph\u1ed1i\"}]},{\"@type\":\"WebSite\",\"@id\":\"https:\/\/kkbc.com.vn\/en\/#website\",\"url\":\"https:\/\/kkbc.com.vn\/en\/\",\"name\":\"KKBC\",\"description\":\"\",\"potentialAction\":[{\"@type\":\"SearchAction\",\"target\":{\"@type\":\"EntryPoint\",\"urlTemplate\":\"https:\/\/kkbc.com.vn\/en\/?s={search_term_string}\"},\"query-input\":{\"@type\":\"PropertyValueSpecification\",\"valueRequired\":true,\"valueName\":\"search_term_string\"}}],\"inLanguage\":\"vi-VN2\"}]}<\/script>\n<!-- \/ Yoast SEO plugin. -->","yoast_head_json":{"title":"Nghi\u00ean c\u1ee9u Nh\u00e0 ph\u00e2n ph\u1ed1i | M\u1edf r\u1ed9ng Th\u1ecb tr\u01b0\u1eddng | KKBC","description":"D\u1ecbch v\u1ee5 nghi\u00ean c\u1ee9u nh\u00e0 ph\u00e2n ph\u1ed1i c\u1ee7a KKBC ph\u00e2n t\u00edch nh\u00e0 ph\u00e2n ph\u1ed1i ti\u1ec1m n\u0103ng v\u00e0 hi\u1ec7n t\u1ea1i, gi\u00fap doanh nghi\u1ec7p t\u1eadn d\u1ee5ng k\u00eanh hi\u1ec7u qu\u1ea3 \u0111\u1ec3 t\u0103ng ph\u1ea1m vi, m\u1edf r\u1ed9ng v\u00e0 hi\u1ec7u su\u1ea5t.","robots":{"index":"index","follow":"follow","max-snippet":"max-snippet:-1","max-image-preview":"max-image-preview:large","max-video-preview":"max-video-preview:-1"},"canonical":"https:\/\/kkbc.com.vn\/vi-vn\/expertise\/distributor-research\/","og_locale":"en_US","og_type":"article","og_title":"Nghi\u00ean c\u1ee9u Nh\u00e0 ph\u00e2n ph\u1ed1i | M\u1edf r\u1ed9ng Th\u1ecb tr\u01b0\u1eddng | KKBC","og_description":"D\u1ecbch v\u1ee5 nghi\u00ean c\u1ee9u nh\u00e0 ph\u00e2n ph\u1ed1i c\u1ee7a KKBC ph\u00e2n t\u00edch nh\u00e0 ph\u00e2n ph\u1ed1i ti\u1ec1m n\u0103ng v\u00e0 hi\u1ec7n t\u1ea1i, gi\u00fap doanh nghi\u1ec7p t\u1eadn d\u1ee5ng k\u00eanh hi\u1ec7u qu\u1ea3 \u0111\u1ec3 t\u0103ng ph\u1ea1m vi, m\u1edf r\u1ed9ng v\u00e0 hi\u1ec7u su\u1ea5t.","og_url":"https:\/\/kkbc.com.vn\/vi-vn\/expertise\/distributor-research\/","og_site_name":"KKBC Vi\u1ec7t Nam","article_publisher":"https:\/\/www.facebook.com\/kkbc.co","article_modified_time":"2025-05-13T08:15:37+00:00","twitter_card":"summary_large_image","twitter_site":"@kkbc_co","twitter_misc":{"Est. reading time":"1 minute"},"schema":{"@context":"https:\/\/schema.org","@graph":[{"@type":"WebPage","@id":"https:\/\/kkbc.com.vn\/vi-vn\/expertise\/distributor-research\/","url":"https:\/\/kkbc.com.vn\/vi-vn\/expertise\/distributor-research\/","name":"Nghi\u00ean c\u1ee9u Nh\u00e0 ph\u00e2n ph\u1ed1i | M\u1edf r\u1ed9ng Th\u1ecb tr\u01b0\u1eddng | KKBC","isPartOf":{"@id":"https:\/\/kkbc.com.vn\/en\/#website"},"datePublished":"2024-10-03T08:00:43+00:00","dateModified":"2025-05-13T08:15:37+00:00","description":"D\u1ecbch v\u1ee5 nghi\u00ean c\u1ee9u nh\u00e0 ph\u00e2n ph\u1ed1i c\u1ee7a KKBC ph\u00e2n t\u00edch nh\u00e0 ph\u00e2n ph\u1ed1i ti\u1ec1m n\u0103ng v\u00e0 hi\u1ec7n t\u1ea1i, gi\u00fap doanh nghi\u1ec7p t\u1eadn d\u1ee5ng k\u00eanh hi\u1ec7u qu\u1ea3 \u0111\u1ec3 t\u0103ng ph\u1ea1m vi, m\u1edf r\u1ed9ng v\u00e0 hi\u1ec7u su\u1ea5t.","breadcrumb":{"@id":"https:\/\/kkbc.com.vn\/vi-vn\/expertise\/distributor-research\/#breadcrumb"},"inLanguage":"vi-VN2","potentialAction":[{"@type":"ReadAction","target":["https:\/\/kkbc.com.vn\/vi-vn\/expertise\/distributor-research\/"]}]},{"@type":"BreadcrumbList","@id":"https:\/\/kkbc.com.vn\/vi-vn\/expertise\/distributor-research\/#breadcrumb","itemListElement":[{"@type":"ListItem","position":1,"name":"Home","item":"https:\/\/kkbc.com.vn\/vi-vn\/"},{"@type":"ListItem","position":2,"name":"Chuy\u00ean m\u00f4n","item":"https:\/\/kkbc.com.vn\/vi-vn\/expertise\/"},{"@type":"ListItem","position":3,"name":"Nghi\u00ean c\u1ee9u nh\u00e0 ph\u00e2n ph\u1ed1i"}]},{"@type":"WebSite","@id":"https:\/\/kkbc.com.vn\/en\/#website","url":"https:\/\/kkbc.com.vn\/en\/","name":"KKBC","description":"","potentialAction":[{"@type":"SearchAction","target":{"@type":"EntryPoint","urlTemplate":"https:\/\/kkbc.com.vn\/en\/?s={search_term_string}"},"query-input":{"@type":"PropertyValueSpecification","valueRequired":true,"valueName":"search_term_string"}}],"inLanguage":"vi-VN2"}]}},"_links":{"self":[{"href":"https:\/\/kkbc.com.vn\/vi-vn\/wp-json\/wp\/v2\/pages\/4927","targetHints":{"allow":["GET"]}}],"collection":[{"href":"https:\/\/kkbc.com.vn\/vi-vn\/wp-json\/wp\/v2\/pages"}],"about":[{"href":"https:\/\/kkbc.com.vn\/vi-vn\/wp-json\/wp\/v2\/types\/page"}],"author":[{"embeddable":true,"href":"https:\/\/kkbc.com.vn\/vi-vn\/wp-json\/wp\/v2\/users\/1"}],"replies":[{"embeddable":true,"href":"https:\/\/kkbc.com.vn\/vi-vn\/wp-json\/wp\/v2\/comments?post=4927"}],"version-history":[{"count":4,"href":"https:\/\/kkbc.com.vn\/vi-vn\/wp-json\/wp\/v2\/pages\/4927\/revisions"}],"predecessor-version":[{"id":6812,"href":"https:\/\/kkbc.com.vn\/vi-vn\/wp-json\/wp\/v2\/pages\/4927\/revisions\/6812"}],"up":[{"embeddable":true,"href":"https:\/\/kkbc.com.vn\/vi-vn\/wp-json\/wp\/v2\/pages\/4813"}],"wp:attachment":[{"href":"https:\/\/kkbc.com.vn\/vi-vn\/wp-json\/wp\/v2\/media?parent=4927"}],"curies":[{"name":"wp","href":"https:\/\/api.w.org\/{rel}","templated":true}]}}