{"id":4929,"date":"2024-10-03T07:58:11","date_gmt":"2024-10-03T07:58:11","guid":{"rendered":"https:\/\/kkbcvietnam.com\/expertise\/focus-groups\/"},"modified":"2025-05-13T08:10:39","modified_gmt":"2025-05-13T08:10:39","slug":"focus-groups","status":"publish","type":"page","link":"https:\/\/kkbc.com.vn\/vi-vn\/expertise\/focus-groups\/","title":{"rendered":"Nh\u00f3m t\u1eadp trung"},"content":{"rendered":"","protected":false},"excerpt":{"rendered":"","protected":false},"author":1,"featured_media":0,"parent":4813,"menu_order":65,"comment_status":"closed","ping_status":"closed","template":"template\/digitalmarketing.php","meta":{"_acf_changed":false,"footnotes":""},"class_list":["post-4929","page","type-page","status-publish","hentry"],"acf":[],"yoast_head":"<!-- This site is optimized with the Yoast SEO plugin v26.8 - https:\/\/yoast.com\/product\/yoast-seo-wordpress\/ -->\n<title>Nghi\u00ean c\u1ee9u Nh\u00f3m T\u1eadp trung | Chuy\u00ean m\u00f4n | KKBC<\/title>\n<meta name=\"description\" content=\"Nghi\u00ean c\u1ee9u nh\u00f3m t\u1eadp trung c\u1ee7a KKBC kh\u01a1i g\u1ee3i th\u1ea3o lu\u1eadn s\u00f4i n\u1ed5i, n\u1eafm b\u1eaft \u0111a d\u1ea1ng quan \u0111i\u1ec3m v\u00e0 th\u00f4ng tin h\u1eefu \u00edch. Thu h\u00fat ng\u01b0\u1eddi tham gia \u0111\u1ec3 tinh ch\u1ec9nh chi\u1ebfn l\u01b0\u1ee3c hi\u1ec7u qu\u1ea3.\" \/>\n<meta name=\"robots\" content=\"index, follow, max-snippet:-1, max-image-preview:large, max-video-preview:-1\" \/>\n<link rel=\"canonical\" href=\"https:\/\/kkbc.com.vn\/vi-vn\/expertise\/focus-groups\/\" \/>\n<meta property=\"og:locale\" content=\"en_US\" \/>\n<meta property=\"og:type\" content=\"article\" \/>\n<meta property=\"og:title\" content=\"Nghi\u00ean c\u1ee9u Nh\u00f3m T\u1eadp trung | Chuy\u00ean m\u00f4n | KKBC\" \/>\n<meta property=\"og:description\" content=\"Nghi\u00ean c\u1ee9u nh\u00f3m t\u1eadp trung c\u1ee7a KKBC kh\u01a1i g\u1ee3i th\u1ea3o lu\u1eadn s\u00f4i n\u1ed5i, n\u1eafm b\u1eaft \u0111a d\u1ea1ng quan \u0111i\u1ec3m v\u00e0 th\u00f4ng tin h\u1eefu \u00edch. Thu h\u00fat ng\u01b0\u1eddi tham gia \u0111\u1ec3 tinh ch\u1ec9nh chi\u1ebfn l\u01b0\u1ee3c hi\u1ec7u qu\u1ea3.\" \/>\n<meta property=\"og:url\" content=\"https:\/\/kkbc.com.vn\/vi-vn\/expertise\/focus-groups\/\" \/>\n<meta property=\"og:site_name\" content=\"KKBC Vi\u1ec7t Nam\" \/>\n<meta property=\"article:publisher\" content=\"https:\/\/www.facebook.com\/kkbc.co\" \/>\n<meta property=\"article:modified_time\" content=\"2025-05-13T08:10:39+00:00\" \/>\n<meta name=\"twitter:card\" content=\"summary_large_image\" \/>\n<meta name=\"twitter:site\" content=\"@kkbc_co\" \/>\n<script type=\"application\/ld+json\" class=\"yoast-schema-graph\">{\"@context\":\"https:\/\/schema.org\",\"@graph\":[{\"@type\":\"WebPage\",\"@id\":\"https:\/\/kkbc.com.vn\/vi-vn\/expertise\/focus-groups\/\",\"url\":\"https:\/\/kkbc.com.vn\/vi-vn\/expertise\/focus-groups\/\",\"name\":\"Nghi\u00ean c\u1ee9u Nh\u00f3m T\u1eadp trung | Chuy\u00ean m\u00f4n | KKBC\",\"isPartOf\":{\"@id\":\"http:\/\/54.255.1.206:80\/vi-vn\/#website\"},\"datePublished\":\"2024-10-03T07:58:11+00:00\",\"dateModified\":\"2025-05-13T08:10:39+00:00\",\"description\":\"Nghi\u00ean c\u1ee9u nh\u00f3m t\u1eadp trung c\u1ee7a KKBC kh\u01a1i g\u1ee3i th\u1ea3o lu\u1eadn s\u00f4i n\u1ed5i, n\u1eafm b\u1eaft \u0111a d\u1ea1ng quan \u0111i\u1ec3m v\u00e0 th\u00f4ng tin h\u1eefu \u00edch. Thu h\u00fat ng\u01b0\u1eddi tham gia \u0111\u1ec3 tinh ch\u1ec9nh chi\u1ebfn l\u01b0\u1ee3c hi\u1ec7u qu\u1ea3.\",\"breadcrumb\":{\"@id\":\"https:\/\/kkbc.com.vn\/vi-vn\/expertise\/focus-groups\/#breadcrumb\"},\"inLanguage\":\"vi-VN2\",\"potentialAction\":[{\"@type\":\"ReadAction\",\"target\":[\"https:\/\/kkbc.com.vn\/vi-vn\/expertise\/focus-groups\/\"]}]},{\"@type\":\"BreadcrumbList\",\"@id\":\"https:\/\/kkbc.com.vn\/vi-vn\/expertise\/focus-groups\/#breadcrumb\",\"itemListElement\":[{\"@type\":\"ListItem\",\"position\":1,\"name\":\"Home\",\"item\":\"http:\/\/54.255.1.206:80\/vi-vn\/\"},{\"@type\":\"ListItem\",\"position\":2,\"name\":\"Chuy\u00ean m\u00f4n\",\"item\":\"https:\/\/kkbc.com.vn\/vi-vn\/expertise\/\"},{\"@type\":\"ListItem\",\"position\":3,\"name\":\"Nh\u00f3m t\u1eadp trung\"}]},{\"@type\":\"WebSite\",\"@id\":\"http:\/\/54.255.1.206:80\/vi-vn\/#website\",\"url\":\"http:\/\/54.255.1.206:80\/vi-vn\/\",\"name\":\"KKBC\",\"description\":\"\",\"potentialAction\":[{\"@type\":\"SearchAction\",\"target\":{\"@type\":\"EntryPoint\",\"urlTemplate\":\"http:\/\/54.255.1.206:80\/vi-vn\/?s={search_term_string}\"},\"query-input\":{\"@type\":\"PropertyValueSpecification\",\"valueRequired\":true,\"valueName\":\"search_term_string\"}}],\"inLanguage\":\"vi-VN2\"}]}<\/script>\n<!-- \/ Yoast SEO plugin. -->","yoast_head_json":{"title":"Nghi\u00ean c\u1ee9u Nh\u00f3m T\u1eadp trung | Chuy\u00ean m\u00f4n | KKBC","description":"Nghi\u00ean c\u1ee9u nh\u00f3m t\u1eadp trung c\u1ee7a KKBC kh\u01a1i g\u1ee3i th\u1ea3o lu\u1eadn s\u00f4i n\u1ed5i, n\u1eafm b\u1eaft \u0111a d\u1ea1ng quan \u0111i\u1ec3m v\u00e0 th\u00f4ng tin h\u1eefu \u00edch. Thu h\u00fat ng\u01b0\u1eddi tham gia \u0111\u1ec3 tinh ch\u1ec9nh chi\u1ebfn l\u01b0\u1ee3c hi\u1ec7u qu\u1ea3.","robots":{"index":"index","follow":"follow","max-snippet":"max-snippet:-1","max-image-preview":"max-image-preview:large","max-video-preview":"max-video-preview:-1"},"canonical":"https:\/\/kkbc.com.vn\/vi-vn\/expertise\/focus-groups\/","og_locale":"en_US","og_type":"article","og_title":"Nghi\u00ean c\u1ee9u Nh\u00f3m T\u1eadp trung | Chuy\u00ean m\u00f4n | KKBC","og_description":"Nghi\u00ean c\u1ee9u nh\u00f3m t\u1eadp trung c\u1ee7a KKBC kh\u01a1i g\u1ee3i th\u1ea3o lu\u1eadn s\u00f4i n\u1ed5i, n\u1eafm b\u1eaft \u0111a d\u1ea1ng quan \u0111i\u1ec3m v\u00e0 th\u00f4ng tin h\u1eefu \u00edch. Thu h\u00fat ng\u01b0\u1eddi tham gia \u0111\u1ec3 tinh ch\u1ec9nh chi\u1ebfn l\u01b0\u1ee3c hi\u1ec7u qu\u1ea3.","og_url":"https:\/\/kkbc.com.vn\/vi-vn\/expertise\/focus-groups\/","og_site_name":"KKBC Vi\u1ec7t Nam","article_publisher":"https:\/\/www.facebook.com\/kkbc.co","article_modified_time":"2025-05-13T08:10:39+00:00","twitter_card":"summary_large_image","twitter_site":"@kkbc_co","schema":{"@context":"https:\/\/schema.org","@graph":[{"@type":"WebPage","@id":"https:\/\/kkbc.com.vn\/vi-vn\/expertise\/focus-groups\/","url":"https:\/\/kkbc.com.vn\/vi-vn\/expertise\/focus-groups\/","name":"Nghi\u00ean c\u1ee9u Nh\u00f3m T\u1eadp trung | Chuy\u00ean m\u00f4n | KKBC","isPartOf":{"@id":"http:\/\/54.255.1.206:80\/vi-vn\/#website"},"datePublished":"2024-10-03T07:58:11+00:00","dateModified":"2025-05-13T08:10:39+00:00","description":"Nghi\u00ean c\u1ee9u nh\u00f3m t\u1eadp trung c\u1ee7a KKBC kh\u01a1i g\u1ee3i th\u1ea3o lu\u1eadn s\u00f4i n\u1ed5i, n\u1eafm b\u1eaft \u0111a d\u1ea1ng quan \u0111i\u1ec3m v\u00e0 th\u00f4ng tin h\u1eefu \u00edch. Thu h\u00fat ng\u01b0\u1eddi tham gia \u0111\u1ec3 tinh ch\u1ec9nh chi\u1ebfn l\u01b0\u1ee3c hi\u1ec7u qu\u1ea3.","breadcrumb":{"@id":"https:\/\/kkbc.com.vn\/vi-vn\/expertise\/focus-groups\/#breadcrumb"},"inLanguage":"vi-VN2","potentialAction":[{"@type":"ReadAction","target":["https:\/\/kkbc.com.vn\/vi-vn\/expertise\/focus-groups\/"]}]},{"@type":"BreadcrumbList","@id":"https:\/\/kkbc.com.vn\/vi-vn\/expertise\/focus-groups\/#breadcrumb","itemListElement":[{"@type":"ListItem","position":1,"name":"Home","item":"http:\/\/54.255.1.206:80\/vi-vn\/"},{"@type":"ListItem","position":2,"name":"Chuy\u00ean m\u00f4n","item":"https:\/\/kkbc.com.vn\/vi-vn\/expertise\/"},{"@type":"ListItem","position":3,"name":"Nh\u00f3m t\u1eadp trung"}]},{"@type":"WebSite","@id":"http:\/\/54.255.1.206:80\/vi-vn\/#website","url":"http:\/\/54.255.1.206:80\/vi-vn\/","name":"KKBC","description":"","potentialAction":[{"@type":"SearchAction","target":{"@type":"EntryPoint","urlTemplate":"http:\/\/54.255.1.206:80\/vi-vn\/?s={search_term_string}"},"query-input":{"@type":"PropertyValueSpecification","valueRequired":true,"valueName":"search_term_string"}}],"inLanguage":"vi-VN2"}]}},"_links":{"self":[{"href":"https:\/\/kkbc.com.vn\/vi-vn\/wp-json\/wp\/v2\/pages\/4929","targetHints":{"allow":["GET"]}}],"collection":[{"href":"https:\/\/kkbc.com.vn\/vi-vn\/wp-json\/wp\/v2\/pages"}],"about":[{"href":"https:\/\/kkbc.com.vn\/vi-vn\/wp-json\/wp\/v2\/types\/page"}],"author":[{"embeddable":true,"href":"https:\/\/kkbc.com.vn\/vi-vn\/wp-json\/wp\/v2\/users\/1"}],"replies":[{"embeddable":true,"href":"https:\/\/kkbc.com.vn\/vi-vn\/wp-json\/wp\/v2\/comments?post=4929"}],"version-history":[{"count":5,"href":"https:\/\/kkbc.com.vn\/vi-vn\/wp-json\/wp\/v2\/pages\/4929\/revisions"}],"predecessor-version":[{"id":6808,"href":"https:\/\/kkbc.com.vn\/vi-vn\/wp-json\/wp\/v2\/pages\/4929\/revisions\/6808"}],"up":[{"embeddable":true,"href":"https:\/\/kkbc.com.vn\/vi-vn\/wp-json\/wp\/v2\/pages\/4813"}],"wp:attachment":[{"href":"https:\/\/kkbc.com.vn\/vi-vn\/wp-json\/wp\/v2\/media?parent=4929"}],"curies":[{"name":"wp","href":"https:\/\/api.w.org\/{rel}","templated":true}]}}