{"id":4931,"date":"2024-10-03T07:56:06","date_gmt":"2024-10-03T07:56:06","guid":{"rendered":"https:\/\/kkbcvietnam.com\/expertise\/executive-interviewing\/"},"modified":"2025-05-13T08:16:11","modified_gmt":"2025-05-13T08:16:11","slug":"executive-interviewing","status":"publish","type":"page","link":"https:\/\/kkbc.com.vn\/vi-vn\/expertise\/executive-interviewing\/","title":{"rendered":"Ph\u1ecfng v\u1ea5n gi\u00e1m \u0111\u1ed1c \u0111i\u1ec1u h\u00e0nh"},"content":{"rendered":"<p>M\u1ed9t c\u00e1ch ti\u1ebfp c\u1eadn chi\u1ebfn l\u01b0\u1ee3c \u0111\u1ec3 kh\u00e1m ph\u00e1 nh\u1eefng hi\u1ec3u bi\u1ebft s\u00e2u s\u1eafc, ph\u1ecfng v\u1ea5n gi\u00e1m \u0111\u1ed1c \u0111i\u1ec1u h\u00e0nh li\u00ean quan \u0111\u1ebfn vi\u1ec7c t\u01b0\u01a1ng t\u00e1c tr\u1ef1c ti\u1ebfp v\u1edbi nh\u1eefng ng\u01b0\u1eddi ra quy\u1ebft \u0111\u1ecbnh c\u1ea5p cao \u0111\u1ec3 hi\u1ec3u s\u00e2u h\u01a1n v\u1ec1 \u0111\u1ed9ng c\u01a1, \u01b0u ti\u00ean v\u00e0 quan \u0111i\u1ec3m th\u1ecb tr\u01b0\u1eddng c\u1ee7a h\u1ecd. B\u1eb1ng c\u00e1ch khai th\u00e1c suy ngh\u0129 c\u1ee7a nh\u1eefng ng\u01b0\u1eddi \u0111\u1ecbnh h\u00ecnh chi\u1ebfn l\u01b0\u1ee3c v\u00e0 \u1ea3nh h\u01b0\u1edfng \u0111\u1ebfn xu h\u01b0\u1edbng c\u1ee7a ng\u00e0nh, ph\u01b0\u01a1ng ph\u00e1p n\u00e0y v\u01b0\u1ee3t ra ngo\u00e0i ph\u1ea3n h\u1ed3i \u1edf m\u1ee9c b\u1ec1 m\u1eb7t, ti\u1ebft l\u1ed9 nh\u1eefng s\u1eafc th\u00e1i th\u00fac \u0111\u1ea9y c\u00e1c l\u1ef1a ch\u1ecdn c\u1ee7a gi\u00e1m \u0111\u1ed1c \u0111i\u1ec1u h\u00e0nh.<\/p>\n","protected":false},"excerpt":{"rendered":"<p>M\u1ed9t c\u00e1ch ti\u1ebfp c\u1eadn chi\u1ebfn l\u01b0\u1ee3c \u0111\u1ec3 kh\u00e1m ph\u00e1 nh\u1eefng hi\u1ec3u bi\u1ebft s\u00e2u s\u1eafc, ph\u1ecfng v\u1ea5n gi\u00e1m \u0111\u1ed1c \u0111i\u1ec1u h\u00e0nh li\u00ean quan \u0111\u1ebfn vi\u1ec7c t\u01b0\u01a1ng t\u00e1c tr\u1ef1c ti\u1ebfp v\u1edbi nh\u1eefng ng\u01b0\u1eddi ra quy\u1ebft \u0111\u1ecbnh c\u1ea5p cao \u0111\u1ec3 hi\u1ec3u s\u00e2u h\u01a1n &hellip; <a href=\"https:\/\/kkbc.com.vn\/vi-vn\/expertise\/executive-interviewing\/\">Continue reading <span class=\"meta-nav\">&rarr;<\/span><\/a><\/p>\n","protected":false},"author":1,"featured_media":0,"parent":4813,"menu_order":66,"comment_status":"closed","ping_status":"closed","template":"template\/digitalmarketing.php","meta":{"_acf_changed":false,"footnotes":""},"class_list":["post-4931","page","type-page","status-publish","hentry"],"acf":[],"yoast_head":"<!-- This site is optimized with the Yoast SEO plugin v26.8 - https:\/\/yoast.com\/product\/yoast-seo-wordpress\/ -->\n<title>Ph\u1ecfng v\u1ea5n C\u1ea5p cao | Chi\u1ebfn l\u01b0\u1ee3c T\u00e1c \u0111\u1ed9ng L\u1edbn | KKBC<\/title>\n<meta name=\"description\" content=\"Ch\u00fang t\u00f4i k\u1ebft n\u1ed1i v\u1edbi c\u00e1c l\u00e3nh \u0111\u1ea1o ng\u00e0nh \u0111\u1ec3 thu th\u1eadp th\u00f4ng tin h\u1eefu \u00edch th\u00f4ng qua d\u1ecbch v\u1ee5 ph\u1ecfng v\u1ea5n \u0111i\u1ec1u h\u00e0nh.\" \/>\n<meta name=\"robots\" content=\"index, follow, max-snippet:-1, max-image-preview:large, max-video-preview:-1\" \/>\n<link rel=\"canonical\" href=\"https:\/\/kkbc.com.vn\/vi-vn\/expertise\/executive-interviewing\/\" \/>\n<meta property=\"og:locale\" content=\"en_US\" \/>\n<meta property=\"og:type\" content=\"article\" \/>\n<meta property=\"og:title\" content=\"Ph\u1ecfng v\u1ea5n C\u1ea5p cao | Chi\u1ebfn l\u01b0\u1ee3c T\u00e1c \u0111\u1ed9ng L\u1edbn | KKBC\" \/>\n<meta property=\"og:description\" content=\"Ch\u00fang t\u00f4i k\u1ebft n\u1ed1i v\u1edbi c\u00e1c l\u00e3nh \u0111\u1ea1o ng\u00e0nh \u0111\u1ec3 thu th\u1eadp th\u00f4ng tin h\u1eefu \u00edch th\u00f4ng qua d\u1ecbch v\u1ee5 ph\u1ecfng v\u1ea5n \u0111i\u1ec1u h\u00e0nh.\" \/>\n<meta property=\"og:url\" content=\"https:\/\/kkbc.com.vn\/vi-vn\/expertise\/executive-interviewing\/\" \/>\n<meta property=\"og:site_name\" content=\"KKBC Vi\u1ec7t Nam\" \/>\n<meta property=\"article:publisher\" content=\"https:\/\/www.facebook.com\/kkbc.co\" \/>\n<meta property=\"article:modified_time\" content=\"2025-05-13T08:16:11+00:00\" \/>\n<meta name=\"twitter:card\" content=\"summary_large_image\" \/>\n<meta name=\"twitter:site\" content=\"@kkbc_co\" \/>\n<meta name=\"twitter:label1\" content=\"Est. reading time\" \/>\n\t<meta name=\"twitter:data1\" content=\"1 minute\" \/>\n<script type=\"application\/ld+json\" class=\"yoast-schema-graph\">{\"@context\":\"https:\/\/schema.org\",\"@graph\":[{\"@type\":\"WebPage\",\"@id\":\"https:\/\/kkbc.com.vn\/vi-vn\/expertise\/executive-interviewing\/\",\"url\":\"https:\/\/kkbc.com.vn\/vi-vn\/expertise\/executive-interviewing\/\",\"name\":\"Ph\u1ecfng v\u1ea5n C\u1ea5p cao | Chi\u1ebfn l\u01b0\u1ee3c T\u00e1c \u0111\u1ed9ng L\u1edbn | KKBC\",\"isPartOf\":{\"@id\":\"https:\/\/kkbc.com.vn\/en\/#website\"},\"datePublished\":\"2024-10-03T07:56:06+00:00\",\"dateModified\":\"2025-05-13T08:16:11+00:00\",\"description\":\"Ch\u00fang t\u00f4i k\u1ebft n\u1ed1i v\u1edbi c\u00e1c l\u00e3nh \u0111\u1ea1o ng\u00e0nh \u0111\u1ec3 thu th\u1eadp th\u00f4ng tin h\u1eefu \u00edch th\u00f4ng qua d\u1ecbch v\u1ee5 ph\u1ecfng v\u1ea5n \u0111i\u1ec1u h\u00e0nh.\",\"breadcrumb\":{\"@id\":\"https:\/\/kkbc.com.vn\/vi-vn\/expertise\/executive-interviewing\/#breadcrumb\"},\"inLanguage\":\"vi-VN2\",\"potentialAction\":[{\"@type\":\"ReadAction\",\"target\":[\"https:\/\/kkbc.com.vn\/vi-vn\/expertise\/executive-interviewing\/\"]}]},{\"@type\":\"BreadcrumbList\",\"@id\":\"https:\/\/kkbc.com.vn\/vi-vn\/expertise\/executive-interviewing\/#breadcrumb\",\"itemListElement\":[{\"@type\":\"ListItem\",\"position\":1,\"name\":\"Home\",\"item\":\"https:\/\/kkbc.com.vn\/vi-vn\/\"},{\"@type\":\"ListItem\",\"position\":2,\"name\":\"Chuy\u00ean m\u00f4n\",\"item\":\"https:\/\/kkbc.com.vn\/vi-vn\/expertise\/\"},{\"@type\":\"ListItem\",\"position\":3,\"name\":\"Ph\u1ecfng v\u1ea5n gi\u00e1m \u0111\u1ed1c \u0111i\u1ec1u h\u00e0nh\"}]},{\"@type\":\"WebSite\",\"@id\":\"https:\/\/kkbc.com.vn\/en\/#website\",\"url\":\"https:\/\/kkbc.com.vn\/en\/\",\"name\":\"KKBC\",\"description\":\"\",\"potentialAction\":[{\"@type\":\"SearchAction\",\"target\":{\"@type\":\"EntryPoint\",\"urlTemplate\":\"https:\/\/kkbc.com.vn\/en\/?s={search_term_string}\"},\"query-input\":{\"@type\":\"PropertyValueSpecification\",\"valueRequired\":true,\"valueName\":\"search_term_string\"}}],\"inLanguage\":\"vi-VN2\"}]}<\/script>\n<!-- \/ Yoast SEO plugin. -->","yoast_head_json":{"title":"Ph\u1ecfng v\u1ea5n C\u1ea5p cao | Chi\u1ebfn l\u01b0\u1ee3c T\u00e1c \u0111\u1ed9ng L\u1edbn | KKBC","description":"Ch\u00fang t\u00f4i k\u1ebft n\u1ed1i v\u1edbi c\u00e1c l\u00e3nh \u0111\u1ea1o ng\u00e0nh \u0111\u1ec3 thu th\u1eadp th\u00f4ng tin h\u1eefu \u00edch th\u00f4ng qua d\u1ecbch v\u1ee5 ph\u1ecfng v\u1ea5n \u0111i\u1ec1u h\u00e0nh.","robots":{"index":"index","follow":"follow","max-snippet":"max-snippet:-1","max-image-preview":"max-image-preview:large","max-video-preview":"max-video-preview:-1"},"canonical":"https:\/\/kkbc.com.vn\/vi-vn\/expertise\/executive-interviewing\/","og_locale":"en_US","og_type":"article","og_title":"Ph\u1ecfng v\u1ea5n C\u1ea5p cao | Chi\u1ebfn l\u01b0\u1ee3c T\u00e1c \u0111\u1ed9ng L\u1edbn | KKBC","og_description":"Ch\u00fang t\u00f4i k\u1ebft n\u1ed1i v\u1edbi c\u00e1c l\u00e3nh \u0111\u1ea1o ng\u00e0nh \u0111\u1ec3 thu th\u1eadp th\u00f4ng tin h\u1eefu \u00edch th\u00f4ng qua d\u1ecbch v\u1ee5 ph\u1ecfng v\u1ea5n \u0111i\u1ec1u h\u00e0nh.","og_url":"https:\/\/kkbc.com.vn\/vi-vn\/expertise\/executive-interviewing\/","og_site_name":"KKBC Vi\u1ec7t Nam","article_publisher":"https:\/\/www.facebook.com\/kkbc.co","article_modified_time":"2025-05-13T08:16:11+00:00","twitter_card":"summary_large_image","twitter_site":"@kkbc_co","twitter_misc":{"Est. reading time":"1 minute"},"schema":{"@context":"https:\/\/schema.org","@graph":[{"@type":"WebPage","@id":"https:\/\/kkbc.com.vn\/vi-vn\/expertise\/executive-interviewing\/","url":"https:\/\/kkbc.com.vn\/vi-vn\/expertise\/executive-interviewing\/","name":"Ph\u1ecfng v\u1ea5n C\u1ea5p cao | Chi\u1ebfn l\u01b0\u1ee3c T\u00e1c \u0111\u1ed9ng L\u1edbn | KKBC","isPartOf":{"@id":"https:\/\/kkbc.com.vn\/en\/#website"},"datePublished":"2024-10-03T07:56:06+00:00","dateModified":"2025-05-13T08:16:11+00:00","description":"Ch\u00fang t\u00f4i k\u1ebft n\u1ed1i v\u1edbi c\u00e1c l\u00e3nh \u0111\u1ea1o ng\u00e0nh \u0111\u1ec3 thu th\u1eadp th\u00f4ng tin h\u1eefu \u00edch th\u00f4ng qua d\u1ecbch v\u1ee5 ph\u1ecfng v\u1ea5n \u0111i\u1ec1u h\u00e0nh.","breadcrumb":{"@id":"https:\/\/kkbc.com.vn\/vi-vn\/expertise\/executive-interviewing\/#breadcrumb"},"inLanguage":"vi-VN2","potentialAction":[{"@type":"ReadAction","target":["https:\/\/kkbc.com.vn\/vi-vn\/expertise\/executive-interviewing\/"]}]},{"@type":"BreadcrumbList","@id":"https:\/\/kkbc.com.vn\/vi-vn\/expertise\/executive-interviewing\/#breadcrumb","itemListElement":[{"@type":"ListItem","position":1,"name":"Home","item":"https:\/\/kkbc.com.vn\/vi-vn\/"},{"@type":"ListItem","position":2,"name":"Chuy\u00ean m\u00f4n","item":"https:\/\/kkbc.com.vn\/vi-vn\/expertise\/"},{"@type":"ListItem","position":3,"name":"Ph\u1ecfng v\u1ea5n gi\u00e1m \u0111\u1ed1c \u0111i\u1ec1u h\u00e0nh"}]},{"@type":"WebSite","@id":"https:\/\/kkbc.com.vn\/en\/#website","url":"https:\/\/kkbc.com.vn\/en\/","name":"KKBC","description":"","potentialAction":[{"@type":"SearchAction","target":{"@type":"EntryPoint","urlTemplate":"https:\/\/kkbc.com.vn\/en\/?s={search_term_string}"},"query-input":{"@type":"PropertyValueSpecification","valueRequired":true,"valueName":"search_term_string"}}],"inLanguage":"vi-VN2"}]}},"_links":{"self":[{"href":"https:\/\/kkbc.com.vn\/vi-vn\/wp-json\/wp\/v2\/pages\/4931","targetHints":{"allow":["GET"]}}],"collection":[{"href":"https:\/\/kkbc.com.vn\/vi-vn\/wp-json\/wp\/v2\/pages"}],"about":[{"href":"https:\/\/kkbc.com.vn\/vi-vn\/wp-json\/wp\/v2\/types\/page"}],"author":[{"embeddable":true,"href":"https:\/\/kkbc.com.vn\/vi-vn\/wp-json\/wp\/v2\/users\/1"}],"replies":[{"embeddable":true,"href":"https:\/\/kkbc.com.vn\/vi-vn\/wp-json\/wp\/v2\/comments?post=4931"}],"version-history":[{"count":4,"href":"https:\/\/kkbc.com.vn\/vi-vn\/wp-json\/wp\/v2\/pages\/4931\/revisions"}],"predecessor-version":[{"id":6815,"href":"https:\/\/kkbc.com.vn\/vi-vn\/wp-json\/wp\/v2\/pages\/4931\/revisions\/6815"}],"up":[{"embeddable":true,"href":"https:\/\/kkbc.com.vn\/vi-vn\/wp-json\/wp\/v2\/pages\/4813"}],"wp:attachment":[{"href":"https:\/\/kkbc.com.vn\/vi-vn\/wp-json\/wp\/v2\/media?parent=4931"}],"curies":[{"name":"wp","href":"https:\/\/api.w.org\/{rel}","templated":true}]}}