{"id":4935,"date":"2024-10-03T07:43:24","date_gmt":"2024-10-03T07:43:24","guid":{"rendered":"https:\/\/kkbcvietnam.com\/expertise\/industrial-research\/"},"modified":"2025-05-13T08:16:24","modified_gmt":"2025-05-13T08:16:24","slug":"industrial-research","status":"publish","type":"page","link":"https:\/\/kkbc.com.vn\/vi-vn\/expertise\/industrial-research\/","title":{"rendered":"Nghi\u00ean c\u1ee9u c\u00f4ng nghi\u1ec7p"},"content":{"rendered":"<p>Nghi\u00ean c\u1ee9u c\u00f4ng nghi\u1ec7p l\u00e0 m\u1ed9t ph\u01b0\u01a1ng ph\u00e1p ti\u1ebfp c\u1eadn to\u00e0n di\u1ec7n \u0111\u1ec3 ph\u00e2n t\u00edch b\u1ed1i c\u1ea3nh th\u1ecb tr\u01b0\u1eddng, xu h\u01b0\u1edbng ng\u00e0nh v\u00e0 \u0111\u1ed9ng l\u1ef1c chu\u1ed7i cung \u1ee9ng. B\u1eb1ng c\u00e1ch \u0111i\u1ec1u tra m\u1ed9t c\u00e1ch c\u00f3 h\u1ec7 th\u1ed1ng c\u00e1c kh\u00eda c\u1ea1nh kh\u00e1c nhau c\u1ee7a m\u1ed9t ng\u00e0nh, c\u00e1c doanh nghi\u1ec7p c\u00f3 \u0111\u01b0\u1ee3c g\u00f3c nh\u00ecn bao qu\u00e1t v\u1ec1 \u0111i\u1ec1u ki\u1ec7n th\u1ecb tr\u01b0\u1eddng hi\u1ec7n t\u1ea1i, kh\u00e1m ph\u00e1 c\u00e1c c\u01a1 h\u1ed9i m\u1edbi n\u1ed5i v\u00e0 ng\u0103n ch\u1eb7n nh\u1eefng th\u00e1ch th\u1ee9c ti\u1ec1m \u1ea9n c\u00f3 th\u1ec3 \u0111\u1ecbnh h\u00ecnh s\u1ef1 ph\u00e1t tri\u1ec3n trong t\u01b0\u01a1ng lai.<\/p>\n","protected":false},"excerpt":{"rendered":"<p>Nghi\u00ean c\u1ee9u c\u00f4ng nghi\u1ec7p l\u00e0 m\u1ed9t ph\u01b0\u01a1ng ph\u00e1p ti\u1ebfp c\u1eadn to\u00e0n di\u1ec7n \u0111\u1ec3 ph\u00e2n t\u00edch b\u1ed1i c\u1ea3nh th\u1ecb tr\u01b0\u1eddng, xu h\u01b0\u1edbng ng\u00e0nh v\u00e0 \u0111\u1ed9ng l\u1ef1c chu\u1ed7i cung \u1ee9ng. B\u1eb1ng c\u00e1ch \u0111i\u1ec1u tra m\u1ed9t c\u00e1ch c\u00f3 h\u1ec7 th\u1ed1ng c\u00e1c kh\u00eda c\u1ea1nh &hellip; <a href=\"https:\/\/kkbc.com.vn\/vi-vn\/expertise\/industrial-research\/\">Continue reading <span class=\"meta-nav\">&rarr;<\/span><\/a><\/p>\n","protected":false},"author":1,"featured_media":0,"parent":4813,"menu_order":68,"comment_status":"closed","ping_status":"closed","template":"template\/digitalmarketing.php","meta":{"_acf_changed":false,"footnotes":""},"class_list":["post-4935","page","type-page","status-publish","hentry"],"acf":[],"yoast_head":"<!-- This site is optimized with the Yoast SEO plugin v26.8 - https:\/\/yoast.com\/product\/yoast-seo-wordpress\/ -->\n<title>Nghi\u00ean c\u1ee9u C\u00f4ng nghi\u1ec7p | Marketing M\u1ee5c ti\u00eau | KKBC<\/title>\n<meta name=\"description\" content=\"D\u1ecbch v\u1ee5 nghi\u00ean c\u1ee9u c\u00f4ng nghi\u1ec7p c\u1ee7a KKBC cung c\u1ea5p th\u00f4ng tin chuy\u00ean s\u00e2u b\u1eb1ng c\u00e1ch \u0111i s\u00e2u v\u00e0o b\u1ed1i c\u1ea3nh ng\u00e0nh, bao g\u1ed3m xu h\u01b0\u1edbng v\u00e0 s\u1eafc th\u00e1i th\u1ecb tr\u01b0\u1eddng.\" \/>\n<meta name=\"robots\" content=\"index, follow, max-snippet:-1, max-image-preview:large, max-video-preview:-1\" \/>\n<link rel=\"canonical\" href=\"https:\/\/kkbc.com.vn\/vi-vn\/expertise\/industrial-research\/\" \/>\n<meta property=\"og:locale\" content=\"en_US\" \/>\n<meta property=\"og:type\" content=\"article\" \/>\n<meta property=\"og:title\" content=\"Nghi\u00ean c\u1ee9u C\u00f4ng nghi\u1ec7p | Marketing M\u1ee5c ti\u00eau | KKBC\" \/>\n<meta property=\"og:description\" content=\"D\u1ecbch v\u1ee5 nghi\u00ean c\u1ee9u c\u00f4ng nghi\u1ec7p c\u1ee7a KKBC cung c\u1ea5p th\u00f4ng tin chuy\u00ean s\u00e2u b\u1eb1ng c\u00e1ch \u0111i s\u00e2u v\u00e0o b\u1ed1i c\u1ea3nh ng\u00e0nh, bao g\u1ed3m xu h\u01b0\u1edbng v\u00e0 s\u1eafc th\u00e1i th\u1ecb tr\u01b0\u1eddng.\" \/>\n<meta property=\"og:url\" content=\"https:\/\/kkbc.com.vn\/vi-vn\/expertise\/industrial-research\/\" \/>\n<meta property=\"og:site_name\" content=\"KKBC Vi\u1ec7t Nam\" \/>\n<meta property=\"article:publisher\" content=\"https:\/\/www.facebook.com\/kkbc.co\" \/>\n<meta property=\"article:modified_time\" content=\"2025-05-13T08:16:24+00:00\" \/>\n<meta name=\"twitter:card\" content=\"summary_large_image\" \/>\n<meta name=\"twitter:site\" content=\"@kkbc_co\" \/>\n<meta name=\"twitter:label1\" content=\"Est. reading time\" \/>\n\t<meta name=\"twitter:data1\" content=\"1 minute\" \/>\n<script type=\"application\/ld+json\" class=\"yoast-schema-graph\">{\"@context\":\"https:\/\/schema.org\",\"@graph\":[{\"@type\":\"WebPage\",\"@id\":\"https:\/\/kkbc.com.vn\/vi-vn\/expertise\/industrial-research\/\",\"url\":\"https:\/\/kkbc.com.vn\/vi-vn\/expertise\/industrial-research\/\",\"name\":\"Nghi\u00ean c\u1ee9u C\u00f4ng nghi\u1ec7p | Marketing M\u1ee5c ti\u00eau | KKBC\",\"isPartOf\":{\"@id\":\"https:\/\/kkbc.com.vn\/en\/#website\"},\"datePublished\":\"2024-10-03T07:43:24+00:00\",\"dateModified\":\"2025-05-13T08:16:24+00:00\",\"description\":\"D\u1ecbch v\u1ee5 nghi\u00ean c\u1ee9u c\u00f4ng nghi\u1ec7p c\u1ee7a KKBC cung c\u1ea5p th\u00f4ng tin chuy\u00ean s\u00e2u b\u1eb1ng c\u00e1ch \u0111i s\u00e2u v\u00e0o b\u1ed1i c\u1ea3nh ng\u00e0nh, bao g\u1ed3m xu h\u01b0\u1edbng v\u00e0 s\u1eafc th\u00e1i th\u1ecb tr\u01b0\u1eddng.\",\"breadcrumb\":{\"@id\":\"https:\/\/kkbc.com.vn\/vi-vn\/expertise\/industrial-research\/#breadcrumb\"},\"inLanguage\":\"vi-VN2\",\"potentialAction\":[{\"@type\":\"ReadAction\",\"target\":[\"https:\/\/kkbc.com.vn\/vi-vn\/expertise\/industrial-research\/\"]}]},{\"@type\":\"BreadcrumbList\",\"@id\":\"https:\/\/kkbc.com.vn\/vi-vn\/expertise\/industrial-research\/#breadcrumb\",\"itemListElement\":[{\"@type\":\"ListItem\",\"position\":1,\"name\":\"Home\",\"item\":\"https:\/\/kkbc.com.vn\/vi-vn\/\"},{\"@type\":\"ListItem\",\"position\":2,\"name\":\"Chuy\u00ean m\u00f4n\",\"item\":\"https:\/\/kkbc.com.vn\/vi-vn\/expertise\/\"},{\"@type\":\"ListItem\",\"position\":3,\"name\":\"Nghi\u00ean c\u1ee9u c\u00f4ng nghi\u1ec7p\"}]},{\"@type\":\"WebSite\",\"@id\":\"https:\/\/kkbc.com.vn\/en\/#website\",\"url\":\"https:\/\/kkbc.com.vn\/en\/\",\"name\":\"KKBC\",\"description\":\"\",\"potentialAction\":[{\"@type\":\"SearchAction\",\"target\":{\"@type\":\"EntryPoint\",\"urlTemplate\":\"https:\/\/kkbc.com.vn\/en\/?s={search_term_string}\"},\"query-input\":{\"@type\":\"PropertyValueSpecification\",\"valueRequired\":true,\"valueName\":\"search_term_string\"}}],\"inLanguage\":\"vi-VN2\"}]}<\/script>\n<!-- \/ Yoast SEO plugin. -->","yoast_head_json":{"title":"Nghi\u00ean c\u1ee9u C\u00f4ng nghi\u1ec7p | Marketing M\u1ee5c ti\u00eau | KKBC","description":"D\u1ecbch v\u1ee5 nghi\u00ean c\u1ee9u c\u00f4ng nghi\u1ec7p c\u1ee7a KKBC cung c\u1ea5p th\u00f4ng tin chuy\u00ean s\u00e2u b\u1eb1ng c\u00e1ch \u0111i s\u00e2u v\u00e0o b\u1ed1i c\u1ea3nh ng\u00e0nh, bao g\u1ed3m xu h\u01b0\u1edbng v\u00e0 s\u1eafc th\u00e1i th\u1ecb tr\u01b0\u1eddng.","robots":{"index":"index","follow":"follow","max-snippet":"max-snippet:-1","max-image-preview":"max-image-preview:large","max-video-preview":"max-video-preview:-1"},"canonical":"https:\/\/kkbc.com.vn\/vi-vn\/expertise\/industrial-research\/","og_locale":"en_US","og_type":"article","og_title":"Nghi\u00ean c\u1ee9u C\u00f4ng nghi\u1ec7p | Marketing M\u1ee5c ti\u00eau | KKBC","og_description":"D\u1ecbch v\u1ee5 nghi\u00ean c\u1ee9u c\u00f4ng nghi\u1ec7p c\u1ee7a KKBC cung c\u1ea5p th\u00f4ng tin chuy\u00ean s\u00e2u b\u1eb1ng c\u00e1ch \u0111i s\u00e2u v\u00e0o b\u1ed1i c\u1ea3nh ng\u00e0nh, bao g\u1ed3m xu h\u01b0\u1edbng v\u00e0 s\u1eafc th\u00e1i th\u1ecb tr\u01b0\u1eddng.","og_url":"https:\/\/kkbc.com.vn\/vi-vn\/expertise\/industrial-research\/","og_site_name":"KKBC Vi\u1ec7t Nam","article_publisher":"https:\/\/www.facebook.com\/kkbc.co","article_modified_time":"2025-05-13T08:16:24+00:00","twitter_card":"summary_large_image","twitter_site":"@kkbc_co","twitter_misc":{"Est. reading time":"1 minute"},"schema":{"@context":"https:\/\/schema.org","@graph":[{"@type":"WebPage","@id":"https:\/\/kkbc.com.vn\/vi-vn\/expertise\/industrial-research\/","url":"https:\/\/kkbc.com.vn\/vi-vn\/expertise\/industrial-research\/","name":"Nghi\u00ean c\u1ee9u C\u00f4ng nghi\u1ec7p | Marketing M\u1ee5c ti\u00eau | KKBC","isPartOf":{"@id":"https:\/\/kkbc.com.vn\/en\/#website"},"datePublished":"2024-10-03T07:43:24+00:00","dateModified":"2025-05-13T08:16:24+00:00","description":"D\u1ecbch v\u1ee5 nghi\u00ean c\u1ee9u c\u00f4ng nghi\u1ec7p c\u1ee7a KKBC cung c\u1ea5p th\u00f4ng tin chuy\u00ean s\u00e2u b\u1eb1ng c\u00e1ch \u0111i s\u00e2u v\u00e0o b\u1ed1i c\u1ea3nh ng\u00e0nh, bao g\u1ed3m xu h\u01b0\u1edbng v\u00e0 s\u1eafc th\u00e1i th\u1ecb tr\u01b0\u1eddng.","breadcrumb":{"@id":"https:\/\/kkbc.com.vn\/vi-vn\/expertise\/industrial-research\/#breadcrumb"},"inLanguage":"vi-VN2","potentialAction":[{"@type":"ReadAction","target":["https:\/\/kkbc.com.vn\/vi-vn\/expertise\/industrial-research\/"]}]},{"@type":"BreadcrumbList","@id":"https:\/\/kkbc.com.vn\/vi-vn\/expertise\/industrial-research\/#breadcrumb","itemListElement":[{"@type":"ListItem","position":1,"name":"Home","item":"https:\/\/kkbc.com.vn\/vi-vn\/"},{"@type":"ListItem","position":2,"name":"Chuy\u00ean m\u00f4n","item":"https:\/\/kkbc.com.vn\/vi-vn\/expertise\/"},{"@type":"ListItem","position":3,"name":"Nghi\u00ean c\u1ee9u c\u00f4ng nghi\u1ec7p"}]},{"@type":"WebSite","@id":"https:\/\/kkbc.com.vn\/en\/#website","url":"https:\/\/kkbc.com.vn\/en\/","name":"KKBC","description":"","potentialAction":[{"@type":"SearchAction","target":{"@type":"EntryPoint","urlTemplate":"https:\/\/kkbc.com.vn\/en\/?s={search_term_string}"},"query-input":{"@type":"PropertyValueSpecification","valueRequired":true,"valueName":"search_term_string"}}],"inLanguage":"vi-VN2"}]}},"_links":{"self":[{"href":"https:\/\/kkbc.com.vn\/vi-vn\/wp-json\/wp\/v2\/pages\/4935","targetHints":{"allow":["GET"]}}],"collection":[{"href":"https:\/\/kkbc.com.vn\/vi-vn\/wp-json\/wp\/v2\/pages"}],"about":[{"href":"https:\/\/kkbc.com.vn\/vi-vn\/wp-json\/wp\/v2\/types\/page"}],"author":[{"embeddable":true,"href":"https:\/\/kkbc.com.vn\/vi-vn\/wp-json\/wp\/v2\/users\/1"}],"replies":[{"embeddable":true,"href":"https:\/\/kkbc.com.vn\/vi-vn\/wp-json\/wp\/v2\/comments?post=4935"}],"version-history":[{"count":4,"href":"https:\/\/kkbc.com.vn\/vi-vn\/wp-json\/wp\/v2\/pages\/4935\/revisions"}],"predecessor-version":[{"id":6816,"href":"https:\/\/kkbc.com.vn\/vi-vn\/wp-json\/wp\/v2\/pages\/4935\/revisions\/6816"}],"up":[{"embeddable":true,"href":"https:\/\/kkbc.com.vn\/vi-vn\/wp-json\/wp\/v2\/pages\/4813"}],"wp:attachment":[{"href":"https:\/\/kkbc.com.vn\/vi-vn\/wp-json\/wp\/v2\/media?parent=4935"}],"curies":[{"name":"wp","href":"https:\/\/api.w.org\/{rel}","templated":true}]}}