{"id":5125,"date":"2024-10-23T11:18:25","date_gmt":"2024-10-23T11:18:25","guid":{"rendered":"https:\/\/kkbcvietnam.com\/expertise\/general-media-research\/"},"modified":"2025-05-13T08:18:54","modified_gmt":"2025-05-13T08:18:54","slug":"general-media-research","status":"publish","type":"page","link":"https:\/\/kkbc.com.vn\/vi-vn\/expertise\/general-media-research\/","title":{"rendered":"Nghi\u00ean c\u1ee9u ph\u01b0\u01a1ng ti\u1ec7n truy\u1ec1n th\u00f4ng chung"},"content":{"rendered":"<p>Ti\u1ebfn h\u00e0nh nghi\u00ean c\u1ee9u chuy\u00ean s\u00e2u v\u1ec1 c\u00e1c chi\u1ebfn l\u01b0\u1ee3c truy\u1ec1n th\u00f4ng v\u00e0 ph\u01b0\u01a1ng ti\u1ec7n truy\u1ec1n th\u00f4ng \u0111\u00f3ng vai tr\u00f2 quan tr\u1ecdng trong vi\u1ec7c h\u00ecnh th\u00e0nh c\u00e1c ph\u01b0\u01a1ng ph\u00e1p ti\u1ebfp th\u1ecb m\u1ea1nh m\u1ebd cho b\u1ed1i c\u1ea3nh B2B. Lo\u1ea1i nghi\u00ean c\u1ee9u n\u00e0y cung c\u1ea5p th\u00f4ng tin chi ti\u1ebft v\u1ec1 c\u00e1c m\u00f4 h\u00ecnh s\u1eed d\u1ee5ng ph\u01b0\u01a1ng ti\u1ec7n truy\u1ec1n th\u00f4ng, c\u00e1c k\u00eanh truy\u1ec1n th\u00f4ng \u01b0a th\u00edch v\u00e0 nh\u1eefng th\u00e1ch th\u1ee9c trong vi\u1ec7c ti\u1ebfp c\u1eadn c\u00e1c ph\u00e2n kh\u00fac th\u1ecb tr\u01b0\u1eddng c\u1ee5 th\u1ec3, cho ph\u00e9p c\u00e1c doanh nghi\u1ec7p \u0111i\u1ec1u ch\u1ec9nh c\u00e1c chi\u1ebfn l\u01b0\u1ee3c truy\u1ec1n th\u00f4ng c\u1ee7a m\u00ecnh m\u1ed9t c\u00e1ch hi\u1ec7u qu\u1ea3.<\/p>\n","protected":false},"excerpt":{"rendered":"<p>Ti\u1ebfn h\u00e0nh nghi\u00ean c\u1ee9u chuy\u00ean s\u00e2u v\u1ec1 c\u00e1c chi\u1ebfn l\u01b0\u1ee3c truy\u1ec1n th\u00f4ng v\u00e0 ph\u01b0\u01a1ng ti\u1ec7n truy\u1ec1n th\u00f4ng \u0111\u00f3ng vai tr\u00f2 quan tr\u1ecdng trong vi\u1ec7c h\u00ecnh th\u00e0nh c\u00e1c ph\u01b0\u01a1ng ph\u00e1p ti\u1ebfp th\u1ecb m\u1ea1nh m\u1ebd cho b\u1ed1i c\u1ea3nh B2B. Lo\u1ea1i nghi\u00ean c\u1ee9u &hellip; <a href=\"https:\/\/kkbc.com.vn\/vi-vn\/expertise\/general-media-research\/\">Continue reading <span class=\"meta-nav\">&rarr;<\/span><\/a><\/p>\n","protected":false},"author":1,"featured_media":0,"parent":4813,"menu_order":72,"comment_status":"closed","ping_status":"closed","template":"template\/digitalmarketing.php","meta":{"_acf_changed":false,"footnotes":""},"class_list":["post-5125","page","type-page","status-publish","hentry"],"acf":[],"yoast_head":"<!-- This site is optimized with the Yoast SEO plugin v26.8 - https:\/\/yoast.com\/product\/yoast-seo-wordpress\/ -->\n<title>Nghi\u00ean c\u1ee9u Truy\u1ec1n th\u00f4ng T\u1ed5ng qu\u00e1t cho B2B Th\u00e0nh c\u00f4ng<\/title>\n<meta name=\"description\" content=\"Hi\u1ec3u r\u00f5 th\u1ecb tr\u01b0\u1eddng c\u1ee7a b\u1ea1n b\u1eb1ng c\u00e1ch t\u1eadn d\u1ee5ng chuy\u00ean m\u00f4n nghi\u00ean c\u1ee9u truy\u1ec1n th\u00f4ng t\u1ed5ng qu\u00e1t c\u1ee7a ch\u00fang t\u00f4i, cung c\u1ea5p th\u00f4ng tin h\u1eefu \u00edch v\u1ec1 th\u00f3i quen ti\u00eau th\u1ee5.\" \/>\n<meta name=\"robots\" content=\"index, follow, max-snippet:-1, max-image-preview:large, max-video-preview:-1\" \/>\n<link rel=\"canonical\" href=\"https:\/\/kkbc.com.vn\/vi-vn\/expertise\/general-media-research\/\" \/>\n<meta property=\"og:locale\" content=\"en_US\" \/>\n<meta property=\"og:type\" content=\"article\" \/>\n<meta property=\"og:title\" content=\"Nghi\u00ean c\u1ee9u Truy\u1ec1n th\u00f4ng T\u1ed5ng qu\u00e1t cho B2B Th\u00e0nh c\u00f4ng\" \/>\n<meta property=\"og:description\" content=\"Hi\u1ec3u r\u00f5 th\u1ecb tr\u01b0\u1eddng c\u1ee7a b\u1ea1n b\u1eb1ng c\u00e1ch t\u1eadn d\u1ee5ng chuy\u00ean m\u00f4n nghi\u00ean c\u1ee9u truy\u1ec1n th\u00f4ng t\u1ed5ng qu\u00e1t c\u1ee7a ch\u00fang t\u00f4i, cung c\u1ea5p th\u00f4ng tin h\u1eefu \u00edch v\u1ec1 th\u00f3i quen ti\u00eau th\u1ee5.\" \/>\n<meta property=\"og:url\" content=\"https:\/\/kkbc.com.vn\/vi-vn\/expertise\/general-media-research\/\" \/>\n<meta property=\"og:site_name\" content=\"KKBC Vi\u1ec7t Nam\" \/>\n<meta property=\"article:publisher\" content=\"https:\/\/www.facebook.com\/kkbc.co\" \/>\n<meta property=\"article:modified_time\" content=\"2025-05-13T08:18:54+00:00\" \/>\n<meta name=\"twitter:card\" content=\"summary_large_image\" \/>\n<meta name=\"twitter:site\" content=\"@kkbc_co\" \/>\n<meta name=\"twitter:label1\" content=\"Est. reading time\" \/>\n\t<meta name=\"twitter:data1\" content=\"1 minute\" \/>\n<script type=\"application\/ld+json\" class=\"yoast-schema-graph\">{\"@context\":\"https:\/\/schema.org\",\"@graph\":[{\"@type\":\"WebPage\",\"@id\":\"https:\/\/kkbc.com.vn\/vi-vn\/expertise\/general-media-research\/\",\"url\":\"https:\/\/kkbc.com.vn\/vi-vn\/expertise\/general-media-research\/\",\"name\":\"Nghi\u00ean c\u1ee9u Truy\u1ec1n th\u00f4ng T\u1ed5ng qu\u00e1t cho B2B Th\u00e0nh c\u00f4ng\",\"isPartOf\":{\"@id\":\"https:\/\/kkbc.com.vn\/en\/#website\"},\"datePublished\":\"2024-10-23T11:18:25+00:00\",\"dateModified\":\"2025-05-13T08:18:54+00:00\",\"description\":\"Hi\u1ec3u r\u00f5 th\u1ecb tr\u01b0\u1eddng c\u1ee7a b\u1ea1n b\u1eb1ng c\u00e1ch t\u1eadn d\u1ee5ng chuy\u00ean m\u00f4n nghi\u00ean c\u1ee9u truy\u1ec1n th\u00f4ng t\u1ed5ng qu\u00e1t c\u1ee7a ch\u00fang t\u00f4i, cung c\u1ea5p th\u00f4ng tin h\u1eefu \u00edch v\u1ec1 th\u00f3i quen ti\u00eau th\u1ee5.\",\"breadcrumb\":{\"@id\":\"https:\/\/kkbc.com.vn\/vi-vn\/expertise\/general-media-research\/#breadcrumb\"},\"inLanguage\":\"vi-VN2\",\"potentialAction\":[{\"@type\":\"ReadAction\",\"target\":[\"https:\/\/kkbc.com.vn\/vi-vn\/expertise\/general-media-research\/\"]}]},{\"@type\":\"BreadcrumbList\",\"@id\":\"https:\/\/kkbc.com.vn\/vi-vn\/expertise\/general-media-research\/#breadcrumb\",\"itemListElement\":[{\"@type\":\"ListItem\",\"position\":1,\"name\":\"Home\",\"item\":\"https:\/\/kkbc.com.vn\/vi-vn\/\"},{\"@type\":\"ListItem\",\"position\":2,\"name\":\"Chuy\u00ean m\u00f4n\",\"item\":\"https:\/\/kkbc.com.vn\/vi-vn\/expertise\/\"},{\"@type\":\"ListItem\",\"position\":3,\"name\":\"Nghi\u00ean c\u1ee9u ph\u01b0\u01a1ng ti\u1ec7n truy\u1ec1n th\u00f4ng chung\"}]},{\"@type\":\"WebSite\",\"@id\":\"https:\/\/kkbc.com.vn\/en\/#website\",\"url\":\"https:\/\/kkbc.com.vn\/en\/\",\"name\":\"KKBC\",\"description\":\"\",\"potentialAction\":[{\"@type\":\"SearchAction\",\"target\":{\"@type\":\"EntryPoint\",\"urlTemplate\":\"https:\/\/kkbc.com.vn\/en\/?s={search_term_string}\"},\"query-input\":{\"@type\":\"PropertyValueSpecification\",\"valueRequired\":true,\"valueName\":\"search_term_string\"}}],\"inLanguage\":\"vi-VN2\"}]}<\/script>\n<!-- \/ Yoast SEO plugin. -->","yoast_head_json":{"title":"Nghi\u00ean c\u1ee9u Truy\u1ec1n th\u00f4ng T\u1ed5ng qu\u00e1t cho B2B Th\u00e0nh c\u00f4ng","description":"Hi\u1ec3u r\u00f5 th\u1ecb tr\u01b0\u1eddng c\u1ee7a b\u1ea1n b\u1eb1ng c\u00e1ch t\u1eadn d\u1ee5ng chuy\u00ean m\u00f4n nghi\u00ean c\u1ee9u truy\u1ec1n th\u00f4ng t\u1ed5ng qu\u00e1t c\u1ee7a ch\u00fang t\u00f4i, cung c\u1ea5p th\u00f4ng tin h\u1eefu \u00edch v\u1ec1 th\u00f3i quen ti\u00eau th\u1ee5.","robots":{"index":"index","follow":"follow","max-snippet":"max-snippet:-1","max-image-preview":"max-image-preview:large","max-video-preview":"max-video-preview:-1"},"canonical":"https:\/\/kkbc.com.vn\/vi-vn\/expertise\/general-media-research\/","og_locale":"en_US","og_type":"article","og_title":"Nghi\u00ean c\u1ee9u Truy\u1ec1n th\u00f4ng T\u1ed5ng qu\u00e1t cho B2B Th\u00e0nh c\u00f4ng","og_description":"Hi\u1ec3u r\u00f5 th\u1ecb tr\u01b0\u1eddng c\u1ee7a b\u1ea1n b\u1eb1ng c\u00e1ch t\u1eadn d\u1ee5ng chuy\u00ean m\u00f4n nghi\u00ean c\u1ee9u truy\u1ec1n th\u00f4ng t\u1ed5ng qu\u00e1t c\u1ee7a ch\u00fang t\u00f4i, cung c\u1ea5p th\u00f4ng tin h\u1eefu \u00edch v\u1ec1 th\u00f3i quen ti\u00eau th\u1ee5.","og_url":"https:\/\/kkbc.com.vn\/vi-vn\/expertise\/general-media-research\/","og_site_name":"KKBC Vi\u1ec7t Nam","article_publisher":"https:\/\/www.facebook.com\/kkbc.co","article_modified_time":"2025-05-13T08:18:54+00:00","twitter_card":"summary_large_image","twitter_site":"@kkbc_co","twitter_misc":{"Est. reading time":"1 minute"},"schema":{"@context":"https:\/\/schema.org","@graph":[{"@type":"WebPage","@id":"https:\/\/kkbc.com.vn\/vi-vn\/expertise\/general-media-research\/","url":"https:\/\/kkbc.com.vn\/vi-vn\/expertise\/general-media-research\/","name":"Nghi\u00ean c\u1ee9u Truy\u1ec1n th\u00f4ng T\u1ed5ng qu\u00e1t cho B2B Th\u00e0nh c\u00f4ng","isPartOf":{"@id":"https:\/\/kkbc.com.vn\/en\/#website"},"datePublished":"2024-10-23T11:18:25+00:00","dateModified":"2025-05-13T08:18:54+00:00","description":"Hi\u1ec3u r\u00f5 th\u1ecb tr\u01b0\u1eddng c\u1ee7a b\u1ea1n b\u1eb1ng c\u00e1ch t\u1eadn d\u1ee5ng chuy\u00ean m\u00f4n nghi\u00ean c\u1ee9u truy\u1ec1n th\u00f4ng t\u1ed5ng qu\u00e1t c\u1ee7a ch\u00fang t\u00f4i, cung c\u1ea5p th\u00f4ng tin h\u1eefu \u00edch v\u1ec1 th\u00f3i quen ti\u00eau th\u1ee5.","breadcrumb":{"@id":"https:\/\/kkbc.com.vn\/vi-vn\/expertise\/general-media-research\/#breadcrumb"},"inLanguage":"vi-VN2","potentialAction":[{"@type":"ReadAction","target":["https:\/\/kkbc.com.vn\/vi-vn\/expertise\/general-media-research\/"]}]},{"@type":"BreadcrumbList","@id":"https:\/\/kkbc.com.vn\/vi-vn\/expertise\/general-media-research\/#breadcrumb","itemListElement":[{"@type":"ListItem","position":1,"name":"Home","item":"https:\/\/kkbc.com.vn\/vi-vn\/"},{"@type":"ListItem","position":2,"name":"Chuy\u00ean m\u00f4n","item":"https:\/\/kkbc.com.vn\/vi-vn\/expertise\/"},{"@type":"ListItem","position":3,"name":"Nghi\u00ean c\u1ee9u ph\u01b0\u01a1ng ti\u1ec7n truy\u1ec1n th\u00f4ng chung"}]},{"@type":"WebSite","@id":"https:\/\/kkbc.com.vn\/en\/#website","url":"https:\/\/kkbc.com.vn\/en\/","name":"KKBC","description":"","potentialAction":[{"@type":"SearchAction","target":{"@type":"EntryPoint","urlTemplate":"https:\/\/kkbc.com.vn\/en\/?s={search_term_string}"},"query-input":{"@type":"PropertyValueSpecification","valueRequired":true,"valueName":"search_term_string"}}],"inLanguage":"vi-VN2"}]}},"_links":{"self":[{"href":"https:\/\/kkbc.com.vn\/vi-vn\/wp-json\/wp\/v2\/pages\/5125","targetHints":{"allow":["GET"]}}],"collection":[{"href":"https:\/\/kkbc.com.vn\/vi-vn\/wp-json\/wp\/v2\/pages"}],"about":[{"href":"https:\/\/kkbc.com.vn\/vi-vn\/wp-json\/wp\/v2\/types\/page"}],"author":[{"embeddable":true,"href":"https:\/\/kkbc.com.vn\/vi-vn\/wp-json\/wp\/v2\/users\/1"}],"replies":[{"embeddable":true,"href":"https:\/\/kkbc.com.vn\/vi-vn\/wp-json\/wp\/v2\/comments?post=5125"}],"version-history":[{"count":4,"href":"https:\/\/kkbc.com.vn\/vi-vn\/wp-json\/wp\/v2\/pages\/5125\/revisions"}],"predecessor-version":[{"id":6123,"href":"https:\/\/kkbc.com.vn\/vi-vn\/wp-json\/wp\/v2\/pages\/5125\/revisions\/6123"}],"up":[{"embeddable":true,"href":"https:\/\/kkbc.com.vn\/vi-vn\/wp-json\/wp\/v2\/pages\/4813"}],"wp:attachment":[{"href":"https:\/\/kkbc.com.vn\/vi-vn\/wp-json\/wp\/v2\/media?parent=5125"}],"curies":[{"name":"wp","href":"https:\/\/api.w.org\/{rel}","templated":true}]}}