{"id":5127,"date":"2024-10-03T07:37:22","date_gmt":"2024-10-03T07:37:22","guid":{"rendered":"https:\/\/kkbcvietnam.com\/expertise\/advertising-effectiveness\/"},"modified":"2025-05-13T08:18:10","modified_gmt":"2025-05-13T08:18:10","slug":"advertising-effectiveness","status":"publish","type":"page","link":"https:\/\/kkbc.com.vn\/vi-vn\/expertise\/advertising-effectiveness\/","title":{"rendered":"Hi\u1ec7u qu\u1ea3 qu\u1ea3ng c\u00e1o"},"content":{"rendered":"<p>Nghi\u00ean c\u1ee9u hi\u1ec7u qu\u1ea3 qu\u1ea3ng c\u00e1o l\u00e0 t\u1ea5t c\u1ea3 v\u1ec1 vi\u1ec7c kh\u00e1m ph\u00e1 \u0111i\u1ec1u g\u00ec l\u00e0m cho chi\u1ebfn d\u1ecbch c\u1ee7a b\u1ea1n ph\u00e1t tri\u1ec3n m\u1ea1nh. N\u00f3 x\u00e1c \u0111\u1ecbnh nh\u1eefng y\u1ebfu t\u1ed1 n\u00e0o trong th\u00f4ng \u0111i\u1ec7p c\u1ee7a b\u1ea1n th\u1ef1c s\u1ef1 k\u1ebft n\u1ed1i v\u1edbi \u0111\u1ed1i t\u01b0\u1ee3ng c\u1ee7a b\u1ea1n\u2014kh\u00f4ng ch\u1ec9 mang l\u1ea1i \u1ea5n t\u01b0\u1ee3ng m\u00e0 c\u00f2n l\u00e0 nh\u1eefng tr\u1ea3i nghi\u1ec7m \u0111\u00e1ng nh\u1edb th\u00fac \u0111\u1ea9y h\u00e0nh \u0111\u1ed9ng. Nghi\u00ean c\u1ee9u n\u00e0y ph\u00e2n t\u00edch t\u1eebng \u0111i\u1ec3m ti\u1ebfp x\u00fac c\u1ee7a qu\u1ea3ng c\u00e1o c\u1ee7a b\u1ea1n, t\u1eeb h\u00ecnh \u1ea3nh \u0111\u1ebfn c\u00e1ch k\u1ec3 chuy\u1ec7n, \u0111\u1ec3 ti\u1ebft l\u1ed9 c\u00e1c m\u00f4 h\u00ecnh t\u1ea1o ra s\u1ef1 t\u01b0\u01a1ng t\u00e1c th\u1ef1c s\u1ef1.<\/p>\n","protected":false},"excerpt":{"rendered":"<p>Nghi\u00ean c\u1ee9u hi\u1ec7u qu\u1ea3 qu\u1ea3ng c\u00e1o l\u00e0 t\u1ea5t c\u1ea3 v\u1ec1 vi\u1ec7c kh\u00e1m ph\u00e1 \u0111i\u1ec1u g\u00ec l\u00e0m cho chi\u1ebfn d\u1ecbch c\u1ee7a b\u1ea1n ph\u00e1t tri\u1ec3n m\u1ea1nh. N\u00f3 x\u00e1c \u0111\u1ecbnh nh\u1eefng y\u1ebfu t\u1ed1 n\u00e0o trong th\u00f4ng \u0111i\u1ec7p c\u1ee7a b\u1ea1n th\u1ef1c s\u1ef1 k\u1ebft n\u1ed1i &hellip; <a href=\"https:\/\/kkbc.com.vn\/vi-vn\/expertise\/advertising-effectiveness\/\">Continue reading <span class=\"meta-nav\">&rarr;<\/span><\/a><\/p>\n","protected":false},"author":1,"featured_media":0,"parent":4813,"menu_order":72,"comment_status":"closed","ping_status":"closed","template":"template\/digitalmarketing.php","meta":{"_acf_changed":false,"footnotes":""},"class_list":["post-5127","page","type-page","status-publish","hentry"],"acf":[],"yoast_head":"<!-- This site is optimized with the Yoast SEO plugin v26.8 - https:\/\/yoast.com\/product\/yoast-seo-wordpress\/ -->\n<title>M\u1edf kh\u00f3a Hi\u1ec7u qu\u1ea3 Qu\u1ea3ng c\u00e1o | Chi\u1ebfn l\u01b0\u1ee3c T\u0103ng tr\u01b0\u1edfng | KKBC<\/title>\n<meta name=\"description\" content=\"T\u1ed1i \u0111a h\u00f3a t\u00e1c \u0111\u1ed9ng qu\u1ea3ng c\u00e1o v\u1edbi nghi\u00ean c\u1ee9u hi\u1ec7u qu\u1ea3 c\u1ee7a KKBC. Ch\u00fang t\u00f4i ph\u00e2n t\u00edch s\u1ef1 tham gia c\u1ee7a kh\u00e1n gi\u1ea3 v\u00e0 y\u1ebfu t\u1ed1 s\u00e1ng t\u1ea1o \u0111\u1ec3 tinh ch\u1ec9nh chi\u1ebfn l\u01b0\u1ee3c.\" \/>\n<meta name=\"robots\" content=\"index, follow, max-snippet:-1, max-image-preview:large, max-video-preview:-1\" \/>\n<link rel=\"canonical\" href=\"https:\/\/kkbc.com.vn\/vi-vn\/expertise\/advertising-effectiveness\/\" \/>\n<meta property=\"og:locale\" content=\"en_US\" \/>\n<meta property=\"og:type\" content=\"article\" \/>\n<meta property=\"og:title\" content=\"M\u1edf kh\u00f3a Hi\u1ec7u qu\u1ea3 Qu\u1ea3ng c\u00e1o | Chi\u1ebfn l\u01b0\u1ee3c T\u0103ng tr\u01b0\u1edfng | KKBC\" \/>\n<meta property=\"og:description\" content=\"T\u1ed1i \u0111a h\u00f3a t\u00e1c \u0111\u1ed9ng qu\u1ea3ng c\u00e1o v\u1edbi nghi\u00ean c\u1ee9u hi\u1ec7u qu\u1ea3 c\u1ee7a KKBC. Ch\u00fang t\u00f4i ph\u00e2n t\u00edch s\u1ef1 tham gia c\u1ee7a kh\u00e1n gi\u1ea3 v\u00e0 y\u1ebfu t\u1ed1 s\u00e1ng t\u1ea1o \u0111\u1ec3 tinh ch\u1ec9nh chi\u1ebfn l\u01b0\u1ee3c.\" \/>\n<meta property=\"og:url\" content=\"https:\/\/kkbc.com.vn\/vi-vn\/expertise\/advertising-effectiveness\/\" \/>\n<meta property=\"og:site_name\" content=\"KKBC Vi\u1ec7t Nam\" \/>\n<meta property=\"article:publisher\" content=\"https:\/\/www.facebook.com\/kkbc.co\" \/>\n<meta property=\"article:modified_time\" content=\"2025-05-13T08:18:10+00:00\" \/>\n<meta name=\"twitter:card\" content=\"summary_large_image\" \/>\n<meta name=\"twitter:site\" content=\"@kkbc_co\" \/>\n<meta name=\"twitter:label1\" content=\"Est. reading time\" \/>\n\t<meta name=\"twitter:data1\" content=\"1 minute\" \/>\n<script type=\"application\/ld+json\" class=\"yoast-schema-graph\">{\"@context\":\"https:\/\/schema.org\",\"@graph\":[{\"@type\":\"WebPage\",\"@id\":\"https:\/\/kkbc.com.vn\/vi-vn\/expertise\/advertising-effectiveness\/\",\"url\":\"https:\/\/kkbc.com.vn\/vi-vn\/expertise\/advertising-effectiveness\/\",\"name\":\"M\u1edf kh\u00f3a Hi\u1ec7u qu\u1ea3 Qu\u1ea3ng c\u00e1o | Chi\u1ebfn l\u01b0\u1ee3c T\u0103ng tr\u01b0\u1edfng | KKBC\",\"isPartOf\":{\"@id\":\"https:\/\/kkbc.com.vn\/en\/#website\"},\"datePublished\":\"2024-10-03T07:37:22+00:00\",\"dateModified\":\"2025-05-13T08:18:10+00:00\",\"description\":\"T\u1ed1i \u0111a h\u00f3a t\u00e1c \u0111\u1ed9ng qu\u1ea3ng c\u00e1o v\u1edbi nghi\u00ean c\u1ee9u hi\u1ec7u qu\u1ea3 c\u1ee7a KKBC. Ch\u00fang t\u00f4i ph\u00e2n t\u00edch s\u1ef1 tham gia c\u1ee7a kh\u00e1n gi\u1ea3 v\u00e0 y\u1ebfu t\u1ed1 s\u00e1ng t\u1ea1o \u0111\u1ec3 tinh ch\u1ec9nh chi\u1ebfn l\u01b0\u1ee3c.\",\"breadcrumb\":{\"@id\":\"https:\/\/kkbc.com.vn\/vi-vn\/expertise\/advertising-effectiveness\/#breadcrumb\"},\"inLanguage\":\"vi-VN2\",\"potentialAction\":[{\"@type\":\"ReadAction\",\"target\":[\"https:\/\/kkbc.com.vn\/vi-vn\/expertise\/advertising-effectiveness\/\"]}]},{\"@type\":\"BreadcrumbList\",\"@id\":\"https:\/\/kkbc.com.vn\/vi-vn\/expertise\/advertising-effectiveness\/#breadcrumb\",\"itemListElement\":[{\"@type\":\"ListItem\",\"position\":1,\"name\":\"Home\",\"item\":\"https:\/\/kkbc.com.vn\/vi-vn\/\"},{\"@type\":\"ListItem\",\"position\":2,\"name\":\"Chuy\u00ean m\u00f4n\",\"item\":\"https:\/\/kkbc.com.vn\/vi-vn\/expertise\/\"},{\"@type\":\"ListItem\",\"position\":3,\"name\":\"Hi\u1ec7u qu\u1ea3 qu\u1ea3ng c\u00e1o\"}]},{\"@type\":\"WebSite\",\"@id\":\"https:\/\/kkbc.com.vn\/en\/#website\",\"url\":\"https:\/\/kkbc.com.vn\/en\/\",\"name\":\"KKBC\",\"description\":\"\",\"potentialAction\":[{\"@type\":\"SearchAction\",\"target\":{\"@type\":\"EntryPoint\",\"urlTemplate\":\"https:\/\/kkbc.com.vn\/en\/?s={search_term_string}\"},\"query-input\":{\"@type\":\"PropertyValueSpecification\",\"valueRequired\":true,\"valueName\":\"search_term_string\"}}],\"inLanguage\":\"vi-VN2\"}]}<\/script>\n<!-- \/ Yoast SEO plugin. -->","yoast_head_json":{"title":"M\u1edf kh\u00f3a Hi\u1ec7u qu\u1ea3 Qu\u1ea3ng c\u00e1o | Chi\u1ebfn l\u01b0\u1ee3c T\u0103ng tr\u01b0\u1edfng | KKBC","description":"T\u1ed1i \u0111a h\u00f3a t\u00e1c \u0111\u1ed9ng qu\u1ea3ng c\u00e1o v\u1edbi nghi\u00ean c\u1ee9u hi\u1ec7u qu\u1ea3 c\u1ee7a KKBC. Ch\u00fang t\u00f4i ph\u00e2n t\u00edch s\u1ef1 tham gia c\u1ee7a kh\u00e1n gi\u1ea3 v\u00e0 y\u1ebfu t\u1ed1 s\u00e1ng t\u1ea1o \u0111\u1ec3 tinh ch\u1ec9nh chi\u1ebfn l\u01b0\u1ee3c.","robots":{"index":"index","follow":"follow","max-snippet":"max-snippet:-1","max-image-preview":"max-image-preview:large","max-video-preview":"max-video-preview:-1"},"canonical":"https:\/\/kkbc.com.vn\/vi-vn\/expertise\/advertising-effectiveness\/","og_locale":"en_US","og_type":"article","og_title":"M\u1edf kh\u00f3a Hi\u1ec7u qu\u1ea3 Qu\u1ea3ng c\u00e1o | Chi\u1ebfn l\u01b0\u1ee3c T\u0103ng tr\u01b0\u1edfng | KKBC","og_description":"T\u1ed1i \u0111a h\u00f3a t\u00e1c \u0111\u1ed9ng qu\u1ea3ng c\u00e1o v\u1edbi nghi\u00ean c\u1ee9u hi\u1ec7u qu\u1ea3 c\u1ee7a KKBC. Ch\u00fang t\u00f4i ph\u00e2n t\u00edch s\u1ef1 tham gia c\u1ee7a kh\u00e1n gi\u1ea3 v\u00e0 y\u1ebfu t\u1ed1 s\u00e1ng t\u1ea1o \u0111\u1ec3 tinh ch\u1ec9nh chi\u1ebfn l\u01b0\u1ee3c.","og_url":"https:\/\/kkbc.com.vn\/vi-vn\/expertise\/advertising-effectiveness\/","og_site_name":"KKBC Vi\u1ec7t Nam","article_publisher":"https:\/\/www.facebook.com\/kkbc.co","article_modified_time":"2025-05-13T08:18:10+00:00","twitter_card":"summary_large_image","twitter_site":"@kkbc_co","twitter_misc":{"Est. reading time":"1 minute"},"schema":{"@context":"https:\/\/schema.org","@graph":[{"@type":"WebPage","@id":"https:\/\/kkbc.com.vn\/vi-vn\/expertise\/advertising-effectiveness\/","url":"https:\/\/kkbc.com.vn\/vi-vn\/expertise\/advertising-effectiveness\/","name":"M\u1edf kh\u00f3a Hi\u1ec7u qu\u1ea3 Qu\u1ea3ng c\u00e1o | Chi\u1ebfn l\u01b0\u1ee3c T\u0103ng tr\u01b0\u1edfng | KKBC","isPartOf":{"@id":"https:\/\/kkbc.com.vn\/en\/#website"},"datePublished":"2024-10-03T07:37:22+00:00","dateModified":"2025-05-13T08:18:10+00:00","description":"T\u1ed1i \u0111a h\u00f3a t\u00e1c \u0111\u1ed9ng qu\u1ea3ng c\u00e1o v\u1edbi nghi\u00ean c\u1ee9u hi\u1ec7u qu\u1ea3 c\u1ee7a KKBC. Ch\u00fang t\u00f4i ph\u00e2n t\u00edch s\u1ef1 tham gia c\u1ee7a kh\u00e1n gi\u1ea3 v\u00e0 y\u1ebfu t\u1ed1 s\u00e1ng t\u1ea1o \u0111\u1ec3 tinh ch\u1ec9nh chi\u1ebfn l\u01b0\u1ee3c.","breadcrumb":{"@id":"https:\/\/kkbc.com.vn\/vi-vn\/expertise\/advertising-effectiveness\/#breadcrumb"},"inLanguage":"vi-VN2","potentialAction":[{"@type":"ReadAction","target":["https:\/\/kkbc.com.vn\/vi-vn\/expertise\/advertising-effectiveness\/"]}]},{"@type":"BreadcrumbList","@id":"https:\/\/kkbc.com.vn\/vi-vn\/expertise\/advertising-effectiveness\/#breadcrumb","itemListElement":[{"@type":"ListItem","position":1,"name":"Home","item":"https:\/\/kkbc.com.vn\/vi-vn\/"},{"@type":"ListItem","position":2,"name":"Chuy\u00ean m\u00f4n","item":"https:\/\/kkbc.com.vn\/vi-vn\/expertise\/"},{"@type":"ListItem","position":3,"name":"Hi\u1ec7u qu\u1ea3 qu\u1ea3ng c\u00e1o"}]},{"@type":"WebSite","@id":"https:\/\/kkbc.com.vn\/en\/#website","url":"https:\/\/kkbc.com.vn\/en\/","name":"KKBC","description":"","potentialAction":[{"@type":"SearchAction","target":{"@type":"EntryPoint","urlTemplate":"https:\/\/kkbc.com.vn\/en\/?s={search_term_string}"},"query-input":{"@type":"PropertyValueSpecification","valueRequired":true,"valueName":"search_term_string"}}],"inLanguage":"vi-VN2"}]}},"_links":{"self":[{"href":"https:\/\/kkbc.com.vn\/vi-vn\/wp-json\/wp\/v2\/pages\/5127","targetHints":{"allow":["GET"]}}],"collection":[{"href":"https:\/\/kkbc.com.vn\/vi-vn\/wp-json\/wp\/v2\/pages"}],"about":[{"href":"https:\/\/kkbc.com.vn\/vi-vn\/wp-json\/wp\/v2\/types\/page"}],"author":[{"embeddable":true,"href":"https:\/\/kkbc.com.vn\/vi-vn\/wp-json\/wp\/v2\/users\/1"}],"replies":[{"embeddable":true,"href":"https:\/\/kkbc.com.vn\/vi-vn\/wp-json\/wp\/v2\/comments?post=5127"}],"version-history":[{"count":4,"href":"https:\/\/kkbc.com.vn\/vi-vn\/wp-json\/wp\/v2\/pages\/5127\/revisions"}],"predecessor-version":[{"id":6821,"href":"https:\/\/kkbc.com.vn\/vi-vn\/wp-json\/wp\/v2\/pages\/5127\/revisions\/6821"}],"up":[{"embeddable":true,"href":"https:\/\/kkbc.com.vn\/vi-vn\/wp-json\/wp\/v2\/pages\/4813"}],"wp:attachment":[{"href":"https:\/\/kkbc.com.vn\/vi-vn\/wp-json\/wp\/v2\/media?parent=5127"}],"curies":[{"name":"wp","href":"https:\/\/api.w.org\/{rel}","templated":true}]}}