{"id":5135,"date":"2024-10-03T07:20:28","date_gmt":"2024-10-03T07:20:28","guid":{"rendered":"https:\/\/kkbcvietnam.com\/expertise\/advertising-copy-development-research\/"},"modified":"2025-05-13T08:18:39","modified_gmt":"2025-05-13T08:18:39","slug":"advertising-copy-development-research","status":"publish","type":"page","link":"https:\/\/kkbc.com.vn\/vi-vn\/expertise\/advertising-copy-development-research\/","title":{"rendered":"Nghi\u00ean c\u1ee9u ph\u00e1t tri\u1ec3n b\u1ea3n sao"},"content":{"rendered":"<p>Vi\u1ec7c t\u1ea1o ra b\u1ea3n sao c\u00f3 t\u00e1c \u0111\u1ed9ng \u0111\u00f2i h\u1ecfi s\u1ef1 c\u00e2n b\u1eb1ng chu \u0111\u00e1o gi\u1eefa ng\u00f4n ng\u1eef, gi\u1ecdng \u0111i\u1ec7u v\u00e0 c\u00e1ch k\u1ec3 chuy\u1ec7n \u0111\u1ec3 thu h\u00fat s\u1ef1 ch\u00fa \u00fd v\u00e0 truy\u1ec1n c\u1ea3m h\u1ee9ng cho h\u00e0nh \u0111\u1ed9ng. Nghi\u00ean c\u1ee9u ph\u00e1t tri\u1ec3n b\u1ea3n sao h\u01b0\u1edbng d\u1eabn c\u00e1c th\u01b0\u01a1ng hi\u1ec7u \u0111\u1ecbnh h\u00ecnh v\u00e0 tinh ch\u1ec9nh th\u00f4ng \u0111i\u1ec7p c\u1ee7a h\u1ecd, bi\u1ebfn nh\u1eefng \u00fd t\u01b0\u1edfng ban \u0111\u1ea7u th\u00e0nh nh\u1eefng c\u00e2u chuy\u1ec7n h\u1ea5p d\u1eabn, truy\u1ec1n t\u1ea3i tr\u1ef1c ti\u1ebfp \u0111\u1ebfn \u0111\u1ed1i t\u01b0\u1ee3ng m\u1ee5c ti\u00eau.<\/p>\n","protected":false},"excerpt":{"rendered":"<p>Vi\u1ec7c t\u1ea1o ra b\u1ea3n sao c\u00f3 t\u00e1c \u0111\u1ed9ng \u0111\u00f2i h\u1ecfi s\u1ef1 c\u00e2n b\u1eb1ng chu \u0111\u00e1o gi\u1eefa ng\u00f4n ng\u1eef, gi\u1ecdng \u0111i\u1ec7u v\u00e0 c\u00e1ch k\u1ec3 chuy\u1ec7n \u0111\u1ec3 thu h\u00fat s\u1ef1 ch\u00fa \u00fd v\u00e0 truy\u1ec1n c\u1ea3m h\u1ee9ng cho h\u00e0nh \u0111\u1ed9ng. Nghi\u00ean c\u1ee9u ph\u00e1t &hellip; <a href=\"https:\/\/kkbc.com.vn\/vi-vn\/expertise\/advertising-copy-development-research\/\">Continue reading <span class=\"meta-nav\">&rarr;<\/span><\/a><\/p>\n","protected":false},"author":1,"featured_media":0,"parent":4813,"menu_order":77,"comment_status":"closed","ping_status":"closed","template":"template\/digitalmarketing.php","meta":{"_acf_changed":false,"footnotes":""},"class_list":["post-5135","page","type-page","status-publish","hentry"],"acf":[],"yoast_head":"<!-- This site is optimized with the Yoast SEO plugin v26.8 - https:\/\/yoast.com\/product\/yoast-seo-wordpress\/ -->\n<title>Nghi\u00ean c\u1ee9u Ph\u00e1t tri\u1ec3n Qu\u1ea3ng c\u00e1o V\u0103n b\u1ea3n | KKBC<\/title>\n<meta name=\"description\" content=\"KKBC cung c\u1ea5p gi\u1ea3i ph\u00e1p nghi\u00ean c\u1ee9u ph\u00e1t tri\u1ec3n n\u1ed9i dung, \u0111\u1ea3m b\u1ea3o m\u1ed7i t\u1eeb \u0111\u1ec1u \u0111\u00f3ng g\u00f3p v\u00e0o m\u1ee5c ti\u00eau th\u01b0\u01a1ng hi\u1ec7u r\u1ed9ng l\u1edbn h\u01a1n.\" \/>\n<meta name=\"robots\" content=\"index, follow, max-snippet:-1, max-image-preview:large, max-video-preview:-1\" \/>\n<link rel=\"canonical\" href=\"https:\/\/kkbc.com.vn\/vi-vn\/expertise\/advertising-copy-development-research\/\" \/>\n<meta property=\"og:locale\" content=\"en_US\" \/>\n<meta property=\"og:type\" content=\"article\" \/>\n<meta property=\"og:title\" content=\"Nghi\u00ean c\u1ee9u Ph\u00e1t tri\u1ec3n Qu\u1ea3ng c\u00e1o V\u0103n b\u1ea3n | KKBC\" \/>\n<meta property=\"og:description\" content=\"KKBC cung c\u1ea5p gi\u1ea3i ph\u00e1p nghi\u00ean c\u1ee9u ph\u00e1t tri\u1ec3n n\u1ed9i dung, \u0111\u1ea3m b\u1ea3o m\u1ed7i t\u1eeb \u0111\u1ec1u \u0111\u00f3ng g\u00f3p v\u00e0o m\u1ee5c ti\u00eau th\u01b0\u01a1ng hi\u1ec7u r\u1ed9ng l\u1edbn h\u01a1n.\" \/>\n<meta property=\"og:url\" content=\"https:\/\/kkbc.com.vn\/vi-vn\/expertise\/advertising-copy-development-research\/\" \/>\n<meta property=\"og:site_name\" content=\"KKBC Vi\u1ec7t Nam\" \/>\n<meta property=\"article:publisher\" content=\"https:\/\/www.facebook.com\/kkbc.co\" \/>\n<meta property=\"article:modified_time\" content=\"2025-05-13T08:18:39+00:00\" \/>\n<meta name=\"twitter:card\" content=\"summary_large_image\" \/>\n<meta name=\"twitter:site\" content=\"@kkbc_co\" \/>\n<meta name=\"twitter:label1\" content=\"Est. reading time\" \/>\n\t<meta name=\"twitter:data1\" content=\"1 minute\" \/>\n<script type=\"application\/ld+json\" class=\"yoast-schema-graph\">{\"@context\":\"https:\/\/schema.org\",\"@graph\":[{\"@type\":\"WebPage\",\"@id\":\"https:\/\/kkbc.com.vn\/vi-vn\/expertise\/advertising-copy-development-research\/\",\"url\":\"https:\/\/kkbc.com.vn\/vi-vn\/expertise\/advertising-copy-development-research\/\",\"name\":\"Nghi\u00ean c\u1ee9u Ph\u00e1t tri\u1ec3n Qu\u1ea3ng c\u00e1o V\u0103n b\u1ea3n | KKBC\",\"isPartOf\":{\"@id\":\"http:\/\/54.255.1.206:80\/vi-vn\/#website\"},\"datePublished\":\"2024-10-03T07:20:28+00:00\",\"dateModified\":\"2025-05-13T08:18:39+00:00\",\"description\":\"KKBC cung c\u1ea5p gi\u1ea3i ph\u00e1p nghi\u00ean c\u1ee9u ph\u00e1t tri\u1ec3n n\u1ed9i dung, \u0111\u1ea3m b\u1ea3o m\u1ed7i t\u1eeb \u0111\u1ec1u \u0111\u00f3ng g\u00f3p v\u00e0o m\u1ee5c ti\u00eau th\u01b0\u01a1ng hi\u1ec7u r\u1ed9ng l\u1edbn h\u01a1n.\",\"breadcrumb\":{\"@id\":\"https:\/\/kkbc.com.vn\/vi-vn\/expertise\/advertising-copy-development-research\/#breadcrumb\"},\"inLanguage\":\"vi-VN2\",\"potentialAction\":[{\"@type\":\"ReadAction\",\"target\":[\"https:\/\/kkbc.com.vn\/vi-vn\/expertise\/advertising-copy-development-research\/\"]}]},{\"@type\":\"BreadcrumbList\",\"@id\":\"https:\/\/kkbc.com.vn\/vi-vn\/expertise\/advertising-copy-development-research\/#breadcrumb\",\"itemListElement\":[{\"@type\":\"ListItem\",\"position\":1,\"name\":\"Home\",\"item\":\"http:\/\/54.255.1.206:80\/vi-vn\/\"},{\"@type\":\"ListItem\",\"position\":2,\"name\":\"Chuy\u00ean m\u00f4n\",\"item\":\"https:\/\/kkbc.com.vn\/vi-vn\/expertise\/\"},{\"@type\":\"ListItem\",\"position\":3,\"name\":\"Nghi\u00ean c\u1ee9u ph\u00e1t tri\u1ec3n b\u1ea3n sao\"}]},{\"@type\":\"WebSite\",\"@id\":\"http:\/\/54.255.1.206:80\/vi-vn\/#website\",\"url\":\"http:\/\/54.255.1.206:80\/vi-vn\/\",\"name\":\"KKBC\",\"description\":\"\",\"potentialAction\":[{\"@type\":\"SearchAction\",\"target\":{\"@type\":\"EntryPoint\",\"urlTemplate\":\"http:\/\/54.255.1.206:80\/vi-vn\/?s={search_term_string}\"},\"query-input\":{\"@type\":\"PropertyValueSpecification\",\"valueRequired\":true,\"valueName\":\"search_term_string\"}}],\"inLanguage\":\"vi-VN2\"}]}<\/script>\n<!-- \/ Yoast SEO plugin. -->","yoast_head_json":{"title":"Nghi\u00ean c\u1ee9u Ph\u00e1t tri\u1ec3n Qu\u1ea3ng c\u00e1o V\u0103n b\u1ea3n | KKBC","description":"KKBC cung c\u1ea5p gi\u1ea3i ph\u00e1p nghi\u00ean c\u1ee9u ph\u00e1t tri\u1ec3n n\u1ed9i dung, \u0111\u1ea3m b\u1ea3o m\u1ed7i t\u1eeb \u0111\u1ec1u \u0111\u00f3ng g\u00f3p v\u00e0o m\u1ee5c ti\u00eau th\u01b0\u01a1ng hi\u1ec7u r\u1ed9ng l\u1edbn h\u01a1n.","robots":{"index":"index","follow":"follow","max-snippet":"max-snippet:-1","max-image-preview":"max-image-preview:large","max-video-preview":"max-video-preview:-1"},"canonical":"https:\/\/kkbc.com.vn\/vi-vn\/expertise\/advertising-copy-development-research\/","og_locale":"en_US","og_type":"article","og_title":"Nghi\u00ean c\u1ee9u Ph\u00e1t tri\u1ec3n Qu\u1ea3ng c\u00e1o V\u0103n b\u1ea3n | KKBC","og_description":"KKBC cung c\u1ea5p gi\u1ea3i ph\u00e1p nghi\u00ean c\u1ee9u ph\u00e1t tri\u1ec3n n\u1ed9i dung, \u0111\u1ea3m b\u1ea3o m\u1ed7i t\u1eeb \u0111\u1ec1u \u0111\u00f3ng g\u00f3p v\u00e0o m\u1ee5c ti\u00eau th\u01b0\u01a1ng hi\u1ec7u r\u1ed9ng l\u1edbn h\u01a1n.","og_url":"https:\/\/kkbc.com.vn\/vi-vn\/expertise\/advertising-copy-development-research\/","og_site_name":"KKBC Vi\u1ec7t Nam","article_publisher":"https:\/\/www.facebook.com\/kkbc.co","article_modified_time":"2025-05-13T08:18:39+00:00","twitter_card":"summary_large_image","twitter_site":"@kkbc_co","twitter_misc":{"Est. reading time":"1 minute"},"schema":{"@context":"https:\/\/schema.org","@graph":[{"@type":"WebPage","@id":"https:\/\/kkbc.com.vn\/vi-vn\/expertise\/advertising-copy-development-research\/","url":"https:\/\/kkbc.com.vn\/vi-vn\/expertise\/advertising-copy-development-research\/","name":"Nghi\u00ean c\u1ee9u Ph\u00e1t tri\u1ec3n Qu\u1ea3ng c\u00e1o V\u0103n b\u1ea3n | KKBC","isPartOf":{"@id":"http:\/\/54.255.1.206:80\/vi-vn\/#website"},"datePublished":"2024-10-03T07:20:28+00:00","dateModified":"2025-05-13T08:18:39+00:00","description":"KKBC cung c\u1ea5p gi\u1ea3i ph\u00e1p nghi\u00ean c\u1ee9u ph\u00e1t tri\u1ec3n n\u1ed9i dung, \u0111\u1ea3m b\u1ea3o m\u1ed7i t\u1eeb \u0111\u1ec1u \u0111\u00f3ng g\u00f3p v\u00e0o m\u1ee5c ti\u00eau th\u01b0\u01a1ng hi\u1ec7u r\u1ed9ng l\u1edbn h\u01a1n.","breadcrumb":{"@id":"https:\/\/kkbc.com.vn\/vi-vn\/expertise\/advertising-copy-development-research\/#breadcrumb"},"inLanguage":"vi-VN2","potentialAction":[{"@type":"ReadAction","target":["https:\/\/kkbc.com.vn\/vi-vn\/expertise\/advertising-copy-development-research\/"]}]},{"@type":"BreadcrumbList","@id":"https:\/\/kkbc.com.vn\/vi-vn\/expertise\/advertising-copy-development-research\/#breadcrumb","itemListElement":[{"@type":"ListItem","position":1,"name":"Home","item":"http:\/\/54.255.1.206:80\/vi-vn\/"},{"@type":"ListItem","position":2,"name":"Chuy\u00ean m\u00f4n","item":"https:\/\/kkbc.com.vn\/vi-vn\/expertise\/"},{"@type":"ListItem","position":3,"name":"Nghi\u00ean c\u1ee9u ph\u00e1t tri\u1ec3n b\u1ea3n sao"}]},{"@type":"WebSite","@id":"http:\/\/54.255.1.206:80\/vi-vn\/#website","url":"http:\/\/54.255.1.206:80\/vi-vn\/","name":"KKBC","description":"","potentialAction":[{"@type":"SearchAction","target":{"@type":"EntryPoint","urlTemplate":"http:\/\/54.255.1.206:80\/vi-vn\/?s={search_term_string}"},"query-input":{"@type":"PropertyValueSpecification","valueRequired":true,"valueName":"search_term_string"}}],"inLanguage":"vi-VN2"}]}},"_links":{"self":[{"href":"https:\/\/kkbc.com.vn\/vi-vn\/wp-json\/wp\/v2\/pages\/5135","targetHints":{"allow":["GET"]}}],"collection":[{"href":"https:\/\/kkbc.com.vn\/vi-vn\/wp-json\/wp\/v2\/pages"}],"about":[{"href":"https:\/\/kkbc.com.vn\/vi-vn\/wp-json\/wp\/v2\/types\/page"}],"author":[{"embeddable":true,"href":"https:\/\/kkbc.com.vn\/vi-vn\/wp-json\/wp\/v2\/users\/1"}],"replies":[{"embeddable":true,"href":"https:\/\/kkbc.com.vn\/vi-vn\/wp-json\/wp\/v2\/comments?post=5135"}],"version-history":[{"count":4,"href":"https:\/\/kkbc.com.vn\/vi-vn\/wp-json\/wp\/v2\/pages\/5135\/revisions"}],"predecessor-version":[{"id":6819,"href":"https:\/\/kkbc.com.vn\/vi-vn\/wp-json\/wp\/v2\/pages\/5135\/revisions\/6819"}],"up":[{"embeddable":true,"href":"https:\/\/kkbc.com.vn\/vi-vn\/wp-json\/wp\/v2\/pages\/4813"}],"wp:attachment":[{"href":"https:\/\/kkbc.com.vn\/vi-vn\/wp-json\/wp\/v2\/media?parent=5135"}],"curies":[{"name":"wp","href":"https:\/\/api.w.org\/{rel}","templated":true}]}}