{"id":5147,"date":"2024-10-03T06:55:50","date_gmt":"2024-10-03T06:55:50","guid":{"rendered":"https:\/\/kkbcvietnam.com\/expertise\/out-of-home-advertising\/"},"modified":"2025-05-13T07:35:41","modified_gmt":"2025-05-13T07:35:41","slug":"out-of-home-advertising","status":"publish","type":"page","link":"https:\/\/kkbc.com.vn\/vi-vn\/expertise\/out-of-home-advertising\/","title":{"rendered":"Qu\u1ea3ng c\u00e1o ngo\u00e0i nh\u00e0"},"content":{"rendered":"","protected":false},"excerpt":{"rendered":"","protected":false},"author":1,"featured_media":0,"parent":4813,"menu_order":83,"comment_status":"closed","ping_status":"closed","template":"template\/digitalmarketing.php","meta":{"_acf_changed":false,"footnotes":""},"class_list":["post-5147","page","type-page","status-publish","hentry"],"acf":[],"yoast_head":"<!-- This site is optimized with the Yoast SEO plugin v26.8 - https:\/\/yoast.com\/product\/yoast-seo-wordpress\/ -->\n<title>Gi\u1ea3i ph\u00e1p Qu\u1ea3ng c\u00e1o Ngo\u00e0i tr\u1eddi | Chuy\u00ean m\u00f4n | KKBC<\/title>\n<meta name=\"description\" content=\"Kh\u00e1m ph\u00e1 chi\u1ebfn l\u01b0\u1ee3c qu\u1ea3ng c\u00e1o ngo\u00e0i tr\u1eddi s\u00e1ng t\u1ea1o c\u1ee7a KKBC \u0111\u1ec3 t\u1ed1i \u0111a h\u00f3a hi\u1ec3n th\u1ecb v\u00e0 t\u01b0\u01a1ng t\u00e1c th\u01b0\u01a1ng hi\u1ec7u tr\u00ean \u0111a d\u1ea1ng n\u1ec1n t\u1ea3ng. Li\u00ean h\u1ec7 ngay!\" \/>\n<meta name=\"robots\" content=\"index, follow, max-snippet:-1, max-image-preview:large, max-video-preview:-1\" \/>\n<link rel=\"canonical\" href=\"https:\/\/kkbc.com.vn\/vi-vn\/expertise\/out-of-home-advertising\/\" \/>\n<meta property=\"og:locale\" content=\"en_US\" \/>\n<meta property=\"og:type\" content=\"article\" \/>\n<meta property=\"og:title\" content=\"Gi\u1ea3i ph\u00e1p Qu\u1ea3ng c\u00e1o Ngo\u00e0i tr\u1eddi | Chuy\u00ean m\u00f4n | KKBC\" \/>\n<meta property=\"og:description\" content=\"Kh\u00e1m ph\u00e1 chi\u1ebfn l\u01b0\u1ee3c qu\u1ea3ng c\u00e1o ngo\u00e0i tr\u1eddi s\u00e1ng t\u1ea1o c\u1ee7a KKBC \u0111\u1ec3 t\u1ed1i \u0111a h\u00f3a hi\u1ec3n th\u1ecb v\u00e0 t\u01b0\u01a1ng t\u00e1c th\u01b0\u01a1ng hi\u1ec7u tr\u00ean \u0111a d\u1ea1ng n\u1ec1n t\u1ea3ng. Li\u00ean h\u1ec7 ngay!\" \/>\n<meta property=\"og:url\" content=\"https:\/\/kkbc.com.vn\/vi-vn\/expertise\/out-of-home-advertising\/\" \/>\n<meta property=\"og:site_name\" content=\"KKBC Vi\u1ec7t Nam\" \/>\n<meta property=\"article:publisher\" content=\"https:\/\/www.facebook.com\/kkbc.co\" \/>\n<meta property=\"article:modified_time\" content=\"2025-05-13T07:35:41+00:00\" \/>\n<meta name=\"twitter:card\" content=\"summary_large_image\" \/>\n<meta name=\"twitter:site\" content=\"@kkbc_co\" \/>\n<script type=\"application\/ld+json\" class=\"yoast-schema-graph\">{\"@context\":\"https:\/\/schema.org\",\"@graph\":[{\"@type\":\"WebPage\",\"@id\":\"https:\/\/kkbc.com.vn\/vi-vn\/expertise\/out-of-home-advertising\/\",\"url\":\"https:\/\/kkbc.com.vn\/vi-vn\/expertise\/out-of-home-advertising\/\",\"name\":\"Gi\u1ea3i ph\u00e1p Qu\u1ea3ng c\u00e1o Ngo\u00e0i tr\u1eddi | Chuy\u00ean m\u00f4n | KKBC\",\"isPartOf\":{\"@id\":\"https:\/\/kkbc.com.vn\/en-vn\/#website\"},\"datePublished\":\"2024-10-03T06:55:50+00:00\",\"dateModified\":\"2025-05-13T07:35:41+00:00\",\"description\":\"Kh\u00e1m ph\u00e1 chi\u1ebfn l\u01b0\u1ee3c qu\u1ea3ng c\u00e1o ngo\u00e0i tr\u1eddi s\u00e1ng t\u1ea1o c\u1ee7a KKBC \u0111\u1ec3 t\u1ed1i \u0111a h\u00f3a hi\u1ec3n th\u1ecb v\u00e0 t\u01b0\u01a1ng t\u00e1c th\u01b0\u01a1ng hi\u1ec7u tr\u00ean \u0111a d\u1ea1ng n\u1ec1n t\u1ea3ng. Li\u00ean h\u1ec7 ngay!\",\"breadcrumb\":{\"@id\":\"https:\/\/kkbc.com.vn\/vi-vn\/expertise\/out-of-home-advertising\/#breadcrumb\"},\"inLanguage\":\"vi-VN2\",\"potentialAction\":[{\"@type\":\"ReadAction\",\"target\":[\"https:\/\/kkbc.com.vn\/vi-vn\/expertise\/out-of-home-advertising\/\"]}]},{\"@type\":\"BreadcrumbList\",\"@id\":\"https:\/\/kkbc.com.vn\/vi-vn\/expertise\/out-of-home-advertising\/#breadcrumb\",\"itemListElement\":[{\"@type\":\"ListItem\",\"position\":1,\"name\":\"Home\",\"item\":\"https:\/\/kkbc.com.vn\/vi-vn\/\"},{\"@type\":\"ListItem\",\"position\":2,\"name\":\"Chuy\u00ean m\u00f4n\",\"item\":\"https:\/\/kkbc.com.vn\/vi-vn\/expertise\/\"},{\"@type\":\"ListItem\",\"position\":3,\"name\":\"Qu\u1ea3ng c\u00e1o ngo\u00e0i nh\u00e0\"}]},{\"@type\":\"WebSite\",\"@id\":\"https:\/\/kkbc.com.vn\/en-vn\/#website\",\"url\":\"https:\/\/kkbc.com.vn\/en-vn\/\",\"name\":\"KKBC\",\"description\":\"\",\"potentialAction\":[{\"@type\":\"SearchAction\",\"target\":{\"@type\":\"EntryPoint\",\"urlTemplate\":\"https:\/\/kkbc.com.vn\/en-vn\/?s={search_term_string}\"},\"query-input\":{\"@type\":\"PropertyValueSpecification\",\"valueRequired\":true,\"valueName\":\"search_term_string\"}}],\"inLanguage\":\"vi-VN2\"}]}<\/script>\n<!-- \/ Yoast SEO plugin. -->","yoast_head_json":{"title":"Gi\u1ea3i ph\u00e1p Qu\u1ea3ng c\u00e1o Ngo\u00e0i tr\u1eddi | Chuy\u00ean m\u00f4n | KKBC","description":"Kh\u00e1m ph\u00e1 chi\u1ebfn l\u01b0\u1ee3c qu\u1ea3ng c\u00e1o ngo\u00e0i tr\u1eddi s\u00e1ng t\u1ea1o c\u1ee7a KKBC \u0111\u1ec3 t\u1ed1i \u0111a h\u00f3a hi\u1ec3n th\u1ecb v\u00e0 t\u01b0\u01a1ng t\u00e1c th\u01b0\u01a1ng hi\u1ec7u tr\u00ean \u0111a d\u1ea1ng n\u1ec1n t\u1ea3ng. Li\u00ean h\u1ec7 ngay!","robots":{"index":"index","follow":"follow","max-snippet":"max-snippet:-1","max-image-preview":"max-image-preview:large","max-video-preview":"max-video-preview:-1"},"canonical":"https:\/\/kkbc.com.vn\/vi-vn\/expertise\/out-of-home-advertising\/","og_locale":"en_US","og_type":"article","og_title":"Gi\u1ea3i ph\u00e1p Qu\u1ea3ng c\u00e1o Ngo\u00e0i tr\u1eddi | Chuy\u00ean m\u00f4n | KKBC","og_description":"Kh\u00e1m ph\u00e1 chi\u1ebfn l\u01b0\u1ee3c qu\u1ea3ng c\u00e1o ngo\u00e0i tr\u1eddi s\u00e1ng t\u1ea1o c\u1ee7a KKBC \u0111\u1ec3 t\u1ed1i \u0111a h\u00f3a hi\u1ec3n th\u1ecb v\u00e0 t\u01b0\u01a1ng t\u00e1c th\u01b0\u01a1ng hi\u1ec7u tr\u00ean \u0111a d\u1ea1ng n\u1ec1n t\u1ea3ng. Li\u00ean h\u1ec7 ngay!","og_url":"https:\/\/kkbc.com.vn\/vi-vn\/expertise\/out-of-home-advertising\/","og_site_name":"KKBC Vi\u1ec7t Nam","article_publisher":"https:\/\/www.facebook.com\/kkbc.co","article_modified_time":"2025-05-13T07:35:41+00:00","twitter_card":"summary_large_image","twitter_site":"@kkbc_co","schema":{"@context":"https:\/\/schema.org","@graph":[{"@type":"WebPage","@id":"https:\/\/kkbc.com.vn\/vi-vn\/expertise\/out-of-home-advertising\/","url":"https:\/\/kkbc.com.vn\/vi-vn\/expertise\/out-of-home-advertising\/","name":"Gi\u1ea3i ph\u00e1p Qu\u1ea3ng c\u00e1o Ngo\u00e0i tr\u1eddi | Chuy\u00ean m\u00f4n | KKBC","isPartOf":{"@id":"https:\/\/kkbc.com.vn\/en-vn\/#website"},"datePublished":"2024-10-03T06:55:50+00:00","dateModified":"2025-05-13T07:35:41+00:00","description":"Kh\u00e1m ph\u00e1 chi\u1ebfn l\u01b0\u1ee3c qu\u1ea3ng c\u00e1o ngo\u00e0i tr\u1eddi s\u00e1ng t\u1ea1o c\u1ee7a KKBC \u0111\u1ec3 t\u1ed1i \u0111a h\u00f3a hi\u1ec3n th\u1ecb v\u00e0 t\u01b0\u01a1ng t\u00e1c th\u01b0\u01a1ng hi\u1ec7u tr\u00ean \u0111a d\u1ea1ng n\u1ec1n t\u1ea3ng. Li\u00ean h\u1ec7 ngay!","breadcrumb":{"@id":"https:\/\/kkbc.com.vn\/vi-vn\/expertise\/out-of-home-advertising\/#breadcrumb"},"inLanguage":"vi-VN2","potentialAction":[{"@type":"ReadAction","target":["https:\/\/kkbc.com.vn\/vi-vn\/expertise\/out-of-home-advertising\/"]}]},{"@type":"BreadcrumbList","@id":"https:\/\/kkbc.com.vn\/vi-vn\/expertise\/out-of-home-advertising\/#breadcrumb","itemListElement":[{"@type":"ListItem","position":1,"name":"Home","item":"https:\/\/kkbc.com.vn\/vi-vn\/"},{"@type":"ListItem","position":2,"name":"Chuy\u00ean m\u00f4n","item":"https:\/\/kkbc.com.vn\/vi-vn\/expertise\/"},{"@type":"ListItem","position":3,"name":"Qu\u1ea3ng c\u00e1o ngo\u00e0i nh\u00e0"}]},{"@type":"WebSite","@id":"https:\/\/kkbc.com.vn\/en-vn\/#website","url":"https:\/\/kkbc.com.vn\/en-vn\/","name":"KKBC","description":"","potentialAction":[{"@type":"SearchAction","target":{"@type":"EntryPoint","urlTemplate":"https:\/\/kkbc.com.vn\/en-vn\/?s={search_term_string}"},"query-input":{"@type":"PropertyValueSpecification","valueRequired":true,"valueName":"search_term_string"}}],"inLanguage":"vi-VN2"}]}},"_links":{"self":[{"href":"https:\/\/kkbc.com.vn\/vi-vn\/wp-json\/wp\/v2\/pages\/5147","targetHints":{"allow":["GET"]}}],"collection":[{"href":"https:\/\/kkbc.com.vn\/vi-vn\/wp-json\/wp\/v2\/pages"}],"about":[{"href":"https:\/\/kkbc.com.vn\/vi-vn\/wp-json\/wp\/v2\/types\/page"}],"author":[{"embeddable":true,"href":"https:\/\/kkbc.com.vn\/vi-vn\/wp-json\/wp\/v2\/users\/1"}],"replies":[{"embeddable":true,"href":"https:\/\/kkbc.com.vn\/vi-vn\/wp-json\/wp\/v2\/comments?post=5147"}],"version-history":[{"count":6,"href":"https:\/\/kkbc.com.vn\/vi-vn\/wp-json\/wp\/v2\/pages\/5147\/revisions"}],"predecessor-version":[{"id":6761,"href":"https:\/\/kkbc.com.vn\/vi-vn\/wp-json\/wp\/v2\/pages\/5147\/revisions\/6761"}],"up":[{"embeddable":true,"href":"https:\/\/kkbc.com.vn\/vi-vn\/wp-json\/wp\/v2\/pages\/4813"}],"wp:attachment":[{"href":"https:\/\/kkbc.com.vn\/vi-vn\/wp-json\/wp\/v2\/media?parent=5147"}],"curies":[{"name":"wp","href":"https:\/\/api.w.org\/{rel}","templated":true}]}}