{"id":5153,"date":"2024-10-03T06:41:16","date_gmt":"2024-10-03T06:41:16","guid":{"rendered":"https:\/\/kkbcvietnam.com\/expertise\/advertising-research\/"},"modified":"2025-05-13T08:17:56","modified_gmt":"2025-05-13T08:17:56","slug":"advertising-research","status":"publish","type":"page","link":"https:\/\/kkbc.com.vn\/vi-vn\/expertise\/advertising-research\/","title":{"rendered":"Nghi\u00ean c\u1ee9u qu\u1ea3ng c\u00e1o"},"content":{"rendered":"<p>Nghi\u00ean c\u1ee9u qu\u1ea3ng c\u00e1o l\u00e0 m\u1ed9t qu\u00e1 tr\u00ecnh thu th\u1eadp d\u1eef li\u1ec7u c\u00f3 h\u1ec7 th\u1ed1ng \u0111\u1ec3 c\u1ea3i thi\u1ec7n hi\u1ec7u qu\u1ea3 v\u00e0 hi\u1ec7u su\u1ea5t c\u1ee7a c\u00e1c chi\u1ebfn d\u1ecbch qu\u1ea3ng c\u00e1o c\u1ee7a b\u1ea1n. N\u00f3 bao g\u1ed3m c\u00e1c nghi\u00ean c\u1ee9u chi ti\u1ebft \u0111\u1ec3 hi\u1ec3u c\u00e1ch kh\u00e1ch h\u00e0ng ph\u1ea3n \u1ee9ng v\u1edbi c\u00e1c qu\u1ea3ng c\u00e1o ho\u1eb7c n\u1ed7 l\u1ef1c qu\u1ea3ng c\u00e1o c\u1ee5 th\u1ec3, cho ph\u00e9p c\u00e1c doanh nghi\u1ec7p tinh ch\u1ec9nh th\u00f4ng \u0111i\u1ec7p c\u1ee7a m\u00ecnh v\u00e0 t\u1ed1i \u01b0u h\u00f3a hi\u1ec7u su\u1ea5t.<\/p>\n","protected":false},"excerpt":{"rendered":"<p>Nghi\u00ean c\u1ee9u qu\u1ea3ng c\u00e1o l\u00e0 m\u1ed9t qu\u00e1 tr\u00ecnh thu th\u1eadp d\u1eef li\u1ec7u c\u00f3 h\u1ec7 th\u1ed1ng \u0111\u1ec3 c\u1ea3i thi\u1ec7n hi\u1ec7u qu\u1ea3 v\u00e0 hi\u1ec7u su\u1ea5t c\u1ee7a c\u00e1c chi\u1ebfn d\u1ecbch qu\u1ea3ng c\u00e1o c\u1ee7a b\u1ea1n. N\u00f3 bao g\u1ed3m c\u00e1c nghi\u00ean c\u1ee9u chi ti\u1ebft \u0111\u1ec3 &hellip; <a href=\"https:\/\/kkbc.com.vn\/vi-vn\/expertise\/advertising-research\/\">Continue reading <span class=\"meta-nav\">&rarr;<\/span><\/a><\/p>\n","protected":false},"author":1,"featured_media":0,"parent":4813,"menu_order":86,"comment_status":"closed","ping_status":"closed","template":"template\/digitalmarketing.php","meta":{"_acf_changed":false,"footnotes":""},"class_list":["post-5153","page","type-page","status-publish","hentry"],"acf":[],"yoast_head":"<!-- This site is optimized with the Yoast SEO plugin v26.8 - https:\/\/yoast.com\/product\/yoast-seo-wordpress\/ -->\n<title>Gi\u1ea3i ph\u00e1p Nghi\u00ean c\u1ee9u Qu\u1ea3ng c\u00e1o Ch\u00ednh x\u00e1c | Chuy\u00ean m\u00f4n | KKBC<\/title>\n<meta name=\"description\" content=\"T\u1ea1i KKBC, ch\u00fang t\u00f4i k\u1ebft h\u1ee3p ph\u01b0\u01a1ng ph\u00e1p nghi\u00ean c\u1ee9u \u0111\u1ecbnh t\u00ednh v\u00e0 \u0111\u1ecbnh l\u01b0\u1ee3ng \u0111\u1ec3 kh\u00e1m ph\u00e1 th\u00f4ng tin th\u1ecb tr\u01b0\u1eddng, bao g\u1ed3m h\u00e0nh vi ng\u01b0\u1eddi ti\u00eau d\u00f9ng v\u00e0 nh\u1eadn di\u1ec7n th\u01b0\u01a1ng hi\u1ec7u.\" \/>\n<meta name=\"robots\" content=\"index, follow, max-snippet:-1, max-image-preview:large, max-video-preview:-1\" \/>\n<link rel=\"canonical\" href=\"https:\/\/kkbc.com.vn\/vi-vn\/expertise\/advertising-research\/\" \/>\n<meta property=\"og:locale\" content=\"en_US\" \/>\n<meta property=\"og:type\" content=\"article\" \/>\n<meta property=\"og:title\" content=\"Gi\u1ea3i ph\u00e1p Nghi\u00ean c\u1ee9u Qu\u1ea3ng c\u00e1o Ch\u00ednh x\u00e1c | Chuy\u00ean m\u00f4n | KKBC\" \/>\n<meta property=\"og:description\" content=\"T\u1ea1i KKBC, ch\u00fang t\u00f4i k\u1ebft h\u1ee3p ph\u01b0\u01a1ng ph\u00e1p nghi\u00ean c\u1ee9u \u0111\u1ecbnh t\u00ednh v\u00e0 \u0111\u1ecbnh l\u01b0\u1ee3ng \u0111\u1ec3 kh\u00e1m ph\u00e1 th\u00f4ng tin th\u1ecb tr\u01b0\u1eddng, bao g\u1ed3m h\u00e0nh vi ng\u01b0\u1eddi ti\u00eau d\u00f9ng v\u00e0 nh\u1eadn di\u1ec7n th\u01b0\u01a1ng hi\u1ec7u.\" \/>\n<meta property=\"og:url\" content=\"https:\/\/kkbc.com.vn\/vi-vn\/expertise\/advertising-research\/\" \/>\n<meta property=\"og:site_name\" content=\"KKBC Vi\u1ec7t Nam\" \/>\n<meta property=\"article:publisher\" content=\"https:\/\/www.facebook.com\/kkbc.co\" \/>\n<meta property=\"article:modified_time\" content=\"2025-05-13T08:17:56+00:00\" \/>\n<meta name=\"twitter:card\" content=\"summary_large_image\" \/>\n<meta name=\"twitter:site\" content=\"@kkbc_co\" \/>\n<meta name=\"twitter:label1\" content=\"Est. reading time\" \/>\n\t<meta name=\"twitter:data1\" content=\"1 minute\" \/>\n<script type=\"application\/ld+json\" class=\"yoast-schema-graph\">{\"@context\":\"https:\/\/schema.org\",\"@graph\":[{\"@type\":\"WebPage\",\"@id\":\"https:\/\/kkbc.com.vn\/vi-vn\/expertise\/advertising-research\/\",\"url\":\"https:\/\/kkbc.com.vn\/vi-vn\/expertise\/advertising-research\/\",\"name\":\"Gi\u1ea3i ph\u00e1p Nghi\u00ean c\u1ee9u Qu\u1ea3ng c\u00e1o Ch\u00ednh x\u00e1c | Chuy\u00ean m\u00f4n | KKBC\",\"isPartOf\":{\"@id\":\"https:\/\/kkbc.com.vn\/en-vn\/#website\"},\"datePublished\":\"2024-10-03T06:41:16+00:00\",\"dateModified\":\"2025-05-13T08:17:56+00:00\",\"description\":\"T\u1ea1i KKBC, ch\u00fang t\u00f4i k\u1ebft h\u1ee3p ph\u01b0\u01a1ng ph\u00e1p nghi\u00ean c\u1ee9u \u0111\u1ecbnh t\u00ednh v\u00e0 \u0111\u1ecbnh l\u01b0\u1ee3ng \u0111\u1ec3 kh\u00e1m ph\u00e1 th\u00f4ng tin th\u1ecb tr\u01b0\u1eddng, bao g\u1ed3m h\u00e0nh vi ng\u01b0\u1eddi ti\u00eau d\u00f9ng v\u00e0 nh\u1eadn di\u1ec7n th\u01b0\u01a1ng hi\u1ec7u.\",\"breadcrumb\":{\"@id\":\"https:\/\/kkbc.com.vn\/vi-vn\/expertise\/advertising-research\/#breadcrumb\"},\"inLanguage\":\"vi-VN2\",\"potentialAction\":[{\"@type\":\"ReadAction\",\"target\":[\"https:\/\/kkbc.com.vn\/vi-vn\/expertise\/advertising-research\/\"]}]},{\"@type\":\"BreadcrumbList\",\"@id\":\"https:\/\/kkbc.com.vn\/vi-vn\/expertise\/advertising-research\/#breadcrumb\",\"itemListElement\":[{\"@type\":\"ListItem\",\"position\":1,\"name\":\"Home\",\"item\":\"https:\/\/kkbc.com.vn\/vi-vn\/\"},{\"@type\":\"ListItem\",\"position\":2,\"name\":\"Chuy\u00ean m\u00f4n\",\"item\":\"https:\/\/kkbc.com.vn\/vi-vn\/expertise\/\"},{\"@type\":\"ListItem\",\"position\":3,\"name\":\"Nghi\u00ean c\u1ee9u qu\u1ea3ng c\u00e1o\"}]},{\"@type\":\"WebSite\",\"@id\":\"https:\/\/kkbc.com.vn\/en-vn\/#website\",\"url\":\"https:\/\/kkbc.com.vn\/en-vn\/\",\"name\":\"KKBC\",\"description\":\"\",\"potentialAction\":[{\"@type\":\"SearchAction\",\"target\":{\"@type\":\"EntryPoint\",\"urlTemplate\":\"https:\/\/kkbc.com.vn\/en-vn\/?s={search_term_string}\"},\"query-input\":{\"@type\":\"PropertyValueSpecification\",\"valueRequired\":true,\"valueName\":\"search_term_string\"}}],\"inLanguage\":\"vi-VN2\"}]}<\/script>\n<!-- \/ Yoast SEO plugin. -->","yoast_head_json":{"title":"Gi\u1ea3i ph\u00e1p Nghi\u00ean c\u1ee9u Qu\u1ea3ng c\u00e1o Ch\u00ednh x\u00e1c | Chuy\u00ean m\u00f4n | KKBC","description":"T\u1ea1i KKBC, ch\u00fang t\u00f4i k\u1ebft h\u1ee3p ph\u01b0\u01a1ng ph\u00e1p nghi\u00ean c\u1ee9u \u0111\u1ecbnh t\u00ednh v\u00e0 \u0111\u1ecbnh l\u01b0\u1ee3ng \u0111\u1ec3 kh\u00e1m ph\u00e1 th\u00f4ng tin th\u1ecb tr\u01b0\u1eddng, bao g\u1ed3m h\u00e0nh vi ng\u01b0\u1eddi ti\u00eau d\u00f9ng v\u00e0 nh\u1eadn di\u1ec7n th\u01b0\u01a1ng hi\u1ec7u.","robots":{"index":"index","follow":"follow","max-snippet":"max-snippet:-1","max-image-preview":"max-image-preview:large","max-video-preview":"max-video-preview:-1"},"canonical":"https:\/\/kkbc.com.vn\/vi-vn\/expertise\/advertising-research\/","og_locale":"en_US","og_type":"article","og_title":"Gi\u1ea3i ph\u00e1p Nghi\u00ean c\u1ee9u Qu\u1ea3ng c\u00e1o Ch\u00ednh x\u00e1c | Chuy\u00ean m\u00f4n | KKBC","og_description":"T\u1ea1i KKBC, ch\u00fang t\u00f4i k\u1ebft h\u1ee3p ph\u01b0\u01a1ng ph\u00e1p nghi\u00ean c\u1ee9u \u0111\u1ecbnh t\u00ednh v\u00e0 \u0111\u1ecbnh l\u01b0\u1ee3ng \u0111\u1ec3 kh\u00e1m ph\u00e1 th\u00f4ng tin th\u1ecb tr\u01b0\u1eddng, bao g\u1ed3m h\u00e0nh vi ng\u01b0\u1eddi ti\u00eau d\u00f9ng v\u00e0 nh\u1eadn di\u1ec7n th\u01b0\u01a1ng hi\u1ec7u.","og_url":"https:\/\/kkbc.com.vn\/vi-vn\/expertise\/advertising-research\/","og_site_name":"KKBC Vi\u1ec7t Nam","article_publisher":"https:\/\/www.facebook.com\/kkbc.co","article_modified_time":"2025-05-13T08:17:56+00:00","twitter_card":"summary_large_image","twitter_site":"@kkbc_co","twitter_misc":{"Est. reading time":"1 minute"},"schema":{"@context":"https:\/\/schema.org","@graph":[{"@type":"WebPage","@id":"https:\/\/kkbc.com.vn\/vi-vn\/expertise\/advertising-research\/","url":"https:\/\/kkbc.com.vn\/vi-vn\/expertise\/advertising-research\/","name":"Gi\u1ea3i ph\u00e1p Nghi\u00ean c\u1ee9u Qu\u1ea3ng c\u00e1o Ch\u00ednh x\u00e1c | Chuy\u00ean m\u00f4n | KKBC","isPartOf":{"@id":"https:\/\/kkbc.com.vn\/en-vn\/#website"},"datePublished":"2024-10-03T06:41:16+00:00","dateModified":"2025-05-13T08:17:56+00:00","description":"T\u1ea1i KKBC, ch\u00fang t\u00f4i k\u1ebft h\u1ee3p ph\u01b0\u01a1ng ph\u00e1p nghi\u00ean c\u1ee9u \u0111\u1ecbnh t\u00ednh v\u00e0 \u0111\u1ecbnh l\u01b0\u1ee3ng \u0111\u1ec3 kh\u00e1m ph\u00e1 th\u00f4ng tin th\u1ecb tr\u01b0\u1eddng, bao g\u1ed3m h\u00e0nh vi ng\u01b0\u1eddi ti\u00eau d\u00f9ng v\u00e0 nh\u1eadn di\u1ec7n th\u01b0\u01a1ng hi\u1ec7u.","breadcrumb":{"@id":"https:\/\/kkbc.com.vn\/vi-vn\/expertise\/advertising-research\/#breadcrumb"},"inLanguage":"vi-VN2","potentialAction":[{"@type":"ReadAction","target":["https:\/\/kkbc.com.vn\/vi-vn\/expertise\/advertising-research\/"]}]},{"@type":"BreadcrumbList","@id":"https:\/\/kkbc.com.vn\/vi-vn\/expertise\/advertising-research\/#breadcrumb","itemListElement":[{"@type":"ListItem","position":1,"name":"Home","item":"https:\/\/kkbc.com.vn\/vi-vn\/"},{"@type":"ListItem","position":2,"name":"Chuy\u00ean m\u00f4n","item":"https:\/\/kkbc.com.vn\/vi-vn\/expertise\/"},{"@type":"ListItem","position":3,"name":"Nghi\u00ean c\u1ee9u qu\u1ea3ng c\u00e1o"}]},{"@type":"WebSite","@id":"https:\/\/kkbc.com.vn\/en-vn\/#website","url":"https:\/\/kkbc.com.vn\/en-vn\/","name":"KKBC","description":"","potentialAction":[{"@type":"SearchAction","target":{"@type":"EntryPoint","urlTemplate":"https:\/\/kkbc.com.vn\/en-vn\/?s={search_term_string}"},"query-input":{"@type":"PropertyValueSpecification","valueRequired":true,"valueName":"search_term_string"}}],"inLanguage":"vi-VN2"}]}},"_links":{"self":[{"href":"https:\/\/kkbc.com.vn\/vi-vn\/wp-json\/wp\/v2\/pages\/5153","targetHints":{"allow":["GET"]}}],"collection":[{"href":"https:\/\/kkbc.com.vn\/vi-vn\/wp-json\/wp\/v2\/pages"}],"about":[{"href":"https:\/\/kkbc.com.vn\/vi-vn\/wp-json\/wp\/v2\/types\/page"}],"author":[{"embeddable":true,"href":"https:\/\/kkbc.com.vn\/vi-vn\/wp-json\/wp\/v2\/users\/1"}],"replies":[{"embeddable":true,"href":"https:\/\/kkbc.com.vn\/vi-vn\/wp-json\/wp\/v2\/comments?post=5153"}],"version-history":[{"count":4,"href":"https:\/\/kkbc.com.vn\/vi-vn\/wp-json\/wp\/v2\/pages\/5153\/revisions"}],"predecessor-version":[{"id":6820,"href":"https:\/\/kkbc.com.vn\/vi-vn\/wp-json\/wp\/v2\/pages\/5153\/revisions\/6820"}],"up":[{"embeddable":true,"href":"https:\/\/kkbc.com.vn\/vi-vn\/wp-json\/wp\/v2\/pages\/4813"}],"wp:attachment":[{"href":"https:\/\/kkbc.com.vn\/vi-vn\/wp-json\/wp\/v2\/media?parent=5153"}],"curies":[{"name":"wp","href":"https:\/\/api.w.org\/{rel}","templated":true}]}}