{"id":5165,"date":"2024-10-03T06:05:52","date_gmt":"2024-10-03T06:05:52","guid":{"rendered":"https:\/\/kkbcvietnam.com\/expertise\/secondary-research-services\/"},"modified":"2025-05-13T08:07:14","modified_gmt":"2025-05-13T08:07:14","slug":"secondary-research-services","status":"publish","type":"page","link":"https:\/\/kkbc.com.vn\/vi-vn\/expertise\/secondary-research-services\/","title":{"rendered":"Nghi\u00ean c\u1ee9u th\u1ee9 c\u1ea5p\/tr\u00ean m\u00e1y t\u00ednh"},"content":{"rendered":"","protected":false},"excerpt":{"rendered":"","protected":false},"author":1,"featured_media":0,"parent":4813,"menu_order":91,"comment_status":"closed","ping_status":"closed","template":"template\/digitalmarketing.php","meta":{"_acf_changed":false,"footnotes":""},"class_list":["post-5165","page","type-page","status-publish","hentry"],"acf":[],"yoast_head":"<!-- This site is optimized with the Yoast SEO plugin v26.8 - https:\/\/yoast.com\/product\/yoast-seo-wordpress\/ -->\n<title>D\u1ecbch v\u1ee5 Nghi\u00ean c\u1ee9u Th\u1ee9 c\u1ea5p | KKBC<\/title>\n<meta name=\"description\" content=\"\u0110\u1ed9i ng\u0169 KKBC thu th\u1eadp v\u00e0 ph\u00e2n t\u00edch d\u1eef li\u1ec7u t\u1eeb nhi\u1ec1u ngu\u1ed3n th\u1ee9 c\u1ea5p, bao g\u1ed3m b\u00e1o c\u00e1o th\u1ecb tr\u01b0\u1eddng, t\u1ea1p ch\u00ed khoa h\u1ecdc v\u00e0 c\u01a1 s\u1edf d\u1eef li\u1ec7u tr\u1ef1c tuy\u1ebfn.\" \/>\n<meta name=\"robots\" content=\"index, follow, max-snippet:-1, max-image-preview:large, max-video-preview:-1\" \/>\n<link rel=\"canonical\" href=\"https:\/\/kkbc.com.vn\/vi-vn\/expertise\/secondary-research-services\/\" \/>\n<meta property=\"og:locale\" content=\"en_US\" \/>\n<meta property=\"og:type\" content=\"article\" \/>\n<meta property=\"og:title\" content=\"D\u1ecbch v\u1ee5 Nghi\u00ean c\u1ee9u Th\u1ee9 c\u1ea5p | KKBC\" \/>\n<meta property=\"og:description\" content=\"\u0110\u1ed9i ng\u0169 KKBC thu th\u1eadp v\u00e0 ph\u00e2n t\u00edch d\u1eef li\u1ec7u t\u1eeb nhi\u1ec1u ngu\u1ed3n th\u1ee9 c\u1ea5p, bao g\u1ed3m b\u00e1o c\u00e1o th\u1ecb tr\u01b0\u1eddng, t\u1ea1p ch\u00ed khoa h\u1ecdc v\u00e0 c\u01a1 s\u1edf d\u1eef li\u1ec7u tr\u1ef1c tuy\u1ebfn.\" \/>\n<meta property=\"og:url\" content=\"https:\/\/kkbc.com.vn\/vi-vn\/expertise\/secondary-research-services\/\" \/>\n<meta property=\"og:site_name\" content=\"KKBC Vi\u1ec7t Nam\" \/>\n<meta property=\"article:publisher\" content=\"https:\/\/www.facebook.com\/kkbc.co\" \/>\n<meta property=\"article:modified_time\" content=\"2025-05-13T08:07:14+00:00\" \/>\n<meta name=\"twitter:card\" content=\"summary_large_image\" \/>\n<meta name=\"twitter:site\" content=\"@kkbc_co\" \/>\n<script type=\"application\/ld+json\" class=\"yoast-schema-graph\">{\"@context\":\"https:\/\/schema.org\",\"@graph\":[{\"@type\":\"WebPage\",\"@id\":\"https:\/\/kkbc.com.vn\/vi-vn\/expertise\/secondary-research-services\/\",\"url\":\"https:\/\/kkbc.com.vn\/vi-vn\/expertise\/secondary-research-services\/\",\"name\":\"D\u1ecbch v\u1ee5 Nghi\u00ean c\u1ee9u Th\u1ee9 c\u1ea5p | KKBC\",\"isPartOf\":{\"@id\":\"https:\/\/kkbc.com.vn\/en-vn\/#website\"},\"datePublished\":\"2024-10-03T06:05:52+00:00\",\"dateModified\":\"2025-05-13T08:07:14+00:00\",\"description\":\"\u0110\u1ed9i ng\u0169 KKBC thu th\u1eadp v\u00e0 ph\u00e2n t\u00edch d\u1eef li\u1ec7u t\u1eeb nhi\u1ec1u ngu\u1ed3n th\u1ee9 c\u1ea5p, bao g\u1ed3m b\u00e1o c\u00e1o th\u1ecb tr\u01b0\u1eddng, t\u1ea1p ch\u00ed khoa h\u1ecdc v\u00e0 c\u01a1 s\u1edf d\u1eef li\u1ec7u tr\u1ef1c tuy\u1ebfn.\",\"breadcrumb\":{\"@id\":\"https:\/\/kkbc.com.vn\/vi-vn\/expertise\/secondary-research-services\/#breadcrumb\"},\"inLanguage\":\"vi-VN2\",\"potentialAction\":[{\"@type\":\"ReadAction\",\"target\":[\"https:\/\/kkbc.com.vn\/vi-vn\/expertise\/secondary-research-services\/\"]}]},{\"@type\":\"BreadcrumbList\",\"@id\":\"https:\/\/kkbc.com.vn\/vi-vn\/expertise\/secondary-research-services\/#breadcrumb\",\"itemListElement\":[{\"@type\":\"ListItem\",\"position\":1,\"name\":\"Home\",\"item\":\"https:\/\/kkbc.com.vn\/vi-vn\/\"},{\"@type\":\"ListItem\",\"position\":2,\"name\":\"Chuy\u00ean m\u00f4n\",\"item\":\"https:\/\/kkbc.com.vn\/vi-vn\/expertise\/\"},{\"@type\":\"ListItem\",\"position\":3,\"name\":\"Nghi\u00ean c\u1ee9u th\u1ee9 c\u1ea5p\/tr\u00ean m\u00e1y t\u00ednh\"}]},{\"@type\":\"WebSite\",\"@id\":\"https:\/\/kkbc.com.vn\/en-vn\/#website\",\"url\":\"https:\/\/kkbc.com.vn\/en-vn\/\",\"name\":\"KKBC\",\"description\":\"\",\"potentialAction\":[{\"@type\":\"SearchAction\",\"target\":{\"@type\":\"EntryPoint\",\"urlTemplate\":\"https:\/\/kkbc.com.vn\/en-vn\/?s={search_term_string}\"},\"query-input\":{\"@type\":\"PropertyValueSpecification\",\"valueRequired\":true,\"valueName\":\"search_term_string\"}}],\"inLanguage\":\"vi-VN2\"}]}<\/script>\n<!-- \/ Yoast SEO plugin. -->","yoast_head_json":{"title":"D\u1ecbch v\u1ee5 Nghi\u00ean c\u1ee9u Th\u1ee9 c\u1ea5p | KKBC","description":"\u0110\u1ed9i ng\u0169 KKBC thu th\u1eadp v\u00e0 ph\u00e2n t\u00edch d\u1eef li\u1ec7u t\u1eeb nhi\u1ec1u ngu\u1ed3n th\u1ee9 c\u1ea5p, bao g\u1ed3m b\u00e1o c\u00e1o th\u1ecb tr\u01b0\u1eddng, t\u1ea1p ch\u00ed khoa h\u1ecdc v\u00e0 c\u01a1 s\u1edf d\u1eef li\u1ec7u tr\u1ef1c tuy\u1ebfn.","robots":{"index":"index","follow":"follow","max-snippet":"max-snippet:-1","max-image-preview":"max-image-preview:large","max-video-preview":"max-video-preview:-1"},"canonical":"https:\/\/kkbc.com.vn\/vi-vn\/expertise\/secondary-research-services\/","og_locale":"en_US","og_type":"article","og_title":"D\u1ecbch v\u1ee5 Nghi\u00ean c\u1ee9u Th\u1ee9 c\u1ea5p | KKBC","og_description":"\u0110\u1ed9i ng\u0169 KKBC thu th\u1eadp v\u00e0 ph\u00e2n t\u00edch d\u1eef li\u1ec7u t\u1eeb nhi\u1ec1u ngu\u1ed3n th\u1ee9 c\u1ea5p, bao g\u1ed3m b\u00e1o c\u00e1o th\u1ecb tr\u01b0\u1eddng, t\u1ea1p ch\u00ed khoa h\u1ecdc v\u00e0 c\u01a1 s\u1edf d\u1eef li\u1ec7u tr\u1ef1c tuy\u1ebfn.","og_url":"https:\/\/kkbc.com.vn\/vi-vn\/expertise\/secondary-research-services\/","og_site_name":"KKBC Vi\u1ec7t Nam","article_publisher":"https:\/\/www.facebook.com\/kkbc.co","article_modified_time":"2025-05-13T08:07:14+00:00","twitter_card":"summary_large_image","twitter_site":"@kkbc_co","schema":{"@context":"https:\/\/schema.org","@graph":[{"@type":"WebPage","@id":"https:\/\/kkbc.com.vn\/vi-vn\/expertise\/secondary-research-services\/","url":"https:\/\/kkbc.com.vn\/vi-vn\/expertise\/secondary-research-services\/","name":"D\u1ecbch v\u1ee5 Nghi\u00ean c\u1ee9u Th\u1ee9 c\u1ea5p | KKBC","isPartOf":{"@id":"https:\/\/kkbc.com.vn\/en-vn\/#website"},"datePublished":"2024-10-03T06:05:52+00:00","dateModified":"2025-05-13T08:07:14+00:00","description":"\u0110\u1ed9i ng\u0169 KKBC thu th\u1eadp v\u00e0 ph\u00e2n t\u00edch d\u1eef li\u1ec7u t\u1eeb nhi\u1ec1u ngu\u1ed3n th\u1ee9 c\u1ea5p, bao g\u1ed3m b\u00e1o c\u00e1o th\u1ecb tr\u01b0\u1eddng, t\u1ea1p ch\u00ed khoa h\u1ecdc v\u00e0 c\u01a1 s\u1edf d\u1eef li\u1ec7u tr\u1ef1c tuy\u1ebfn.","breadcrumb":{"@id":"https:\/\/kkbc.com.vn\/vi-vn\/expertise\/secondary-research-services\/#breadcrumb"},"inLanguage":"vi-VN2","potentialAction":[{"@type":"ReadAction","target":["https:\/\/kkbc.com.vn\/vi-vn\/expertise\/secondary-research-services\/"]}]},{"@type":"BreadcrumbList","@id":"https:\/\/kkbc.com.vn\/vi-vn\/expertise\/secondary-research-services\/#breadcrumb","itemListElement":[{"@type":"ListItem","position":1,"name":"Home","item":"https:\/\/kkbc.com.vn\/vi-vn\/"},{"@type":"ListItem","position":2,"name":"Chuy\u00ean m\u00f4n","item":"https:\/\/kkbc.com.vn\/vi-vn\/expertise\/"},{"@type":"ListItem","position":3,"name":"Nghi\u00ean c\u1ee9u th\u1ee9 c\u1ea5p\/tr\u00ean m\u00e1y t\u00ednh"}]},{"@type":"WebSite","@id":"https:\/\/kkbc.com.vn\/en-vn\/#website","url":"https:\/\/kkbc.com.vn\/en-vn\/","name":"KKBC","description":"","potentialAction":[{"@type":"SearchAction","target":{"@type":"EntryPoint","urlTemplate":"https:\/\/kkbc.com.vn\/en-vn\/?s={search_term_string}"},"query-input":{"@type":"PropertyValueSpecification","valueRequired":true,"valueName":"search_term_string"}}],"inLanguage":"vi-VN2"}]}},"_links":{"self":[{"href":"https:\/\/kkbc.com.vn\/vi-vn\/wp-json\/wp\/v2\/pages\/5165","targetHints":{"allow":["GET"]}}],"collection":[{"href":"https:\/\/kkbc.com.vn\/vi-vn\/wp-json\/wp\/v2\/pages"}],"about":[{"href":"https:\/\/kkbc.com.vn\/vi-vn\/wp-json\/wp\/v2\/types\/page"}],"author":[{"embeddable":true,"href":"https:\/\/kkbc.com.vn\/vi-vn\/wp-json\/wp\/v2\/users\/1"}],"replies":[{"embeddable":true,"href":"https:\/\/kkbc.com.vn\/vi-vn\/wp-json\/wp\/v2\/comments?post=5165"}],"version-history":[{"count":5,"href":"https:\/\/kkbc.com.vn\/vi-vn\/wp-json\/wp\/v2\/pages\/5165\/revisions"}],"predecessor-version":[{"id":6801,"href":"https:\/\/kkbc.com.vn\/vi-vn\/wp-json\/wp\/v2\/pages\/5165\/revisions\/6801"}],"up":[{"embeddable":true,"href":"https:\/\/kkbc.com.vn\/vi-vn\/wp-json\/wp\/v2\/pages\/4813"}],"wp:attachment":[{"href":"https:\/\/kkbc.com.vn\/vi-vn\/wp-json\/wp\/v2\/media?parent=5165"}],"curies":[{"name":"wp","href":"https:\/\/api.w.org\/{rel}","templated":true}]}}