{"id":5175,"date":"2024-10-03T05:15:55","date_gmt":"2024-10-03T05:15:55","guid":{"rendered":"https:\/\/kkbcvietnam.com\/expertise\/press-list-creation\/"},"modified":"2025-05-13T07:48:23","modified_gmt":"2025-05-13T07:48:23","slug":"press-list-creation","status":"publish","type":"page","link":"https:\/\/kkbc.com.vn\/vi-vn\/expertise\/press-list-creation\/","title":{"rendered":"T\u1ea1o danh s\u00e1ch b\u00e1o ch\u00ed"},"content":{"rendered":"<p>Danh s\u00e1ch b\u00e1o ch\u00ed (c\u00f2n g\u1ecdi l\u00e0 danh s\u00e1ch ph\u01b0\u01a1ng ti\u1ec7n truy\u1ec1n th\u00f4ng ho\u1eb7c danh s\u00e1ch li\u00ean h\u1ec7) l\u00e0 m\u1ed9t c\u00f4ng c\u1ee5 quan h\u1ec7 c\u00f4ng ch\u00fang thi\u1ebft y\u1ebfu ch\u1ee9a danh s\u00e1ch li\u00ean h\u1ec7 ph\u01b0\u01a1ng ti\u1ec7n truy\u1ec1n th\u00f4ng \u0111\u01b0\u1ee3c tuy\u1ec3n ch\u1ecdn c\u1ea9n th\u1eadn c\u00f3 li\u00ean quan \u0111\u1ebfn th\u01b0\u01a1ng hi\u1ec7u v\u00e0 ng\u00e0nh c\u1ee7a b\u1ea1n. \u0110\u00e2y l\u00e0 c\u00e1c nh\u00e0 b\u00e1o, blogger, ng\u01b0\u1eddi l\u00e0m podcast, ng\u01b0\u1eddi c\u00f3 s\u1ee9c \u1ea3nh h\u01b0\u1edfng v\u00e0 c\u00e1c chuy\u00ean gia kh\u00e1c s\u1ebd chia s\u1ebb c\u00e2u chuy\u1ec7n, s\u1ea3n ph\u1ea9m ho\u1eb7c tin t\u1ee9c c\u1ee7a b\u1ea1n v\u1edbi \u0111\u1ed1i t\u01b0\u1ee3ng m\u1ee5c ti\u00eau c\u1ee7a b\u1ea1n.<\/p>\n","protected":false},"excerpt":{"rendered":"<p>Danh s\u00e1ch b\u00e1o ch\u00ed (c\u00f2n g\u1ecdi l\u00e0 danh s\u00e1ch ph\u01b0\u01a1ng ti\u1ec7n truy\u1ec1n th\u00f4ng ho\u1eb7c danh s\u00e1ch li\u00ean h\u1ec7) l\u00e0 m\u1ed9t c\u00f4ng c\u1ee5 quan h\u1ec7 c\u00f4ng ch\u00fang thi\u1ebft y\u1ebfu ch\u1ee9a danh s\u00e1ch li\u00ean h\u1ec7 ph\u01b0\u01a1ng ti\u1ec7n truy\u1ec1n th\u00f4ng \u0111\u01b0\u1ee3c tuy\u1ec3n ch\u1ecdn &hellip; <a href=\"https:\/\/kkbc.com.vn\/vi-vn\/expertise\/press-list-creation\/\">Continue reading <span class=\"meta-nav\">&rarr;<\/span><\/a><\/p>\n","protected":false},"author":1,"featured_media":0,"parent":4813,"menu_order":96,"comment_status":"closed","ping_status":"closed","template":"template\/digitalmarketing.php","meta":{"_acf_changed":false,"footnotes":""},"class_list":["post-5175","page","type-page","status-publish","hentry"],"acf":[],"yoast_head":"<!-- This site is optimized with the Yoast SEO plugin v26.8 - https:\/\/yoast.com\/product\/yoast-seo-wordpress\/ -->\n<title>D\u1ecbch v\u1ee5 T\u1ea1o Danh s\u00e1ch B\u00e1o ch\u00ed cho B2B | KKBC<\/title>\n<meta name=\"description\" content=\"KKBC \u0111\u01a1n gi\u1ea3n h\u00f3a vi\u1ec7c t\u1ea1o danh s\u00e1ch b\u00e1o ch\u00ed, cung c\u1ea5p danh s\u00e1ch t\u00f9y ch\u1ec9nh, c\u1eadp nh\u1eadt t\u1eeb c\u00e1c ngu\u1ed3n \u0111\u00e1ng tin c\u1eady. Y\u00eau c\u1ea7u b\u00e1o gi\u00e1 ngay!\" \/>\n<meta name=\"robots\" content=\"index, follow, max-snippet:-1, max-image-preview:large, max-video-preview:-1\" \/>\n<link rel=\"canonical\" href=\"https:\/\/kkbc.com.vn\/vi-vn\/expertise\/press-list-creation\/\" \/>\n<meta property=\"og:locale\" content=\"en_US\" \/>\n<meta property=\"og:type\" content=\"article\" \/>\n<meta property=\"og:title\" content=\"D\u1ecbch v\u1ee5 T\u1ea1o Danh s\u00e1ch B\u00e1o ch\u00ed cho B2B | KKBC\" \/>\n<meta property=\"og:description\" content=\"KKBC \u0111\u01a1n gi\u1ea3n h\u00f3a vi\u1ec7c t\u1ea1o danh s\u00e1ch b\u00e1o ch\u00ed, cung c\u1ea5p danh s\u00e1ch t\u00f9y ch\u1ec9nh, c\u1eadp nh\u1eadt t\u1eeb c\u00e1c ngu\u1ed3n \u0111\u00e1ng tin c\u1eady. Y\u00eau c\u1ea7u b\u00e1o gi\u00e1 ngay!\" \/>\n<meta property=\"og:url\" content=\"https:\/\/kkbc.com.vn\/vi-vn\/expertise\/press-list-creation\/\" \/>\n<meta property=\"og:site_name\" content=\"KKBC Vi\u1ec7t Nam\" \/>\n<meta property=\"article:publisher\" content=\"https:\/\/www.facebook.com\/kkbc.co\" \/>\n<meta property=\"article:modified_time\" content=\"2025-05-13T07:48:23+00:00\" \/>\n<meta name=\"twitter:card\" content=\"summary_large_image\" \/>\n<meta name=\"twitter:site\" content=\"@kkbc_co\" \/>\n<meta name=\"twitter:label1\" content=\"Est. reading time\" \/>\n\t<meta name=\"twitter:data1\" content=\"1 minute\" \/>\n<script type=\"application\/ld+json\" class=\"yoast-schema-graph\">{\"@context\":\"https:\/\/schema.org\",\"@graph\":[{\"@type\":\"WebPage\",\"@id\":\"https:\/\/kkbc.com.vn\/vi-vn\/expertise\/press-list-creation\/\",\"url\":\"https:\/\/kkbc.com.vn\/vi-vn\/expertise\/press-list-creation\/\",\"name\":\"D\u1ecbch v\u1ee5 T\u1ea1o Danh s\u00e1ch B\u00e1o ch\u00ed cho B2B | KKBC\",\"isPartOf\":{\"@id\":\"https:\/\/kkbc.com.vn\/en\/#website\"},\"datePublished\":\"2024-10-03T05:15:55+00:00\",\"dateModified\":\"2025-05-13T07:48:23+00:00\",\"description\":\"KKBC \u0111\u01a1n gi\u1ea3n h\u00f3a vi\u1ec7c t\u1ea1o danh s\u00e1ch b\u00e1o ch\u00ed, cung c\u1ea5p danh s\u00e1ch t\u00f9y ch\u1ec9nh, c\u1eadp nh\u1eadt t\u1eeb c\u00e1c ngu\u1ed3n \u0111\u00e1ng tin c\u1eady. Y\u00eau c\u1ea7u b\u00e1o gi\u00e1 ngay!\",\"breadcrumb\":{\"@id\":\"https:\/\/kkbc.com.vn\/vi-vn\/expertise\/press-list-creation\/#breadcrumb\"},\"inLanguage\":\"vi-VN2\",\"potentialAction\":[{\"@type\":\"ReadAction\",\"target\":[\"https:\/\/kkbc.com.vn\/vi-vn\/expertise\/press-list-creation\/\"]}]},{\"@type\":\"BreadcrumbList\",\"@id\":\"https:\/\/kkbc.com.vn\/vi-vn\/expertise\/press-list-creation\/#breadcrumb\",\"itemListElement\":[{\"@type\":\"ListItem\",\"position\":1,\"name\":\"Home\",\"item\":\"https:\/\/kkbc.com.vn\/vi-vn\/\"},{\"@type\":\"ListItem\",\"position\":2,\"name\":\"Chuy\u00ean m\u00f4n\",\"item\":\"https:\/\/kkbc.com.vn\/vi-vn\/expertise\/\"},{\"@type\":\"ListItem\",\"position\":3,\"name\":\"T\u1ea1o danh s\u00e1ch b\u00e1o ch\u00ed\"}]},{\"@type\":\"WebSite\",\"@id\":\"https:\/\/kkbc.com.vn\/en\/#website\",\"url\":\"https:\/\/kkbc.com.vn\/en\/\",\"name\":\"KKBC\",\"description\":\"\",\"potentialAction\":[{\"@type\":\"SearchAction\",\"target\":{\"@type\":\"EntryPoint\",\"urlTemplate\":\"https:\/\/kkbc.com.vn\/en\/?s={search_term_string}\"},\"query-input\":{\"@type\":\"PropertyValueSpecification\",\"valueRequired\":true,\"valueName\":\"search_term_string\"}}],\"inLanguage\":\"vi-VN2\"}]}<\/script>\n<!-- \/ Yoast SEO plugin. -->","yoast_head_json":{"title":"D\u1ecbch v\u1ee5 T\u1ea1o Danh s\u00e1ch B\u00e1o ch\u00ed cho B2B | KKBC","description":"KKBC \u0111\u01a1n gi\u1ea3n h\u00f3a vi\u1ec7c t\u1ea1o danh s\u00e1ch b\u00e1o ch\u00ed, cung c\u1ea5p danh s\u00e1ch t\u00f9y ch\u1ec9nh, c\u1eadp nh\u1eadt t\u1eeb c\u00e1c ngu\u1ed3n \u0111\u00e1ng tin c\u1eady. Y\u00eau c\u1ea7u b\u00e1o gi\u00e1 ngay!","robots":{"index":"index","follow":"follow","max-snippet":"max-snippet:-1","max-image-preview":"max-image-preview:large","max-video-preview":"max-video-preview:-1"},"canonical":"https:\/\/kkbc.com.vn\/vi-vn\/expertise\/press-list-creation\/","og_locale":"en_US","og_type":"article","og_title":"D\u1ecbch v\u1ee5 T\u1ea1o Danh s\u00e1ch B\u00e1o ch\u00ed cho B2B | KKBC","og_description":"KKBC \u0111\u01a1n gi\u1ea3n h\u00f3a vi\u1ec7c t\u1ea1o danh s\u00e1ch b\u00e1o ch\u00ed, cung c\u1ea5p danh s\u00e1ch t\u00f9y ch\u1ec9nh, c\u1eadp nh\u1eadt t\u1eeb c\u00e1c ngu\u1ed3n \u0111\u00e1ng tin c\u1eady. Y\u00eau c\u1ea7u b\u00e1o gi\u00e1 ngay!","og_url":"https:\/\/kkbc.com.vn\/vi-vn\/expertise\/press-list-creation\/","og_site_name":"KKBC Vi\u1ec7t Nam","article_publisher":"https:\/\/www.facebook.com\/kkbc.co","article_modified_time":"2025-05-13T07:48:23+00:00","twitter_card":"summary_large_image","twitter_site":"@kkbc_co","twitter_misc":{"Est. reading time":"1 minute"},"schema":{"@context":"https:\/\/schema.org","@graph":[{"@type":"WebPage","@id":"https:\/\/kkbc.com.vn\/vi-vn\/expertise\/press-list-creation\/","url":"https:\/\/kkbc.com.vn\/vi-vn\/expertise\/press-list-creation\/","name":"D\u1ecbch v\u1ee5 T\u1ea1o Danh s\u00e1ch B\u00e1o ch\u00ed cho B2B | KKBC","isPartOf":{"@id":"https:\/\/kkbc.com.vn\/en\/#website"},"datePublished":"2024-10-03T05:15:55+00:00","dateModified":"2025-05-13T07:48:23+00:00","description":"KKBC \u0111\u01a1n gi\u1ea3n h\u00f3a vi\u1ec7c t\u1ea1o danh s\u00e1ch b\u00e1o ch\u00ed, cung c\u1ea5p danh s\u00e1ch t\u00f9y ch\u1ec9nh, c\u1eadp nh\u1eadt t\u1eeb c\u00e1c ngu\u1ed3n \u0111\u00e1ng tin c\u1eady. Y\u00eau c\u1ea7u b\u00e1o gi\u00e1 ngay!","breadcrumb":{"@id":"https:\/\/kkbc.com.vn\/vi-vn\/expertise\/press-list-creation\/#breadcrumb"},"inLanguage":"vi-VN2","potentialAction":[{"@type":"ReadAction","target":["https:\/\/kkbc.com.vn\/vi-vn\/expertise\/press-list-creation\/"]}]},{"@type":"BreadcrumbList","@id":"https:\/\/kkbc.com.vn\/vi-vn\/expertise\/press-list-creation\/#breadcrumb","itemListElement":[{"@type":"ListItem","position":1,"name":"Home","item":"https:\/\/kkbc.com.vn\/vi-vn\/"},{"@type":"ListItem","position":2,"name":"Chuy\u00ean m\u00f4n","item":"https:\/\/kkbc.com.vn\/vi-vn\/expertise\/"},{"@type":"ListItem","position":3,"name":"T\u1ea1o danh s\u00e1ch b\u00e1o ch\u00ed"}]},{"@type":"WebSite","@id":"https:\/\/kkbc.com.vn\/en\/#website","url":"https:\/\/kkbc.com.vn\/en\/","name":"KKBC","description":"","potentialAction":[{"@type":"SearchAction","target":{"@type":"EntryPoint","urlTemplate":"https:\/\/kkbc.com.vn\/en\/?s={search_term_string}"},"query-input":{"@type":"PropertyValueSpecification","valueRequired":true,"valueName":"search_term_string"}}],"inLanguage":"vi-VN2"}]}},"_links":{"self":[{"href":"https:\/\/kkbc.com.vn\/vi-vn\/wp-json\/wp\/v2\/pages\/5175","targetHints":{"allow":["GET"]}}],"collection":[{"href":"https:\/\/kkbc.com.vn\/vi-vn\/wp-json\/wp\/v2\/pages"}],"about":[{"href":"https:\/\/kkbc.com.vn\/vi-vn\/wp-json\/wp\/v2\/types\/page"}],"author":[{"embeddable":true,"href":"https:\/\/kkbc.com.vn\/vi-vn\/wp-json\/wp\/v2\/users\/1"}],"replies":[{"embeddable":true,"href":"https:\/\/kkbc.com.vn\/vi-vn\/wp-json\/wp\/v2\/comments?post=5175"}],"version-history":[{"count":4,"href":"https:\/\/kkbc.com.vn\/vi-vn\/wp-json\/wp\/v2\/pages\/5175\/revisions"}],"predecessor-version":[{"id":6779,"href":"https:\/\/kkbc.com.vn\/vi-vn\/wp-json\/wp\/v2\/pages\/5175\/revisions\/6779"}],"up":[{"embeddable":true,"href":"https:\/\/kkbc.com.vn\/vi-vn\/wp-json\/wp\/v2\/pages\/4813"}],"wp:attachment":[{"href":"https:\/\/kkbc.com.vn\/vi-vn\/wp-json\/wp\/v2\/media?parent=5175"}],"curies":[{"name":"wp","href":"https:\/\/api.w.org\/{rel}","templated":true}]}}