{"id":5177,"date":"2024-10-03T05:11:22","date_gmt":"2024-10-03T05:11:22","guid":{"rendered":"https:\/\/kkbcvietnam.com\/expertise\/media-research\/"},"modified":"2025-05-13T07:48:08","modified_gmt":"2025-05-13T07:48:08","slug":"media-research","status":"publish","type":"page","link":"https:\/\/kkbc.com.vn\/vi-vn\/expertise\/media-research\/","title":{"rendered":"Nghi\u00ean c\u1ee9u ph\u01b0\u01a1ng ti\u1ec7n truy\u1ec1n th\u00f4ng"},"content":{"rendered":"<p>Nghi\u00ean c\u1ee9u ph\u01b0\u01a1ng ti\u1ec7n truy\u1ec1n th\u00f4ng l\u00e0 m\u1ed9t ph\u00e2n t\u00edch chuy\u00ean s\u00e2u gi\u00fap b\u1ea1n x\u00e1c \u0111\u1ecbnh nh\u1eefng c\u00e1ch hi\u1ec7u qu\u1ea3 nh\u1ea5t \u0111\u1ec3 thu h\u00fat \u0111\u1ed1i t\u01b0\u1ee3ng m\u1ee5c ti\u00eau, bao g\u1ed3m x\u00e1c \u0111\u1ecbnh \u0111\u00fang k\u00eanh truy\u1ec1n th\u00f4ng, ph\u01b0\u01a1ng ph\u00e1p ph\u00e2n ph\u1ed1i v\u00e0 th\u1eddi \u0111i\u1ec3m \u0111\u1ec3 c\u00f3 t\u00e1c \u0111\u1ed9ng t\u1ed1i \u01b0u. Nghi\u00ean c\u1ee9u n\u00e0y r\u1ea5t quan tr\u1ecdng \u0111\u1ec3 hi\u1ec3u c\u00e1ch c\u00e1c th\u00f4ng \u0111i\u1ec7p \u0111\u01b0\u1ee3c ti\u1ebfp nh\u1eadn v\u00e0 h\u00e0nh \u0111\u1ed9ng.<\/p>\n","protected":false},"excerpt":{"rendered":"<p>Nghi\u00ean c\u1ee9u ph\u01b0\u01a1ng ti\u1ec7n truy\u1ec1n th\u00f4ng l\u00e0 m\u1ed9t ph\u00e2n t\u00edch chuy\u00ean s\u00e2u gi\u00fap b\u1ea1n x\u00e1c \u0111\u1ecbnh nh\u1eefng c\u00e1ch hi\u1ec7u qu\u1ea3 nh\u1ea5t \u0111\u1ec3 thu h\u00fat \u0111\u1ed1i t\u01b0\u1ee3ng m\u1ee5c ti\u00eau, bao g\u1ed3m x\u00e1c \u0111\u1ecbnh \u0111\u00fang k\u00eanh truy\u1ec1n th\u00f4ng, ph\u01b0\u01a1ng ph\u00e1p ph\u00e2n ph\u1ed1i &hellip; <a href=\"https:\/\/kkbc.com.vn\/vi-vn\/expertise\/media-research\/\">Continue reading <span class=\"meta-nav\">&rarr;<\/span><\/a><\/p>\n","protected":false},"author":1,"featured_media":0,"parent":4813,"menu_order":97,"comment_status":"closed","ping_status":"closed","template":"template\/digitalmarketing.php","meta":{"_acf_changed":false,"footnotes":""},"class_list":["post-5177","page","type-page","status-publish","hentry"],"acf":[],"yoast_head":"<!-- This site is optimized with the Yoast SEO plugin v26.8 - https:\/\/yoast.com\/product\/yoast-seo-wordpress\/ -->\n<title>D\u1ecbch v\u1ee5 Nghi\u00ean c\u1ee9u Truy\u1ec1n th\u00f4ng | Chuy\u00ean m\u00f4n | KKBC<\/title>\n<meta name=\"description\" content=\"D\u1ecbch v\u1ee5 nghi\u00ean c\u1ee9u truy\u1ec1n th\u00f4ng c\u1ee7a KKBC gi\u00fap x\u00e1c \u0111\u1ecbnh k\u00eanh, th\u1eddi \u0111i\u1ec3m v\u00e0 \u0111\u1ed1i t\u01b0\u1ee3ng m\u1ee5c ti\u00eau ch\u00ednh x\u00e1c, \u0111\u1ea3m b\u1ea3o th\u00f4ng \u0111i\u1ec7p hi\u1ec7u qu\u1ea3. Li\u00ean h\u1ec7 ngay!\" \/>\n<meta name=\"robots\" content=\"index, follow, max-snippet:-1, max-image-preview:large, max-video-preview:-1\" \/>\n<link rel=\"canonical\" href=\"https:\/\/kkbc.com.vn\/vi-vn\/expertise\/media-research\/\" \/>\n<meta property=\"og:locale\" content=\"en_US\" \/>\n<meta property=\"og:type\" content=\"article\" \/>\n<meta property=\"og:title\" content=\"D\u1ecbch v\u1ee5 Nghi\u00ean c\u1ee9u Truy\u1ec1n th\u00f4ng | Chuy\u00ean m\u00f4n | KKBC\" \/>\n<meta property=\"og:description\" content=\"D\u1ecbch v\u1ee5 nghi\u00ean c\u1ee9u truy\u1ec1n th\u00f4ng c\u1ee7a KKBC gi\u00fap x\u00e1c \u0111\u1ecbnh k\u00eanh, th\u1eddi \u0111i\u1ec3m v\u00e0 \u0111\u1ed1i t\u01b0\u1ee3ng m\u1ee5c ti\u00eau ch\u00ednh x\u00e1c, \u0111\u1ea3m b\u1ea3o th\u00f4ng \u0111i\u1ec7p hi\u1ec7u qu\u1ea3. Li\u00ean h\u1ec7 ngay!\" \/>\n<meta property=\"og:url\" content=\"https:\/\/kkbc.com.vn\/vi-vn\/expertise\/media-research\/\" \/>\n<meta property=\"og:site_name\" content=\"KKBC Vi\u1ec7t Nam\" \/>\n<meta property=\"article:publisher\" content=\"https:\/\/www.facebook.com\/kkbc.co\" \/>\n<meta property=\"article:modified_time\" content=\"2025-05-13T07:48:08+00:00\" \/>\n<meta name=\"twitter:card\" content=\"summary_large_image\" \/>\n<meta name=\"twitter:site\" content=\"@kkbc_co\" \/>\n<meta name=\"twitter:label1\" content=\"Est. reading time\" \/>\n\t<meta name=\"twitter:data1\" content=\"1 minute\" \/>\n<script type=\"application\/ld+json\" class=\"yoast-schema-graph\">{\"@context\":\"https:\/\/schema.org\",\"@graph\":[{\"@type\":\"WebPage\",\"@id\":\"https:\/\/kkbc.com.vn\/vi-vn\/expertise\/media-research\/\",\"url\":\"https:\/\/kkbc.com.vn\/vi-vn\/expertise\/media-research\/\",\"name\":\"D\u1ecbch v\u1ee5 Nghi\u00ean c\u1ee9u Truy\u1ec1n th\u00f4ng | Chuy\u00ean m\u00f4n | KKBC\",\"isPartOf\":{\"@id\":\"https:\/\/kkbc.com.vn\/en\/#website\"},\"datePublished\":\"2024-10-03T05:11:22+00:00\",\"dateModified\":\"2025-05-13T07:48:08+00:00\",\"description\":\"D\u1ecbch v\u1ee5 nghi\u00ean c\u1ee9u truy\u1ec1n th\u00f4ng c\u1ee7a KKBC gi\u00fap x\u00e1c \u0111\u1ecbnh k\u00eanh, th\u1eddi \u0111i\u1ec3m v\u00e0 \u0111\u1ed1i t\u01b0\u1ee3ng m\u1ee5c ti\u00eau ch\u00ednh x\u00e1c, \u0111\u1ea3m b\u1ea3o th\u00f4ng \u0111i\u1ec7p hi\u1ec7u qu\u1ea3. Li\u00ean h\u1ec7 ngay!\",\"breadcrumb\":{\"@id\":\"https:\/\/kkbc.com.vn\/vi-vn\/expertise\/media-research\/#breadcrumb\"},\"inLanguage\":\"vi-VN2\",\"potentialAction\":[{\"@type\":\"ReadAction\",\"target\":[\"https:\/\/kkbc.com.vn\/vi-vn\/expertise\/media-research\/\"]}]},{\"@type\":\"BreadcrumbList\",\"@id\":\"https:\/\/kkbc.com.vn\/vi-vn\/expertise\/media-research\/#breadcrumb\",\"itemListElement\":[{\"@type\":\"ListItem\",\"position\":1,\"name\":\"Home\",\"item\":\"https:\/\/kkbc.com.vn\/vi-vn\/\"},{\"@type\":\"ListItem\",\"position\":2,\"name\":\"Chuy\u00ean m\u00f4n\",\"item\":\"https:\/\/kkbc.com.vn\/vi-vn\/expertise\/\"},{\"@type\":\"ListItem\",\"position\":3,\"name\":\"Nghi\u00ean c\u1ee9u ph\u01b0\u01a1ng ti\u1ec7n truy\u1ec1n th\u00f4ng\"}]},{\"@type\":\"WebSite\",\"@id\":\"https:\/\/kkbc.com.vn\/en\/#website\",\"url\":\"https:\/\/kkbc.com.vn\/en\/\",\"name\":\"KKBC\",\"description\":\"\",\"potentialAction\":[{\"@type\":\"SearchAction\",\"target\":{\"@type\":\"EntryPoint\",\"urlTemplate\":\"https:\/\/kkbc.com.vn\/en\/?s={search_term_string}\"},\"query-input\":{\"@type\":\"PropertyValueSpecification\",\"valueRequired\":true,\"valueName\":\"search_term_string\"}}],\"inLanguage\":\"vi-VN2\"}]}<\/script>\n<!-- \/ Yoast SEO plugin. -->","yoast_head_json":{"title":"D\u1ecbch v\u1ee5 Nghi\u00ean c\u1ee9u Truy\u1ec1n th\u00f4ng | Chuy\u00ean m\u00f4n | KKBC","description":"D\u1ecbch v\u1ee5 nghi\u00ean c\u1ee9u truy\u1ec1n th\u00f4ng c\u1ee7a KKBC gi\u00fap x\u00e1c \u0111\u1ecbnh k\u00eanh, th\u1eddi \u0111i\u1ec3m v\u00e0 \u0111\u1ed1i t\u01b0\u1ee3ng m\u1ee5c ti\u00eau ch\u00ednh x\u00e1c, \u0111\u1ea3m b\u1ea3o th\u00f4ng \u0111i\u1ec7p hi\u1ec7u qu\u1ea3. Li\u00ean h\u1ec7 ngay!","robots":{"index":"index","follow":"follow","max-snippet":"max-snippet:-1","max-image-preview":"max-image-preview:large","max-video-preview":"max-video-preview:-1"},"canonical":"https:\/\/kkbc.com.vn\/vi-vn\/expertise\/media-research\/","og_locale":"en_US","og_type":"article","og_title":"D\u1ecbch v\u1ee5 Nghi\u00ean c\u1ee9u Truy\u1ec1n th\u00f4ng | Chuy\u00ean m\u00f4n | KKBC","og_description":"D\u1ecbch v\u1ee5 nghi\u00ean c\u1ee9u truy\u1ec1n th\u00f4ng c\u1ee7a KKBC gi\u00fap x\u00e1c \u0111\u1ecbnh k\u00eanh, th\u1eddi \u0111i\u1ec3m v\u00e0 \u0111\u1ed1i t\u01b0\u1ee3ng m\u1ee5c ti\u00eau ch\u00ednh x\u00e1c, \u0111\u1ea3m b\u1ea3o th\u00f4ng \u0111i\u1ec7p hi\u1ec7u qu\u1ea3. Li\u00ean h\u1ec7 ngay!","og_url":"https:\/\/kkbc.com.vn\/vi-vn\/expertise\/media-research\/","og_site_name":"KKBC Vi\u1ec7t Nam","article_publisher":"https:\/\/www.facebook.com\/kkbc.co","article_modified_time":"2025-05-13T07:48:08+00:00","twitter_card":"summary_large_image","twitter_site":"@kkbc_co","twitter_misc":{"Est. reading time":"1 minute"},"schema":{"@context":"https:\/\/schema.org","@graph":[{"@type":"WebPage","@id":"https:\/\/kkbc.com.vn\/vi-vn\/expertise\/media-research\/","url":"https:\/\/kkbc.com.vn\/vi-vn\/expertise\/media-research\/","name":"D\u1ecbch v\u1ee5 Nghi\u00ean c\u1ee9u Truy\u1ec1n th\u00f4ng | Chuy\u00ean m\u00f4n | KKBC","isPartOf":{"@id":"https:\/\/kkbc.com.vn\/en\/#website"},"datePublished":"2024-10-03T05:11:22+00:00","dateModified":"2025-05-13T07:48:08+00:00","description":"D\u1ecbch v\u1ee5 nghi\u00ean c\u1ee9u truy\u1ec1n th\u00f4ng c\u1ee7a KKBC gi\u00fap x\u00e1c \u0111\u1ecbnh k\u00eanh, th\u1eddi \u0111i\u1ec3m v\u00e0 \u0111\u1ed1i t\u01b0\u1ee3ng m\u1ee5c ti\u00eau ch\u00ednh x\u00e1c, \u0111\u1ea3m b\u1ea3o th\u00f4ng \u0111i\u1ec7p hi\u1ec7u qu\u1ea3. Li\u00ean h\u1ec7 ngay!","breadcrumb":{"@id":"https:\/\/kkbc.com.vn\/vi-vn\/expertise\/media-research\/#breadcrumb"},"inLanguage":"vi-VN2","potentialAction":[{"@type":"ReadAction","target":["https:\/\/kkbc.com.vn\/vi-vn\/expertise\/media-research\/"]}]},{"@type":"BreadcrumbList","@id":"https:\/\/kkbc.com.vn\/vi-vn\/expertise\/media-research\/#breadcrumb","itemListElement":[{"@type":"ListItem","position":1,"name":"Home","item":"https:\/\/kkbc.com.vn\/vi-vn\/"},{"@type":"ListItem","position":2,"name":"Chuy\u00ean m\u00f4n","item":"https:\/\/kkbc.com.vn\/vi-vn\/expertise\/"},{"@type":"ListItem","position":3,"name":"Nghi\u00ean c\u1ee9u ph\u01b0\u01a1ng ti\u1ec7n truy\u1ec1n th\u00f4ng"}]},{"@type":"WebSite","@id":"https:\/\/kkbc.com.vn\/en\/#website","url":"https:\/\/kkbc.com.vn\/en\/","name":"KKBC","description":"","potentialAction":[{"@type":"SearchAction","target":{"@type":"EntryPoint","urlTemplate":"https:\/\/kkbc.com.vn\/en\/?s={search_term_string}"},"query-input":{"@type":"PropertyValueSpecification","valueRequired":true,"valueName":"search_term_string"}}],"inLanguage":"vi-VN2"}]}},"_links":{"self":[{"href":"https:\/\/kkbc.com.vn\/vi-vn\/wp-json\/wp\/v2\/pages\/5177","targetHints":{"allow":["GET"]}}],"collection":[{"href":"https:\/\/kkbc.com.vn\/vi-vn\/wp-json\/wp\/v2\/pages"}],"about":[{"href":"https:\/\/kkbc.com.vn\/vi-vn\/wp-json\/wp\/v2\/types\/page"}],"author":[{"embeddable":true,"href":"https:\/\/kkbc.com.vn\/vi-vn\/wp-json\/wp\/v2\/users\/1"}],"replies":[{"embeddable":true,"href":"https:\/\/kkbc.com.vn\/vi-vn\/wp-json\/wp\/v2\/comments?post=5177"}],"version-history":[{"count":7,"href":"https:\/\/kkbc.com.vn\/vi-vn\/wp-json\/wp\/v2\/pages\/5177\/revisions"}],"predecessor-version":[{"id":6778,"href":"https:\/\/kkbc.com.vn\/vi-vn\/wp-json\/wp\/v2\/pages\/5177\/revisions\/6778"}],"up":[{"embeddable":true,"href":"https:\/\/kkbc.com.vn\/vi-vn\/wp-json\/wp\/v2\/pages\/4813"}],"wp:attachment":[{"href":"https:\/\/kkbc.com.vn\/vi-vn\/wp-json\/wp\/v2\/media?parent=5177"}],"curies":[{"name":"wp","href":"https:\/\/api.w.org\/{rel}","templated":true}]}}