{"id":5190,"date":"2024-10-01T11:56:16","date_gmt":"2024-10-01T11:56:16","guid":{"rendered":"https:\/\/kkbcvietnam.com\/expertise\/field-marketing\/"},"modified":"2025-05-13T07:54:23","modified_gmt":"2025-05-13T07:54:23","slug":"field-marketing","status":"publish","type":"page","link":"https:\/\/kkbc.com.vn\/vi-vn\/expertise\/field-marketing\/","title":{"rendered":"Ti\u1ebfp th\u1ecb th\u1ef1c \u0111\u1ecba"},"content":{"rendered":"<p>Ti\u1ebfp th\u1ecb th\u1ef1c \u0111\u1ecba bao g\u1ed3m c\u00e1c t\u01b0\u01a1ng t\u00e1c tr\u1ef1c ti\u1ebfp, tr\u1ef1c di\u1ec7n v\u1edbi kh\u00e1ch h\u00e0ng ti\u1ec1m n\u0103ng trong nhi\u1ec1u m\u00f4i tr\u01b0\u1eddng kh\u00e1c nhau \u0111\u1ec3 t\u1ea1o ra c\u00e1c k\u1ebft n\u1ed1i th\u01b0\u01a1ng hi\u1ec7u c\u00f3 \u00fd ngh\u0129a. Ph\u01b0\u01a1ng ph\u00e1p ti\u1ebfp c\u1eadn th\u1ef1c t\u1ebf n\u00e0y cho ph\u00e9p b\u1ea1n thu h\u00fat kh\u00e1ch h\u00e0ng \u1edf c\u1ea5p \u0111\u1ed9 c\u00e1 nh\u00e2n, t\u1ea1o ra nh\u1eefng tr\u1ea3i nghi\u1ec7m c\u00f3 t\u00e1c \u0111\u1ed9ng th\u00fac \u0111\u1ea9y l\u00f2ng trung th\u00e0nh v\u00e0 nh\u1eadn th\u1ee9c.<\/p>\n","protected":false},"excerpt":{"rendered":"<p>Ti\u1ebfp th\u1ecb th\u1ef1c \u0111\u1ecba bao g\u1ed3m c\u00e1c t\u01b0\u01a1ng t\u00e1c tr\u1ef1c ti\u1ebfp, tr\u1ef1c di\u1ec7n v\u1edbi kh\u00e1ch h\u00e0ng ti\u1ec1m n\u0103ng trong nhi\u1ec1u m\u00f4i tr\u01b0\u1eddng kh\u00e1c nhau \u0111\u1ec3 t\u1ea1o ra c\u00e1c k\u1ebft n\u1ed1i th\u01b0\u01a1ng hi\u1ec7u c\u00f3 \u00fd ngh\u0129a. Ph\u01b0\u01a1ng ph\u00e1p ti\u1ebfp c\u1eadn th\u1ef1c &hellip; <a href=\"https:\/\/kkbc.com.vn\/vi-vn\/expertise\/field-marketing\/\">Continue reading <span class=\"meta-nav\">&rarr;<\/span><\/a><\/p>\n","protected":false},"author":1,"featured_media":0,"parent":4813,"menu_order":103,"comment_status":"closed","ping_status":"closed","template":"template\/digitalmarketing.php","meta":{"_acf_changed":false,"footnotes":""},"class_list":["post-5190","page","type-page","status-publish","hentry"],"acf":[],"yoast_head":"<!-- This site is optimized with the Yoast SEO plugin v26.8 - https:\/\/yoast.com\/product\/yoast-seo-wordpress\/ -->\n<title>D\u1ecbch v\u1ee5 Field Marketing cho B2B | KKBC<\/title>\n<meta name=\"description\" content=\"KKBC cung c\u1ea5p \u0111\u1ed9i ng\u0169 chuy\u00ean nghi\u1ec7p h\u1ed7 tr\u1ee3 marketing tr\u1ef1c ti\u1ebfp, qu\u1ea3ng b\u00e1 th\u01b0\u01a1ng hi\u1ec7u, x\u00e2y d\u1ef1ng quan h\u1ec7 v\u00e0 th\u00fac \u0111\u1ea9y doanh s\u1ed1. T\u00ecm hi\u1ec3u th\u00eam.\" \/>\n<meta name=\"robots\" content=\"index, follow, max-snippet:-1, max-image-preview:large, max-video-preview:-1\" \/>\n<link rel=\"canonical\" href=\"https:\/\/kkbc.com.vn\/vi-vn\/expertise\/field-marketing\/\" \/>\n<meta property=\"og:locale\" content=\"en_US\" \/>\n<meta property=\"og:type\" content=\"article\" \/>\n<meta property=\"og:title\" content=\"D\u1ecbch v\u1ee5 Field Marketing cho B2B | KKBC\" \/>\n<meta property=\"og:description\" content=\"KKBC cung c\u1ea5p \u0111\u1ed9i ng\u0169 chuy\u00ean nghi\u1ec7p h\u1ed7 tr\u1ee3 marketing tr\u1ef1c ti\u1ebfp, qu\u1ea3ng b\u00e1 th\u01b0\u01a1ng hi\u1ec7u, x\u00e2y d\u1ef1ng quan h\u1ec7 v\u00e0 th\u00fac \u0111\u1ea9y doanh s\u1ed1. T\u00ecm hi\u1ec3u th\u00eam.\" \/>\n<meta property=\"og:url\" content=\"https:\/\/kkbc.com.vn\/vi-vn\/expertise\/field-marketing\/\" \/>\n<meta property=\"og:site_name\" content=\"KKBC Vi\u1ec7t Nam\" \/>\n<meta property=\"article:publisher\" content=\"https:\/\/www.facebook.com\/kkbc.co\" \/>\n<meta property=\"article:modified_time\" content=\"2025-05-13T07:54:23+00:00\" \/>\n<meta name=\"twitter:card\" content=\"summary_large_image\" \/>\n<meta name=\"twitter:site\" content=\"@kkbc_co\" \/>\n<meta name=\"twitter:label1\" content=\"Est. reading time\" \/>\n\t<meta name=\"twitter:data1\" content=\"1 minute\" \/>\n<script type=\"application\/ld+json\" class=\"yoast-schema-graph\">{\"@context\":\"https:\/\/schema.org\",\"@graph\":[{\"@type\":\"WebPage\",\"@id\":\"https:\/\/kkbc.com.vn\/vi-vn\/expertise\/field-marketing\/\",\"url\":\"https:\/\/kkbc.com.vn\/vi-vn\/expertise\/field-marketing\/\",\"name\":\"D\u1ecbch v\u1ee5 Field Marketing cho B2B | KKBC\",\"isPartOf\":{\"@id\":\"https:\/\/kkbc.com.vn\/en\/#website\"},\"datePublished\":\"2024-10-01T11:56:16+00:00\",\"dateModified\":\"2025-05-13T07:54:23+00:00\",\"description\":\"KKBC cung c\u1ea5p \u0111\u1ed9i ng\u0169 chuy\u00ean nghi\u1ec7p h\u1ed7 tr\u1ee3 marketing tr\u1ef1c ti\u1ebfp, qu\u1ea3ng b\u00e1 th\u01b0\u01a1ng hi\u1ec7u, x\u00e2y d\u1ef1ng quan h\u1ec7 v\u00e0 th\u00fac \u0111\u1ea9y doanh s\u1ed1. T\u00ecm hi\u1ec3u th\u00eam.\",\"breadcrumb\":{\"@id\":\"https:\/\/kkbc.com.vn\/vi-vn\/expertise\/field-marketing\/#breadcrumb\"},\"inLanguage\":\"vi-VN2\",\"potentialAction\":[{\"@type\":\"ReadAction\",\"target\":[\"https:\/\/kkbc.com.vn\/vi-vn\/expertise\/field-marketing\/\"]}]},{\"@type\":\"BreadcrumbList\",\"@id\":\"https:\/\/kkbc.com.vn\/vi-vn\/expertise\/field-marketing\/#breadcrumb\",\"itemListElement\":[{\"@type\":\"ListItem\",\"position\":1,\"name\":\"Home\",\"item\":\"https:\/\/kkbc.com.vn\/vi-vn\/\"},{\"@type\":\"ListItem\",\"position\":2,\"name\":\"Chuy\u00ean m\u00f4n\",\"item\":\"https:\/\/kkbc.com.vn\/vi-vn\/expertise\/\"},{\"@type\":\"ListItem\",\"position\":3,\"name\":\"Ti\u1ebfp th\u1ecb th\u1ef1c \u0111\u1ecba\"}]},{\"@type\":\"WebSite\",\"@id\":\"https:\/\/kkbc.com.vn\/en\/#website\",\"url\":\"https:\/\/kkbc.com.vn\/en\/\",\"name\":\"KKBC\",\"description\":\"\",\"potentialAction\":[{\"@type\":\"SearchAction\",\"target\":{\"@type\":\"EntryPoint\",\"urlTemplate\":\"https:\/\/kkbc.com.vn\/en\/?s={search_term_string}\"},\"query-input\":{\"@type\":\"PropertyValueSpecification\",\"valueRequired\":true,\"valueName\":\"search_term_string\"}}],\"inLanguage\":\"vi-VN2\"}]}<\/script>\n<!-- \/ Yoast SEO plugin. -->","yoast_head_json":{"title":"D\u1ecbch v\u1ee5 Field Marketing cho B2B | KKBC","description":"KKBC cung c\u1ea5p \u0111\u1ed9i ng\u0169 chuy\u00ean nghi\u1ec7p h\u1ed7 tr\u1ee3 marketing tr\u1ef1c ti\u1ebfp, qu\u1ea3ng b\u00e1 th\u01b0\u01a1ng hi\u1ec7u, x\u00e2y d\u1ef1ng quan h\u1ec7 v\u00e0 th\u00fac \u0111\u1ea9y doanh s\u1ed1. T\u00ecm hi\u1ec3u th\u00eam.","robots":{"index":"index","follow":"follow","max-snippet":"max-snippet:-1","max-image-preview":"max-image-preview:large","max-video-preview":"max-video-preview:-1"},"canonical":"https:\/\/kkbc.com.vn\/vi-vn\/expertise\/field-marketing\/","og_locale":"en_US","og_type":"article","og_title":"D\u1ecbch v\u1ee5 Field Marketing cho B2B | KKBC","og_description":"KKBC cung c\u1ea5p \u0111\u1ed9i ng\u0169 chuy\u00ean nghi\u1ec7p h\u1ed7 tr\u1ee3 marketing tr\u1ef1c ti\u1ebfp, qu\u1ea3ng b\u00e1 th\u01b0\u01a1ng hi\u1ec7u, x\u00e2y d\u1ef1ng quan h\u1ec7 v\u00e0 th\u00fac \u0111\u1ea9y doanh s\u1ed1. T\u00ecm hi\u1ec3u th\u00eam.","og_url":"https:\/\/kkbc.com.vn\/vi-vn\/expertise\/field-marketing\/","og_site_name":"KKBC Vi\u1ec7t Nam","article_publisher":"https:\/\/www.facebook.com\/kkbc.co","article_modified_time":"2025-05-13T07:54:23+00:00","twitter_card":"summary_large_image","twitter_site":"@kkbc_co","twitter_misc":{"Est. reading time":"1 minute"},"schema":{"@context":"https:\/\/schema.org","@graph":[{"@type":"WebPage","@id":"https:\/\/kkbc.com.vn\/vi-vn\/expertise\/field-marketing\/","url":"https:\/\/kkbc.com.vn\/vi-vn\/expertise\/field-marketing\/","name":"D\u1ecbch v\u1ee5 Field Marketing cho B2B | KKBC","isPartOf":{"@id":"https:\/\/kkbc.com.vn\/en\/#website"},"datePublished":"2024-10-01T11:56:16+00:00","dateModified":"2025-05-13T07:54:23+00:00","description":"KKBC cung c\u1ea5p \u0111\u1ed9i ng\u0169 chuy\u00ean nghi\u1ec7p h\u1ed7 tr\u1ee3 marketing tr\u1ef1c ti\u1ebfp, qu\u1ea3ng b\u00e1 th\u01b0\u01a1ng hi\u1ec7u, x\u00e2y d\u1ef1ng quan h\u1ec7 v\u00e0 th\u00fac \u0111\u1ea9y doanh s\u1ed1. T\u00ecm hi\u1ec3u th\u00eam.","breadcrumb":{"@id":"https:\/\/kkbc.com.vn\/vi-vn\/expertise\/field-marketing\/#breadcrumb"},"inLanguage":"vi-VN2","potentialAction":[{"@type":"ReadAction","target":["https:\/\/kkbc.com.vn\/vi-vn\/expertise\/field-marketing\/"]}]},{"@type":"BreadcrumbList","@id":"https:\/\/kkbc.com.vn\/vi-vn\/expertise\/field-marketing\/#breadcrumb","itemListElement":[{"@type":"ListItem","position":1,"name":"Home","item":"https:\/\/kkbc.com.vn\/vi-vn\/"},{"@type":"ListItem","position":2,"name":"Chuy\u00ean m\u00f4n","item":"https:\/\/kkbc.com.vn\/vi-vn\/expertise\/"},{"@type":"ListItem","position":3,"name":"Ti\u1ebfp th\u1ecb th\u1ef1c \u0111\u1ecba"}]},{"@type":"WebSite","@id":"https:\/\/kkbc.com.vn\/en\/#website","url":"https:\/\/kkbc.com.vn\/en\/","name":"KKBC","description":"","potentialAction":[{"@type":"SearchAction","target":{"@type":"EntryPoint","urlTemplate":"https:\/\/kkbc.com.vn\/en\/?s={search_term_string}"},"query-input":{"@type":"PropertyValueSpecification","valueRequired":true,"valueName":"search_term_string"}}],"inLanguage":"vi-VN2"}]}},"_links":{"self":[{"href":"https:\/\/kkbc.com.vn\/vi-vn\/wp-json\/wp\/v2\/pages\/5190","targetHints":{"allow":["GET"]}}],"collection":[{"href":"https:\/\/kkbc.com.vn\/vi-vn\/wp-json\/wp\/v2\/pages"}],"about":[{"href":"https:\/\/kkbc.com.vn\/vi-vn\/wp-json\/wp\/v2\/types\/page"}],"author":[{"embeddable":true,"href":"https:\/\/kkbc.com.vn\/vi-vn\/wp-json\/wp\/v2\/users\/1"}],"replies":[{"embeddable":true,"href":"https:\/\/kkbc.com.vn\/vi-vn\/wp-json\/wp\/v2\/comments?post=5190"}],"version-history":[{"count":6,"href":"https:\/\/kkbc.com.vn\/vi-vn\/wp-json\/wp\/v2\/pages\/5190\/revisions"}],"predecessor-version":[{"id":6790,"href":"https:\/\/kkbc.com.vn\/vi-vn\/wp-json\/wp\/v2\/pages\/5190\/revisions\/6790"}],"up":[{"embeddable":true,"href":"https:\/\/kkbc.com.vn\/vi-vn\/wp-json\/wp\/v2\/pages\/4813"}],"wp:attachment":[{"href":"https:\/\/kkbc.com.vn\/vi-vn\/wp-json\/wp\/v2\/media?parent=5190"}],"curies":[{"name":"wp","href":"https:\/\/api.w.org\/{rel}","templated":true}]}}