{"id":5203,"date":"2024-09-30T09:48:14","date_gmt":"2024-09-30T09:48:14","guid":{"rendered":"https:\/\/kkbcvietnam.com\/expertise\/advertising-media-promotion-research\/"},"modified":"2025-05-13T08:16:46","modified_gmt":"2025-05-13T08:16:46","slug":"advertising-media-promotion-research","status":"publish","type":"page","link":"https:\/\/kkbc.com.vn\/vi-vn\/expertise\/advertising-media-promotion-research\/","title":{"rendered":"Qu\u1ea3ng c\u00e1o, Truy\u1ec1n th\u00f4ng, Nghi\u00ean c\u1ee9u x\u00fac ti\u1ebfn"},"content":{"rendered":"","protected":false},"excerpt":{"rendered":"","protected":false},"author":1,"featured_media":0,"parent":4813,"menu_order":109,"comment_status":"closed","ping_status":"closed","template":"template\/digitalmarketing.php","meta":{"_acf_changed":false,"footnotes":""},"class_list":["post-5203","page","type-page","status-publish","hentry"],"acf":[],"yoast_head":"<!-- This site is optimized with the Yoast SEO plugin v26.8 - https:\/\/yoast.com\/product\/yoast-seo-wordpress\/ -->\n<title>Nghi\u00ean c\u1ee9u Qu\u1ea3ng c\u00e1o, Truy\u1ec1n th\u00f4ng &amp; Khuy\u1ebfn m\u00e3i | KKBC<\/title>\n<meta name=\"description\" content=\"D\u1eef li\u1ec7u ch\u00ednh x\u00e1c gi\u00fap d\u1ef1 \u0111o\u00e1n xu h\u01b0\u1edbng v\u00e0 \u0111i\u1ec1u ch\u1ec9nh chi\u1ebfn d\u1ecbch theo th\u1eddi gian th\u1ef1c. \u0110\u1ed9i ng\u0169 nghi\u00ean c\u1ee9u c\u1ee7a KKBC cung c\u1ea5p d\u1ecbch v\u1ee5 to\u00e0n di\u1ec7n.\" \/>\n<meta name=\"robots\" content=\"index, follow, max-snippet:-1, max-image-preview:large, max-video-preview:-1\" \/>\n<link rel=\"canonical\" href=\"http:\/\/54.255.1.206\/vi-vn\/expertise\/advertising-media-promotion-research\/\" \/>\n<meta property=\"og:locale\" content=\"en_US\" \/>\n<meta property=\"og:type\" content=\"article\" \/>\n<meta property=\"og:title\" content=\"Nghi\u00ean c\u1ee9u Qu\u1ea3ng c\u00e1o, Truy\u1ec1n th\u00f4ng &amp; Khuy\u1ebfn m\u00e3i | KKBC\" \/>\n<meta property=\"og:description\" content=\"D\u1eef li\u1ec7u ch\u00ednh x\u00e1c gi\u00fap d\u1ef1 \u0111o\u00e1n xu h\u01b0\u1edbng v\u00e0 \u0111i\u1ec1u ch\u1ec9nh chi\u1ebfn d\u1ecbch theo th\u1eddi gian th\u1ef1c. \u0110\u1ed9i ng\u0169 nghi\u00ean c\u1ee9u c\u1ee7a KKBC cung c\u1ea5p d\u1ecbch v\u1ee5 to\u00e0n di\u1ec7n.\" \/>\n<meta property=\"og:url\" content=\"http:\/\/54.255.1.206\/vi-vn\/expertise\/advertising-media-promotion-research\/\" \/>\n<meta property=\"og:site_name\" content=\"KKBC Vi\u1ec7t Nam\" \/>\n<meta property=\"article:publisher\" content=\"https:\/\/www.facebook.com\/kkbc.co\" \/>\n<meta property=\"article:modified_time\" content=\"2025-05-13T08:16:46+00:00\" \/>\n<meta name=\"twitter:card\" content=\"summary_large_image\" \/>\n<meta name=\"twitter:site\" content=\"@kkbc_co\" \/>\n<script type=\"application\/ld+json\" class=\"yoast-schema-graph\">{\"@context\":\"https:\/\/schema.org\",\"@graph\":[{\"@type\":\"WebPage\",\"@id\":\"http:\/\/54.255.1.206\/vi-vn\/expertise\/advertising-media-promotion-research\/\",\"url\":\"http:\/\/54.255.1.206\/vi-vn\/expertise\/advertising-media-promotion-research\/\",\"name\":\"Nghi\u00ean c\u1ee9u Qu\u1ea3ng c\u00e1o, Truy\u1ec1n th\u00f4ng & Khuy\u1ebfn m\u00e3i | KKBC\",\"isPartOf\":{\"@id\":\"https:\/\/kkbc.com.vn\/en\/#website\"},\"datePublished\":\"2024-09-30T09:48:14+00:00\",\"dateModified\":\"2025-05-13T08:16:46+00:00\",\"description\":\"D\u1eef li\u1ec7u ch\u00ednh x\u00e1c gi\u00fap d\u1ef1 \u0111o\u00e1n xu h\u01b0\u1edbng v\u00e0 \u0111i\u1ec1u ch\u1ec9nh chi\u1ebfn d\u1ecbch theo th\u1eddi gian th\u1ef1c. \u0110\u1ed9i ng\u0169 nghi\u00ean c\u1ee9u c\u1ee7a KKBC cung c\u1ea5p d\u1ecbch v\u1ee5 to\u00e0n di\u1ec7n.\",\"breadcrumb\":{\"@id\":\"http:\/\/54.255.1.206\/vi-vn\/expertise\/advertising-media-promotion-research\/#breadcrumb\"},\"inLanguage\":\"vi-VN2\",\"potentialAction\":[{\"@type\":\"ReadAction\",\"target\":[\"http:\/\/54.255.1.206\/vi-vn\/expertise\/advertising-media-promotion-research\/\"]}]},{\"@type\":\"BreadcrumbList\",\"@id\":\"http:\/\/54.255.1.206\/vi-vn\/expertise\/advertising-media-promotion-research\/#breadcrumb\",\"itemListElement\":[{\"@type\":\"ListItem\",\"position\":1,\"name\":\"Home\",\"item\":\"https:\/\/kkbc.com.vn\/vi-vn\/\"},{\"@type\":\"ListItem\",\"position\":2,\"name\":\"Chuy\u00ean m\u00f4n\",\"item\":\"https:\/\/kkbc.com.vn\/vi-vn\/expertise\/\"},{\"@type\":\"ListItem\",\"position\":3,\"name\":\"Qu\u1ea3ng c\u00e1o, Truy\u1ec1n th\u00f4ng, Nghi\u00ean c\u1ee9u x\u00fac ti\u1ebfn\"}]},{\"@type\":\"WebSite\",\"@id\":\"https:\/\/kkbc.com.vn\/en\/#website\",\"url\":\"https:\/\/kkbc.com.vn\/en\/\",\"name\":\"KKBC\",\"description\":\"\",\"potentialAction\":[{\"@type\":\"SearchAction\",\"target\":{\"@type\":\"EntryPoint\",\"urlTemplate\":\"https:\/\/kkbc.com.vn\/en\/?s={search_term_string}\"},\"query-input\":{\"@type\":\"PropertyValueSpecification\",\"valueRequired\":true,\"valueName\":\"search_term_string\"}}],\"inLanguage\":\"vi-VN2\"}]}<\/script>\n<!-- \/ Yoast SEO plugin. -->","yoast_head_json":{"title":"Nghi\u00ean c\u1ee9u Qu\u1ea3ng c\u00e1o, Truy\u1ec1n th\u00f4ng & Khuy\u1ebfn m\u00e3i | KKBC","description":"D\u1eef li\u1ec7u ch\u00ednh x\u00e1c gi\u00fap d\u1ef1 \u0111o\u00e1n xu h\u01b0\u1edbng v\u00e0 \u0111i\u1ec1u ch\u1ec9nh chi\u1ebfn d\u1ecbch theo th\u1eddi gian th\u1ef1c. \u0110\u1ed9i ng\u0169 nghi\u00ean c\u1ee9u c\u1ee7a KKBC cung c\u1ea5p d\u1ecbch v\u1ee5 to\u00e0n di\u1ec7n.","robots":{"index":"index","follow":"follow","max-snippet":"max-snippet:-1","max-image-preview":"max-image-preview:large","max-video-preview":"max-video-preview:-1"},"canonical":"http:\/\/54.255.1.206\/vi-vn\/expertise\/advertising-media-promotion-research\/","og_locale":"en_US","og_type":"article","og_title":"Nghi\u00ean c\u1ee9u Qu\u1ea3ng c\u00e1o, Truy\u1ec1n th\u00f4ng & Khuy\u1ebfn m\u00e3i | KKBC","og_description":"D\u1eef li\u1ec7u ch\u00ednh x\u00e1c gi\u00fap d\u1ef1 \u0111o\u00e1n xu h\u01b0\u1edbng v\u00e0 \u0111i\u1ec1u ch\u1ec9nh chi\u1ebfn d\u1ecbch theo th\u1eddi gian th\u1ef1c. \u0110\u1ed9i ng\u0169 nghi\u00ean c\u1ee9u c\u1ee7a KKBC cung c\u1ea5p d\u1ecbch v\u1ee5 to\u00e0n di\u1ec7n.","og_url":"http:\/\/54.255.1.206\/vi-vn\/expertise\/advertising-media-promotion-research\/","og_site_name":"KKBC Vi\u1ec7t Nam","article_publisher":"https:\/\/www.facebook.com\/kkbc.co","article_modified_time":"2025-05-13T08:16:46+00:00","twitter_card":"summary_large_image","twitter_site":"@kkbc_co","schema":{"@context":"https:\/\/schema.org","@graph":[{"@type":"WebPage","@id":"http:\/\/54.255.1.206\/vi-vn\/expertise\/advertising-media-promotion-research\/","url":"http:\/\/54.255.1.206\/vi-vn\/expertise\/advertising-media-promotion-research\/","name":"Nghi\u00ean c\u1ee9u Qu\u1ea3ng c\u00e1o, Truy\u1ec1n th\u00f4ng & Khuy\u1ebfn m\u00e3i | KKBC","isPartOf":{"@id":"https:\/\/kkbc.com.vn\/en\/#website"},"datePublished":"2024-09-30T09:48:14+00:00","dateModified":"2025-05-13T08:16:46+00:00","description":"D\u1eef li\u1ec7u ch\u00ednh x\u00e1c gi\u00fap d\u1ef1 \u0111o\u00e1n xu h\u01b0\u1edbng v\u00e0 \u0111i\u1ec1u ch\u1ec9nh chi\u1ebfn d\u1ecbch theo th\u1eddi gian th\u1ef1c. \u0110\u1ed9i ng\u0169 nghi\u00ean c\u1ee9u c\u1ee7a KKBC cung c\u1ea5p d\u1ecbch v\u1ee5 to\u00e0n di\u1ec7n.","breadcrumb":{"@id":"http:\/\/54.255.1.206\/vi-vn\/expertise\/advertising-media-promotion-research\/#breadcrumb"},"inLanguage":"vi-VN2","potentialAction":[{"@type":"ReadAction","target":["http:\/\/54.255.1.206\/vi-vn\/expertise\/advertising-media-promotion-research\/"]}]},{"@type":"BreadcrumbList","@id":"http:\/\/54.255.1.206\/vi-vn\/expertise\/advertising-media-promotion-research\/#breadcrumb","itemListElement":[{"@type":"ListItem","position":1,"name":"Home","item":"https:\/\/kkbc.com.vn\/vi-vn\/"},{"@type":"ListItem","position":2,"name":"Chuy\u00ean m\u00f4n","item":"https:\/\/kkbc.com.vn\/vi-vn\/expertise\/"},{"@type":"ListItem","position":3,"name":"Qu\u1ea3ng c\u00e1o, Truy\u1ec1n th\u00f4ng, Nghi\u00ean c\u1ee9u x\u00fac ti\u1ebfn"}]},{"@type":"WebSite","@id":"https:\/\/kkbc.com.vn\/en\/#website","url":"https:\/\/kkbc.com.vn\/en\/","name":"KKBC","description":"","potentialAction":[{"@type":"SearchAction","target":{"@type":"EntryPoint","urlTemplate":"https:\/\/kkbc.com.vn\/en\/?s={search_term_string}"},"query-input":{"@type":"PropertyValueSpecification","valueRequired":true,"valueName":"search_term_string"}}],"inLanguage":"vi-VN2"}]}},"_links":{"self":[{"href":"https:\/\/kkbc.com.vn\/vi-vn\/wp-json\/wp\/v2\/pages\/5203","targetHints":{"allow":["GET"]}}],"collection":[{"href":"https:\/\/kkbc.com.vn\/vi-vn\/wp-json\/wp\/v2\/pages"}],"about":[{"href":"https:\/\/kkbc.com.vn\/vi-vn\/wp-json\/wp\/v2\/types\/page"}],"author":[{"embeddable":true,"href":"https:\/\/kkbc.com.vn\/vi-vn\/wp-json\/wp\/v2\/users\/1"}],"replies":[{"embeddable":true,"href":"https:\/\/kkbc.com.vn\/vi-vn\/wp-json\/wp\/v2\/comments?post=5203"}],"version-history":[{"count":5,"href":"https:\/\/kkbc.com.vn\/vi-vn\/wp-json\/wp\/v2\/pages\/5203\/revisions"}],"predecessor-version":[{"id":6817,"href":"https:\/\/kkbc.com.vn\/vi-vn\/wp-json\/wp\/v2\/pages\/5203\/revisions\/6817"}],"up":[{"embeddable":true,"href":"https:\/\/kkbc.com.vn\/vi-vn\/wp-json\/wp\/v2\/pages\/4813"}],"wp:attachment":[{"href":"https:\/\/kkbc.com.vn\/vi-vn\/wp-json\/wp\/v2\/media?parent=5203"}],"curies":[{"name":"wp","href":"https:\/\/api.w.org\/{rel}","templated":true}]}}