{"id":5205,"date":"2024-09-30T09:42:38","date_gmt":"2024-09-30T09:42:38","guid":{"rendered":"https:\/\/kkbcvietnam.com\/expertise\/report-compilation-analysis\/"},"modified":"2025-05-13T07:48:38","modified_gmt":"2025-05-13T07:48:38","slug":"report-compilation-analysis","status":"publish","type":"page","link":"https:\/\/kkbc.com.vn\/vi-vn\/expertise\/report-compilation-analysis\/","title":{"rendered":"B\u00e1o c\u00e1o, Bi\u00ean so\u1ea1n v\u00e0 Ph\u00e2n t\u00edch"},"content":{"rendered":"","protected":false},"excerpt":{"rendered":"","protected":false},"author":1,"featured_media":0,"parent":4813,"menu_order":110,"comment_status":"closed","ping_status":"closed","template":"template\/digitalmarketing.php","meta":{"_acf_changed":false,"footnotes":""},"class_list":["post-5205","page","type-page","status-publish","hentry"],"acf":[],"yoast_head":"<!-- This site is optimized with the Yoast SEO plugin v26.8 - https:\/\/yoast.com\/product\/yoast-seo-wordpress\/ -->\n<title>B\u00e1o c\u00e1o &amp; Ph\u00e2n t\u00edch D\u1eef li\u1ec7u Ch\u00ednh x\u00e1c | KKBC<\/title>\n<meta name=\"description\" content=\"KKBC cung c\u1ea5p d\u1eef li\u1ec7u h\u1eefu \u00edch qua b\u00e1o c\u00e1o chi ti\u1ebft v\u00e0 ph\u00e2n t\u00edch n\u00e2ng cao, \u0111\u1ea3m b\u1ea3o chi\u1ebfn l\u01b0\u1ee3c PR \u0111\u01b0\u1ee3c thi\u1ebft k\u1ebf cho t\u0103ng tr\u01b0\u1edfng d\u00e0i h\u1ea1n.\" \/>\n<meta name=\"robots\" content=\"index, follow, max-snippet:-1, max-image-preview:large, max-video-preview:-1\" \/>\n<link rel=\"canonical\" href=\"https:\/\/kkbc.com.vn\/vi-vn\/expertise\/report-compilation-analysis\/\" \/>\n<meta property=\"og:locale\" content=\"en_US\" \/>\n<meta property=\"og:type\" content=\"article\" \/>\n<meta property=\"og:title\" content=\"B\u00e1o c\u00e1o &amp; Ph\u00e2n t\u00edch D\u1eef li\u1ec7u Ch\u00ednh x\u00e1c | KKBC\" \/>\n<meta property=\"og:description\" content=\"KKBC cung c\u1ea5p d\u1eef li\u1ec7u h\u1eefu \u00edch qua b\u00e1o c\u00e1o chi ti\u1ebft v\u00e0 ph\u00e2n t\u00edch n\u00e2ng cao, \u0111\u1ea3m b\u1ea3o chi\u1ebfn l\u01b0\u1ee3c PR \u0111\u01b0\u1ee3c thi\u1ebft k\u1ebf cho t\u0103ng tr\u01b0\u1edfng d\u00e0i h\u1ea1n.\" \/>\n<meta property=\"og:url\" content=\"https:\/\/kkbc.com.vn\/vi-vn\/expertise\/report-compilation-analysis\/\" \/>\n<meta property=\"og:site_name\" content=\"KKBC Vi\u1ec7t Nam\" \/>\n<meta property=\"article:publisher\" content=\"https:\/\/www.facebook.com\/kkbc.co\" \/>\n<meta property=\"article:modified_time\" content=\"2025-05-13T07:48:38+00:00\" \/>\n<meta name=\"twitter:card\" content=\"summary_large_image\" \/>\n<meta name=\"twitter:site\" content=\"@kkbc_co\" \/>\n<script type=\"application\/ld+json\" class=\"yoast-schema-graph\">{\"@context\":\"https:\/\/schema.org\",\"@graph\":[{\"@type\":\"WebPage\",\"@id\":\"https:\/\/kkbc.com.vn\/vi-vn\/expertise\/report-compilation-analysis\/\",\"url\":\"https:\/\/kkbc.com.vn\/vi-vn\/expertise\/report-compilation-analysis\/\",\"name\":\"B\u00e1o c\u00e1o & Ph\u00e2n t\u00edch D\u1eef li\u1ec7u Ch\u00ednh x\u00e1c | KKBC\",\"isPartOf\":{\"@id\":\"https:\/\/kkbc.com.vn\/en-vn\/#website\"},\"datePublished\":\"2024-09-30T09:42:38+00:00\",\"dateModified\":\"2025-05-13T07:48:38+00:00\",\"description\":\"KKBC cung c\u1ea5p d\u1eef li\u1ec7u h\u1eefu \u00edch qua b\u00e1o c\u00e1o chi ti\u1ebft v\u00e0 ph\u00e2n t\u00edch n\u00e2ng cao, \u0111\u1ea3m b\u1ea3o chi\u1ebfn l\u01b0\u1ee3c PR \u0111\u01b0\u1ee3c thi\u1ebft k\u1ebf cho t\u0103ng tr\u01b0\u1edfng d\u00e0i h\u1ea1n.\",\"breadcrumb\":{\"@id\":\"https:\/\/kkbc.com.vn\/vi-vn\/expertise\/report-compilation-analysis\/#breadcrumb\"},\"inLanguage\":\"vi-VN2\",\"potentialAction\":[{\"@type\":\"ReadAction\",\"target\":[\"https:\/\/kkbc.com.vn\/vi-vn\/expertise\/report-compilation-analysis\/\"]}]},{\"@type\":\"BreadcrumbList\",\"@id\":\"https:\/\/kkbc.com.vn\/vi-vn\/expertise\/report-compilation-analysis\/#breadcrumb\",\"itemListElement\":[{\"@type\":\"ListItem\",\"position\":1,\"name\":\"Home\",\"item\":\"https:\/\/kkbc.com.vn\/vi-vn\/\"},{\"@type\":\"ListItem\",\"position\":2,\"name\":\"Chuy\u00ean m\u00f4n\",\"item\":\"https:\/\/kkbc.com.vn\/vi-vn\/expertise\/\"},{\"@type\":\"ListItem\",\"position\":3,\"name\":\"B\u00e1o c\u00e1o, Bi\u00ean so\u1ea1n v\u00e0 Ph\u00e2n t\u00edch\"}]},{\"@type\":\"WebSite\",\"@id\":\"https:\/\/kkbc.com.vn\/en-vn\/#website\",\"url\":\"https:\/\/kkbc.com.vn\/en-vn\/\",\"name\":\"KKBC\",\"description\":\"\",\"potentialAction\":[{\"@type\":\"SearchAction\",\"target\":{\"@type\":\"EntryPoint\",\"urlTemplate\":\"https:\/\/kkbc.com.vn\/en-vn\/?s={search_term_string}\"},\"query-input\":{\"@type\":\"PropertyValueSpecification\",\"valueRequired\":true,\"valueName\":\"search_term_string\"}}],\"inLanguage\":\"vi-VN2\"}]}<\/script>\n<!-- \/ Yoast SEO plugin. -->","yoast_head_json":{"title":"B\u00e1o c\u00e1o & Ph\u00e2n t\u00edch D\u1eef li\u1ec7u Ch\u00ednh x\u00e1c | KKBC","description":"KKBC cung c\u1ea5p d\u1eef li\u1ec7u h\u1eefu \u00edch qua b\u00e1o c\u00e1o chi ti\u1ebft v\u00e0 ph\u00e2n t\u00edch n\u00e2ng cao, \u0111\u1ea3m b\u1ea3o chi\u1ebfn l\u01b0\u1ee3c PR \u0111\u01b0\u1ee3c thi\u1ebft k\u1ebf cho t\u0103ng tr\u01b0\u1edfng d\u00e0i h\u1ea1n.","robots":{"index":"index","follow":"follow","max-snippet":"max-snippet:-1","max-image-preview":"max-image-preview:large","max-video-preview":"max-video-preview:-1"},"canonical":"https:\/\/kkbc.com.vn\/vi-vn\/expertise\/report-compilation-analysis\/","og_locale":"en_US","og_type":"article","og_title":"B\u00e1o c\u00e1o & Ph\u00e2n t\u00edch D\u1eef li\u1ec7u Ch\u00ednh x\u00e1c | KKBC","og_description":"KKBC cung c\u1ea5p d\u1eef li\u1ec7u h\u1eefu \u00edch qua b\u00e1o c\u00e1o chi ti\u1ebft v\u00e0 ph\u00e2n t\u00edch n\u00e2ng cao, \u0111\u1ea3m b\u1ea3o chi\u1ebfn l\u01b0\u1ee3c PR \u0111\u01b0\u1ee3c thi\u1ebft k\u1ebf cho t\u0103ng tr\u01b0\u1edfng d\u00e0i h\u1ea1n.","og_url":"https:\/\/kkbc.com.vn\/vi-vn\/expertise\/report-compilation-analysis\/","og_site_name":"KKBC Vi\u1ec7t Nam","article_publisher":"https:\/\/www.facebook.com\/kkbc.co","article_modified_time":"2025-05-13T07:48:38+00:00","twitter_card":"summary_large_image","twitter_site":"@kkbc_co","schema":{"@context":"https:\/\/schema.org","@graph":[{"@type":"WebPage","@id":"https:\/\/kkbc.com.vn\/vi-vn\/expertise\/report-compilation-analysis\/","url":"https:\/\/kkbc.com.vn\/vi-vn\/expertise\/report-compilation-analysis\/","name":"B\u00e1o c\u00e1o & Ph\u00e2n t\u00edch D\u1eef li\u1ec7u Ch\u00ednh x\u00e1c | KKBC","isPartOf":{"@id":"https:\/\/kkbc.com.vn\/en-vn\/#website"},"datePublished":"2024-09-30T09:42:38+00:00","dateModified":"2025-05-13T07:48:38+00:00","description":"KKBC cung c\u1ea5p d\u1eef li\u1ec7u h\u1eefu \u00edch qua b\u00e1o c\u00e1o chi ti\u1ebft v\u00e0 ph\u00e2n t\u00edch n\u00e2ng cao, \u0111\u1ea3m b\u1ea3o chi\u1ebfn l\u01b0\u1ee3c PR \u0111\u01b0\u1ee3c thi\u1ebft k\u1ebf cho t\u0103ng tr\u01b0\u1edfng d\u00e0i h\u1ea1n.","breadcrumb":{"@id":"https:\/\/kkbc.com.vn\/vi-vn\/expertise\/report-compilation-analysis\/#breadcrumb"},"inLanguage":"vi-VN2","potentialAction":[{"@type":"ReadAction","target":["https:\/\/kkbc.com.vn\/vi-vn\/expertise\/report-compilation-analysis\/"]}]},{"@type":"BreadcrumbList","@id":"https:\/\/kkbc.com.vn\/vi-vn\/expertise\/report-compilation-analysis\/#breadcrumb","itemListElement":[{"@type":"ListItem","position":1,"name":"Home","item":"https:\/\/kkbc.com.vn\/vi-vn\/"},{"@type":"ListItem","position":2,"name":"Chuy\u00ean m\u00f4n","item":"https:\/\/kkbc.com.vn\/vi-vn\/expertise\/"},{"@type":"ListItem","position":3,"name":"B\u00e1o c\u00e1o, Bi\u00ean so\u1ea1n v\u00e0 Ph\u00e2n t\u00edch"}]},{"@type":"WebSite","@id":"https:\/\/kkbc.com.vn\/en-vn\/#website","url":"https:\/\/kkbc.com.vn\/en-vn\/","name":"KKBC","description":"","potentialAction":[{"@type":"SearchAction","target":{"@type":"EntryPoint","urlTemplate":"https:\/\/kkbc.com.vn\/en-vn\/?s={search_term_string}"},"query-input":{"@type":"PropertyValueSpecification","valueRequired":true,"valueName":"search_term_string"}}],"inLanguage":"vi-VN2"}]}},"_links":{"self":[{"href":"https:\/\/kkbc.com.vn\/vi-vn\/wp-json\/wp\/v2\/pages\/5205","targetHints":{"allow":["GET"]}}],"collection":[{"href":"https:\/\/kkbc.com.vn\/vi-vn\/wp-json\/wp\/v2\/pages"}],"about":[{"href":"https:\/\/kkbc.com.vn\/vi-vn\/wp-json\/wp\/v2\/types\/page"}],"author":[{"embeddable":true,"href":"https:\/\/kkbc.com.vn\/vi-vn\/wp-json\/wp\/v2\/users\/1"}],"replies":[{"embeddable":true,"href":"https:\/\/kkbc.com.vn\/vi-vn\/wp-json\/wp\/v2\/comments?post=5205"}],"version-history":[{"count":5,"href":"https:\/\/kkbc.com.vn\/vi-vn\/wp-json\/wp\/v2\/pages\/5205\/revisions"}],"predecessor-version":[{"id":6780,"href":"https:\/\/kkbc.com.vn\/vi-vn\/wp-json\/wp\/v2\/pages\/5205\/revisions\/6780"}],"up":[{"embeddable":true,"href":"https:\/\/kkbc.com.vn\/vi-vn\/wp-json\/wp\/v2\/pages\/4813"}],"wp:attachment":[{"href":"https:\/\/kkbc.com.vn\/vi-vn\/wp-json\/wp\/v2\/media?parent=5205"}],"curies":[{"name":"wp","href":"https:\/\/api.w.org\/{rel}","templated":true}]}}