{"id":5209,"date":"2024-09-30T09:32:03","date_gmt":"2024-09-30T09:32:03","guid":{"rendered":"https:\/\/kkbcvietnam.com\/expertise\/b2b-vertical-research\/"},"modified":"2025-05-13T08:15:21","modified_gmt":"2025-05-13T08:15:21","slug":"b2b-vertical-research","status":"publish","type":"page","link":"https:\/\/kkbc.com.vn\/vi-vn\/expertise\/b2b-vertical-research\/","title":{"rendered":"Nghi\u00ean c\u1ee9u theo chi\u1ec1u d\u1ecdc"},"content":{"rendered":"","protected":false},"excerpt":{"rendered":"","protected":false},"author":1,"featured_media":0,"parent":4813,"menu_order":112,"comment_status":"closed","ping_status":"closed","template":"template\/digitalmarketing.php","meta":{"_acf_changed":false,"footnotes":""},"class_list":["post-5209","page","type-page","status-publish","hentry"],"acf":[],"yoast_head":"<!-- This site is optimized with the Yoast SEO plugin v26.8 - https:\/\/yoast.com\/product\/yoast-seo-wordpress\/ -->\n<title>Nghi\u00ean c\u1ee9u D\u1ecdc B2B | C\u00f4ng ty &amp; \u0110\u1ed1i t\u00e1c | KKBC<\/title>\n<meta name=\"description\" content=\"KKBC cung c\u1ea5p gi\u1ea3i ph\u00e1p t\u1ed1i \u01b0u cho nghi\u00ean c\u1ee9u d\u1ecdc B2B theo th\u1eddi gian, cung c\u1ea5p th\u00f4ng tin s\u00e2u s\u1eafc v\u1ec1 h\u00e0nh vi v\u00e0 xu h\u01b0\u1edbng kh\u00e1ch h\u00e0ng c\u1ee7a b\u1ea1n m\u1ed9t c\u00e1ch ch\u00ednh x\u00e1c. H\u1ee3p t\u00e1c v\u1edbi ch\u00fang t\u00f4i.\" \/>\n<meta name=\"robots\" content=\"index, follow, max-snippet:-1, max-image-preview:large, max-video-preview:-1\" \/>\n<link rel=\"canonical\" href=\"https:\/\/ec2-54-255-1-206.ap-southeast-1.compute.amazonaws.com\/vi-vn\/expertise\/b2b-vertical-research\/\" \/>\n<meta property=\"og:locale\" content=\"en_US\" \/>\n<meta property=\"og:type\" content=\"article\" \/>\n<meta property=\"og:title\" content=\"Nghi\u00ean c\u1ee9u D\u1ecdc B2B | C\u00f4ng ty &amp; \u0110\u1ed1i t\u00e1c | KKBC\" \/>\n<meta property=\"og:description\" content=\"KKBC cung c\u1ea5p gi\u1ea3i ph\u00e1p t\u1ed1i \u01b0u cho nghi\u00ean c\u1ee9u d\u1ecdc B2B theo th\u1eddi gian, cung c\u1ea5p th\u00f4ng tin s\u00e2u s\u1eafc v\u1ec1 h\u00e0nh vi v\u00e0 xu h\u01b0\u1edbng kh\u00e1ch h\u00e0ng c\u1ee7a b\u1ea1n m\u1ed9t c\u00e1ch ch\u00ednh x\u00e1c. H\u1ee3p t\u00e1c v\u1edbi ch\u00fang t\u00f4i.\" \/>\n<meta property=\"og:url\" content=\"https:\/\/ec2-54-255-1-206.ap-southeast-1.compute.amazonaws.com\/vi-vn\/expertise\/b2b-vertical-research\/\" \/>\n<meta property=\"og:site_name\" content=\"KKBC Vi\u1ec7t Nam\" \/>\n<meta property=\"article:publisher\" content=\"https:\/\/www.facebook.com\/kkbc.co\" \/>\n<meta property=\"article:modified_time\" content=\"2025-05-13T08:15:21+00:00\" \/>\n<meta name=\"twitter:card\" content=\"summary_large_image\" \/>\n<meta name=\"twitter:site\" content=\"@kkbc_co\" \/>\n<script type=\"application\/ld+json\" class=\"yoast-schema-graph\">{\"@context\":\"https:\/\/schema.org\",\"@graph\":[{\"@type\":\"WebPage\",\"@id\":\"https:\/\/ec2-54-255-1-206.ap-southeast-1.compute.amazonaws.com\/vi-vn\/expertise\/b2b-vertical-research\/\",\"url\":\"https:\/\/ec2-54-255-1-206.ap-southeast-1.compute.amazonaws.com\/vi-vn\/expertise\/b2b-vertical-research\/\",\"name\":\"Nghi\u00ean c\u1ee9u D\u1ecdc B2B | C\u00f4ng ty & \u0110\u1ed1i t\u00e1c | KKBC\",\"isPartOf\":{\"@id\":\"https:\/\/kkbc.com.vn\/en\/#website\"},\"datePublished\":\"2024-09-30T09:32:03+00:00\",\"dateModified\":\"2025-05-13T08:15:21+00:00\",\"description\":\"KKBC cung c\u1ea5p gi\u1ea3i ph\u00e1p t\u1ed1i \u01b0u cho nghi\u00ean c\u1ee9u d\u1ecdc B2B theo th\u1eddi gian, cung c\u1ea5p th\u00f4ng tin s\u00e2u s\u1eafc v\u1ec1 h\u00e0nh vi v\u00e0 xu h\u01b0\u1edbng kh\u00e1ch h\u00e0ng c\u1ee7a b\u1ea1n m\u1ed9t c\u00e1ch ch\u00ednh x\u00e1c. H\u1ee3p t\u00e1c v\u1edbi ch\u00fang t\u00f4i.\",\"breadcrumb\":{\"@id\":\"https:\/\/ec2-54-255-1-206.ap-southeast-1.compute.amazonaws.com\/vi-vn\/expertise\/b2b-vertical-research\/#breadcrumb\"},\"inLanguage\":\"vi-VN2\",\"potentialAction\":[{\"@type\":\"ReadAction\",\"target\":[\"https:\/\/ec2-54-255-1-206.ap-southeast-1.compute.amazonaws.com\/vi-vn\/expertise\/b2b-vertical-research\/\"]}]},{\"@type\":\"BreadcrumbList\",\"@id\":\"https:\/\/ec2-54-255-1-206.ap-southeast-1.compute.amazonaws.com\/vi-vn\/expertise\/b2b-vertical-research\/#breadcrumb\",\"itemListElement\":[{\"@type\":\"ListItem\",\"position\":1,\"name\":\"Home\",\"item\":\"https:\/\/kkbc.com.vn\/vi-vn\/\"},{\"@type\":\"ListItem\",\"position\":2,\"name\":\"Chuy\u00ean m\u00f4n\",\"item\":\"https:\/\/kkbc.com.vn\/vi-vn\/expertise\/\"},{\"@type\":\"ListItem\",\"position\":3,\"name\":\"Nghi\u00ean c\u1ee9u theo chi\u1ec1u d\u1ecdc\"}]},{\"@type\":\"WebSite\",\"@id\":\"https:\/\/kkbc.com.vn\/en\/#website\",\"url\":\"https:\/\/kkbc.com.vn\/en\/\",\"name\":\"KKBC\",\"description\":\"\",\"potentialAction\":[{\"@type\":\"SearchAction\",\"target\":{\"@type\":\"EntryPoint\",\"urlTemplate\":\"https:\/\/kkbc.com.vn\/en\/?s={search_term_string}\"},\"query-input\":{\"@type\":\"PropertyValueSpecification\",\"valueRequired\":true,\"valueName\":\"search_term_string\"}}],\"inLanguage\":\"vi-VN2\"}]}<\/script>\n<!-- \/ Yoast SEO plugin. -->","yoast_head_json":{"title":"Nghi\u00ean c\u1ee9u D\u1ecdc B2B | C\u00f4ng ty & \u0110\u1ed1i t\u00e1c | KKBC","description":"KKBC cung c\u1ea5p gi\u1ea3i ph\u00e1p t\u1ed1i \u01b0u cho nghi\u00ean c\u1ee9u d\u1ecdc B2B theo th\u1eddi gian, cung c\u1ea5p th\u00f4ng tin s\u00e2u s\u1eafc v\u1ec1 h\u00e0nh vi v\u00e0 xu h\u01b0\u1edbng kh\u00e1ch h\u00e0ng c\u1ee7a b\u1ea1n m\u1ed9t c\u00e1ch ch\u00ednh x\u00e1c. H\u1ee3p t\u00e1c v\u1edbi ch\u00fang t\u00f4i.","robots":{"index":"index","follow":"follow","max-snippet":"max-snippet:-1","max-image-preview":"max-image-preview:large","max-video-preview":"max-video-preview:-1"},"canonical":"https:\/\/ec2-54-255-1-206.ap-southeast-1.compute.amazonaws.com\/vi-vn\/expertise\/b2b-vertical-research\/","og_locale":"en_US","og_type":"article","og_title":"Nghi\u00ean c\u1ee9u D\u1ecdc B2B | C\u00f4ng ty & \u0110\u1ed1i t\u00e1c | KKBC","og_description":"KKBC cung c\u1ea5p gi\u1ea3i ph\u00e1p t\u1ed1i \u01b0u cho nghi\u00ean c\u1ee9u d\u1ecdc B2B theo th\u1eddi gian, cung c\u1ea5p th\u00f4ng tin s\u00e2u s\u1eafc v\u1ec1 h\u00e0nh vi v\u00e0 xu h\u01b0\u1edbng kh\u00e1ch h\u00e0ng c\u1ee7a b\u1ea1n m\u1ed9t c\u00e1ch ch\u00ednh x\u00e1c. H\u1ee3p t\u00e1c v\u1edbi ch\u00fang t\u00f4i.","og_url":"https:\/\/ec2-54-255-1-206.ap-southeast-1.compute.amazonaws.com\/vi-vn\/expertise\/b2b-vertical-research\/","og_site_name":"KKBC Vi\u1ec7t Nam","article_publisher":"https:\/\/www.facebook.com\/kkbc.co","article_modified_time":"2025-05-13T08:15:21+00:00","twitter_card":"summary_large_image","twitter_site":"@kkbc_co","schema":{"@context":"https:\/\/schema.org","@graph":[{"@type":"WebPage","@id":"https:\/\/ec2-54-255-1-206.ap-southeast-1.compute.amazonaws.com\/vi-vn\/expertise\/b2b-vertical-research\/","url":"https:\/\/ec2-54-255-1-206.ap-southeast-1.compute.amazonaws.com\/vi-vn\/expertise\/b2b-vertical-research\/","name":"Nghi\u00ean c\u1ee9u D\u1ecdc B2B | C\u00f4ng ty & \u0110\u1ed1i t\u00e1c | KKBC","isPartOf":{"@id":"https:\/\/kkbc.com.vn\/en\/#website"},"datePublished":"2024-09-30T09:32:03+00:00","dateModified":"2025-05-13T08:15:21+00:00","description":"KKBC cung c\u1ea5p gi\u1ea3i ph\u00e1p t\u1ed1i \u01b0u cho nghi\u00ean c\u1ee9u d\u1ecdc B2B theo th\u1eddi gian, cung c\u1ea5p th\u00f4ng tin s\u00e2u s\u1eafc v\u1ec1 h\u00e0nh vi v\u00e0 xu h\u01b0\u1edbng kh\u00e1ch h\u00e0ng c\u1ee7a b\u1ea1n m\u1ed9t c\u00e1ch ch\u00ednh x\u00e1c. H\u1ee3p t\u00e1c v\u1edbi ch\u00fang t\u00f4i.","breadcrumb":{"@id":"https:\/\/ec2-54-255-1-206.ap-southeast-1.compute.amazonaws.com\/vi-vn\/expertise\/b2b-vertical-research\/#breadcrumb"},"inLanguage":"vi-VN2","potentialAction":[{"@type":"ReadAction","target":["https:\/\/ec2-54-255-1-206.ap-southeast-1.compute.amazonaws.com\/vi-vn\/expertise\/b2b-vertical-research\/"]}]},{"@type":"BreadcrumbList","@id":"https:\/\/ec2-54-255-1-206.ap-southeast-1.compute.amazonaws.com\/vi-vn\/expertise\/b2b-vertical-research\/#breadcrumb","itemListElement":[{"@type":"ListItem","position":1,"name":"Home","item":"https:\/\/kkbc.com.vn\/vi-vn\/"},{"@type":"ListItem","position":2,"name":"Chuy\u00ean m\u00f4n","item":"https:\/\/kkbc.com.vn\/vi-vn\/expertise\/"},{"@type":"ListItem","position":3,"name":"Nghi\u00ean c\u1ee9u theo chi\u1ec1u d\u1ecdc"}]},{"@type":"WebSite","@id":"https:\/\/kkbc.com.vn\/en\/#website","url":"https:\/\/kkbc.com.vn\/en\/","name":"KKBC","description":"","potentialAction":[{"@type":"SearchAction","target":{"@type":"EntryPoint","urlTemplate":"https:\/\/kkbc.com.vn\/en\/?s={search_term_string}"},"query-input":{"@type":"PropertyValueSpecification","valueRequired":true,"valueName":"search_term_string"}}],"inLanguage":"vi-VN2"}]}},"_links":{"self":[{"href":"https:\/\/kkbc.com.vn\/vi-vn\/wp-json\/wp\/v2\/pages\/5209","targetHints":{"allow":["GET"]}}],"collection":[{"href":"https:\/\/kkbc.com.vn\/vi-vn\/wp-json\/wp\/v2\/pages"}],"about":[{"href":"https:\/\/kkbc.com.vn\/vi-vn\/wp-json\/wp\/v2\/types\/page"}],"author":[{"embeddable":true,"href":"https:\/\/kkbc.com.vn\/vi-vn\/wp-json\/wp\/v2\/users\/1"}],"replies":[{"embeddable":true,"href":"https:\/\/kkbc.com.vn\/vi-vn\/wp-json\/wp\/v2\/comments?post=5209"}],"version-history":[{"count":5,"href":"https:\/\/kkbc.com.vn\/vi-vn\/wp-json\/wp\/v2\/pages\/5209\/revisions"}],"predecessor-version":[{"id":6813,"href":"https:\/\/kkbc.com.vn\/vi-vn\/wp-json\/wp\/v2\/pages\/5209\/revisions\/6813"}],"up":[{"embeddable":true,"href":"https:\/\/kkbc.com.vn\/vi-vn\/wp-json\/wp\/v2\/pages\/4813"}],"wp:attachment":[{"href":"https:\/\/kkbc.com.vn\/vi-vn\/wp-json\/wp\/v2\/media?parent=5209"}],"curies":[{"name":"wp","href":"https:\/\/api.w.org\/{rel}","templated":true}]}}