{"id":5215,"date":"2024-09-30T07:02:48","date_gmt":"2024-09-30T07:02:48","guid":{"rendered":"https:\/\/kkbcvietnam.com\/expertise\/telemarketing\/"},"modified":"2025-05-13T07:25:34","modified_gmt":"2025-05-13T07:25:34","slug":"telemarketing","status":"publish","type":"page","link":"https:\/\/kkbc.com.vn\/vi-vn\/expertise\/telemarketing\/","title":{"rendered":"Ti\u1ebfp th\u1ecb qua \u0111i\u1ec7n tho\u1ea1i"},"content":{"rendered":"","protected":false},"excerpt":{"rendered":"","protected":false},"author":1,"featured_media":0,"parent":4813,"menu_order":115,"comment_status":"closed","ping_status":"closed","template":"template\/digitalmarketing.php","meta":{"_acf_changed":false,"footnotes":""},"class_list":["post-5215","page","type-page","status-publish","hentry"],"acf":[],"yoast_head":"<!-- This site is optimized with the Yoast SEO plugin v26.8 - https:\/\/yoast.com\/product\/yoast-seo-wordpress\/ -->\n<title>L\u1eadp k\u1ebf ho\u1ea1ch &amp; Th\u1ef1c hi\u1ec7n Gian h\u00e0ng Tri\u1ec3n l\u00e3m | KKBC<\/title>\n<meta name=\"description\" content=\"Gi\u1ea3i ph\u00e1p telemarketing B2B c\u1ee7a KKBC th\u00fac \u0111\u1ea9y t\u1ea1o kh\u00e1ch h\u00e0ng ti\u1ec1m n\u0103ng, x\u00e2y d\u1ef1ng quan h\u1ec7 v\u00e0 t\u0103ng c\u01b0\u1eddng ti\u1ebfp c\u1eadn cho c\u00e1c c\u00f4ng ty c\u00f4ng ngh\u1ec7. T\u00ecm hi\u1ec3u th\u00eam.\" \/>\n<meta name=\"robots\" content=\"index, follow, max-snippet:-1, max-image-preview:large, max-video-preview:-1\" \/>\n<link rel=\"canonical\" href=\"https:\/\/kkbc.com.vn\/vi-vn\/expertise\/telemarketing\/\" \/>\n<meta property=\"og:locale\" content=\"en_US\" \/>\n<meta property=\"og:type\" content=\"article\" \/>\n<meta property=\"og:title\" content=\"L\u1eadp k\u1ebf ho\u1ea1ch &amp; Th\u1ef1c hi\u1ec7n Gian h\u00e0ng Tri\u1ec3n l\u00e3m | KKBC\" \/>\n<meta property=\"og:description\" content=\"Gi\u1ea3i ph\u00e1p telemarketing B2B c\u1ee7a KKBC th\u00fac \u0111\u1ea9y t\u1ea1o kh\u00e1ch h\u00e0ng ti\u1ec1m n\u0103ng, x\u00e2y d\u1ef1ng quan h\u1ec7 v\u00e0 t\u0103ng c\u01b0\u1eddng ti\u1ebfp c\u1eadn cho c\u00e1c c\u00f4ng ty c\u00f4ng ngh\u1ec7. T\u00ecm hi\u1ec3u th\u00eam.\" \/>\n<meta property=\"og:url\" content=\"https:\/\/kkbc.com.vn\/vi-vn\/expertise\/telemarketing\/\" \/>\n<meta property=\"og:site_name\" content=\"KKBC Vi\u1ec7t Nam\" \/>\n<meta property=\"article:publisher\" content=\"https:\/\/www.facebook.com\/kkbc.co\" \/>\n<meta property=\"article:modified_time\" content=\"2025-05-13T07:25:34+00:00\" \/>\n<meta name=\"twitter:card\" content=\"summary_large_image\" \/>\n<meta name=\"twitter:site\" content=\"@kkbc_co\" \/>\n<script type=\"application\/ld+json\" class=\"yoast-schema-graph\">{\"@context\":\"https:\/\/schema.org\",\"@graph\":[{\"@type\":\"WebPage\",\"@id\":\"https:\/\/kkbc.com.vn\/vi-vn\/expertise\/telemarketing\/\",\"url\":\"https:\/\/kkbc.com.vn\/vi-vn\/expertise\/telemarketing\/\",\"name\":\"L\u1eadp k\u1ebf ho\u1ea1ch & Th\u1ef1c hi\u1ec7n Gian h\u00e0ng Tri\u1ec3n l\u00e3m | KKBC\",\"isPartOf\":{\"@id\":\"http:\/\/54.255.1.206:80\/vi-vn\/#website\"},\"datePublished\":\"2024-09-30T07:02:48+00:00\",\"dateModified\":\"2025-05-13T07:25:34+00:00\",\"description\":\"Gi\u1ea3i ph\u00e1p telemarketing B2B c\u1ee7a KKBC th\u00fac \u0111\u1ea9y t\u1ea1o kh\u00e1ch h\u00e0ng ti\u1ec1m n\u0103ng, x\u00e2y d\u1ef1ng quan h\u1ec7 v\u00e0 t\u0103ng c\u01b0\u1eddng ti\u1ebfp c\u1eadn cho c\u00e1c c\u00f4ng ty c\u00f4ng ngh\u1ec7. T\u00ecm hi\u1ec3u th\u00eam.\",\"breadcrumb\":{\"@id\":\"https:\/\/kkbc.com.vn\/vi-vn\/expertise\/telemarketing\/#breadcrumb\"},\"inLanguage\":\"vi-VN2\",\"potentialAction\":[{\"@type\":\"ReadAction\",\"target\":[\"https:\/\/kkbc.com.vn\/vi-vn\/expertise\/telemarketing\/\"]}]},{\"@type\":\"BreadcrumbList\",\"@id\":\"https:\/\/kkbc.com.vn\/vi-vn\/expertise\/telemarketing\/#breadcrumb\",\"itemListElement\":[{\"@type\":\"ListItem\",\"position\":1,\"name\":\"Home\",\"item\":\"http:\/\/54.255.1.206:80\/vi-vn\/\"},{\"@type\":\"ListItem\",\"position\":2,\"name\":\"Chuy\u00ean m\u00f4n\",\"item\":\"https:\/\/kkbc.com.vn\/vi-vn\/expertise\/\"},{\"@type\":\"ListItem\",\"position\":3,\"name\":\"Ti\u1ebfp th\u1ecb qua \u0111i\u1ec7n tho\u1ea1i\"}]},{\"@type\":\"WebSite\",\"@id\":\"http:\/\/54.255.1.206:80\/vi-vn\/#website\",\"url\":\"http:\/\/54.255.1.206:80\/vi-vn\/\",\"name\":\"KKBC\",\"description\":\"\",\"potentialAction\":[{\"@type\":\"SearchAction\",\"target\":{\"@type\":\"EntryPoint\",\"urlTemplate\":\"http:\/\/54.255.1.206:80\/vi-vn\/?s={search_term_string}\"},\"query-input\":{\"@type\":\"PropertyValueSpecification\",\"valueRequired\":true,\"valueName\":\"search_term_string\"}}],\"inLanguage\":\"vi-VN2\"}]}<\/script>\n<!-- \/ Yoast SEO plugin. -->","yoast_head_json":{"title":"L\u1eadp k\u1ebf ho\u1ea1ch & Th\u1ef1c hi\u1ec7n Gian h\u00e0ng Tri\u1ec3n l\u00e3m | KKBC","description":"Gi\u1ea3i ph\u00e1p telemarketing B2B c\u1ee7a KKBC th\u00fac \u0111\u1ea9y t\u1ea1o kh\u00e1ch h\u00e0ng ti\u1ec1m n\u0103ng, x\u00e2y d\u1ef1ng quan h\u1ec7 v\u00e0 t\u0103ng c\u01b0\u1eddng ti\u1ebfp c\u1eadn cho c\u00e1c c\u00f4ng ty c\u00f4ng ngh\u1ec7. T\u00ecm hi\u1ec3u th\u00eam.","robots":{"index":"index","follow":"follow","max-snippet":"max-snippet:-1","max-image-preview":"max-image-preview:large","max-video-preview":"max-video-preview:-1"},"canonical":"https:\/\/kkbc.com.vn\/vi-vn\/expertise\/telemarketing\/","og_locale":"en_US","og_type":"article","og_title":"L\u1eadp k\u1ebf ho\u1ea1ch & Th\u1ef1c hi\u1ec7n Gian h\u00e0ng Tri\u1ec3n l\u00e3m | KKBC","og_description":"Gi\u1ea3i ph\u00e1p telemarketing B2B c\u1ee7a KKBC th\u00fac \u0111\u1ea9y t\u1ea1o kh\u00e1ch h\u00e0ng ti\u1ec1m n\u0103ng, x\u00e2y d\u1ef1ng quan h\u1ec7 v\u00e0 t\u0103ng c\u01b0\u1eddng ti\u1ebfp c\u1eadn cho c\u00e1c c\u00f4ng ty c\u00f4ng ngh\u1ec7. T\u00ecm hi\u1ec3u th\u00eam.","og_url":"https:\/\/kkbc.com.vn\/vi-vn\/expertise\/telemarketing\/","og_site_name":"KKBC Vi\u1ec7t Nam","article_publisher":"https:\/\/www.facebook.com\/kkbc.co","article_modified_time":"2025-05-13T07:25:34+00:00","twitter_card":"summary_large_image","twitter_site":"@kkbc_co","schema":{"@context":"https:\/\/schema.org","@graph":[{"@type":"WebPage","@id":"https:\/\/kkbc.com.vn\/vi-vn\/expertise\/telemarketing\/","url":"https:\/\/kkbc.com.vn\/vi-vn\/expertise\/telemarketing\/","name":"L\u1eadp k\u1ebf ho\u1ea1ch & Th\u1ef1c hi\u1ec7n Gian h\u00e0ng Tri\u1ec3n l\u00e3m | KKBC","isPartOf":{"@id":"http:\/\/54.255.1.206:80\/vi-vn\/#website"},"datePublished":"2024-09-30T07:02:48+00:00","dateModified":"2025-05-13T07:25:34+00:00","description":"Gi\u1ea3i ph\u00e1p telemarketing B2B c\u1ee7a KKBC th\u00fac \u0111\u1ea9y t\u1ea1o kh\u00e1ch h\u00e0ng ti\u1ec1m n\u0103ng, x\u00e2y d\u1ef1ng quan h\u1ec7 v\u00e0 t\u0103ng c\u01b0\u1eddng ti\u1ebfp c\u1eadn cho c\u00e1c c\u00f4ng ty c\u00f4ng ngh\u1ec7. T\u00ecm hi\u1ec3u th\u00eam.","breadcrumb":{"@id":"https:\/\/kkbc.com.vn\/vi-vn\/expertise\/telemarketing\/#breadcrumb"},"inLanguage":"vi-VN2","potentialAction":[{"@type":"ReadAction","target":["https:\/\/kkbc.com.vn\/vi-vn\/expertise\/telemarketing\/"]}]},{"@type":"BreadcrumbList","@id":"https:\/\/kkbc.com.vn\/vi-vn\/expertise\/telemarketing\/#breadcrumb","itemListElement":[{"@type":"ListItem","position":1,"name":"Home","item":"http:\/\/54.255.1.206:80\/vi-vn\/"},{"@type":"ListItem","position":2,"name":"Chuy\u00ean m\u00f4n","item":"https:\/\/kkbc.com.vn\/vi-vn\/expertise\/"},{"@type":"ListItem","position":3,"name":"Ti\u1ebfp th\u1ecb qua \u0111i\u1ec7n tho\u1ea1i"}]},{"@type":"WebSite","@id":"http:\/\/54.255.1.206:80\/vi-vn\/#website","url":"http:\/\/54.255.1.206:80\/vi-vn\/","name":"KKBC","description":"","potentialAction":[{"@type":"SearchAction","target":{"@type":"EntryPoint","urlTemplate":"http:\/\/54.255.1.206:80\/vi-vn\/?s={search_term_string}"},"query-input":{"@type":"PropertyValueSpecification","valueRequired":true,"valueName":"search_term_string"}}],"inLanguage":"vi-VN2"}]}},"_links":{"self":[{"href":"https:\/\/kkbc.com.vn\/vi-vn\/wp-json\/wp\/v2\/pages\/5215","targetHints":{"allow":["GET"]}}],"collection":[{"href":"https:\/\/kkbc.com.vn\/vi-vn\/wp-json\/wp\/v2\/pages"}],"about":[{"href":"https:\/\/kkbc.com.vn\/vi-vn\/wp-json\/wp\/v2\/types\/page"}],"author":[{"embeddable":true,"href":"https:\/\/kkbc.com.vn\/vi-vn\/wp-json\/wp\/v2\/users\/1"}],"replies":[{"embeddable":true,"href":"https:\/\/kkbc.com.vn\/vi-vn\/wp-json\/wp\/v2\/comments?post=5215"}],"version-history":[{"count":5,"href":"https:\/\/kkbc.com.vn\/vi-vn\/wp-json\/wp\/v2\/pages\/5215\/revisions"}],"predecessor-version":[{"id":6745,"href":"https:\/\/kkbc.com.vn\/vi-vn\/wp-json\/wp\/v2\/pages\/5215\/revisions\/6745"}],"up":[{"embeddable":true,"href":"https:\/\/kkbc.com.vn\/vi-vn\/wp-json\/wp\/v2\/pages\/4813"}],"wp:attachment":[{"href":"https:\/\/kkbc.com.vn\/vi-vn\/wp-json\/wp\/v2\/media?parent=5215"}],"curies":[{"name":"wp","href":"https:\/\/api.w.org\/{rel}","templated":true}]}}