{"id":5227,"date":"2024-09-27T09:15:47","date_gmt":"2024-09-27T09:15:47","guid":{"rendered":"https:\/\/kkbcvietnam.com\/expertise\/marketing\/"},"modified":"2025-05-13T07:52:44","modified_gmt":"2025-05-13T07:52:44","slug":"marketing","status":"publish","type":"page","link":"https:\/\/kkbc.com.vn\/vi-vn\/expertise\/marketing\/","title":{"rendered":"Ti\u1ebfp th\u1ecb"},"content":{"rendered":"<p>Ti\u1ebfp th\u1ecb l\u00e0 qu\u00e1 tr\u00ecnh thu h\u00fat \u0111\u00fang \u0111\u1ed1i t\u01b0\u1ee3ng v\u00e0 th\u00fac \u0111\u1ea9y h\u1ecd h\u00e0nh \u0111\u1ed9ng\u2014t\u1ea3i xu\u1ed1ng t\u00e0i nguy\u00ean, \u0111\u0103ng k\u00fd d\u1ecbch v\u1ee5 ho\u1eb7c mua s\u1ea3n ph\u1ea9m.<\/p>\n","protected":false},"excerpt":{"rendered":"<p>Ti\u1ebfp th\u1ecb l\u00e0 qu\u00e1 tr\u00ecnh thu h\u00fat \u0111\u00fang \u0111\u1ed1i t\u01b0\u1ee3ng v\u00e0 th\u00fac \u0111\u1ea9y h\u1ecd h\u00e0nh \u0111\u1ed9ng\u2014t\u1ea3i xu\u1ed1ng t\u00e0i nguy\u00ean, \u0111\u0103ng k\u00fd d\u1ecbch v\u1ee5 ho\u1eb7c mua s\u1ea3n ph\u1ea9m.<\/p>\n","protected":false},"author":1,"featured_media":0,"parent":4813,"menu_order":121,"comment_status":"closed","ping_status":"closed","template":"template\/digitalmarketing.php","meta":{"_acf_changed":false,"footnotes":""},"class_list":["post-5227","page","type-page","status-publish","hentry"],"acf":[],"yoast_head":"<!-- This site is optimized with the Yoast SEO plugin v26.8 - https:\/\/yoast.com\/product\/yoast-seo-wordpress\/ -->\n<title>D\u1ecbch v\u1ee5 Marketing Tr\u1ef1c tuy\u1ebfn cho B2B | KKBC<\/title>\n<meta name=\"description\" content=\"KKBC cung c\u1ea5p \u0111\u1ea7y \u0111\u1ee7 d\u1ecbch v\u1ee5 marketing, t\u1eeb x\u00e2y d\u1ef1ng th\u01b0\u01a1ng hi\u1ec7u \u0111\u1ebfn th\u1ef1c hi\u1ec7n chi\u1ebfn d\u1ecbch, t\u1ea5t c\u1ea3 \u0111\u1ec1u nh\u1eb1m th\u00fac \u0111\u1ea9y t\u0103ng tr\u01b0\u1edfng kinh doanh c\u1ee7a b\u1ea1n.\" \/>\n<meta name=\"robots\" content=\"index, follow, max-snippet:-1, max-image-preview:large, max-video-preview:-1\" \/>\n<link rel=\"canonical\" href=\"https:\/\/kkbc.com.vn\/vi-vn\/expertise\/marketing\/\" \/>\n<meta property=\"og:locale\" content=\"en_US\" \/>\n<meta property=\"og:type\" content=\"article\" \/>\n<meta property=\"og:title\" content=\"D\u1ecbch v\u1ee5 Marketing Tr\u1ef1c tuy\u1ebfn cho B2B | KKBC\" \/>\n<meta property=\"og:description\" content=\"KKBC cung c\u1ea5p \u0111\u1ea7y \u0111\u1ee7 d\u1ecbch v\u1ee5 marketing, t\u1eeb x\u00e2y d\u1ef1ng th\u01b0\u01a1ng hi\u1ec7u \u0111\u1ebfn th\u1ef1c hi\u1ec7n chi\u1ebfn d\u1ecbch, t\u1ea5t c\u1ea3 \u0111\u1ec1u nh\u1eb1m th\u00fac \u0111\u1ea9y t\u0103ng tr\u01b0\u1edfng kinh doanh c\u1ee7a b\u1ea1n.\" \/>\n<meta property=\"og:url\" content=\"https:\/\/kkbc.com.vn\/vi-vn\/expertise\/marketing\/\" \/>\n<meta property=\"og:site_name\" content=\"KKBC Vi\u1ec7t Nam\" \/>\n<meta property=\"article:publisher\" content=\"https:\/\/www.facebook.com\/kkbc.co\" \/>\n<meta property=\"article:modified_time\" content=\"2025-05-13T07:52:44+00:00\" \/>\n<meta name=\"twitter:card\" content=\"summary_large_image\" \/>\n<meta name=\"twitter:site\" content=\"@kkbc_co\" \/>\n<meta name=\"twitter:label1\" content=\"Est. reading time\" \/>\n\t<meta name=\"twitter:data1\" content=\"1 minute\" \/>\n<script type=\"application\/ld+json\" class=\"yoast-schema-graph\">{\"@context\":\"https:\/\/schema.org\",\"@graph\":[{\"@type\":\"WebPage\",\"@id\":\"https:\/\/kkbc.com.vn\/vi-vn\/expertise\/marketing\/\",\"url\":\"https:\/\/kkbc.com.vn\/vi-vn\/expertise\/marketing\/\",\"name\":\"D\u1ecbch v\u1ee5 Marketing Tr\u1ef1c tuy\u1ebfn cho B2B | KKBC\",\"isPartOf\":{\"@id\":\"http:\/\/54.255.1.206:80\/vi-vn\/#website\"},\"datePublished\":\"2024-09-27T09:15:47+00:00\",\"dateModified\":\"2025-05-13T07:52:44+00:00\",\"description\":\"KKBC cung c\u1ea5p \u0111\u1ea7y \u0111\u1ee7 d\u1ecbch v\u1ee5 marketing, t\u1eeb x\u00e2y d\u1ef1ng th\u01b0\u01a1ng hi\u1ec7u \u0111\u1ebfn th\u1ef1c hi\u1ec7n chi\u1ebfn d\u1ecbch, t\u1ea5t c\u1ea3 \u0111\u1ec1u nh\u1eb1m th\u00fac \u0111\u1ea9y t\u0103ng tr\u01b0\u1edfng kinh doanh c\u1ee7a b\u1ea1n.\",\"breadcrumb\":{\"@id\":\"https:\/\/kkbc.com.vn\/vi-vn\/expertise\/marketing\/#breadcrumb\"},\"inLanguage\":\"vi-VN2\",\"potentialAction\":[{\"@type\":\"ReadAction\",\"target\":[\"https:\/\/kkbc.com.vn\/vi-vn\/expertise\/marketing\/\"]}]},{\"@type\":\"BreadcrumbList\",\"@id\":\"https:\/\/kkbc.com.vn\/vi-vn\/expertise\/marketing\/#breadcrumb\",\"itemListElement\":[{\"@type\":\"ListItem\",\"position\":1,\"name\":\"Home\",\"item\":\"http:\/\/54.255.1.206:80\/vi-vn\/\"},{\"@type\":\"ListItem\",\"position\":2,\"name\":\"Chuy\u00ean m\u00f4n\",\"item\":\"https:\/\/kkbc.com.vn\/vi-vn\/expertise\/\"},{\"@type\":\"ListItem\",\"position\":3,\"name\":\"Ti\u1ebfp th\u1ecb\"}]},{\"@type\":\"WebSite\",\"@id\":\"http:\/\/54.255.1.206:80\/vi-vn\/#website\",\"url\":\"http:\/\/54.255.1.206:80\/vi-vn\/\",\"name\":\"KKBC\",\"description\":\"\",\"potentialAction\":[{\"@type\":\"SearchAction\",\"target\":{\"@type\":\"EntryPoint\",\"urlTemplate\":\"http:\/\/54.255.1.206:80\/vi-vn\/?s={search_term_string}\"},\"query-input\":{\"@type\":\"PropertyValueSpecification\",\"valueRequired\":true,\"valueName\":\"search_term_string\"}}],\"inLanguage\":\"vi-VN2\"}]}<\/script>\n<!-- \/ Yoast SEO plugin. -->","yoast_head_json":{"title":"D\u1ecbch v\u1ee5 Marketing Tr\u1ef1c tuy\u1ebfn cho B2B | KKBC","description":"KKBC cung c\u1ea5p \u0111\u1ea7y \u0111\u1ee7 d\u1ecbch v\u1ee5 marketing, t\u1eeb x\u00e2y d\u1ef1ng th\u01b0\u01a1ng hi\u1ec7u \u0111\u1ebfn th\u1ef1c hi\u1ec7n chi\u1ebfn d\u1ecbch, t\u1ea5t c\u1ea3 \u0111\u1ec1u nh\u1eb1m th\u00fac \u0111\u1ea9y t\u0103ng tr\u01b0\u1edfng kinh doanh c\u1ee7a b\u1ea1n.","robots":{"index":"index","follow":"follow","max-snippet":"max-snippet:-1","max-image-preview":"max-image-preview:large","max-video-preview":"max-video-preview:-1"},"canonical":"https:\/\/kkbc.com.vn\/vi-vn\/expertise\/marketing\/","og_locale":"en_US","og_type":"article","og_title":"D\u1ecbch v\u1ee5 Marketing Tr\u1ef1c tuy\u1ebfn cho B2B | KKBC","og_description":"KKBC cung c\u1ea5p \u0111\u1ea7y \u0111\u1ee7 d\u1ecbch v\u1ee5 marketing, t\u1eeb x\u00e2y d\u1ef1ng th\u01b0\u01a1ng hi\u1ec7u \u0111\u1ebfn th\u1ef1c hi\u1ec7n chi\u1ebfn d\u1ecbch, t\u1ea5t c\u1ea3 \u0111\u1ec1u nh\u1eb1m th\u00fac \u0111\u1ea9y t\u0103ng tr\u01b0\u1edfng kinh doanh c\u1ee7a b\u1ea1n.","og_url":"https:\/\/kkbc.com.vn\/vi-vn\/expertise\/marketing\/","og_site_name":"KKBC Vi\u1ec7t Nam","article_publisher":"https:\/\/www.facebook.com\/kkbc.co","article_modified_time":"2025-05-13T07:52:44+00:00","twitter_card":"summary_large_image","twitter_site":"@kkbc_co","twitter_misc":{"Est. reading time":"1 minute"},"schema":{"@context":"https:\/\/schema.org","@graph":[{"@type":"WebPage","@id":"https:\/\/kkbc.com.vn\/vi-vn\/expertise\/marketing\/","url":"https:\/\/kkbc.com.vn\/vi-vn\/expertise\/marketing\/","name":"D\u1ecbch v\u1ee5 Marketing Tr\u1ef1c tuy\u1ebfn cho B2B | KKBC","isPartOf":{"@id":"http:\/\/54.255.1.206:80\/vi-vn\/#website"},"datePublished":"2024-09-27T09:15:47+00:00","dateModified":"2025-05-13T07:52:44+00:00","description":"KKBC cung c\u1ea5p \u0111\u1ea7y \u0111\u1ee7 d\u1ecbch v\u1ee5 marketing, t\u1eeb x\u00e2y d\u1ef1ng th\u01b0\u01a1ng hi\u1ec7u \u0111\u1ebfn th\u1ef1c hi\u1ec7n chi\u1ebfn d\u1ecbch, t\u1ea5t c\u1ea3 \u0111\u1ec1u nh\u1eb1m th\u00fac \u0111\u1ea9y t\u0103ng tr\u01b0\u1edfng kinh doanh c\u1ee7a b\u1ea1n.","breadcrumb":{"@id":"https:\/\/kkbc.com.vn\/vi-vn\/expertise\/marketing\/#breadcrumb"},"inLanguage":"vi-VN2","potentialAction":[{"@type":"ReadAction","target":["https:\/\/kkbc.com.vn\/vi-vn\/expertise\/marketing\/"]}]},{"@type":"BreadcrumbList","@id":"https:\/\/kkbc.com.vn\/vi-vn\/expertise\/marketing\/#breadcrumb","itemListElement":[{"@type":"ListItem","position":1,"name":"Home","item":"http:\/\/54.255.1.206:80\/vi-vn\/"},{"@type":"ListItem","position":2,"name":"Chuy\u00ean m\u00f4n","item":"https:\/\/kkbc.com.vn\/vi-vn\/expertise\/"},{"@type":"ListItem","position":3,"name":"Ti\u1ebfp th\u1ecb"}]},{"@type":"WebSite","@id":"http:\/\/54.255.1.206:80\/vi-vn\/#website","url":"http:\/\/54.255.1.206:80\/vi-vn\/","name":"KKBC","description":"","potentialAction":[{"@type":"SearchAction","target":{"@type":"EntryPoint","urlTemplate":"http:\/\/54.255.1.206:80\/vi-vn\/?s={search_term_string}"},"query-input":{"@type":"PropertyValueSpecification","valueRequired":true,"valueName":"search_term_string"}}],"inLanguage":"vi-VN2"}]}},"_links":{"self":[{"href":"https:\/\/kkbc.com.vn\/vi-vn\/wp-json\/wp\/v2\/pages\/5227","targetHints":{"allow":["GET"]}}],"collection":[{"href":"https:\/\/kkbc.com.vn\/vi-vn\/wp-json\/wp\/v2\/pages"}],"about":[{"href":"https:\/\/kkbc.com.vn\/vi-vn\/wp-json\/wp\/v2\/types\/page"}],"author":[{"embeddable":true,"href":"https:\/\/kkbc.com.vn\/vi-vn\/wp-json\/wp\/v2\/users\/1"}],"replies":[{"embeddable":true,"href":"https:\/\/kkbc.com.vn\/vi-vn\/wp-json\/wp\/v2\/comments?post=5227"}],"version-history":[{"count":6,"href":"https:\/\/kkbc.com.vn\/vi-vn\/wp-json\/wp\/v2\/pages\/5227\/revisions"}],"predecessor-version":[{"id":6949,"href":"https:\/\/kkbc.com.vn\/vi-vn\/wp-json\/wp\/v2\/pages\/5227\/revisions\/6949"}],"up":[{"embeddable":true,"href":"https:\/\/kkbc.com.vn\/vi-vn\/wp-json\/wp\/v2\/pages\/4813"}],"wp:attachment":[{"href":"https:\/\/kkbc.com.vn\/vi-vn\/wp-json\/wp\/v2\/media?parent=5227"}],"curies":[{"name":"wp","href":"https:\/\/api.w.org\/{rel}","templated":true}]}}