{"id":5249,"date":"2024-09-12T13:22:04","date_gmt":"2024-09-12T13:22:04","guid":{"rendered":"https:\/\/kkbcvietnam.com\/career\/"},"modified":"2025-03-12T10:14:10","modified_gmt":"2025-03-12T10:14:10","slug":"career","status":"publish","type":"page","link":"https:\/\/kkbc.com.vn\/vi-vn\/career\/","title":{"rendered":"S\u1ef1 nghi\u1ec7p"},"content":{"rendered":"<h2>Ph\u00e1t tri\u1ec3n trong m\u1ed9t n\u1ec1n v\u0103n h\u00f3a to\u00e0n c\u1ea7u, nh\u1ecbp \u0111\u1ed9 nhanh<\/h2>\n<p>T\u1ea1i KKBC, b\u1ea1n s\u1ebd tr\u1ea3i nghi\u1ec7m m\u1ed9t m\u00f4i tr\u01b0\u1eddng n\u0103ng \u0111\u1ed9ng, chuy\u1ec3n \u0111\u1ed9ng v\u1edbi t\u1ed1c \u0111\u1ed9 \u0111\u1ed5i m\u1edbi. L\u00e0m vi\u1ec7c v\u1edbi kh\u00e1ch h\u00e0ng tr\u00ean to\u00e0n c\u1ea7u, b\u1ea1n s\u1ebd \u0111i \u0111\u1ea7u trong c\u00e1c c\u00f4ng ngh\u1ec7 ti\u1ebfp th\u1ecb m\u1edbi khi ch\u00fang xu\u1ea5t hi\u1ec7n. M\u00f4i tr\u01b0\u1eddng nh\u1ecbp \u0111\u1ed9 nhanh n\u00e0y l\u00e0 n\u01a1i \u01b0\u01a1m m\u1ea7m cho s\u1ef1 ph\u00e1t tri\u1ec3n chuy\u00ean nghi\u1ec7p, v\u00ec b\u1ea1n s\u1ebd li\u00ean t\u1ee5c \u0111\u01b0\u1ee3c th\u1eed th\u00e1ch \u0111\u1ec3 th\u00edch nghi v\u00e0 h\u1ecdc h\u1ecfi.<\/p>\n<h3>Tr\u1ea3i nghi\u1ec7m s\u1ef1 \u0111a d\u1ea1ng v\u00e0 c\u1ed9ng t\u00e1c th\u1ef1c s\u1ef1<\/h3>\n<p>C\u1ed9ng \u0111\u1ed3ng to\u00e0n c\u1ea7u c\u1ee7a ch\u00fang t\u00f4i ph\u00e1t tri\u1ec3n m\u1ea1nh m\u1ebd tr\u00ean n\u1ec1n t\u1ea3ng phong ph\u00fa c\u1ee7a c\u00e1c n\u1ec1n v\u0103n h\u00f3a v\u00e0 ng\u00f4n ng\u1eef. Ch\u00fang t\u00f4i tin r\u1eb1ng s\u1ef1 \u0111a d\u1ea1ng n\u00e0y th\u00fac \u0111\u1ea9y c\u00e1c \u00fd t\u01b0\u1edfng \u0111\u1ed9t ph\u00e1 v\u00e0 hi\u1ec7u su\u1ea5t v\u01b0\u1ee3t tr\u1ed9i. S\u1ef1 h\u1ee3p t\u00e1c xuy\u00ean bi\u00ean gi\u1edbi l\u00e0 \u0111i\u1ec1u c\u1ea7n thi\u1ebft \u0111\u1ec3 \u0111\u1ea1t \u0111\u01b0\u1ee3c m\u1ee5c ti\u00eau c\u1ee7a ch\u00fang t\u00f4i &#8211; h\u00e3y mong \u0111\u1ee3i s\u1ef1 t\u01b0\u01a1ng t\u00e1c qu\u1ed1c t\u1ebf th\u01b0\u1eddng xuy\u00ean. T\u1ea1i KKBC, quan \u0111i\u1ec3m &#8220;\u0111\u01a1n v\u0103n h\u00f3a&#8221; s\u1ebd kh\u00f4ng hi\u1ec7u qu\u1ea3!<\/p>\n<h3>C\u00e1c gi\u00e1 tr\u1ecb c\u1ed1t l\u00f5i c\u1ee7a ch\u00fang t\u00f4i \u0111\u1ecbnh h\u01b0\u1edbng s\u1ef1 ph\u00e1t tri\u1ec3n c\u1ee7a b\u1ea1n<\/h3>\n<p>\u0110\u01b0\u1ee3c \u0111\u1ecbnh h\u01b0\u1edbng b\u1edfi c\u00e1c gi\u00e1 tr\u1ecb c\u1ed1t l\u00f5i c\u1ee7a m\u00ecnh, ch\u00fang t\u00f4i th\u00fac \u0111\u1ea9y v\u0103n h\u00f3a h\u1ecdc t\u1eadp v\u00e0 c\u1ea3i ti\u1ebfn li\u00ean t\u1ee5c. B\u1ea1n s\u1ebd \u0111\u01b0\u1ee3c trao quy\u1ec1n \u0111\u1ec3 \u0111\u00f3ng g\u00f3p quan \u0111i\u1ec3m \u0111\u1ed9c \u0111\u00e1o c\u1ee7a m\u00ecnh v\u00e0 gi\u00fap ch\u00fang t\u00f4i \u0111\u1ea1t \u0111\u1ebfn nh\u1eefng t\u1ea7m cao m\u1edbi, t\u1ea5t c\u1ea3 \u0111\u1ec1u trong khu\u00f4n kh\u1ed5 \u01b0u ti\u00ean s\u1ef1 xu\u1ea5t s\u1eafc<\/p>\n<p><a href=\"https:\/\/kkbc.com.vn\/vi-vn\/about\/company-values\/\">C\u00e1c gi\u00e1 tr\u1ecb v\u00e0 m\u1ee5c \u0111\u00edch c\u1ee7a ch\u00fang t\u00f4i<\/a><\/p>\n","protected":false},"excerpt":{"rendered":"<p>Ph\u00e1t tri\u1ec3n trong m\u1ed9t n\u1ec1n v\u0103n h\u00f3a to\u00e0n c\u1ea7u, nh\u1ecbp \u0111\u1ed9 nhanh T\u1ea1i KKBC, b\u1ea1n s\u1ebd tr\u1ea3i nghi\u1ec7m m\u1ed9t m\u00f4i tr\u01b0\u1eddng n\u0103ng \u0111\u1ed9ng, chuy\u1ec3n \u0111\u1ed9ng v\u1edbi t\u1ed1c \u0111\u1ed9 \u0111\u1ed5i m\u1edbi. L\u00e0m vi\u1ec7c v\u1edbi kh\u00e1ch h\u00e0ng tr\u00ean to\u00e0n c\u1ea7u, b\u1ea1n s\u1ebd &hellip; <a href=\"https:\/\/kkbc.com.vn\/vi-vn\/career\/\">Continue reading <span class=\"meta-nav\">&rarr;<\/span><\/a><\/p>\n","protected":false},"author":1,"featured_media":5251,"parent":0,"menu_order":135,"comment_status":"closed","ping_status":"closed","template":"template\/career.php","meta":{"_acf_changed":false,"footnotes":""},"class_list":["post-5249","page","type-page","status-publish","has-post-thumbnail","hentry"],"acf":[],"yoast_head":"<!-- This site is optimized with the Yoast SEO plugin v26.8 - https:\/\/yoast.com\/product\/yoast-seo-wordpress\/ -->\n<title>Tham gia KKBC | C\u01a1 h\u1ed9i ngh\u1ec1 nghi\u1ec7p th\u00fa v\u1ecb cho nh\u1eefng ng\u01b0\u1eddi c\u00f3 t\u01b0 duy s\u00e1ng t\u1ea1o<\/title>\n<meta name=\"description\" content=\"Kh\u00e1m ph\u00e1 c\u01a1 h\u1ed9i ngh\u1ec1 nghi\u1ec7p t\u1ea1i KKBC, tham gia \u0111\u1ed9i ng\u0169 s\u00e1ng t\u1ea1o, ph\u00e1t tri\u1ec3n k\u1ef9 n\u0103ng v\u00e0 \u0111\u1ecbnh h\u00ecnh t\u01b0\u01a1ng lai s\u1ef1 nghi\u1ec7p c\u1ee7a b\u1ea1n.\" \/>\n<meta name=\"robots\" content=\"index, follow, max-snippet:-1, max-image-preview:large, max-video-preview:-1\" \/>\n<link rel=\"canonical\" href=\"https:\/\/kkbc.com.vn\/vi-vn\/career\/\" \/>\n<meta property=\"og:locale\" content=\"en_US\" \/>\n<meta property=\"og:type\" content=\"article\" \/>\n<meta property=\"og:title\" content=\"Tham gia KKBC | C\u01a1 h\u1ed9i ngh\u1ec1 nghi\u1ec7p th\u00fa v\u1ecb cho nh\u1eefng ng\u01b0\u1eddi c\u00f3 t\u01b0 duy s\u00e1ng t\u1ea1o\" \/>\n<meta property=\"og:description\" content=\"Kh\u00e1m ph\u00e1 c\u01a1 h\u1ed9i ngh\u1ec1 nghi\u1ec7p t\u1ea1i KKBC, tham gia \u0111\u1ed9i ng\u0169 s\u00e1ng t\u1ea1o, ph\u00e1t tri\u1ec3n k\u1ef9 n\u0103ng v\u00e0 \u0111\u1ecbnh h\u00ecnh t\u01b0\u01a1ng lai s\u1ef1 nghi\u1ec7p c\u1ee7a b\u1ea1n.\" \/>\n<meta property=\"og:url\" content=\"https:\/\/kkbc.com.vn\/vi-vn\/career\/\" \/>\n<meta property=\"og:site_name\" content=\"KKBC Vi\u1ec7t Nam\" \/>\n<meta property=\"article:publisher\" content=\"https:\/\/www.facebook.com\/kkbc.co\" \/>\n<meta property=\"article:modified_time\" content=\"2025-03-12T10:14:10+00:00\" \/>\n<meta property=\"og:image\" content=\"https:\/\/kkbc.com.vn\/wp-content\/uploads\/2024\/11\/Thrive1.webp\" \/>\n\t<meta property=\"og:image:width\" content=\"950\" \/>\n\t<meta property=\"og:image:height\" content=\"1518\" \/>\n\t<meta property=\"og:image:type\" content=\"image\/webp\" \/>\n<meta name=\"twitter:card\" content=\"summary_large_image\" \/>\n<meta name=\"twitter:site\" content=\"@kkbc_co\" \/>\n<meta name=\"twitter:label1\" content=\"Est. reading time\" \/>\n\t<meta name=\"twitter:data1\" content=\"2 minutes\" \/>\n<script type=\"application\/ld+json\" class=\"yoast-schema-graph\">{\"@context\":\"https:\/\/schema.org\",\"@graph\":[{\"@type\":\"WebPage\",\"@id\":\"https:\/\/kkbc.com.vn\/vi-vn\/career\/\",\"url\":\"https:\/\/kkbc.com.vn\/vi-vn\/career\/\",\"name\":\"Tham gia KKBC | C\u01a1 h\u1ed9i ngh\u1ec1 nghi\u1ec7p th\u00fa v\u1ecb cho nh\u1eefng ng\u01b0\u1eddi c\u00f3 t\u01b0 duy s\u00e1ng t\u1ea1o\",\"isPartOf\":{\"@id\":\"https:\/\/kkbc.com.vn\/en-vn\/#website\"},\"primaryImageOfPage\":{\"@id\":\"https:\/\/kkbc.com.vn\/vi-vn\/career\/#primaryimage\"},\"image\":{\"@id\":\"https:\/\/kkbc.com.vn\/vi-vn\/career\/#primaryimage\"},\"thumbnailUrl\":\"https:\/\/kkbc.com.vn\/wp-content\/uploads\/2024\/11\/Thrive1.webp\",\"datePublished\":\"2024-09-12T13:22:04+00:00\",\"dateModified\":\"2025-03-12T10:14:10+00:00\",\"description\":\"Kh\u00e1m ph\u00e1 c\u01a1 h\u1ed9i ngh\u1ec1 nghi\u1ec7p t\u1ea1i KKBC, tham gia \u0111\u1ed9i ng\u0169 s\u00e1ng t\u1ea1o, ph\u00e1t tri\u1ec3n k\u1ef9 n\u0103ng v\u00e0 \u0111\u1ecbnh h\u00ecnh t\u01b0\u01a1ng lai s\u1ef1 nghi\u1ec7p c\u1ee7a b\u1ea1n.\",\"breadcrumb\":{\"@id\":\"https:\/\/kkbc.com.vn\/vi-vn\/career\/#breadcrumb\"},\"inLanguage\":\"vi-VN2\",\"potentialAction\":[{\"@type\":\"ReadAction\",\"target\":[\"https:\/\/kkbc.com.vn\/vi-vn\/career\/\"]}]},{\"@type\":\"ImageObject\",\"inLanguage\":\"vi-VN2\",\"@id\":\"https:\/\/kkbc.com.vn\/vi-vn\/career\/#primaryimage\",\"url\":\"https:\/\/kkbc.com.vn\/wp-content\/uploads\/2024\/11\/Thrive1.webp\",\"contentUrl\":\"https:\/\/kkbc.com.vn\/wp-content\/uploads\/2024\/11\/Thrive1.webp\",\"width\":950,\"height\":1518},{\"@type\":\"BreadcrumbList\",\"@id\":\"https:\/\/kkbc.com.vn\/vi-vn\/career\/#breadcrumb\",\"itemListElement\":[{\"@type\":\"ListItem\",\"position\":1,\"name\":\"Home\",\"item\":\"https:\/\/kkbc.com.vn\/vi-vn\/\"},{\"@type\":\"ListItem\",\"position\":2,\"name\":\"S\u1ef1 nghi\u1ec7p\"}]},{\"@type\":\"WebSite\",\"@id\":\"https:\/\/kkbc.com.vn\/en-vn\/#website\",\"url\":\"https:\/\/kkbc.com.vn\/en-vn\/\",\"name\":\"KKBC\",\"description\":\"\",\"potentialAction\":[{\"@type\":\"SearchAction\",\"target\":{\"@type\":\"EntryPoint\",\"urlTemplate\":\"https:\/\/kkbc.com.vn\/en-vn\/?s={search_term_string}\"},\"query-input\":{\"@type\":\"PropertyValueSpecification\",\"valueRequired\":true,\"valueName\":\"search_term_string\"}}],\"inLanguage\":\"vi-VN2\"}]}<\/script>\n<!-- \/ Yoast SEO plugin. -->","yoast_head_json":{"title":"Tham gia KKBC | C\u01a1 h\u1ed9i ngh\u1ec1 nghi\u1ec7p th\u00fa v\u1ecb cho nh\u1eefng ng\u01b0\u1eddi c\u00f3 t\u01b0 duy s\u00e1ng t\u1ea1o","description":"Kh\u00e1m ph\u00e1 c\u01a1 h\u1ed9i ngh\u1ec1 nghi\u1ec7p t\u1ea1i KKBC, tham gia \u0111\u1ed9i ng\u0169 s\u00e1ng t\u1ea1o, ph\u00e1t tri\u1ec3n k\u1ef9 n\u0103ng v\u00e0 \u0111\u1ecbnh h\u00ecnh t\u01b0\u01a1ng lai s\u1ef1 nghi\u1ec7p c\u1ee7a b\u1ea1n.","robots":{"index":"index","follow":"follow","max-snippet":"max-snippet:-1","max-image-preview":"max-image-preview:large","max-video-preview":"max-video-preview:-1"},"canonical":"https:\/\/kkbc.com.vn\/vi-vn\/career\/","og_locale":"en_US","og_type":"article","og_title":"Tham gia KKBC | C\u01a1 h\u1ed9i ngh\u1ec1 nghi\u1ec7p th\u00fa v\u1ecb cho nh\u1eefng ng\u01b0\u1eddi c\u00f3 t\u01b0 duy s\u00e1ng t\u1ea1o","og_description":"Kh\u00e1m ph\u00e1 c\u01a1 h\u1ed9i ngh\u1ec1 nghi\u1ec7p t\u1ea1i KKBC, tham gia \u0111\u1ed9i ng\u0169 s\u00e1ng t\u1ea1o, ph\u00e1t tri\u1ec3n k\u1ef9 n\u0103ng v\u00e0 \u0111\u1ecbnh h\u00ecnh t\u01b0\u01a1ng lai s\u1ef1 nghi\u1ec7p c\u1ee7a b\u1ea1n.","og_url":"https:\/\/kkbc.com.vn\/vi-vn\/career\/","og_site_name":"KKBC Vi\u1ec7t Nam","article_publisher":"https:\/\/www.facebook.com\/kkbc.co","article_modified_time":"2025-03-12T10:14:10+00:00","og_image":[{"width":950,"height":1518,"url":"https:\/\/kkbc.com.vn\/wp-content\/uploads\/2024\/11\/Thrive1.webp","type":"image\/webp"}],"twitter_card":"summary_large_image","twitter_site":"@kkbc_co","twitter_misc":{"Est. reading time":"2 minutes"},"schema":{"@context":"https:\/\/schema.org","@graph":[{"@type":"WebPage","@id":"https:\/\/kkbc.com.vn\/vi-vn\/career\/","url":"https:\/\/kkbc.com.vn\/vi-vn\/career\/","name":"Tham gia KKBC | C\u01a1 h\u1ed9i ngh\u1ec1 nghi\u1ec7p th\u00fa v\u1ecb cho nh\u1eefng ng\u01b0\u1eddi c\u00f3 t\u01b0 duy s\u00e1ng t\u1ea1o","isPartOf":{"@id":"https:\/\/kkbc.com.vn\/en-vn\/#website"},"primaryImageOfPage":{"@id":"https:\/\/kkbc.com.vn\/vi-vn\/career\/#primaryimage"},"image":{"@id":"https:\/\/kkbc.com.vn\/vi-vn\/career\/#primaryimage"},"thumbnailUrl":"https:\/\/kkbc.com.vn\/wp-content\/uploads\/2024\/11\/Thrive1.webp","datePublished":"2024-09-12T13:22:04+00:00","dateModified":"2025-03-12T10:14:10+00:00","description":"Kh\u00e1m ph\u00e1 c\u01a1 h\u1ed9i ngh\u1ec1 nghi\u1ec7p t\u1ea1i KKBC, tham gia \u0111\u1ed9i ng\u0169 s\u00e1ng t\u1ea1o, ph\u00e1t tri\u1ec3n k\u1ef9 n\u0103ng v\u00e0 \u0111\u1ecbnh h\u00ecnh t\u01b0\u01a1ng lai s\u1ef1 nghi\u1ec7p c\u1ee7a b\u1ea1n.","breadcrumb":{"@id":"https:\/\/kkbc.com.vn\/vi-vn\/career\/#breadcrumb"},"inLanguage":"vi-VN2","potentialAction":[{"@type":"ReadAction","target":["https:\/\/kkbc.com.vn\/vi-vn\/career\/"]}]},{"@type":"ImageObject","inLanguage":"vi-VN2","@id":"https:\/\/kkbc.com.vn\/vi-vn\/career\/#primaryimage","url":"https:\/\/kkbc.com.vn\/wp-content\/uploads\/2024\/11\/Thrive1.webp","contentUrl":"https:\/\/kkbc.com.vn\/wp-content\/uploads\/2024\/11\/Thrive1.webp","width":950,"height":1518},{"@type":"BreadcrumbList","@id":"https:\/\/kkbc.com.vn\/vi-vn\/career\/#breadcrumb","itemListElement":[{"@type":"ListItem","position":1,"name":"Home","item":"https:\/\/kkbc.com.vn\/vi-vn\/"},{"@type":"ListItem","position":2,"name":"S\u1ef1 nghi\u1ec7p"}]},{"@type":"WebSite","@id":"https:\/\/kkbc.com.vn\/en-vn\/#website","url":"https:\/\/kkbc.com.vn\/en-vn\/","name":"KKBC","description":"","potentialAction":[{"@type":"SearchAction","target":{"@type":"EntryPoint","urlTemplate":"https:\/\/kkbc.com.vn\/en-vn\/?s={search_term_string}"},"query-input":{"@type":"PropertyValueSpecification","valueRequired":true,"valueName":"search_term_string"}}],"inLanguage":"vi-VN2"}]}},"_links":{"self":[{"href":"https:\/\/kkbc.com.vn\/vi-vn\/wp-json\/wp\/v2\/pages\/5249","targetHints":{"allow":["GET"]}}],"collection":[{"href":"https:\/\/kkbc.com.vn\/vi-vn\/wp-json\/wp\/v2\/pages"}],"about":[{"href":"https:\/\/kkbc.com.vn\/vi-vn\/wp-json\/wp\/v2\/types\/page"}],"author":[{"embeddable":true,"href":"https:\/\/kkbc.com.vn\/vi-vn\/wp-json\/wp\/v2\/users\/1"}],"replies":[{"embeddable":true,"href":"https:\/\/kkbc.com.vn\/vi-vn\/wp-json\/wp\/v2\/comments?post=5249"}],"version-history":[{"count":6,"href":"https:\/\/kkbc.com.vn\/vi-vn\/wp-json\/wp\/v2\/pages\/5249\/revisions"}],"predecessor-version":[{"id":6681,"href":"https:\/\/kkbc.com.vn\/vi-vn\/wp-json\/wp\/v2\/pages\/5249\/revisions\/6681"}],"wp:featuredmedia":[{"embeddable":true,"href":"https:\/\/kkbc.com.vn\/vi-vn\/wp-json\/wp\/v2\/media\/5251"}],"wp:attachment":[{"href":"https:\/\/kkbc.com.vn\/vi-vn\/wp-json\/wp\/v2\/media?parent=5249"}],"curies":[{"name":"wp","href":"https:\/\/api.w.org\/{rel}","templated":true}]}}